{"id":5931,"date":"2022-04-21T21:57:33","date_gmt":"2022-04-22T01:57:33","guid":{"rendered":"https:\/\/newmansown.com\/product\/ground-thyme\/"},"modified":"2022-04-21T21:57:33","modified_gmt":"2022-04-22T01:57:33","slug":"thyme-ground","status":"publish","type":"product","link":"https:\/\/www.newmansown.com\/es\/product\/thyme-ground\/","title":{"rendered":"Ground Thyme"},"content":{"rendered":"<div class=\"ewa-rteLine\">El tomillo es una hierba perenne de la familia de la menta, muy utilizada en la cocina italiana y francesa.<\/div>\n<div class=\"ewa-rteLine\"><\/div>\n<div class=\"ewa-rteLine\">Utilice el Newman&#8217;s Own\u2122 Ground Thyme en carnes, aves, verduras, as\u00ed como en ali\u00f1os, sopas, guisos, adobos y salsas a base de tomate, adem\u00e1s de para aromatizar quesos, alubias y lentejas, e incluso t\u00e9. Es un excelente complemento para tortillas y huevos.<\/div>\n<div class=\"ewa-rteLine\"><\/div>\n<div class=\"ewa-rteLine\">Combina bien con albahaca, laurel, cebollino, ajo, mejorana, or\u00e9gano, perejil, romero, salvia, ajedrea y estrag\u00f3n.<\/div>\n<div class=\"ewa-rteLine\"><\/div>\n<div class=\"ewa-rteLine\">De sabor intenso y fuerte, el tomillo conserva su sabor al secarse mejor que muchas otras hierbas. Cuando sustituya el tomillo fresco por tomillo seco, utilice aproximadamente un tercio del volumen de tomillo fresco indicado en la receta, ya que el sabor del tomillo seco es mucho m\u00e1s fuerte que el del fresco. Como ocurre con la mayor\u00eda de las hierbas secas, debe a\u00f1adirse al principio de la receta.<\/div>\n<div><\/div>\n<div>\n<div class=\"ewa-rteLine\">&#8211; Sin bioingenier\u00eda<\/div>\n<div class=\"ewa-rteLine\">&#8211; Certificado Kosher<\/div>\n<div class=\"ewa-rteLine\">&#8211; El 100% de los beneficios de Newman&#8217;s Own se destina a fines ben\u00e9ficos<\/div>\n<\/div>\n","protected":false},"excerpt":{"rendered":"<div class=\"ewa-rteLine\">El tomillo es una hierba perenne de la familia de la menta, muy utilizada en la cocina italiana y francesa.<\/div>\n<div class=\"ewa-rteLine\"><\/div>\n<div class=\"ewa-rteLine\">Utilice el Newman&#8217;s Own\u2122 Ground Thyme en carnes, aves, verduras, as\u00ed como en ali\u00f1os, sopas, guisos, adobos y salsas a base de tomate, adem\u00e1s de para aromatizar quesos, alubias y lentejas, e incluso t\u00e9. Es un excelente complemento para tortillas y huevos.<\/div>\n<div class=\"ewa-rteLine\"><\/div>\n<div class=\"ewa-rteLine\">Combina bien con albahaca, laurel, cebollino, ajo, mejorana, or\u00e9gano, perejil, romero, salvia, ajedrea y estrag\u00f3n.<\/div>\n<div class=\"ewa-rteLine\"><\/div>\n<div class=\"ewa-rteLine\">De sabor intenso y fuerte, el tomillo conserva su sabor al secarse mejor que muchas otras hierbas. Cuando sustituya el tomillo fresco por tomillo seco, utilice aproximadamente un tercio del volumen de tomillo fresco indicado en la receta, ya que el sabor del tomillo seco es mucho m\u00e1s fuerte que el del fresco. Como ocurre con la mayor\u00eda de las hierbas secas, debe a\u00f1adirse al principio de la receta.<\/div>\n<div><\/div>\n<div>\n<div class=\"ewa-rteLine\">&#8211; Sin bioingenier\u00eda<\/div>\n<div class=\"ewa-rteLine\">&#8211; Certificado Kosher<\/div>\n<div class=\"ewa-rteLine\">&#8211; El 100% de los beneficios de Newman&#8217;s Own se destina a fines ben\u00e9ficos<\/div>\n<\/div>\n","protected":false},"featured_media":8769,"template":"","meta":{"_acf_changed":false,"inline_featured_image":false},"product_brand":[],"product_cat":[29],"product_tag":[396],"class_list":{"0":"post-5931","1":"product","2":"type-product","3":"status-publish","4":"has-post-thumbnail","6":"product_cat-food","7":"product_tag-sin-omg","9":"first","10":"instock","11":"shipping-taxable","12":"product-type-simple"},"acf":[],"yoast_head":"<!-- This site is optimized with the Yoast SEO plugin v27.3 - https:\/\/yoast.com\/product\/yoast-seo-wordpress\/ -->\n<title>Ground Thyme | Newman&#039;s Own<\/title>\n<meta name=\"description\" content=\"Puede que el tomillo forme parte de la familia de la menta, pero esta hierba verde tiene su propio sabor.\" \/>\n<meta name=\"robots\" content=\"index, follow, max-snippet:-1, max-image-preview:large, max-video-preview:-1\" \/>\n<link rel=\"canonical\" href=\"https:\/\/www.newmansown.com\/es\/product\/thyme-ground\/\" \/>\n<meta property=\"og:locale\" content=\"es_ES\" \/>\n<meta property=\"og:type\" content=\"article\" \/>\n<meta property=\"og:title\" content=\"Ground Thyme | Newman&#039;s Own\" \/>\n<meta property=\"og:description\" content=\"Puede que el tomillo forme parte de la familia de la menta, pero esta hierba verde tiene su propio sabor.\" \/>\n<meta property=\"og:url\" content=\"https:\/\/www.newmansown.com\/es\/product\/thyme-ground\/\" \/>\n<meta property=\"og:site_name\" content=\"Newman&#039;s Own\" \/>\n<meta property=\"og:image\" content=\"https:\/\/www.newmansown.com\/wp-content\/uploads\/2024\/02\/newmans-own-thymeGround.png\" \/>\n\t<meta property=\"og:image:width\" content=\"1036\" \/>\n\t<meta property=\"og:image:height\" content=\"1100\" \/>\n\t<meta property=\"og:image:type\" content=\"image\/png\" \/>\n<meta name=\"twitter:card\" content=\"summary_large_image\" \/>\n<meta name=\"twitter:label1\" content=\"Est. reading time\" \/>\n\t<meta name=\"twitter:data1\" content=\"1 minute\" \/>\n<!-- \/ Yoast SEO plugin. -->","yoast_head_json":{"title":"Ground Thyme | Newman&#039;s Own","description":"Puede que el tomillo forme parte de la familia de la menta, pero esta hierba verde tiene su propio sabor.","robots":{"index":"index","follow":"follow","max-snippet":"max-snippet:-1","max-image-preview":"max-image-preview:large","max-video-preview":"max-video-preview:-1"},"canonical":"https:\/\/www.newmansown.com\/es\/product\/thyme-ground\/","og_locale":"es_ES","og_type":"article","og_title":"Ground Thyme | Newman&#039;s Own","og_description":"Puede que el tomillo forme parte de la familia de la menta, pero esta hierba verde tiene su propio sabor.","og_url":"https:\/\/www.newmansown.com\/es\/product\/thyme-ground\/","og_site_name":"Newman&#039;s Own","og_image":[{"width":1036,"height":1100,"url":"https:\/\/www.newmansown.com\/wp-content\/uploads\/2024\/02\/newmans-own-thymeGround.png","type":"image\/png"}],"twitter_card":"summary_large_image","twitter_misc":{"Est. reading time":"1 minute"},"schema":{"@context":"https:\/\/schema.org","@graph":[{"@type":["WebPage","ItemPage"],"@id":"https:\/\/www.newmansown.com\/es\/product\/thyme-ground\/","url":"https:\/\/www.newmansown.com\/es\/product\/thyme-ground\/","name":"Ground Thyme | Newman&#039;s Own","isPartOf":{"@id":"https:\/\/www.newmansown.com\/es\/#website"},"primaryImageOfPage":{"@id":"https:\/\/www.newmansown.com\/es\/product\/thyme-ground\/#primaryimage"},"image":{"@id":"https:\/\/www.newmansown.com\/es\/product\/thyme-ground\/#primaryimage"},"thumbnailUrl":"https:\/\/www.newmansown.com\/wp-content\/uploads\/2024\/02\/newmans-own-thymeGround.png","datePublished":"2022-04-22T01:57:33+00:00","description":"Puede que el tomillo forme parte de la familia de la menta, pero esta hierba verde tiene su propio sabor.","breadcrumb":{"@id":"https:\/\/www.newmansown.com\/es\/product\/thyme-ground\/#breadcrumb"},"inLanguage":"es-ES","potentialAction":[{"@type":"ReadAction","target":["https:\/\/www.newmansown.com\/es\/product\/thyme-ground\/"]}]},{"@type":"ImageObject","inLanguage":"es-ES","@id":"https:\/\/www.newmansown.com\/es\/product\/thyme-ground\/#primaryimage","url":"https:\/\/www.newmansown.com\/wp-content\/uploads\/2024\/02\/newmans-own-thymeGround.png","contentUrl":"https:\/\/www.newmansown.com\/wp-content\/uploads\/2024\/02\/newmans-own-thymeGround.png","width":1036,"height":1100,"caption":"Ground Thyme"},{"@type":"BreadcrumbList","@id":"https:\/\/www.newmansown.com\/es\/product\/thyme-ground\/#breadcrumb","itemListElement":[{"@type":"ListItem","position":1,"name":"Home","item":"https:\/\/newmansown.com\/es\/"},{"@type":"ListItem","position":2,"name":"Productos","item":"https:\/\/www.newmansown.com\/es\/productos\/"},{"@type":"ListItem","position":3,"name":"Ground Thyme"}]},{"@type":"WebSite","@id":"https:\/\/www.newmansown.com\/es\/#website","url":"https:\/\/www.newmansown.com\/es\/","name":"Newman&#039;s Own","description":"Let&#039;s Give It All Away","publisher":{"@id":"https:\/\/www.newmansown.com\/es\/#organization"},"potentialAction":[{"@type":"SearchAction","target":{"@type":"EntryPoint","urlTemplate":"https:\/\/www.newmansown.com\/es\/?s={search_term_string}"},"query-input":{"@type":"PropertyValueSpecification","valueRequired":true,"valueName":"search_term_string"}}],"inLanguage":"es-ES"},{"@type":"Organization","@id":"https:\/\/www.newmansown.com\/es\/#organization","name":"Newman&#039;s Own","url":"https:\/\/www.newmansown.com\/es\/","logo":{"@type":"ImageObject","inLanguage":"es-ES","@id":"https:\/\/www.newmansown.com\/es\/#\/schema\/logo\/image\/","url":"https:\/\/www.newmansown.com\/wp-content\/uploads\/2024\/02\/newmans-own-green-reg.png","contentUrl":"https:\/\/www.newmansown.com\/wp-content\/uploads\/2024\/02\/newmans-own-green-reg.png","width":737,"height":537,"caption":"Newman&#039;s Own"},"image":{"@id":"https:\/\/www.newmansown.com\/es\/#\/schema\/logo\/image\/"}}]}},"_links":{"self":[{"href":"https:\/\/www.newmansown.com\/es\/wp-json\/wp\/v2\/product\/5931","targetHints":{"allow":["GET"]}}],"collection":[{"href":"https:\/\/www.newmansown.com\/es\/wp-json\/wp\/v2\/product"}],"about":[{"href":"https:\/\/www.newmansown.com\/es\/wp-json\/wp\/v2\/types\/product"}],"wp:featuredmedia":[{"embeddable":true,"href":"https:\/\/www.newmansown.com\/es\/wp-json\/wp\/v2\/media\/8769"}],"wp:attachment":[{"href":"https:\/\/www.newmansown.com\/es\/wp-json\/wp\/v2\/media?parent=5931"}],"wp:term":[{"taxonomy":"product_brand","embeddable":true,"href":"https:\/\/www.newmansown.com\/es\/wp-json\/wp\/v2\/product_brand?post=5931"},{"taxonomy":"product_cat","embeddable":true,"href":"https:\/\/www.newmansown.com\/es\/wp-json\/wp\/v2\/product_cat?post=5931"},{"taxonomy":"product_tag","embeddable":true,"href":"https:\/\/www.newmansown.com\/es\/wp-json\/wp\/v2\/product_tag?post=5931"}],"curies":[{"name":"wp","href":"https:\/\/api.w.org\/{rel}","templated":true}]}}