{"id":5927,"date":"2022-04-21T22:16:31","date_gmt":"2022-04-22T02:16:31","guid":{"rendered":"https:\/\/newmansown.com\/product\/parsley-flakes\/"},"modified":"2022-04-21T22:16:31","modified_gmt":"2022-04-22T02:16:31","slug":"parsley-flakes","status":"publish","type":"product","link":"https:\/\/www.newmansown.com\/es\/product\/parsley-flakes\/","title":{"rendered":"Parsley Flakes"},"content":{"rendered":"<div class=\"ewa-rteLine\">El perejil se utiliza mucho en la cocina de Oriente Medio, el Mediterr\u00e1neo, Brasil y Am\u00e9rica. A menudo se utiliza como guarnici\u00f3n llamativa, pero tambi\u00e9n puede realzar el sabor. Muchos platos se sirven con perejil verde fresco picado espolvoreado por encima.<\/div>\n<div class=\"ewa-rteLine\"><\/div>\n<div class=\"ewa-rteLine\">Las Newman&#8217;s Own\u2122 Parsley Leaves combinan bien con todas las dem\u00e1s hierbas. Util\u00edcelo como guarnici\u00f3n de platos de patatas, arroces, ensaladas, verduras, bocadillos, pasta, pescado, pollo, cordero y filetes, as\u00ed como en guisos y sopas de carne o verduras.<\/div>\n<div><\/div>\n<div>\n<div class=\"ewa-rteLine\">&#8211; Sin bioingenier\u00eda<\/div>\n<div class=\"ewa-rteLine\">&#8211; Certificado Kosher<\/div>\n<div class=\"ewa-rteLine\">&#8211; El 100% de los beneficios de Newman&#8217;s Own se destina a fines ben\u00e9ficos<\/div>\n<\/div>\n","protected":false},"excerpt":{"rendered":"<div class=\"ewa-rteLine\">El perejil se utiliza mucho en la cocina de Oriente Medio, el Mediterr\u00e1neo, Brasil y Am\u00e9rica. A menudo se utiliza como guarnici\u00f3n llamativa, pero tambi\u00e9n puede realzar el sabor. Muchos platos se sirven con perejil verde fresco picado espolvoreado por encima.<\/div>\n<div class=\"ewa-rteLine\"><\/div>\n<div class=\"ewa-rteLine\">Las Hojas de Perejil Newman&#8217;s Own\u2122 combinan bien con todas las dem\u00e1s hierbas. Util\u00edcelo como guarnici\u00f3n de platos de patatas, arroces, ensaladas, verduras, bocadillos, pasta, pescado, pollo, cordero y filetes, as\u00ed como en guisos y sopas de carne o verduras.<\/div>\n<div><\/div>\n<div>\n<div class=\"ewa-rteLine\">&#8211; Sin bioingenier\u00eda<\/div>\n<div class=\"ewa-rteLine\">&#8211; Certificado Kosher<\/div>\n<div class=\"ewa-rteLine\">&#8211; El 100% de los beneficios de Newman&#8217;s Own se destina a fines ben\u00e9ficos<\/div>\n<\/div>\n","protected":false},"featured_media":8751,"template":"","meta":{"_acf_changed":false,"inline_featured_image":false},"product_brand":[],"product_cat":[29],"product_tag":[],"class_list":{"0":"post-5927","1":"product","2":"type-product","3":"status-publish","4":"has-post-thumbnail","6":"product_cat-food","8":"first","9":"instock","10":"shipping-taxable","11":"product-type-simple"},"acf":[],"yoast_head":"<!-- This site is optimized with the Yoast SEO plugin v27.3 - https:\/\/yoast.com\/product\/yoast-seo-wordpress\/ -->\n<title>Parsley Flakes | Newman&#039;s Own<\/title>\n<meta name=\"description\" content=\"Aunque el perejil se utiliza a menudo como guarnici\u00f3n, puede servir para mucho m\u00e1s. Adem\u00e1s, combina bien con muchas otras hierbas y especias para realzar el sabor de los platos.\" \/>\n<meta name=\"robots\" content=\"index, follow, max-snippet:-1, max-image-preview:large, max-video-preview:-1\" \/>\n<link rel=\"canonical\" href=\"https:\/\/www.newmansown.com\/es\/product\/parsley-flakes\/\" \/>\n<meta property=\"og:locale\" content=\"es_ES\" \/>\n<meta property=\"og:type\" content=\"article\" \/>\n<meta property=\"og:title\" content=\"Parsley Flakes | Newman&#039;s Own\" \/>\n<meta property=\"og:description\" content=\"Aunque el perejil se utiliza a menudo como guarnici\u00f3n, puede servir para mucho m\u00e1s. Adem\u00e1s, combina bien con muchas otras hierbas y especias para realzar el sabor de los platos.\" \/>\n<meta property=\"og:url\" content=\"https:\/\/www.newmansown.com\/es\/product\/parsley-flakes\/\" \/>\n<meta property=\"og:site_name\" content=\"Newman&#039;s Own\" \/>\n<meta property=\"og:image\" content=\"https:\/\/newmansown.com\/wp-content\/uploads\/2024\/02\/newmans-own-parsleyFlakes.png\" \/>\n\t<meta property=\"og:image:width\" content=\"1036\" \/>\n\t<meta property=\"og:image:height\" content=\"1100\" \/>\n\t<meta property=\"og:image:type\" content=\"image\/png\" \/>\n<meta name=\"twitter:card\" content=\"summary_large_image\" \/>\n<meta name=\"twitter:label1\" content=\"Est. reading time\" \/>\n\t<meta name=\"twitter:data1\" content=\"1 minute\" \/>\n<!-- \/ Yoast SEO plugin. -->","yoast_head_json":{"title":"Parsley Flakes | Newman&#039;s Own","description":"Aunque el perejil se utiliza a menudo como guarnici\u00f3n, puede servir para mucho m\u00e1s. Adem\u00e1s, combina bien con muchas otras hierbas y especias para realzar el sabor de los platos.","robots":{"index":"index","follow":"follow","max-snippet":"max-snippet:-1","max-image-preview":"max-image-preview:large","max-video-preview":"max-video-preview:-1"},"canonical":"https:\/\/www.newmansown.com\/es\/product\/parsley-flakes\/","og_locale":"es_ES","og_type":"article","og_title":"Parsley Flakes | Newman&#039;s Own","og_description":"Aunque el perejil se utiliza a menudo como guarnici\u00f3n, puede servir para mucho m\u00e1s. Adem\u00e1s, combina bien con muchas otras hierbas y especias para realzar el sabor de los platos.","og_url":"https:\/\/www.newmansown.com\/es\/product\/parsley-flakes\/","og_site_name":"Newman&#039;s Own","og_image":[{"width":1036,"height":1100,"url":"https:\/\/newmansown.com\/wp-content\/uploads\/2024\/02\/newmans-own-parsleyFlakes.png","type":"image\/png"}],"twitter_card":"summary_large_image","twitter_misc":{"Est. reading time":"1 minute"},"schema":{"@context":"https:\/\/schema.org","@graph":[{"@type":["WebPage","ItemPage"],"@id":"https:\/\/www.newmansown.com\/es\/product\/parsley-flakes\/","url":"https:\/\/www.newmansown.com\/es\/product\/parsley-flakes\/","name":"Parsley Flakes | Newman&#039;s Own","isPartOf":{"@id":"https:\/\/www.newmansown.com\/es\/#website"},"primaryImageOfPage":{"@id":"https:\/\/www.newmansown.com\/es\/product\/parsley-flakes\/#primaryimage"},"image":{"@id":"https:\/\/www.newmansown.com\/es\/product\/parsley-flakes\/#primaryimage"},"thumbnailUrl":"https:\/\/www.newmansown.com\/wp-content\/uploads\/2024\/02\/newmans-own-parsleyFlakes.png","datePublished":"2022-04-22T02:16:31+00:00","description":"Aunque el perejil se utiliza a menudo como guarnici\u00f3n, puede servir para mucho m\u00e1s. Adem\u00e1s, combina bien con muchas otras hierbas y especias para realzar el sabor de los platos.","breadcrumb":{"@id":"https:\/\/www.newmansown.com\/es\/product\/parsley-flakes\/#breadcrumb"},"inLanguage":"es-ES","potentialAction":[{"@type":"ReadAction","target":["https:\/\/www.newmansown.com\/es\/product\/parsley-flakes\/"]}]},{"@type":"ImageObject","inLanguage":"es-ES","@id":"https:\/\/www.newmansown.com\/es\/product\/parsley-flakes\/#primaryimage","url":"https:\/\/www.newmansown.com\/wp-content\/uploads\/2024\/02\/newmans-own-parsleyFlakes.png","contentUrl":"https:\/\/www.newmansown.com\/wp-content\/uploads\/2024\/02\/newmans-own-parsleyFlakes.png","width":1036,"height":1100,"caption":"Parsley Flakes"},{"@type":"BreadcrumbList","@id":"https:\/\/www.newmansown.com\/es\/product\/parsley-flakes\/#breadcrumb","itemListElement":[{"@type":"ListItem","position":1,"name":"Home","item":"https:\/\/newmansown.com\/es\/"},{"@type":"ListItem","position":2,"name":"Productos","item":"https:\/\/www.newmansown.com\/es\/productos\/"},{"@type":"ListItem","position":3,"name":"Parsley Flakes"}]},{"@type":"WebSite","@id":"https:\/\/www.newmansown.com\/es\/#website","url":"https:\/\/www.newmansown.com\/es\/","name":"Newman&#039;s Own","description":"Let&#039;s Give It All Away","publisher":{"@id":"https:\/\/www.newmansown.com\/es\/#organization"},"potentialAction":[{"@type":"SearchAction","target":{"@type":"EntryPoint","urlTemplate":"https:\/\/www.newmansown.com\/es\/?s={search_term_string}"},"query-input":{"@type":"PropertyValueSpecification","valueRequired":true,"valueName":"search_term_string"}}],"inLanguage":"es-ES"},{"@type":"Organization","@id":"https:\/\/www.newmansown.com\/es\/#organization","name":"Newman&#039;s Own","url":"https:\/\/www.newmansown.com\/es\/","logo":{"@type":"ImageObject","inLanguage":"es-ES","@id":"https:\/\/www.newmansown.com\/es\/#\/schema\/logo\/image\/","url":"https:\/\/www.newmansown.com\/wp-content\/uploads\/2024\/02\/newmans-own-green-reg.png","contentUrl":"https:\/\/www.newmansown.com\/wp-content\/uploads\/2024\/02\/newmans-own-green-reg.png","width":737,"height":537,"caption":"Newman&#039;s Own"},"image":{"@id":"https:\/\/www.newmansown.com\/es\/#\/schema\/logo\/image\/"}}]}},"_links":{"self":[{"href":"https:\/\/www.newmansown.com\/es\/wp-json\/wp\/v2\/product\/5927","targetHints":{"allow":["GET"]}}],"collection":[{"href":"https:\/\/www.newmansown.com\/es\/wp-json\/wp\/v2\/product"}],"about":[{"href":"https:\/\/www.newmansown.com\/es\/wp-json\/wp\/v2\/types\/product"}],"wp:featuredmedia":[{"embeddable":true,"href":"https:\/\/www.newmansown.com\/es\/wp-json\/wp\/v2\/media\/8751"}],"wp:attachment":[{"href":"https:\/\/www.newmansown.com\/es\/wp-json\/wp\/v2\/media?parent=5927"}],"wp:term":[{"taxonomy":"product_brand","embeddable":true,"href":"https:\/\/www.newmansown.com\/es\/wp-json\/wp\/v2\/product_brand?post=5927"},{"taxonomy":"product_cat","embeddable":true,"href":"https:\/\/www.newmansown.com\/es\/wp-json\/wp\/v2\/product_cat?post=5927"},{"taxonomy":"product_tag","embeddable":true,"href":"https:\/\/www.newmansown.com\/es\/wp-json\/wp\/v2\/product_tag?post=5927"}],"curies":[{"name":"wp","href":"https:\/\/api.w.org\/{rel}","templated":true}]}}