{"id":5924,"date":"2022-04-21T22:25:17","date_gmt":"2022-04-22T02:25:17","guid":{"rendered":"https:\/\/newmansown.com\/product\/nutmeg-ground\/"},"modified":"2022-04-21T22:25:17","modified_gmt":"2022-04-22T02:25:17","slug":"nutmeg-ground","status":"publish","type":"product","link":"https:\/\/www.newmansown.com\/es\/product\/nutmeg-ground\/","title":{"rendered":"Nutmeg Ground"},"content":{"rendered":"<p>\u00bfSab\u00eda que la nuez moscada es la semilla de un \u00e1rbol de hoja perenne muy com\u00fan en algunas zonas de Asia? \u00bfSab\u00eda tambi\u00e9n que Newman&#8217;s Own envasa su delicioso sabor a nueces y especias en un molido fino f\u00e1cil de a\u00f1adir a las recetas?<\/p>\n<p>Tanto los platos salados como los dulces utilizan este sabor picante y c\u00e1lido, que aporta profundidad a todo tipo de cocina.<\/p>\n","protected":false},"excerpt":{"rendered":"<p>\u00bfSab\u00eda que la nuez moscada es la semilla de un \u00e1rbol de hoja perenne muy com\u00fan en algunas zonas de Asia? \u00bfSab\u00eda tambi\u00e9n que Newman&#8217;s Own envasa su delicioso sabor a nueces y especias en un molido fino f\u00e1cil de a\u00f1adir a las recetas?<\/p>\n<p>Tanto los platos salados como los dulces utilizan este sabor picante y c\u00e1lido, que aporta profundidad a todo tipo de cocina.<\/p>\n","protected":false},"featured_media":8741,"template":"","meta":{"_acf_changed":false,"inline_featured_image":false},"product_brand":[],"product_cat":[29],"product_tag":[],"class_list":{"0":"post-5924","1":"product","2":"type-product","3":"status-publish","4":"has-post-thumbnail","6":"product_cat-food","8":"first","9":"instock","10":"shipping-taxable","11":"product-type-simple"},"acf":[],"yoast_head":"<!-- This site is optimized with the Yoast SEO plugin v27.3 - https:\/\/yoast.com\/product\/yoast-seo-wordpress\/ -->\n<title>Nutmeg Ground | Newman&#039;s Own<\/title>\n<meta name=\"description\" content=\"\u00bfSab\u00eda que la nuez moscada es la semilla de un \u00e1rbol de hoja perenne muy com\u00fan en algunas zonas de Asia? \u00bfSab\u00eda tambi\u00e9n que Newman&#039;s Own envasa su delicioso sabor a nueces y especias en un molido fino f\u00e1cil de a\u00f1adir a las recetas?\" \/>\n<meta name=\"robots\" content=\"index, follow, max-snippet:-1, max-image-preview:large, max-video-preview:-1\" \/>\n<link rel=\"canonical\" href=\"https:\/\/www.newmansown.com\/es\/product\/nutmeg-ground\/\" \/>\n<meta property=\"og:locale\" content=\"es_ES\" \/>\n<meta property=\"og:type\" content=\"article\" \/>\n<meta property=\"og:title\" content=\"Nutmeg Ground | Newman&#039;s Own\" \/>\n<meta property=\"og:description\" content=\"\u00bfSab\u00eda que la nuez moscada es la semilla de un \u00e1rbol de hoja perenne muy com\u00fan en algunas zonas de Asia? \u00bfSab\u00eda tambi\u00e9n que Newman&#039;s Own envasa su delicioso sabor a nueces y especias en un molido fino f\u00e1cil de a\u00f1adir a las recetas?\" \/>\n<meta property=\"og:url\" content=\"https:\/\/www.newmansown.com\/es\/product\/nutmeg-ground\/\" \/>\n<meta property=\"og:site_name\" content=\"Newman&#039;s Own\" \/>\n<meta property=\"og:image\" content=\"https:\/\/newmansown.com\/wp-content\/uploads\/2024\/02\/newmans-own-nutmegGround.png\" \/>\n\t<meta property=\"og:image:width\" content=\"1036\" \/>\n\t<meta property=\"og:image:height\" content=\"1100\" \/>\n\t<meta property=\"og:image:type\" content=\"image\/png\" \/>\n<meta name=\"twitter:card\" content=\"summary_large_image\" \/>\n<!-- \/ Yoast SEO plugin. -->","yoast_head_json":{"title":"Nutmeg Ground | Newman&#039;s Own","description":"\u00bfSab\u00eda que la nuez moscada es la semilla de un \u00e1rbol de hoja perenne muy com\u00fan en algunas zonas de Asia? \u00bfSab\u00eda tambi\u00e9n que Newman's Own envasa su delicioso sabor a nueces y especias en un molido fino f\u00e1cil de a\u00f1adir a las recetas?","robots":{"index":"index","follow":"follow","max-snippet":"max-snippet:-1","max-image-preview":"max-image-preview:large","max-video-preview":"max-video-preview:-1"},"canonical":"https:\/\/www.newmansown.com\/es\/product\/nutmeg-ground\/","og_locale":"es_ES","og_type":"article","og_title":"Nutmeg Ground | Newman&#039;s Own","og_description":"\u00bfSab\u00eda que la nuez moscada es la semilla de un \u00e1rbol de hoja perenne muy com\u00fan en algunas zonas de Asia? \u00bfSab\u00eda tambi\u00e9n que Newman's Own envasa su delicioso sabor a nueces y especias en un molido fino f\u00e1cil de a\u00f1adir a las recetas?","og_url":"https:\/\/www.newmansown.com\/es\/product\/nutmeg-ground\/","og_site_name":"Newman&#039;s Own","og_image":[{"width":1036,"height":1100,"url":"https:\/\/newmansown.com\/wp-content\/uploads\/2024\/02\/newmans-own-nutmegGround.png","type":"image\/png"}],"twitter_card":"summary_large_image","schema":{"@context":"https:\/\/schema.org","@graph":[{"@type":["WebPage","ItemPage"],"@id":"https:\/\/www.newmansown.com\/es\/product\/nutmeg-ground\/","url":"https:\/\/www.newmansown.com\/es\/product\/nutmeg-ground\/","name":"Nutmeg Ground | Newman&#039;s Own","isPartOf":{"@id":"https:\/\/www.newmansown.com\/es\/#website"},"primaryImageOfPage":{"@id":"https:\/\/www.newmansown.com\/es\/product\/nutmeg-ground\/#primaryimage"},"image":{"@id":"https:\/\/www.newmansown.com\/es\/product\/nutmeg-ground\/#primaryimage"},"thumbnailUrl":"https:\/\/www.newmansown.com\/wp-content\/uploads\/2024\/02\/newmans-own-nutmegGround.png","datePublished":"2022-04-22T02:25:17+00:00","description":"\u00bfSab\u00eda que la nuez moscada es la semilla de un \u00e1rbol de hoja perenne muy com\u00fan en algunas zonas de Asia? \u00bfSab\u00eda tambi\u00e9n que Newman's Own envasa su delicioso sabor a nueces y especias en un molido fino f\u00e1cil de a\u00f1adir a las recetas?","breadcrumb":{"@id":"https:\/\/www.newmansown.com\/es\/product\/nutmeg-ground\/#breadcrumb"},"inLanguage":"es-ES","potentialAction":[{"@type":"ReadAction","target":["https:\/\/www.newmansown.com\/es\/product\/nutmeg-ground\/"]}]},{"@type":"ImageObject","inLanguage":"es-ES","@id":"https:\/\/www.newmansown.com\/es\/product\/nutmeg-ground\/#primaryimage","url":"https:\/\/www.newmansown.com\/wp-content\/uploads\/2024\/02\/newmans-own-nutmegGround.png","contentUrl":"https:\/\/www.newmansown.com\/wp-content\/uploads\/2024\/02\/newmans-own-nutmegGround.png","width":1036,"height":1100,"caption":"Nutmeg Ground"},{"@type":"BreadcrumbList","@id":"https:\/\/www.newmansown.com\/es\/product\/nutmeg-ground\/#breadcrumb","itemListElement":[{"@type":"ListItem","position":1,"name":"Home","item":"https:\/\/newmansown.com\/es\/"},{"@type":"ListItem","position":2,"name":"Productos","item":"https:\/\/www.newmansown.com\/es\/productos\/"},{"@type":"ListItem","position":3,"name":"Nutmeg Ground"}]},{"@type":"WebSite","@id":"https:\/\/www.newmansown.com\/es\/#website","url":"https:\/\/www.newmansown.com\/es\/","name":"Newman&#039;s Own","description":"Let&#039;s Give It All Away","publisher":{"@id":"https:\/\/www.newmansown.com\/es\/#organization"},"potentialAction":[{"@type":"SearchAction","target":{"@type":"EntryPoint","urlTemplate":"https:\/\/www.newmansown.com\/es\/?s={search_term_string}"},"query-input":{"@type":"PropertyValueSpecification","valueRequired":true,"valueName":"search_term_string"}}],"inLanguage":"es-ES"},{"@type":"Organization","@id":"https:\/\/www.newmansown.com\/es\/#organization","name":"Newman&#039;s Own","url":"https:\/\/www.newmansown.com\/es\/","logo":{"@type":"ImageObject","inLanguage":"es-ES","@id":"https:\/\/www.newmansown.com\/es\/#\/schema\/logo\/image\/","url":"https:\/\/www.newmansown.com\/wp-content\/uploads\/2024\/02\/newmans-own-green-reg.png","contentUrl":"https:\/\/www.newmansown.com\/wp-content\/uploads\/2024\/02\/newmans-own-green-reg.png","width":737,"height":537,"caption":"Newman&#039;s Own"},"image":{"@id":"https:\/\/www.newmansown.com\/es\/#\/schema\/logo\/image\/"}}]}},"_links":{"self":[{"href":"https:\/\/www.newmansown.com\/es\/wp-json\/wp\/v2\/product\/5924","targetHints":{"allow":["GET"]}}],"collection":[{"href":"https:\/\/www.newmansown.com\/es\/wp-json\/wp\/v2\/product"}],"about":[{"href":"https:\/\/www.newmansown.com\/es\/wp-json\/wp\/v2\/types\/product"}],"wp:featuredmedia":[{"embeddable":true,"href":"https:\/\/www.newmansown.com\/es\/wp-json\/wp\/v2\/media\/8741"}],"wp:attachment":[{"href":"https:\/\/www.newmansown.com\/es\/wp-json\/wp\/v2\/media?parent=5924"}],"wp:term":[{"taxonomy":"product_brand","embeddable":true,"href":"https:\/\/www.newmansown.com\/es\/wp-json\/wp\/v2\/product_brand?post=5924"},{"taxonomy":"product_cat","embeddable":true,"href":"https:\/\/www.newmansown.com\/es\/wp-json\/wp\/v2\/product_cat?post=5924"},{"taxonomy":"product_tag","embeddable":true,"href":"https:\/\/www.newmansown.com\/es\/wp-json\/wp\/v2\/product_tag?post=5924"}],"curies":[{"name":"wp","href":"https:\/\/api.w.org\/{rel}","templated":true}]}}