{"id":5912,"date":"2022-04-21T22:55:51","date_gmt":"2022-04-22T02:55:51","guid":{"rendered":"https:\/\/newmansown.com\/product\/organic-onion-powder\/"},"modified":"2022-04-21T22:55:51","modified_gmt":"2022-04-22T02:55:51","slug":"onion-powder-organic","status":"publish","type":"product","link":"https:\/\/www.newmansown.com\/es\/product\/onion-powder-organic\/","title":{"rendered":"Organic Onion Powder"},"content":{"rendered":"<div class=\"ewa-rteLine\">Newman&#8217;s Own\u2122 Organic Onion Powder est\u00e1 elaborada con cebollas secas, molidas hasta obtener una granulaci\u00f3n suave para impartir un rico y sabroso sabor a cebolla.<\/div>\n<div class=\"ewa-rteLine\"><\/div>\n<div class=\"ewa-rteLine\">Util\u00edcelo en hamburguesas, pollo, salm\u00f3n, pastel de carne, pasta, pizza, verduras, ali\u00f1os para ensaladas, sopas, guisos, salsas y salsas.<\/div>\n<div class=\"ewa-rteLine\"><\/div>\n<div class=\"ewa-rteLine\">Funciona en la mayor\u00eda de las recetas que requieren cebollas secas o frescas. Una cucharada equivale al sabor de una cebolla mediana.<\/div>\n<div><\/div>\n<div>\n<div class=\"ewa-rteLine\">&#8211; Certificado ecol\u00f3gico USDA por QAI<\/div>\n<div class=\"ewa-rteLine\">&#8211; Sin bioingenier\u00eda<\/div>\n<div class=\"ewa-rteLine\">&#8211; Certificado Kosher<\/div>\n<div class=\"ewa-rteLine\">&#8211; El 100% de los beneficios de Newman&#8217;s Own se destina a fines ben\u00e9ficos<\/div>\n<\/div>\n","protected":false},"excerpt":{"rendered":"<div class=\"ewa-rteLine\">Newman&#8217;s Own\u2122 Cebolla Ecol\u00f3gica en Polvo est\u00e1 elaborada con cebollas secas, molidas hasta obtener una granulaci\u00f3n suave para impartir un rico y sabroso sabor a cebolla.<\/div>\n<div class=\"ewa-rteLine\"><\/div>\n<div class=\"ewa-rteLine\">Util\u00edcelo en hamburguesas, pollo, salm\u00f3n, pastel de carne, pasta, pizza, verduras, ali\u00f1os para ensaladas, sopas, guisos, salsas y salsas.<\/div>\n<div class=\"ewa-rteLine\"><\/div>\n<div class=\"ewa-rteLine\">Funciona en la mayor\u00eda de las recetas que requieren cebollas secas o frescas. Una cucharada equivale al sabor de una cebolla mediana.<\/div>\n<div><\/div>\n<div>\n<div class=\"ewa-rteLine\">&#8211; Certificado ecol\u00f3gico USDA por QAI<\/div>\n<div class=\"ewa-rteLine\">&#8211; Sin bioingenier\u00eda<\/div>\n<div class=\"ewa-rteLine\">&#8211; Certificado Kosher<\/div>\n<div class=\"ewa-rteLine\">&#8211; El 100% de los beneficios de Newman&#8217;s Own se destina a fines ben\u00e9ficos<\/div>\n<\/div>\n","protected":false},"featured_media":8811,"template":"","meta":{"_acf_changed":false,"inline_featured_image":false},"product_brand":[],"product_cat":[29],"product_tag":[],"class_list":{"0":"post-5912","1":"product","2":"type-product","3":"status-publish","4":"has-post-thumbnail","6":"product_cat-food","8":"first","9":"instock","10":"shipping-taxable","11":"product-type-simple"},"acf":[],"yoast_head":"<!-- This site is optimized with the Yoast SEO plugin v27.3 - https:\/\/yoast.com\/product\/yoast-seo-wordpress\/ -->\n<title>Organic Onion Powder | Newman&#039;s Own<\/title>\n<meta name=\"description\" content=\"Incluya este alimento b\u00e1sico en su pr\u00f3xima receta. Una cucharada de Newman&#039;s Own Organic Onion Powder equivale al sabor de una cebolla mediana. Est\u00e1 elaborado con cebollas secas ecol\u00f3gicas certificadas, molidas para obtener un sabor rico, dulce y sabroso.\" \/>\n<meta name=\"robots\" content=\"index, follow, max-snippet:-1, max-image-preview:large, max-video-preview:-1\" \/>\n<link rel=\"canonical\" href=\"https:\/\/www.newmansown.com\/es\/product\/onion-powder-organic\/\" \/>\n<meta property=\"og:locale\" content=\"es_ES\" \/>\n<meta property=\"og:type\" content=\"article\" \/>\n<meta property=\"og:title\" content=\"Organic Onion Powder | Newman&#039;s Own\" \/>\n<meta property=\"og:description\" content=\"Incluya este alimento b\u00e1sico en su pr\u00f3xima receta. Una cucharada de Newman&#039;s Own Organic Onion Powder equivale al sabor de una cebolla mediana. Est\u00e1 elaborado con cebollas secas ecol\u00f3gicas certificadas, molidas para obtener un sabor rico, dulce y sabroso.\" \/>\n<meta property=\"og:url\" content=\"https:\/\/www.newmansown.com\/es\/product\/onion-powder-organic\/\" \/>\n<meta property=\"og:site_name\" content=\"Newman&#039;s Own\" \/>\n<meta property=\"og:image\" content=\"https:\/\/www.newmansown.com\/wp-content\/uploads\/2024\/02\/newmans-own-organic-onionPowder.png\" \/>\n\t<meta property=\"og:image:width\" content=\"1036\" \/>\n\t<meta property=\"og:image:height\" content=\"1100\" \/>\n\t<meta property=\"og:image:type\" content=\"image\/png\" \/>\n<meta name=\"twitter:card\" content=\"summary_large_image\" \/>\n<!-- \/ Yoast SEO plugin. -->","yoast_head_json":{"title":"Organic Onion Powder | Newman&#039;s Own","description":"Incluya este alimento b\u00e1sico en su pr\u00f3xima receta. Una cucharada de Newman's Own Organic Onion Powder equivale al sabor de una cebolla mediana. Est\u00e1 elaborado con cebollas secas ecol\u00f3gicas certificadas, molidas para obtener un sabor rico, dulce y sabroso.","robots":{"index":"index","follow":"follow","max-snippet":"max-snippet:-1","max-image-preview":"max-image-preview:large","max-video-preview":"max-video-preview:-1"},"canonical":"https:\/\/www.newmansown.com\/es\/product\/onion-powder-organic\/","og_locale":"es_ES","og_type":"article","og_title":"Organic Onion Powder | Newman&#039;s Own","og_description":"Incluya este alimento b\u00e1sico en su pr\u00f3xima receta. Una cucharada de Newman's Own Organic Onion Powder equivale al sabor de una cebolla mediana. Est\u00e1 elaborado con cebollas secas ecol\u00f3gicas certificadas, molidas para obtener un sabor rico, dulce y sabroso.","og_url":"https:\/\/www.newmansown.com\/es\/product\/onion-powder-organic\/","og_site_name":"Newman&#039;s Own","og_image":[{"width":1036,"height":1100,"url":"https:\/\/www.newmansown.com\/wp-content\/uploads\/2024\/02\/newmans-own-organic-onionPowder.png","type":"image\/png"}],"twitter_card":"summary_large_image","schema":{"@context":"https:\/\/schema.org","@graph":[{"@type":["WebPage","ItemPage"],"@id":"https:\/\/www.newmansown.com\/es\/product\/onion-powder-organic\/","url":"https:\/\/www.newmansown.com\/es\/product\/onion-powder-organic\/","name":"Organic Onion Powder | Newman&#039;s Own","isPartOf":{"@id":"https:\/\/www.newmansown.com\/es\/#website"},"primaryImageOfPage":{"@id":"https:\/\/www.newmansown.com\/es\/product\/onion-powder-organic\/#primaryimage"},"image":{"@id":"https:\/\/www.newmansown.com\/es\/product\/onion-powder-organic\/#primaryimage"},"thumbnailUrl":"https:\/\/www.newmansown.com\/wp-content\/uploads\/2024\/02\/newmans-own-organic-onionPowder.png","datePublished":"2022-04-22T02:55:51+00:00","description":"Incluya este alimento b\u00e1sico en su pr\u00f3xima receta. Una cucharada de Newman's Own Organic Onion Powder equivale al sabor de una cebolla mediana. Est\u00e1 elaborado con cebollas secas ecol\u00f3gicas certificadas, molidas para obtener un sabor rico, dulce y sabroso.","breadcrumb":{"@id":"https:\/\/www.newmansown.com\/es\/product\/onion-powder-organic\/#breadcrumb"},"inLanguage":"es-ES","potentialAction":[{"@type":"ReadAction","target":["https:\/\/www.newmansown.com\/es\/product\/onion-powder-organic\/"]}]},{"@type":"ImageObject","inLanguage":"es-ES","@id":"https:\/\/www.newmansown.com\/es\/product\/onion-powder-organic\/#primaryimage","url":"https:\/\/www.newmansown.com\/wp-content\/uploads\/2024\/02\/newmans-own-organic-onionPowder.png","contentUrl":"https:\/\/www.newmansown.com\/wp-content\/uploads\/2024\/02\/newmans-own-organic-onionPowder.png","width":1036,"height":1100,"caption":"Organic Onion Powder"},{"@type":"BreadcrumbList","@id":"https:\/\/www.newmansown.com\/es\/product\/onion-powder-organic\/#breadcrumb","itemListElement":[{"@type":"ListItem","position":1,"name":"Home","item":"https:\/\/newmansown.com\/es\/"},{"@type":"ListItem","position":2,"name":"Productos","item":"https:\/\/www.newmansown.com\/es\/productos\/"},{"@type":"ListItem","position":3,"name":"Organic Onion Powder"}]},{"@type":"WebSite","@id":"https:\/\/www.newmansown.com\/es\/#website","url":"https:\/\/www.newmansown.com\/es\/","name":"Newman&#039;s Own","description":"Let&#039;s Give It All Away","publisher":{"@id":"https:\/\/www.newmansown.com\/es\/#organization"},"potentialAction":[{"@type":"SearchAction","target":{"@type":"EntryPoint","urlTemplate":"https:\/\/www.newmansown.com\/es\/?s={search_term_string}"},"query-input":{"@type":"PropertyValueSpecification","valueRequired":true,"valueName":"search_term_string"}}],"inLanguage":"es-ES"},{"@type":"Organization","@id":"https:\/\/www.newmansown.com\/es\/#organization","name":"Newman&#039;s Own","url":"https:\/\/www.newmansown.com\/es\/","logo":{"@type":"ImageObject","inLanguage":"es-ES","@id":"https:\/\/www.newmansown.com\/es\/#\/schema\/logo\/image\/","url":"https:\/\/www.newmansown.com\/wp-content\/uploads\/2024\/02\/newmans-own-green-reg.png","contentUrl":"https:\/\/www.newmansown.com\/wp-content\/uploads\/2024\/02\/newmans-own-green-reg.png","width":737,"height":537,"caption":"Newman&#039;s Own"},"image":{"@id":"https:\/\/www.newmansown.com\/es\/#\/schema\/logo\/image\/"}}]}},"_links":{"self":[{"href":"https:\/\/www.newmansown.com\/es\/wp-json\/wp\/v2\/product\/5912","targetHints":{"allow":["GET"]}}],"collection":[{"href":"https:\/\/www.newmansown.com\/es\/wp-json\/wp\/v2\/product"}],"about":[{"href":"https:\/\/www.newmansown.com\/es\/wp-json\/wp\/v2\/types\/product"}],"wp:featuredmedia":[{"embeddable":true,"href":"https:\/\/www.newmansown.com\/es\/wp-json\/wp\/v2\/media\/8811"}],"wp:attachment":[{"href":"https:\/\/www.newmansown.com\/es\/wp-json\/wp\/v2\/media?parent=5912"}],"wp:term":[{"taxonomy":"product_brand","embeddable":true,"href":"https:\/\/www.newmansown.com\/es\/wp-json\/wp\/v2\/product_brand?post=5912"},{"taxonomy":"product_cat","embeddable":true,"href":"https:\/\/www.newmansown.com\/es\/wp-json\/wp\/v2\/product_cat?post=5912"},{"taxonomy":"product_tag","embeddable":true,"href":"https:\/\/www.newmansown.com\/es\/wp-json\/wp\/v2\/product_tag?post=5912"}],"curies":[{"name":"wp","href":"https:\/\/api.w.org\/{rel}","templated":true}]}}