{"id":5908,"date":"2022-04-21T23:06:46","date_gmt":"2022-04-22T03:06:46","guid":{"rendered":"https:\/\/newmansown.com\/product\/organic-ground-cinnamon\/"},"modified":"2022-04-21T23:06:46","modified_gmt":"2022-04-22T03:06:46","slug":"cinnamon-ground-organic","status":"publish","type":"product","link":"https:\/\/www.newmansown.com\/es\/product\/cinnamon-ground-organic\/","title":{"rendered":"Organic Ground Cinnamon"},"content":{"rendered":"<div class=\"ewa-rteLine\">La Newman\u2019s Own\u2122 Organic Ground Cinnamon es arom\u00e1tica, con un sabor dulce, profundo, c\u00e1lido y delicado.<\/div>\n<div class=\"ewa-rteLine\"><\/div>\n<div class=\"ewa-rteLine\">Combina bien con el comino, el jengibre, la nuez moscada, el tomillo y la c\u00farcuma, y se utiliza en platos dulces y salados, como galletas o pasteles, tostadas francesas, copos de avena, fruta y t\u00e9. Tambi\u00e9n es bueno con pollo, cordero, cerdo, boniatos o en sopas.<\/div>\n<div><\/div>\n<div>\n<div class=\"ewa-rteLine\">&#8211; Certificado ecol\u00f3gico USDA por QAI<\/div>\n<div class=\"ewa-rteLine\">&#8211; Sin bioingenier\u00eda<\/div>\n<div class=\"ewa-rteLine\">&#8211; Certificado Kosher<\/div>\n<div class=\"ewa-rteLine\">&#8211; El 100% de los beneficios de Newman&#8217;s Own se destina a fines ben\u00e9ficos<\/div>\n<\/div>\n","protected":false},"excerpt":{"rendered":"<div class=\"ewa-rteLine\">La Newman\u2019s Own\u2122 Organic Ground Cinnamon es arom\u00e1tica, con un sabor dulce, profundo, c\u00e1lido y delicado.<\/div>\n<div class=\"ewa-rteLine\"><\/div>\n<div class=\"ewa-rteLine\">Combina bien con el comino, el jengibre, la nuez moscada, el tomillo y la c\u00farcuma, y se utiliza en platos dulces y salados, como galletas o pasteles, tostadas francesas, copos de avena, fruta y t\u00e9. Tambi\u00e9n es bueno con pollo, cordero, cerdo, boniatos o en sopas.<\/div>\n<div><\/div>\n<div>\n<div class=\"ewa-rteLine\">&#8211; Certificado ecol\u00f3gico USDA por QAI<\/div>\n<div class=\"ewa-rteLine\">&#8211; Sin bioingenier\u00eda<\/div>\n<div class=\"ewa-rteLine\">&#8211; Certificado Kosher<\/div>\n<div class=\"ewa-rteLine\">&#8211; El 100% de los beneficios de Newman&#8217;s Own se destina a fines ben\u00e9ficos<\/div>\n<\/div>\n","protected":false},"featured_media":8623,"template":"","meta":{"_acf_changed":false,"inline_featured_image":false},"product_brand":[],"product_cat":[29],"product_tag":[],"class_list":{"0":"post-5908","1":"product","2":"type-product","3":"status-publish","4":"has-post-thumbnail","6":"product_cat-food","8":"first","9":"instock","10":"shipping-taxable","11":"product-type-simple"},"acf":[],"yoast_head":"<!-- This site is optimized with the Yoast SEO plugin v27.3 - https:\/\/yoast.com\/product\/yoast-seo-wordpress\/ -->\n<title>Organic Ground Cinnamon | Newman&#039;s Own<\/title>\n<meta name=\"description\" content=\"Toda la dulzura y calidez de nuestra canela molida original, pero con certificaci\u00f3n ecol\u00f3gica USDA. Pruebe la Newman&#039;s Own Organic Ground Cinnamon en todo tipo de alimentos, desde avena hasta t\u00e9, sopas y mucho m\u00e1s. Combina muy bien con otras especias como la nuez moscada, la c\u00farcuma y el tomillo.\" \/>\n<meta name=\"robots\" content=\"index, follow, max-snippet:-1, max-image-preview:large, max-video-preview:-1\" \/>\n<link rel=\"canonical\" href=\"https:\/\/www.newmansown.com\/es\/product\/cinnamon-ground-organic\/\" \/>\n<meta property=\"og:locale\" content=\"es_ES\" \/>\n<meta property=\"og:type\" content=\"article\" \/>\n<meta property=\"og:title\" content=\"Organic Ground Cinnamon | Newman&#039;s Own\" \/>\n<meta property=\"og:description\" content=\"Toda la dulzura y calidez de nuestra canela molida original, pero con certificaci\u00f3n ecol\u00f3gica USDA. Pruebe la Newman&#039;s Own Organic Ground Cinnamon en todo tipo de alimentos, desde avena hasta t\u00e9, sopas y mucho m\u00e1s. Combina muy bien con otras especias como la nuez moscada, la c\u00farcuma y el tomillo.\" \/>\n<meta property=\"og:url\" content=\"https:\/\/www.newmansown.com\/es\/product\/cinnamon-ground-organic\/\" \/>\n<meta property=\"og:site_name\" content=\"Newman&#039;s Own\" \/>\n<meta property=\"og:image\" content=\"https:\/\/www.newmansown.com\/wp-content\/uploads\/2022\/10\/NO_OrgSpi_CinnamonGround_Main.png\" \/>\n\t<meta property=\"og:image:width\" content=\"1036\" \/>\n\t<meta property=\"og:image:height\" content=\"1100\" \/>\n\t<meta property=\"og:image:type\" content=\"image\/png\" \/>\n<meta name=\"twitter:card\" content=\"summary_large_image\" \/>\n<!-- \/ Yoast SEO plugin. -->","yoast_head_json":{"title":"Organic Ground Cinnamon | Newman&#039;s Own","description":"Toda la dulzura y calidez de nuestra canela molida original, pero con certificaci\u00f3n ecol\u00f3gica USDA. Pruebe la Newman's Own Organic Ground Cinnamon en todo tipo de alimentos, desde avena hasta t\u00e9, sopas y mucho m\u00e1s. Combina muy bien con otras especias como la nuez moscada, la c\u00farcuma y el tomillo.","robots":{"index":"index","follow":"follow","max-snippet":"max-snippet:-1","max-image-preview":"max-image-preview:large","max-video-preview":"max-video-preview:-1"},"canonical":"https:\/\/www.newmansown.com\/es\/product\/cinnamon-ground-organic\/","og_locale":"es_ES","og_type":"article","og_title":"Organic Ground Cinnamon | Newman&#039;s Own","og_description":"Toda la dulzura y calidez de nuestra canela molida original, pero con certificaci\u00f3n ecol\u00f3gica USDA. Pruebe la Newman's Own Organic Ground Cinnamon en todo tipo de alimentos, desde avena hasta t\u00e9, sopas y mucho m\u00e1s. Combina muy bien con otras especias como la nuez moscada, la c\u00farcuma y el tomillo.","og_url":"https:\/\/www.newmansown.com\/es\/product\/cinnamon-ground-organic\/","og_site_name":"Newman&#039;s Own","og_image":[{"width":1036,"height":1100,"url":"https:\/\/www.newmansown.com\/wp-content\/uploads\/2022\/10\/NO_OrgSpi_CinnamonGround_Main.png","type":"image\/png"}],"twitter_card":"summary_large_image","schema":{"@context":"https:\/\/schema.org","@graph":[{"@type":["WebPage","ItemPage"],"@id":"https:\/\/www.newmansown.com\/es\/product\/cinnamon-ground-organic\/","url":"https:\/\/www.newmansown.com\/es\/product\/cinnamon-ground-organic\/","name":"Organic Ground Cinnamon | Newman&#039;s Own","isPartOf":{"@id":"https:\/\/www.newmansown.com\/es\/#website"},"primaryImageOfPage":{"@id":"https:\/\/www.newmansown.com\/es\/product\/cinnamon-ground-organic\/#primaryimage"},"image":{"@id":"https:\/\/www.newmansown.com\/es\/product\/cinnamon-ground-organic\/#primaryimage"},"thumbnailUrl":"https:\/\/www.newmansown.com\/wp-content\/uploads\/2022\/10\/NO_OrgSpi_CinnamonGround_Main.png","datePublished":"2022-04-22T03:06:46+00:00","description":"Toda la dulzura y calidez de nuestra canela molida original, pero con certificaci\u00f3n ecol\u00f3gica USDA. Pruebe la Newman's Own Organic Ground Cinnamon en todo tipo de alimentos, desde avena hasta t\u00e9, sopas y mucho m\u00e1s. Combina muy bien con otras especias como la nuez moscada, la c\u00farcuma y el tomillo.","breadcrumb":{"@id":"https:\/\/www.newmansown.com\/es\/product\/cinnamon-ground-organic\/#breadcrumb"},"inLanguage":"es-ES","potentialAction":[{"@type":"ReadAction","target":["https:\/\/www.newmansown.com\/es\/product\/cinnamon-ground-organic\/"]}]},{"@type":"ImageObject","inLanguage":"es-ES","@id":"https:\/\/www.newmansown.com\/es\/product\/cinnamon-ground-organic\/#primaryimage","url":"https:\/\/www.newmansown.com\/wp-content\/uploads\/2022\/10\/NO_OrgSpi_CinnamonGround_Main.png","contentUrl":"https:\/\/www.newmansown.com\/wp-content\/uploads\/2022\/10\/NO_OrgSpi_CinnamonGround_Main.png","width":1036,"height":1100,"caption":"Cinnamon Ground, Organic"},{"@type":"BreadcrumbList","@id":"https:\/\/www.newmansown.com\/es\/product\/cinnamon-ground-organic\/#breadcrumb","itemListElement":[{"@type":"ListItem","position":1,"name":"Home","item":"https:\/\/newmansown.com\/es\/"},{"@type":"ListItem","position":2,"name":"Productos","item":"https:\/\/www.newmansown.com\/es\/productos\/"},{"@type":"ListItem","position":3,"name":"Organic Ground Cinnamon"}]},{"@type":"WebSite","@id":"https:\/\/www.newmansown.com\/es\/#website","url":"https:\/\/www.newmansown.com\/es\/","name":"Newman&#039;s Own","description":"Let&#039;s Give It All Away","publisher":{"@id":"https:\/\/www.newmansown.com\/es\/#organization"},"potentialAction":[{"@type":"SearchAction","target":{"@type":"EntryPoint","urlTemplate":"https:\/\/www.newmansown.com\/es\/?s={search_term_string}"},"query-input":{"@type":"PropertyValueSpecification","valueRequired":true,"valueName":"search_term_string"}}],"inLanguage":"es-ES"},{"@type":"Organization","@id":"https:\/\/www.newmansown.com\/es\/#organization","name":"Newman&#039;s Own","url":"https:\/\/www.newmansown.com\/es\/","logo":{"@type":"ImageObject","inLanguage":"es-ES","@id":"https:\/\/www.newmansown.com\/es\/#\/schema\/logo\/image\/","url":"https:\/\/www.newmansown.com\/wp-content\/uploads\/2024\/02\/newmans-own-green-reg.png","contentUrl":"https:\/\/www.newmansown.com\/wp-content\/uploads\/2024\/02\/newmans-own-green-reg.png","width":737,"height":537,"caption":"Newman&#039;s Own"},"image":{"@id":"https:\/\/www.newmansown.com\/es\/#\/schema\/logo\/image\/"}}]}},"_links":{"self":[{"href":"https:\/\/www.newmansown.com\/es\/wp-json\/wp\/v2\/product\/5908","targetHints":{"allow":["GET"]}}],"collection":[{"href":"https:\/\/www.newmansown.com\/es\/wp-json\/wp\/v2\/product"}],"about":[{"href":"https:\/\/www.newmansown.com\/es\/wp-json\/wp\/v2\/types\/product"}],"wp:featuredmedia":[{"embeddable":true,"href":"https:\/\/www.newmansown.com\/es\/wp-json\/wp\/v2\/media\/8623"}],"wp:attachment":[{"href":"https:\/\/www.newmansown.com\/es\/wp-json\/wp\/v2\/media?parent=5908"}],"wp:term":[{"taxonomy":"product_brand","embeddable":true,"href":"https:\/\/www.newmansown.com\/es\/wp-json\/wp\/v2\/product_brand?post=5908"},{"taxonomy":"product_cat","embeddable":true,"href":"https:\/\/www.newmansown.com\/es\/wp-json\/wp\/v2\/product_cat?post=5908"},{"taxonomy":"product_tag","embeddable":true,"href":"https:\/\/www.newmansown.com\/es\/wp-json\/wp\/v2\/product_tag?post=5908"}],"curies":[{"name":"wp","href":"https:\/\/api.w.org\/{rel}","templated":true}]}}