{"id":5904,"date":"2022-10-27T22:21:42","date_gmt":"2022-10-28T02:21:42","guid":{"rendered":"https:\/\/newmansown.com\/product\/carne-asada-seasoning\/"},"modified":"2022-10-27T22:21:42","modified_gmt":"2022-10-28T02:21:42","slug":"carne-asada-seasoning","status":"publish","type":"product","link":"https:\/\/www.newmansown.com\/es\/product\/carne-asada-seasoning\/","title":{"rendered":"Carne Asada Seasoning"},"content":{"rendered":"<div class=\"ewa-rteLine\">Ligeramente picante y con un sabor \u00fanico, el Newman&#8217;s Own\u2122 Carne Asada Seasoning lleva el aut\u00e9ntico sabor del suroeste a tu cocina.<\/div>\n<div class=\"ewa-rteLine\"><\/div>\n<div class=\"ewa-rteLine\">Crear un adobo, o para hacer un ali\u00f1o, espolvorear 2 cucharaditas de condimento sobre 1 libra de carne antes de asar o fre\u00edr.<\/div>\n<div class=\"ewa-rteLine\"><\/div>\n<div class=\"ewa-rteLine\">Ideal para filetes, pollo o verduras para tacos, quesadillas, burritos y otros platos de inspiraci\u00f3n mexicana. Tambi\u00e9n puede agitarlo despu\u00e9s de la cocci\u00f3n para darle m\u00e1s sabor.<\/div>\n<div><\/div>\n<div>\n<div class=\"ewa-rteLine\">&#8211; Sin GMS<\/div>\n<div class=\"ewa-rteLine\">&#8211; Sin gluten<\/div>\n<div class=\"ewa-rteLine\">&#8211; Sin colores sint\u00e9ticos<\/div>\n<div class=\"ewa-rteLine\">&#8211; Vegetariano<\/div>\n<div class=\"ewa-rteLine\">&#8211; Certificado Kosher<\/div>\n<div class=\"ewa-rteLine\">&#8211; El 100% de los beneficios de Newman&#8217;s Own se destina a fines ben\u00e9ficos<\/div><\/div>\n","protected":false},"excerpt":{"rendered":"<div class=\"ewa-rteLine\">Ligeramente picante y con un sabor \u00fanico, el Newman&#8217;s Own\u2122 Carne Asada Seasoning lleva el aut\u00e9ntico sabor del suroeste a tu cocina.<\/div>\n<div class=\"ewa-rteLine\"><\/div>\n<div class=\"ewa-rteLine\">Crear un adobo, o para hacer un ali\u00f1o, espolvorear 2 cucharaditas de condimento sobre 1 libra de carne antes de asar o fre\u00edr.<\/div>\n<div class=\"ewa-rteLine\"><\/div>\n<div class=\"ewa-rteLine\">Ideal para filetes, pollo o verduras para tacos, quesadillas, burritos y otros platos de inspiraci\u00f3n mexicana. Tambi\u00e9n puede agitarlo despu\u00e9s de la cocci\u00f3n para darle m\u00e1s sabor.<\/div>\n<div><\/div>\n<div>\n<div class=\"ewa-rteLine\">&#8211; Sin GMS<\/div>\n<div class=\"ewa-rteLine\">&#8211; Sin gluten<\/div>\n<div class=\"ewa-rteLine\">&#8211; Sin colores sint\u00e9ticos<\/div>\n<div class=\"ewa-rteLine\">&#8211; Vegetariano<\/div>\n<div class=\"ewa-rteLine\">&#8211; Certificado Kosher<\/div>\n<div class=\"ewa-rteLine\">&#8211; El 100% de los beneficios de Newman&#8217;s Own se destina a fines ben\u00e9ficos<\/div>\n<\/p><\/div>\n","protected":false},"featured_media":8691,"template":"","meta":{"_acf_changed":false,"inline_featured_image":false},"product_brand":[],"product_cat":[29],"product_tag":[379],"class_list":{"0":"post-5904","1":"product","2":"type-product","3":"status-publish","4":"has-post-thumbnail","6":"product_cat-food","7":"product_tag-sin-gluten","9":"first","10":"instock","11":"shipping-taxable","12":"product-type-simple"},"acf":[],"yoast_head":"<!-- This site is optimized with the Yoast SEO plugin v27.3 - https:\/\/yoast.com\/product\/yoast-seo-wordpress\/ -->\n<title>Carne Asada Seasoning | Newman&#039;s Own<\/title>\n<meta name=\"description\" content=\"Ligeramente picante y con un sabor \u00fanico, el Newman&#039;s Own\u2122 Carne Asada Seasoning lleva el aut\u00e9ntico sabor del suroeste a tu cocina.                       Crear un adobo, o para hacer un ali\u00f1o, espolvorear 2 cucharaditas de condimento sobre 1 libra de carne antes de asar o fre\u00edr.                       Ideal para filetes, pollo o verduras para tacos, quesadillas, burritos y otros platos de inspiraci\u00f3n mexicana. Tambi\u00e9n puede agitarlo despu\u00e9s de la cocci\u00f3n para darle m\u00e1s sabor.                                     - Sin GMS              - Sin gluten              - Sin colores sint\u00e9ticos              - Vegetariano              - Certificado Kosher              - El 100% de los beneficios de Newman&#039;s Own se destina a fines ben\u00e9ficos\" \/>\n<meta name=\"robots\" content=\"index, follow, max-snippet:-1, max-image-preview:large, max-video-preview:-1\" \/>\n<link rel=\"canonical\" href=\"https:\/\/www.newmansown.com\/es\/product\/carne-asada-seasoning\/\" \/>\n<meta property=\"og:locale\" content=\"es_ES\" \/>\n<meta property=\"og:type\" content=\"article\" \/>\n<meta property=\"og:title\" content=\"Carne Asada Seasoning | Newman&#039;s Own\" \/>\n<meta property=\"og:description\" content=\"Ligeramente picante y con un sabor \u00fanico, el Newman&#039;s Own\u2122 Carne Asada Seasoning lleva el aut\u00e9ntico sabor del suroeste a tu cocina.                       Crear un adobo, o para hacer un ali\u00f1o, espolvorear 2 cucharaditas de condimento sobre 1 libra de carne antes de asar o fre\u00edr.                       Ideal para filetes, pollo o verduras para tacos, quesadillas, burritos y otros platos de inspiraci\u00f3n mexicana. Tambi\u00e9n puede agitarlo despu\u00e9s de la cocci\u00f3n para darle m\u00e1s sabor.                                     - Sin GMS              - Sin gluten              - Sin colores sint\u00e9ticos              - Vegetariano              - Certificado Kosher              - El 100% de los beneficios de Newman&#039;s Own se destina a fines ben\u00e9ficos\" \/>\n<meta property=\"og:url\" content=\"https:\/\/www.newmansown.com\/es\/product\/carne-asada-seasoning\/\" \/>\n<meta property=\"og:site_name\" content=\"Newman&#039;s Own\" \/>\n<meta property=\"og:image\" content=\"https:\/\/www.newmansown.com\/wp-content\/uploads\/2024\/02\/newmans-own-Carne-Asada-Seasoning.png\" \/>\n\t<meta property=\"og:image:width\" content=\"1036\" \/>\n\t<meta property=\"og:image:height\" content=\"1100\" \/>\n\t<meta property=\"og:image:type\" content=\"image\/png\" \/>\n<meta name=\"twitter:card\" content=\"summary_large_image\" \/>\n<meta name=\"twitter:label1\" content=\"Est. reading time\" \/>\n\t<meta name=\"twitter:data1\" content=\"1 minute\" \/>\n<!-- \/ Yoast SEO plugin. -->","yoast_head_json":{"title":"Carne Asada Seasoning | Newman&#039;s Own","description":"Ligeramente picante y con un sabor \u00fanico, el Newman's Own\u2122 Carne Asada Seasoning lleva el aut\u00e9ntico sabor del suroeste a tu cocina.                       Crear un adobo, o para hacer un ali\u00f1o, espolvorear 2 cucharaditas de condimento sobre 1 libra de carne antes de asar o fre\u00edr.                       Ideal para filetes, pollo o verduras para tacos, quesadillas, burritos y otros platos de inspiraci\u00f3n mexicana. Tambi\u00e9n puede agitarlo despu\u00e9s de la cocci\u00f3n para darle m\u00e1s sabor.                                     - Sin GMS              - Sin gluten              - Sin colores sint\u00e9ticos              - Vegetariano              - Certificado Kosher              - El 100% de los beneficios de Newman's Own se destina a fines ben\u00e9ficos","robots":{"index":"index","follow":"follow","max-snippet":"max-snippet:-1","max-image-preview":"max-image-preview:large","max-video-preview":"max-video-preview:-1"},"canonical":"https:\/\/www.newmansown.com\/es\/product\/carne-asada-seasoning\/","og_locale":"es_ES","og_type":"article","og_title":"Carne Asada Seasoning | Newman&#039;s Own","og_description":"Ligeramente picante y con un sabor \u00fanico, el Newman's Own\u2122 Carne Asada Seasoning lleva el aut\u00e9ntico sabor del suroeste a tu cocina.                       Crear un adobo, o para hacer un ali\u00f1o, espolvorear 2 cucharaditas de condimento sobre 1 libra de carne antes de asar o fre\u00edr.                       Ideal para filetes, pollo o verduras para tacos, quesadillas, burritos y otros platos de inspiraci\u00f3n mexicana. Tambi\u00e9n puede agitarlo despu\u00e9s de la cocci\u00f3n para darle m\u00e1s sabor.                                     - Sin GMS              - Sin gluten              - Sin colores sint\u00e9ticos              - Vegetariano              - Certificado Kosher              - El 100% de los beneficios de Newman's Own se destina a fines ben\u00e9ficos","og_url":"https:\/\/www.newmansown.com\/es\/product\/carne-asada-seasoning\/","og_site_name":"Newman&#039;s Own","og_image":[{"width":1036,"height":1100,"url":"https:\/\/www.newmansown.com\/wp-content\/uploads\/2024\/02\/newmans-own-Carne-Asada-Seasoning.png","type":"image\/png"}],"twitter_card":"summary_large_image","twitter_misc":{"Est. reading time":"1 minute"},"schema":{"@context":"https:\/\/schema.org","@graph":[{"@type":["WebPage","ItemPage"],"@id":"https:\/\/www.newmansown.com\/es\/product\/carne-asada-seasoning\/","url":"https:\/\/www.newmansown.com\/es\/product\/carne-asada-seasoning\/","name":"Carne Asada Seasoning | Newman&#039;s Own","isPartOf":{"@id":"https:\/\/www.newmansown.com\/es\/#website"},"primaryImageOfPage":{"@id":"https:\/\/www.newmansown.com\/es\/product\/carne-asada-seasoning\/#primaryimage"},"image":{"@id":"https:\/\/www.newmansown.com\/es\/product\/carne-asada-seasoning\/#primaryimage"},"thumbnailUrl":"https:\/\/www.newmansown.com\/wp-content\/uploads\/2024\/02\/newmans-own-Carne-Asada-Seasoning.png","datePublished":"2022-10-28T02:21:42+00:00","description":"Ligeramente picante y con un sabor \u00fanico, el Newman's Own\u2122 Carne Asada Seasoning lleva el aut\u00e9ntico sabor del suroeste a tu cocina. Crear un adobo, o para hacer un ali\u00f1o, espolvorear 2 cucharaditas de condimento sobre 1 libra de carne antes de asar o fre\u00edr. Ideal para filetes, pollo o verduras para tacos, quesadillas, burritos y otros platos de inspiraci\u00f3n mexicana. Tambi\u00e9n puede agitarlo despu\u00e9s de la cocci\u00f3n para darle m\u00e1s sabor. - Sin GMS - Sin gluten - Sin colores sint\u00e9ticos - Vegetariano - Certificado Kosher - El 100% de los beneficios de Newman's Own se destina a fines ben\u00e9ficos","breadcrumb":{"@id":"https:\/\/www.newmansown.com\/es\/product\/carne-asada-seasoning\/#breadcrumb"},"inLanguage":"es-ES","potentialAction":[{"@type":"ReadAction","target":["https:\/\/www.newmansown.com\/es\/product\/carne-asada-seasoning\/"]}]},{"@type":"ImageObject","inLanguage":"es-ES","@id":"https:\/\/www.newmansown.com\/es\/product\/carne-asada-seasoning\/#primaryimage","url":"https:\/\/www.newmansown.com\/wp-content\/uploads\/2024\/02\/newmans-own-Carne-Asada-Seasoning.png","contentUrl":"https:\/\/www.newmansown.com\/wp-content\/uploads\/2024\/02\/newmans-own-Carne-Asada-Seasoning.png","width":1036,"height":1100,"caption":"Carne Asada Seasoning"},{"@type":"BreadcrumbList","@id":"https:\/\/www.newmansown.com\/es\/product\/carne-asada-seasoning\/#breadcrumb","itemListElement":[{"@type":"ListItem","position":1,"name":"Home","item":"https:\/\/newmansown.com\/es\/"},{"@type":"ListItem","position":2,"name":"Productos","item":"https:\/\/www.newmansown.com\/es\/productos\/"},{"@type":"ListItem","position":3,"name":"Carne Asada Seasoning"}]},{"@type":"WebSite","@id":"https:\/\/www.newmansown.com\/es\/#website","url":"https:\/\/www.newmansown.com\/es\/","name":"Newman&#039;s Own","description":"Let&#039;s Give It All Away","publisher":{"@id":"https:\/\/www.newmansown.com\/es\/#organization"},"potentialAction":[{"@type":"SearchAction","target":{"@type":"EntryPoint","urlTemplate":"https:\/\/www.newmansown.com\/es\/?s={search_term_string}"},"query-input":{"@type":"PropertyValueSpecification","valueRequired":true,"valueName":"search_term_string"}}],"inLanguage":"es-ES"},{"@type":"Organization","@id":"https:\/\/www.newmansown.com\/es\/#organization","name":"Newman&#039;s Own","url":"https:\/\/www.newmansown.com\/es\/","logo":{"@type":"ImageObject","inLanguage":"es-ES","@id":"https:\/\/www.newmansown.com\/es\/#\/schema\/logo\/image\/","url":"https:\/\/www.newmansown.com\/wp-content\/uploads\/2024\/02\/newmans-own-green-reg.png","contentUrl":"https:\/\/www.newmansown.com\/wp-content\/uploads\/2024\/02\/newmans-own-green-reg.png","width":737,"height":537,"caption":"Newman&#039;s Own"},"image":{"@id":"https:\/\/www.newmansown.com\/es\/#\/schema\/logo\/image\/"}}]}},"_links":{"self":[{"href":"https:\/\/www.newmansown.com\/es\/wp-json\/wp\/v2\/product\/5904","targetHints":{"allow":["GET"]}}],"collection":[{"href":"https:\/\/www.newmansown.com\/es\/wp-json\/wp\/v2\/product"}],"about":[{"href":"https:\/\/www.newmansown.com\/es\/wp-json\/wp\/v2\/types\/product"}],"wp:featuredmedia":[{"embeddable":true,"href":"https:\/\/www.newmansown.com\/es\/wp-json\/wp\/v2\/media\/8691"}],"wp:attachment":[{"href":"https:\/\/www.newmansown.com\/es\/wp-json\/wp\/v2\/media?parent=5904"}],"wp:term":[{"taxonomy":"product_brand","embeddable":true,"href":"https:\/\/www.newmansown.com\/es\/wp-json\/wp\/v2\/product_brand?post=5904"},{"taxonomy":"product_cat","embeddable":true,"href":"https:\/\/www.newmansown.com\/es\/wp-json\/wp\/v2\/product_cat?post=5904"},{"taxonomy":"product_tag","embeddable":true,"href":"https:\/\/www.newmansown.com\/es\/wp-json\/wp\/v2\/product_tag?post=5904"}],"curies":[{"name":"wp","href":"https:\/\/api.w.org\/{rel}","templated":true}]}}