{"id":5899,"date":"2022-10-27T22:28:00","date_gmt":"2022-10-28T02:28:00","guid":{"rendered":"https:\/\/newmansown.com\/product\/condimento-de-pimienta-y-limon\/"},"modified":"2022-10-27T22:28:00","modified_gmt":"2022-10-28T02:28:00","slug":"lemon-pepper-seasoning","status":"publish","type":"product","link":"https:\/\/www.newmansown.com\/es\/product\/lemon-pepper-seasoning\/","title":{"rendered":"Condimento de pimienta y lim\u00f3n"},"content":{"rendered":"<div class=\"ewa-rteLine\">Un condimento cl\u00e1sico con un ligero toque. Agitar sobre pollo, cerdo o verduras antes de asar.<\/div>\n<div class=\"ewa-rteLine\"><\/div>\n<div class=\"ewa-rteLine\">Newman&#8217;s Own\u2122 Lemon Pepper Seasoning es sabroso, c\u00e1lido y picante, fuerte y sabroso, con una nota de c\u00edtricos.<\/div>\n<div class=\"ewa-rteLine\"><\/div>\n<div class=\"ewa-rteLine\">Es una mezcla equilibrada y \u00e1cida de pimienta negra molida gruesa, sal, cebolla, ajo y piel de lim\u00f3n fresca rallada, perfecta para filetes, hamburguesas, asados, pescado, gambas y marisco, pollo y alitas de pollo, en ensaladas, en guisos, estofados, sopas, ali\u00f1os y mucho m\u00e1s.<\/div>\n<div><\/div>\n<div>\n<div class=\"ewa-rteLine\">&#8211; Sin GMS<\/div>\n<div class=\"ewa-rteLine\">&#8211; Sin gluten<\/div>\n<div class=\"ewa-rteLine\">&#8211; Sin colores sint\u00e9ticos<\/div>\n<div class=\"ewa-rteLine\">&#8211; Vegetariano<\/div>\n<div class=\"ewa-rteLine\">&#8211; Certificado Kosher<\/div>\n<div class=\"ewa-rteLine\">&#8211; El 100% de los beneficios de Newman&#8217;s Own se destina a fines ben\u00e9ficos<\/div><\/div>\n","protected":false},"excerpt":{"rendered":"<div class=\"ewa-rteLine\">Un condimento cl\u00e1sico con un ligero toque. Agitar sobre pollo, cerdo o verduras antes de asar.<\/div>\n<div class=\"ewa-rteLine\"><\/div>\n<div class=\"ewa-rteLine\">Newman&#8217;s Own\u2122 Lemon Pepper Seasoning es sabroso, c\u00e1lido y picante, fuerte y sabroso, con una nota de c\u00edtricos.<\/div>\n<div class=\"ewa-rteLine\"><\/div>\n<div class=\"ewa-rteLine\">Es una mezcla equilibrada y \u00e1cida de pimienta negra molida gruesa, sal, cebolla, ajo y piel de lim\u00f3n fresca rallada, perfecta para filetes, hamburguesas, asados, pescado, gambas y marisco, pollo y alitas de pollo, en ensaladas, en guisos, estofados, sopas, ali\u00f1os y mucho m\u00e1s.<\/div>\n<div><\/div>\n<div>\n<div class=\"ewa-rteLine\">&#8211; Sin GMS<\/div>\n<div class=\"ewa-rteLine\">&#8211; Sin gluten<\/div>\n<div class=\"ewa-rteLine\">&#8211; Sin colores sint\u00e9ticos<\/div>\n<div class=\"ewa-rteLine\">&#8211; Vegetariano<\/div>\n<div class=\"ewa-rteLine\">&#8211; Certificado Kosher<\/div>\n<div class=\"ewa-rteLine\">&#8211; El 100% de los beneficios de Newman&#8217;s Own se destina a fines ben\u00e9ficos<\/div>\n<\/p><\/div>\n","protected":false},"featured_media":8701,"template":"","meta":{"_acf_changed":false,"inline_featured_image":false},"product_brand":[],"product_cat":[29],"product_tag":[379],"class_list":{"0":"post-5899","1":"product","2":"type-product","3":"status-publish","4":"has-post-thumbnail","6":"product_cat-food","7":"product_tag-sin-gluten","9":"first","10":"instock","11":"shipping-taxable","12":"product-type-simple"},"acf":[],"yoast_head":"<!-- This site is optimized with the Yoast SEO plugin v27.3 - https:\/\/yoast.com\/product\/yoast-seo-wordpress\/ -->\n<title>Condimento de pimienta y lim\u00f3n | Newman&#039;s Own<\/title>\n<meta name=\"description\" content=\"Un condimento cl\u00e1sico con un ligero toque. Agitar sobre pollo, cerdo o verduras antes de asar.                       Newman&#039;s Own\u2122 Lemon Pepper Seasoning es sabroso, c\u00e1lido y picante, fuerte y sabroso, con una nota de c\u00edtricos.                       Es una mezcla equilibrada y \u00e1cida de pimienta negra molida gruesa, sal, cebolla, ajo y piel de lim\u00f3n fresca rallada, perfecta para filetes, hamburguesas, asados, pescado, gambas y marisco, pollo y alitas de pollo, en ensaladas, en guisos, estofados, sopas, ali\u00f1os y mucho m\u00e1s.                                     - Sin GMS              - Sin gluten              - Sin colores sint\u00e9ticos              - Vegetariano              - Certificado Kosher              - El 100% de los beneficios de Newman&#039;s Own se destina a fines ben\u00e9ficos\" \/>\n<meta name=\"robots\" content=\"index, follow, max-snippet:-1, max-image-preview:large, max-video-preview:-1\" \/>\n<link rel=\"canonical\" href=\"https:\/\/www.newmansown.com\/es\/product\/lemon-pepper-seasoning\/\" \/>\n<meta property=\"og:locale\" content=\"es_ES\" \/>\n<meta property=\"og:type\" content=\"article\" \/>\n<meta property=\"og:title\" content=\"Condimento de pimienta y lim\u00f3n | Newman&#039;s Own\" \/>\n<meta property=\"og:description\" content=\"Un condimento cl\u00e1sico con un ligero toque. Agitar sobre pollo, cerdo o verduras antes de asar.                       Newman&#039;s Own\u2122 Lemon Pepper Seasoning es sabroso, c\u00e1lido y picante, fuerte y sabroso, con una nota de c\u00edtricos.                       Es una mezcla equilibrada y \u00e1cida de pimienta negra molida gruesa, sal, cebolla, ajo y piel de lim\u00f3n fresca rallada, perfecta para filetes, hamburguesas, asados, pescado, gambas y marisco, pollo y alitas de pollo, en ensaladas, en guisos, estofados, sopas, ali\u00f1os y mucho m\u00e1s.                                     - Sin GMS              - Sin gluten              - Sin colores sint\u00e9ticos              - Vegetariano              - Certificado Kosher              - El 100% de los beneficios de Newman&#039;s Own se destina a fines ben\u00e9ficos\" \/>\n<meta property=\"og:url\" content=\"https:\/\/www.newmansown.com\/es\/product\/lemon-pepper-seasoning\/\" \/>\n<meta property=\"og:site_name\" content=\"Newman&#039;s Own\" \/>\n<meta property=\"og:image\" content=\"https:\/\/www.newmansown.com\/wp-content\/uploads\/2024\/02\/newmans-own-lemonPepperSeasoning.png\" \/>\n\t<meta property=\"og:image:width\" content=\"1036\" \/>\n\t<meta property=\"og:image:height\" content=\"1100\" \/>\n\t<meta property=\"og:image:type\" content=\"image\/png\" \/>\n<meta name=\"twitter:card\" content=\"summary_large_image\" \/>\n<meta name=\"twitter:label1\" content=\"Est. reading time\" \/>\n\t<meta name=\"twitter:data1\" content=\"1 minute\" \/>\n<!-- \/ Yoast SEO plugin. -->","yoast_head_json":{"title":"Condimento de pimienta y lim\u00f3n | Newman&#039;s Own","description":"Un condimento cl\u00e1sico con un ligero toque. Agitar sobre pollo, cerdo o verduras antes de asar.                       Newman's Own\u2122 Lemon Pepper Seasoning es sabroso, c\u00e1lido y picante, fuerte y sabroso, con una nota de c\u00edtricos.                       Es una mezcla equilibrada y \u00e1cida de pimienta negra molida gruesa, sal, cebolla, ajo y piel de lim\u00f3n fresca rallada, perfecta para filetes, hamburguesas, asados, pescado, gambas y marisco, pollo y alitas de pollo, en ensaladas, en guisos, estofados, sopas, ali\u00f1os y mucho m\u00e1s.                                     - Sin GMS              - Sin gluten              - Sin colores sint\u00e9ticos              - Vegetariano              - Certificado Kosher              - El 100% de los beneficios de Newman's Own se destina a fines ben\u00e9ficos","robots":{"index":"index","follow":"follow","max-snippet":"max-snippet:-1","max-image-preview":"max-image-preview:large","max-video-preview":"max-video-preview:-1"},"canonical":"https:\/\/www.newmansown.com\/es\/product\/lemon-pepper-seasoning\/","og_locale":"es_ES","og_type":"article","og_title":"Condimento de pimienta y lim\u00f3n | Newman&#039;s Own","og_description":"Un condimento cl\u00e1sico con un ligero toque. Agitar sobre pollo, cerdo o verduras antes de asar.                       Newman's Own\u2122 Lemon Pepper Seasoning es sabroso, c\u00e1lido y picante, fuerte y sabroso, con una nota de c\u00edtricos.                       Es una mezcla equilibrada y \u00e1cida de pimienta negra molida gruesa, sal, cebolla, ajo y piel de lim\u00f3n fresca rallada, perfecta para filetes, hamburguesas, asados, pescado, gambas y marisco, pollo y alitas de pollo, en ensaladas, en guisos, estofados, sopas, ali\u00f1os y mucho m\u00e1s.                                     - Sin GMS              - Sin gluten              - Sin colores sint\u00e9ticos              - Vegetariano              - Certificado Kosher              - El 100% de los beneficios de Newman's Own se destina a fines ben\u00e9ficos","og_url":"https:\/\/www.newmansown.com\/es\/product\/lemon-pepper-seasoning\/","og_site_name":"Newman&#039;s Own","og_image":[{"width":1036,"height":1100,"url":"https:\/\/www.newmansown.com\/wp-content\/uploads\/2024\/02\/newmans-own-lemonPepperSeasoning.png","type":"image\/png"}],"twitter_card":"summary_large_image","twitter_misc":{"Est. reading time":"1 minute"},"schema":{"@context":"https:\/\/schema.org","@graph":[{"@type":["WebPage","ItemPage"],"@id":"https:\/\/www.newmansown.com\/es\/product\/lemon-pepper-seasoning\/","url":"https:\/\/www.newmansown.com\/es\/product\/lemon-pepper-seasoning\/","name":"Condimento de pimienta y lim\u00f3n | Newman&#039;s Own","isPartOf":{"@id":"https:\/\/www.newmansown.com\/es\/#website"},"primaryImageOfPage":{"@id":"https:\/\/www.newmansown.com\/es\/product\/lemon-pepper-seasoning\/#primaryimage"},"image":{"@id":"https:\/\/www.newmansown.com\/es\/product\/lemon-pepper-seasoning\/#primaryimage"},"thumbnailUrl":"https:\/\/www.newmansown.com\/wp-content\/uploads\/2024\/02\/newmans-own-lemonPepperSeasoning.png","datePublished":"2022-10-28T02:28:00+00:00","description":"Un condimento cl\u00e1sico con un ligero toque. Agitar sobre pollo, cerdo o verduras antes de asar. Newman's Own\u2122 Lemon Pepper Seasoning es sabroso, c\u00e1lido y picante, fuerte y sabroso, con una nota de c\u00edtricos. Es una mezcla equilibrada y \u00e1cida de pimienta negra molida gruesa, sal, cebolla, ajo y piel de lim\u00f3n fresca rallada, perfecta para filetes, hamburguesas, asados, pescado, gambas y marisco, pollo y alitas de pollo, en ensaladas, en guisos, estofados, sopas, ali\u00f1os y mucho m\u00e1s. - Sin GMS - Sin gluten - Sin colores sint\u00e9ticos - Vegetariano - Certificado Kosher - El 100% de los beneficios de Newman's Own se destina a fines ben\u00e9ficos","breadcrumb":{"@id":"https:\/\/www.newmansown.com\/es\/product\/lemon-pepper-seasoning\/#breadcrumb"},"inLanguage":"es-ES","potentialAction":[{"@type":"ReadAction","target":["https:\/\/www.newmansown.com\/es\/product\/lemon-pepper-seasoning\/"]}]},{"@type":"ImageObject","inLanguage":"es-ES","@id":"https:\/\/www.newmansown.com\/es\/product\/lemon-pepper-seasoning\/#primaryimage","url":"https:\/\/www.newmansown.com\/wp-content\/uploads\/2024\/02\/newmans-own-lemonPepperSeasoning.png","contentUrl":"https:\/\/www.newmansown.com\/wp-content\/uploads\/2024\/02\/newmans-own-lemonPepperSeasoning.png","width":1036,"height":1100,"caption":"Lemon Pepper Seasoning"},{"@type":"BreadcrumbList","@id":"https:\/\/www.newmansown.com\/es\/product\/lemon-pepper-seasoning\/#breadcrumb","itemListElement":[{"@type":"ListItem","position":1,"name":"Home","item":"https:\/\/newmansown.com\/es\/"},{"@type":"ListItem","position":2,"name":"Productos","item":"https:\/\/www.newmansown.com\/es\/productos\/"},{"@type":"ListItem","position":3,"name":"Condimento de pimienta y lim\u00f3n"}]},{"@type":"WebSite","@id":"https:\/\/www.newmansown.com\/es\/#website","url":"https:\/\/www.newmansown.com\/es\/","name":"Newman&#039;s Own","description":"Let&#039;s Give It All Away","publisher":{"@id":"https:\/\/www.newmansown.com\/es\/#organization"},"potentialAction":[{"@type":"SearchAction","target":{"@type":"EntryPoint","urlTemplate":"https:\/\/www.newmansown.com\/es\/?s={search_term_string}"},"query-input":{"@type":"PropertyValueSpecification","valueRequired":true,"valueName":"search_term_string"}}],"inLanguage":"es-ES"},{"@type":"Organization","@id":"https:\/\/www.newmansown.com\/es\/#organization","name":"Newman&#039;s Own","url":"https:\/\/www.newmansown.com\/es\/","logo":{"@type":"ImageObject","inLanguage":"es-ES","@id":"https:\/\/www.newmansown.com\/es\/#\/schema\/logo\/image\/","url":"https:\/\/www.newmansown.com\/wp-content\/uploads\/2024\/02\/newmans-own-green-reg.png","contentUrl":"https:\/\/www.newmansown.com\/wp-content\/uploads\/2024\/02\/newmans-own-green-reg.png","width":737,"height":537,"caption":"Newman&#039;s Own"},"image":{"@id":"https:\/\/www.newmansown.com\/es\/#\/schema\/logo\/image\/"}}]}},"_links":{"self":[{"href":"https:\/\/www.newmansown.com\/es\/wp-json\/wp\/v2\/product\/5899","targetHints":{"allow":["GET"]}}],"collection":[{"href":"https:\/\/www.newmansown.com\/es\/wp-json\/wp\/v2\/product"}],"about":[{"href":"https:\/\/www.newmansown.com\/es\/wp-json\/wp\/v2\/types\/product"}],"wp:featuredmedia":[{"embeddable":true,"href":"https:\/\/www.newmansown.com\/es\/wp-json\/wp\/v2\/media\/8701"}],"wp:attachment":[{"href":"https:\/\/www.newmansown.com\/es\/wp-json\/wp\/v2\/media?parent=5899"}],"wp:term":[{"taxonomy":"product_brand","embeddable":true,"href":"https:\/\/www.newmansown.com\/es\/wp-json\/wp\/v2\/product_brand?post=5899"},{"taxonomy":"product_cat","embeddable":true,"href":"https:\/\/www.newmansown.com\/es\/wp-json\/wp\/v2\/product_cat?post=5899"},{"taxonomy":"product_tag","embeddable":true,"href":"https:\/\/www.newmansown.com\/es\/wp-json\/wp\/v2\/product_tag?post=5899"}],"curies":[{"name":"wp","href":"https:\/\/api.w.org\/{rel}","templated":true}]}}