{"id":5895,"date":"2022-10-27T22:31:22","date_gmt":"2022-10-28T02:31:22","guid":{"rendered":"https:\/\/newmansown.com\/product\/mild-taco-seasoning\/"},"modified":"2022-10-27T22:31:22","modified_gmt":"2022-10-28T02:31:22","slug":"mild-taco-seasoning","status":"publish","type":"product","link":"https:\/\/www.newmansown.com\/es\/product\/mild-taco-seasoning\/","title":{"rendered":"Mild Taco Seasoning"},"content":{"rendered":"<p>Haga que la noche de los tacos sea f\u00e1cil a\u00f1adiendo este suave condimento a la carne picada de ternera, pavo y pollo; combina sal marina, piment\u00f3n, cebolla en polvo, ajo, or\u00e9gano, comino y mucho m\u00e1s para conseguir el sabor cl\u00e1sico de los tacos sin demasiado picante.<\/p>\n<p>Use 2 cucharaditas de Newman&#8217;s Own Mild Taco Seasoning por libra de carne dorada y cocine a fuego lento durante 5-8 minutos, o hasta que la carne est\u00e9 bien cocida; A\u00f1ada hasta 1\/4 de taza de agua si la mezcla se seca.<\/p>\n<p>Kosher; Sin gluten; Vegetariano; Sin colorantes sint\u00e9ticos<\/p>\n","protected":false},"excerpt":{"rendered":"<p>Haga que la noche de los tacos sea f\u00e1cil a\u00f1adiendo este suave condimento a la carne picada de ternera, pavo y pollo; combina sal marina, piment\u00f3n, cebolla en polvo, ajo, or\u00e9gano, comino y mucho m\u00e1s para conseguir el sabor cl\u00e1sico de los tacos sin demasiado picante.<\/p>\n<p>Use 2 cucharaditas de Newman&#8217;s Own Mild Taco Seasoning por libra de carne dorada y cocine a fuego lento durante 5-8 minutos, o hasta que la carne est\u00e9 bien cocida; A\u00f1ada hasta 1\/4 de taza de agua si la mezcla se seca.<\/p>\n<p>Kosher; Sin gluten; Vegetariano; Sin colorantes sint\u00e9ticos<\/p>\n","protected":false},"featured_media":8711,"template":"","meta":{"_acf_changed":false,"inline_featured_image":false},"product_brand":[],"product_cat":[29],"product_tag":[379],"class_list":{"0":"post-5895","1":"product","2":"type-product","3":"status-publish","4":"has-post-thumbnail","6":"product_cat-food","7":"product_tag-sin-gluten","9":"first","10":"instock","11":"shipping-taxable","12":"product-type-simple"},"acf":[],"yoast_head":"<!-- This site is optimized with the Yoast SEO plugin v27.3 - https:\/\/yoast.com\/product\/yoast-seo-wordpress\/ -->\n<title>Mild Taco Seasoning | Newman&#039;s Own<\/title>\n<meta name=\"description\" content=\"Haga que la noche de los tacos sea f\u00e1cil a\u00f1adiendo este suave condimento a la carne picada de ternera, pavo y pollo; combina sal marina, piment\u00f3n, cebolla en polvo, ajo, or\u00e9gano, comino y mucho m\u00e1s para conseguir el sabor cl\u00e1sico de los tacos sin demasiado picante. Use 2 cucharaditas de Newman&#039;s Own Mild Taco Seasoning por libra de carne dorada y cocine a fuego lento durante 5-8 minutos, o hasta que la carne est\u00e9 bien cocida; A\u00f1ada hasta 1\/4 de taza de agua si la mezcla se seca. Kosher; Sin gluten; Vegetariano; Sin colorantes sint\u00e9ticos\" \/>\n<meta name=\"robots\" content=\"index, follow, max-snippet:-1, max-image-preview:large, max-video-preview:-1\" \/>\n<link rel=\"canonical\" href=\"https:\/\/www.newmansown.com\/es\/product\/mild-taco-seasoning\/\" \/>\n<meta property=\"og:locale\" content=\"es_ES\" \/>\n<meta property=\"og:type\" content=\"article\" \/>\n<meta property=\"og:title\" content=\"Mild Taco Seasoning | Newman&#039;s Own\" \/>\n<meta property=\"og:description\" content=\"Haga que la noche de los tacos sea f\u00e1cil a\u00f1adiendo este suave condimento a la carne picada de ternera, pavo y pollo; combina sal marina, piment\u00f3n, cebolla en polvo, ajo, or\u00e9gano, comino y mucho m\u00e1s para conseguir el sabor cl\u00e1sico de los tacos sin demasiado picante. Use 2 cucharaditas de Newman&#039;s Own Mild Taco Seasoning por libra de carne dorada y cocine a fuego lento durante 5-8 minutos, o hasta que la carne est\u00e9 bien cocida; A\u00f1ada hasta 1\/4 de taza de agua si la mezcla se seca. Kosher; Sin gluten; Vegetariano; Sin colorantes sint\u00e9ticos\" \/>\n<meta property=\"og:url\" content=\"https:\/\/www.newmansown.com\/es\/product\/mild-taco-seasoning\/\" \/>\n<meta property=\"og:site_name\" content=\"Newman&#039;s Own\" \/>\n<meta property=\"og:image\" content=\"https:\/\/newmansown.com\/wp-content\/uploads\/2024\/02\/newmans-own-tacoMildSeasoning.png\" \/>\n\t<meta property=\"og:image:width\" content=\"1036\" \/>\n\t<meta property=\"og:image:height\" content=\"1100\" \/>\n\t<meta property=\"og:image:type\" content=\"image\/png\" \/>\n<meta name=\"twitter:card\" content=\"summary_large_image\" \/>\n<meta name=\"twitter:label1\" content=\"Est. reading time\" \/>\n\t<meta name=\"twitter:data1\" content=\"1 minute\" \/>\n<!-- \/ Yoast SEO plugin. -->","yoast_head_json":{"title":"Mild Taco Seasoning | Newman&#039;s Own","description":"Haga que la noche de los tacos sea f\u00e1cil a\u00f1adiendo este suave condimento a la carne picada de ternera, pavo y pollo; combina sal marina, piment\u00f3n, cebolla en polvo, ajo, or\u00e9gano, comino y mucho m\u00e1s para conseguir el sabor cl\u00e1sico de los tacos sin demasiado picante. Use 2 cucharaditas de Newman's Own Mild Taco Seasoning por libra de carne dorada y cocine a fuego lento durante 5-8 minutos, o hasta que la carne est\u00e9 bien cocida; A\u00f1ada hasta 1\/4 de taza de agua si la mezcla se seca. Kosher; Sin gluten; Vegetariano; Sin colorantes sint\u00e9ticos","robots":{"index":"index","follow":"follow","max-snippet":"max-snippet:-1","max-image-preview":"max-image-preview:large","max-video-preview":"max-video-preview:-1"},"canonical":"https:\/\/www.newmansown.com\/es\/product\/mild-taco-seasoning\/","og_locale":"es_ES","og_type":"article","og_title":"Mild Taco Seasoning | Newman&#039;s Own","og_description":"Haga que la noche de los tacos sea f\u00e1cil a\u00f1adiendo este suave condimento a la carne picada de ternera, pavo y pollo; combina sal marina, piment\u00f3n, cebolla en polvo, ajo, or\u00e9gano, comino y mucho m\u00e1s para conseguir el sabor cl\u00e1sico de los tacos sin demasiado picante. Use 2 cucharaditas de Newman's Own Mild Taco Seasoning por libra de carne dorada y cocine a fuego lento durante 5-8 minutos, o hasta que la carne est\u00e9 bien cocida; A\u00f1ada hasta 1\/4 de taza de agua si la mezcla se seca. Kosher; Sin gluten; Vegetariano; Sin colorantes sint\u00e9ticos","og_url":"https:\/\/www.newmansown.com\/es\/product\/mild-taco-seasoning\/","og_site_name":"Newman&#039;s Own","og_image":[{"width":1036,"height":1100,"url":"https:\/\/newmansown.com\/wp-content\/uploads\/2024\/02\/newmans-own-tacoMildSeasoning.png","type":"image\/png"}],"twitter_card":"summary_large_image","twitter_misc":{"Est. reading time":"1 minute"},"schema":{"@context":"https:\/\/schema.org","@graph":[{"@type":["WebPage","ItemPage"],"@id":"https:\/\/www.newmansown.com\/es\/product\/mild-taco-seasoning\/","url":"https:\/\/www.newmansown.com\/es\/product\/mild-taco-seasoning\/","name":"Mild Taco Seasoning | Newman&#039;s Own","isPartOf":{"@id":"https:\/\/www.newmansown.com\/es\/#website"},"primaryImageOfPage":{"@id":"https:\/\/www.newmansown.com\/es\/product\/mild-taco-seasoning\/#primaryimage"},"image":{"@id":"https:\/\/www.newmansown.com\/es\/product\/mild-taco-seasoning\/#primaryimage"},"thumbnailUrl":"https:\/\/www.newmansown.com\/wp-content\/uploads\/2024\/02\/newmans-own-tacoMildSeasoning.png","datePublished":"2022-10-28T02:31:22+00:00","description":"Haga que la noche de los tacos sea f\u00e1cil a\u00f1adiendo este suave condimento a la carne picada de ternera, pavo y pollo; combina sal marina, piment\u00f3n, cebolla en polvo, ajo, or\u00e9gano, comino y mucho m\u00e1s para conseguir el sabor cl\u00e1sico de los tacos sin demasiado picante. Use 2 cucharaditas de Newman's Own Mild Taco Seasoning por libra de carne dorada y cocine a fuego lento durante 5-8 minutos, o hasta que la carne est\u00e9 bien cocida; A\u00f1ada hasta 1\/4 de taza de agua si la mezcla se seca. Kosher; Sin gluten; Vegetariano; Sin colorantes sint\u00e9ticos","breadcrumb":{"@id":"https:\/\/www.newmansown.com\/es\/product\/mild-taco-seasoning\/#breadcrumb"},"inLanguage":"es-ES","potentialAction":[{"@type":"ReadAction","target":["https:\/\/www.newmansown.com\/es\/product\/mild-taco-seasoning\/"]}]},{"@type":"ImageObject","inLanguage":"es-ES","@id":"https:\/\/www.newmansown.com\/es\/product\/mild-taco-seasoning\/#primaryimage","url":"https:\/\/www.newmansown.com\/wp-content\/uploads\/2024\/02\/newmans-own-tacoMildSeasoning.png","contentUrl":"https:\/\/www.newmansown.com\/wp-content\/uploads\/2024\/02\/newmans-own-tacoMildSeasoning.png","width":1036,"height":1100,"caption":"Mild Taco Seasoning"},{"@type":"BreadcrumbList","@id":"https:\/\/www.newmansown.com\/es\/product\/mild-taco-seasoning\/#breadcrumb","itemListElement":[{"@type":"ListItem","position":1,"name":"Home","item":"https:\/\/newmansown.com\/es\/"},{"@type":"ListItem","position":2,"name":"Productos","item":"https:\/\/www.newmansown.com\/es\/productos\/"},{"@type":"ListItem","position":3,"name":"Mild Taco Seasoning"}]},{"@type":"WebSite","@id":"https:\/\/www.newmansown.com\/es\/#website","url":"https:\/\/www.newmansown.com\/es\/","name":"Newman&#039;s Own","description":"Let&#039;s Give It All Away","publisher":{"@id":"https:\/\/www.newmansown.com\/es\/#organization"},"potentialAction":[{"@type":"SearchAction","target":{"@type":"EntryPoint","urlTemplate":"https:\/\/www.newmansown.com\/es\/?s={search_term_string}"},"query-input":{"@type":"PropertyValueSpecification","valueRequired":true,"valueName":"search_term_string"}}],"inLanguage":"es-ES"},{"@type":"Organization","@id":"https:\/\/www.newmansown.com\/es\/#organization","name":"Newman&#039;s Own","url":"https:\/\/www.newmansown.com\/es\/","logo":{"@type":"ImageObject","inLanguage":"es-ES","@id":"https:\/\/www.newmansown.com\/es\/#\/schema\/logo\/image\/","url":"https:\/\/www.newmansown.com\/wp-content\/uploads\/2024\/02\/newmans-own-green-reg.png","contentUrl":"https:\/\/www.newmansown.com\/wp-content\/uploads\/2024\/02\/newmans-own-green-reg.png","width":737,"height":537,"caption":"Newman&#039;s Own"},"image":{"@id":"https:\/\/www.newmansown.com\/es\/#\/schema\/logo\/image\/"}}]}},"_links":{"self":[{"href":"https:\/\/www.newmansown.com\/es\/wp-json\/wp\/v2\/product\/5895","targetHints":{"allow":["GET"]}}],"collection":[{"href":"https:\/\/www.newmansown.com\/es\/wp-json\/wp\/v2\/product"}],"about":[{"href":"https:\/\/www.newmansown.com\/es\/wp-json\/wp\/v2\/types\/product"}],"wp:featuredmedia":[{"embeddable":true,"href":"https:\/\/www.newmansown.com\/es\/wp-json\/wp\/v2\/media\/8711"}],"wp:attachment":[{"href":"https:\/\/www.newmansown.com\/es\/wp-json\/wp\/v2\/media?parent=5895"}],"wp:term":[{"taxonomy":"product_brand","embeddable":true,"href":"https:\/\/www.newmansown.com\/es\/wp-json\/wp\/v2\/product_brand?post=5895"},{"taxonomy":"product_cat","embeddable":true,"href":"https:\/\/www.newmansown.com\/es\/wp-json\/wp\/v2\/product_cat?post=5895"},{"taxonomy":"product_tag","embeddable":true,"href":"https:\/\/www.newmansown.com\/es\/wp-json\/wp\/v2\/product_tag?post=5895"}],"curies":[{"name":"wp","href":"https:\/\/api.w.org\/{rel}","templated":true}]}}