{"id":5892,"date":"2022-10-27T22:36:11","date_gmt":"2022-10-28T02:36:11","guid":{"rendered":"https:\/\/newmansown.com\/product\/whole-bay-leaves\/"},"modified":"2022-10-27T22:36:11","modified_gmt":"2022-10-28T02:36:11","slug":"bay-leaves","status":"publish","type":"product","link":"https:\/\/www.newmansown.com\/es\/product\/bay-leaves\/","title":{"rendered":"Whole Bay Leaves"},"content":{"rendered":"<div class=\"ewa-rteLine\">Hojas de laurel de primera calidad procedentes del follaje del \u00e1rbol de hoja perenne del laurel. Con caracter\u00edsticas similares al t\u00e9, sabor amaderado y astringente, y un aroma mentolado ligeramente mentolado.<\/div>\n<div class=\"ewa-rteLine\"><\/div>\n<div class=\"ewa-rteLine\">Utilice las Newman\u2019s Own\u2122 Whole Bay Leaves en sopas, estofados, verduras, carne asada, platos de pescado, sopas, salsas o en la preparaci\u00f3n de asados a la olla, platos de cocci\u00f3n larga, con zumo de tomate e incluso en el t\u00e9. Tambi\u00e9n se suelen utilizar en encurtidos.<\/div>\n<div><\/div>\n<div>\n<div class=\"ewa-rteLine\">&#8211; Sin bioingenier\u00eda<\/div>\n<div class=\"ewa-rteLine\">&#8211; Certificado Kosher<\/div>\n<div class=\"ewa-rteLine\">&#8211; El 100% de los beneficios de Newman&#8217;s Own se destina a fines ben\u00e9ficos<\/div><\/div>\n","protected":false},"excerpt":{"rendered":"<div class=\"ewa-rteLine\">Hojas de laurel de primera calidad procedentes del follaje del \u00e1rbol de hoja perenne del laurel. Con caracter\u00edsticas similares al t\u00e9, sabor amaderado y astringente, y un aroma mentolado ligeramente mentolado.<\/div>\n<div class=\"ewa-rteLine\"><\/div>\n<div class=\"ewa-rteLine\">Utilice las Hojas Enteras de Laurel Newman&#8217;s Own\u2122 en sopas, estofados, verduras, carne asada, platos de pescado, sopas, salsas o en la preparaci\u00f3n de asados a la olla, platos de cocci\u00f3n larga, con zumo de tomate e incluso en el t\u00e9. Tambi\u00e9n se suelen utilizar en encurtidos.<\/div>\n<div><\/div>\n<div>\n<div class=\"ewa-rteLine\">&#8211; Sin bioingenier\u00eda<\/div>\n<div class=\"ewa-rteLine\">&#8211; Certificado Kosher<\/div>\n<div class=\"ewa-rteLine\">&#8211; El 100% de los beneficios de Newman&#8217;s Own se destina a fines ben\u00e9ficos<\/div>\n<\/p><\/div>\n","protected":false},"featured_media":8719,"template":"","meta":{"_acf_changed":false,"inline_featured_image":false},"product_brand":[],"product_cat":[29],"product_tag":[396],"class_list":{"0":"post-5892","1":"product","2":"type-product","3":"status-publish","4":"has-post-thumbnail","6":"product_cat-food","7":"product_tag-sin-omg","9":"first","10":"instock","11":"shipping-taxable","12":"product-type-simple"},"acf":[],"yoast_head":"<!-- This site is optimized with the Yoast SEO plugin v27.3 - https:\/\/yoast.com\/product\/yoast-seo-wordpress\/ -->\n<title>Whole Bay Leaves | Newman&#039;s Own<\/title>\n<meta name=\"description\" content=\"Hojas de laurel de primera calidad procedentes del follaje del \u00e1rbol de hoja perenne del laurel. Con caracter\u00edsticas similares al t\u00e9, sabor amaderado y astringente, y un aroma mentolado ligeramente mentolado.                       Utilice las Hojas Enteras de Laurel Newman&#039;s Own\u2122 en sopas, estofados, verduras, carne asada, platos de pescado, sopas, salsas o en la preparaci\u00f3n de asados a la olla, platos de cocci\u00f3n larga, con zumo de tomate e incluso en el t\u00e9. Tambi\u00e9n se suelen utilizar en encurtidos.                                     - Sin bioingenier\u00eda              - Certificado Kosher              - El 100% de los beneficios de Newman&#039;s Own se destina a fines ben\u00e9ficos\" \/>\n<meta name=\"robots\" content=\"index, follow, max-snippet:-1, max-image-preview:large, max-video-preview:-1\" \/>\n<link rel=\"canonical\" href=\"https:\/\/www.newmansown.com\/es\/product\/bay-leaves\/\" \/>\n<meta property=\"og:locale\" content=\"es_ES\" \/>\n<meta property=\"og:type\" content=\"article\" \/>\n<meta property=\"og:title\" content=\"Whole Bay Leaves | Newman&#039;s Own\" \/>\n<meta property=\"og:description\" content=\"Hojas de laurel de primera calidad procedentes del follaje del \u00e1rbol de hoja perenne del laurel. Con caracter\u00edsticas similares al t\u00e9, sabor amaderado y astringente, y un aroma mentolado ligeramente mentolado.                       Utilice las Hojas Enteras de Laurel Newman&#039;s Own\u2122 en sopas, estofados, verduras, carne asada, platos de pescado, sopas, salsas o en la preparaci\u00f3n de asados a la olla, platos de cocci\u00f3n larga, con zumo de tomate e incluso en el t\u00e9. Tambi\u00e9n se suelen utilizar en encurtidos.                                     - Sin bioingenier\u00eda              - Certificado Kosher              - El 100% de los beneficios de Newman&#039;s Own se destina a fines ben\u00e9ficos\" \/>\n<meta property=\"og:url\" content=\"https:\/\/www.newmansown.com\/es\/product\/bay-leaves\/\" \/>\n<meta property=\"og:site_name\" content=\"Newman&#039;s Own\" \/>\n<meta property=\"og:image\" content=\"https:\/\/newmansown.com\/wp-content\/uploads\/2024\/02\/newmans-own-bayLeavesWhole.png\" \/>\n\t<meta property=\"og:image:width\" content=\"1036\" \/>\n\t<meta property=\"og:image:height\" content=\"1100\" \/>\n\t<meta property=\"og:image:type\" content=\"image\/png\" \/>\n<meta name=\"twitter:card\" content=\"summary_large_image\" \/>\n<meta name=\"twitter:label1\" content=\"Est. reading time\" \/>\n\t<meta name=\"twitter:data1\" content=\"1 minute\" \/>\n<!-- \/ Yoast SEO plugin. -->","yoast_head_json":{"title":"Whole Bay Leaves | Newman&#039;s Own","description":"Hojas de laurel de primera calidad procedentes del follaje del \u00e1rbol de hoja perenne del laurel. Con caracter\u00edsticas similares al t\u00e9, sabor amaderado y astringente, y un aroma mentolado ligeramente mentolado.                       Utilice las Hojas Enteras de Laurel Newman's Own\u2122 en sopas, estofados, verduras, carne asada, platos de pescado, sopas, salsas o en la preparaci\u00f3n de asados a la olla, platos de cocci\u00f3n larga, con zumo de tomate e incluso en el t\u00e9. Tambi\u00e9n se suelen utilizar en encurtidos.                                     - Sin bioingenier\u00eda              - Certificado Kosher              - El 100% de los beneficios de Newman's Own se destina a fines ben\u00e9ficos","robots":{"index":"index","follow":"follow","max-snippet":"max-snippet:-1","max-image-preview":"max-image-preview:large","max-video-preview":"max-video-preview:-1"},"canonical":"https:\/\/www.newmansown.com\/es\/product\/bay-leaves\/","og_locale":"es_ES","og_type":"article","og_title":"Whole Bay Leaves | Newman&#039;s Own","og_description":"Hojas de laurel de primera calidad procedentes del follaje del \u00e1rbol de hoja perenne del laurel. Con caracter\u00edsticas similares al t\u00e9, sabor amaderado y astringente, y un aroma mentolado ligeramente mentolado.                       Utilice las Hojas Enteras de Laurel Newman's Own\u2122 en sopas, estofados, verduras, carne asada, platos de pescado, sopas, salsas o en la preparaci\u00f3n de asados a la olla, platos de cocci\u00f3n larga, con zumo de tomate e incluso en el t\u00e9. Tambi\u00e9n se suelen utilizar en encurtidos.                                     - Sin bioingenier\u00eda              - Certificado Kosher              - El 100% de los beneficios de Newman's Own se destina a fines ben\u00e9ficos","og_url":"https:\/\/www.newmansown.com\/es\/product\/bay-leaves\/","og_site_name":"Newman&#039;s Own","og_image":[{"width":1036,"height":1100,"url":"https:\/\/newmansown.com\/wp-content\/uploads\/2024\/02\/newmans-own-bayLeavesWhole.png","type":"image\/png"}],"twitter_card":"summary_large_image","twitter_misc":{"Est. reading time":"1 minute"},"schema":{"@context":"https:\/\/schema.org","@graph":[{"@type":["WebPage","ItemPage"],"@id":"https:\/\/www.newmansown.com\/es\/product\/bay-leaves\/","url":"https:\/\/www.newmansown.com\/es\/product\/bay-leaves\/","name":"Whole Bay Leaves | Newman&#039;s Own","isPartOf":{"@id":"https:\/\/www.newmansown.com\/es\/#website"},"primaryImageOfPage":{"@id":"https:\/\/www.newmansown.com\/es\/product\/bay-leaves\/#primaryimage"},"image":{"@id":"https:\/\/www.newmansown.com\/es\/product\/bay-leaves\/#primaryimage"},"thumbnailUrl":"https:\/\/www.newmansown.com\/wp-content\/uploads\/2024\/02\/newmans-own-bayLeavesWhole.png","datePublished":"2022-10-28T02:36:11+00:00","description":"Hojas de laurel de primera calidad procedentes del follaje del \u00e1rbol de hoja perenne del laurel. Con caracter\u00edsticas similares al t\u00e9, sabor amaderado y astringente, y un aroma mentolado ligeramente mentolado. Utilice las Hojas Enteras de Laurel Newman's Own\u2122 en sopas, estofados, verduras, carne asada, platos de pescado, sopas, salsas o en la preparaci\u00f3n de asados a la olla, platos de cocci\u00f3n larga, con zumo de tomate e incluso en el t\u00e9. Tambi\u00e9n se suelen utilizar en encurtidos. - Sin bioingenier\u00eda - Certificado Kosher - El 100% de los beneficios de Newman's Own se destina a fines ben\u00e9ficos","breadcrumb":{"@id":"https:\/\/www.newmansown.com\/es\/product\/bay-leaves\/#breadcrumb"},"inLanguage":"es-ES","potentialAction":[{"@type":"ReadAction","target":["https:\/\/www.newmansown.com\/es\/product\/bay-leaves\/"]}]},{"@type":"ImageObject","inLanguage":"es-ES","@id":"https:\/\/www.newmansown.com\/es\/product\/bay-leaves\/#primaryimage","url":"https:\/\/www.newmansown.com\/wp-content\/uploads\/2024\/02\/newmans-own-bayLeavesWhole.png","contentUrl":"https:\/\/www.newmansown.com\/wp-content\/uploads\/2024\/02\/newmans-own-bayLeavesWhole.png","width":1036,"height":1100,"caption":"Whole Bay Leaves"},{"@type":"BreadcrumbList","@id":"https:\/\/www.newmansown.com\/es\/product\/bay-leaves\/#breadcrumb","itemListElement":[{"@type":"ListItem","position":1,"name":"Home","item":"https:\/\/newmansown.com\/es\/"},{"@type":"ListItem","position":2,"name":"Productos","item":"https:\/\/www.newmansown.com\/es\/productos\/"},{"@type":"ListItem","position":3,"name":"Whole Bay Leaves"}]},{"@type":"WebSite","@id":"https:\/\/www.newmansown.com\/es\/#website","url":"https:\/\/www.newmansown.com\/es\/","name":"Newman&#039;s Own","description":"Let&#039;s Give It All Away","publisher":{"@id":"https:\/\/www.newmansown.com\/es\/#organization"},"potentialAction":[{"@type":"SearchAction","target":{"@type":"EntryPoint","urlTemplate":"https:\/\/www.newmansown.com\/es\/?s={search_term_string}"},"query-input":{"@type":"PropertyValueSpecification","valueRequired":true,"valueName":"search_term_string"}}],"inLanguage":"es-ES"},{"@type":"Organization","@id":"https:\/\/www.newmansown.com\/es\/#organization","name":"Newman&#039;s Own","url":"https:\/\/www.newmansown.com\/es\/","logo":{"@type":"ImageObject","inLanguage":"es-ES","@id":"https:\/\/www.newmansown.com\/es\/#\/schema\/logo\/image\/","url":"https:\/\/www.newmansown.com\/wp-content\/uploads\/2024\/02\/newmans-own-green-reg.png","contentUrl":"https:\/\/www.newmansown.com\/wp-content\/uploads\/2024\/02\/newmans-own-green-reg.png","width":737,"height":537,"caption":"Newman&#039;s Own"},"image":{"@id":"https:\/\/www.newmansown.com\/es\/#\/schema\/logo\/image\/"}}]}},"_links":{"self":[{"href":"https:\/\/www.newmansown.com\/es\/wp-json\/wp\/v2\/product\/5892","targetHints":{"allow":["GET"]}}],"collection":[{"href":"https:\/\/www.newmansown.com\/es\/wp-json\/wp\/v2\/product"}],"about":[{"href":"https:\/\/www.newmansown.com\/es\/wp-json\/wp\/v2\/types\/product"}],"wp:featuredmedia":[{"embeddable":true,"href":"https:\/\/www.newmansown.com\/es\/wp-json\/wp\/v2\/media\/8719"}],"wp:attachment":[{"href":"https:\/\/www.newmansown.com\/es\/wp-json\/wp\/v2\/media?parent=5892"}],"wp:term":[{"taxonomy":"product_brand","embeddable":true,"href":"https:\/\/www.newmansown.com\/es\/wp-json\/wp\/v2\/product_brand?post=5892"},{"taxonomy":"product_cat","embeddable":true,"href":"https:\/\/www.newmansown.com\/es\/wp-json\/wp\/v2\/product_cat?post=5892"},{"taxonomy":"product_tag","embeddable":true,"href":"https:\/\/www.newmansown.com\/es\/wp-json\/wp\/v2\/product_tag?post=5892"}],"curies":[{"name":"wp","href":"https:\/\/api.w.org\/{rel}","templated":true}]}}