{"id":5889,"date":"2022-10-27T22:39:19","date_gmt":"2022-10-28T02:39:19","guid":{"rendered":"https:\/\/newmansown.com\/product\/organic-dill-weed\/"},"modified":"2022-10-27T22:39:19","modified_gmt":"2022-10-28T02:39:19","slug":"organic-dill-weed","status":"publish","type":"product","link":"https:\/\/www.newmansown.com\/es\/product\/organic-dill-weed\/","title":{"rendered":"Organic Dill Weed"},"content":{"rendered":"<div class=\"ewa-rteLine\">Hecho de las hojas secas de la planta de eneldo, Newman&#8217;s Own\u2122 Organic Dill Weed es arom\u00e1tico, con un sabor dulce, profundo, c\u00e1lido y delicado. Molido fino para que se mezcle sin esfuerzo con sus recetas.<\/div>\n<div class=\"ewa-rteLine\"><\/div>\n<div class=\"ewa-rteLine\">Combina bien con comino, jengibre, nuez moscada, tomillo y c\u00farcuma.<\/div>\n<div class=\"ewa-rteLine\"><\/div>\n<div class=\"ewa-rteLine\">Se utiliza en platos dulces y salados como galletas o pasteles, tostadas francesas, avena, fruta y en el t\u00e9. Tambi\u00e9n es bueno con pollo, cordero, cerdo, boniatos o en sopas.<\/div>\n<div><\/div>\n<div>\n<div class=\"ewa-rteLine\">&#8211; Certificado ecol\u00f3gico USDA por QAI<\/div>\n<div class=\"ewa-rteLine\">&#8211; Sin bioingenier\u00eda<\/div>\n<div class=\"ewa-rteLine\">&#8211; Certificado Kosher<\/div>\n<div class=\"ewa-rteLine\">&#8211; El 100% de los beneficios de Newman&#8217;s Own se destina a fines ben\u00e9ficos<\/div><\/div>\n","protected":false},"excerpt":{"rendered":"<div class=\"ewa-rteLine\">Hecho de las hojas secas de la planta de eneldo, Newman&#8217;s Own\u2122 Organic Dill Weed es arom\u00e1tico, con un sabor dulce, profundo, c\u00e1lido y delicado. Molido fino para que se mezcle sin esfuerzo con sus recetas.<\/div>\n<div class=\"ewa-rteLine\"><\/div>\n<div class=\"ewa-rteLine\">Combina bien con comino, jengibre, nuez moscada, tomillo y c\u00farcuma.<\/div>\n<div class=\"ewa-rteLine\"><\/div>\n<div class=\"ewa-rteLine\">Se utiliza en platos dulces y salados como galletas o pasteles, tostadas francesas, avena, fruta y en el t\u00e9. Tambi\u00e9n es bueno con pollo, cordero, cerdo, boniatos o en sopas.<\/div>\n<div><\/div>\n<div>\n<div class=\"ewa-rteLine\">&#8211; Certificado ecol\u00f3gico USDA por QAI<\/div>\n<div class=\"ewa-rteLine\">&#8211; Sin bioingenier\u00eda<\/div>\n<div class=\"ewa-rteLine\">&#8211; Certificado Kosher<\/div>\n<div class=\"ewa-rteLine\">&#8211; El 100% de los beneficios de Newman&#8217;s Own se destina a fines ben\u00e9ficos<\/div>\n<\/p><\/div>\n","protected":false},"featured_media":8799,"template":"","meta":{"_acf_changed":false,"inline_featured_image":false},"product_brand":[],"product_cat":[29],"product_tag":[],"class_list":{"0":"post-5889","1":"product","2":"type-product","3":"status-publish","4":"has-post-thumbnail","6":"product_cat-food","8":"first","9":"instock","10":"shipping-taxable","11":"product-type-simple"},"acf":[],"yoast_head":"<!-- This site is optimized with the Yoast SEO plugin v27.3 - https:\/\/yoast.com\/product\/yoast-seo-wordpress\/ -->\n<title>Organic Dill Weed | Newman&#039;s Own<\/title>\n<meta name=\"description\" content=\"Hecho de las hojas secas de la planta de eneldo, Newman&#039;s Own\u2122 Organic Dill Weed es arom\u00e1tico, con un sabor dulce, profundo, c\u00e1lido y delicado. Molido fino para que se mezcle sin esfuerzo con sus recetas.                       Combina bien con comino, jengibre, nuez moscada, tomillo y c\u00farcuma.                       Se utiliza en platos dulces y salados como galletas o pasteles, tostadas francesas, avena, fruta y en el t\u00e9. Tambi\u00e9n es bueno con pollo, cordero, cerdo, boniatos o en sopas.                                     - Certificado ecol\u00f3gico USDA por QAI              - Sin bioingenier\u00eda              - Certificado Kosher              - El 100% de los beneficios de Newman&#039;s Own se destina a fines ben\u00e9ficos\" \/>\n<meta name=\"robots\" content=\"index, follow, max-snippet:-1, max-image-preview:large, max-video-preview:-1\" \/>\n<link rel=\"canonical\" href=\"https:\/\/www.newmansown.com\/es\/product\/organic-dill-weed\/\" \/>\n<meta property=\"og:locale\" content=\"es_ES\" \/>\n<meta property=\"og:type\" content=\"article\" \/>\n<meta property=\"og:title\" content=\"Organic Dill Weed | Newman&#039;s Own\" \/>\n<meta property=\"og:description\" content=\"Hecho de las hojas secas de la planta de eneldo, Newman&#039;s Own\u2122 Organic Dill Weed es arom\u00e1tico, con un sabor dulce, profundo, c\u00e1lido y delicado. Molido fino para que se mezcle sin esfuerzo con sus recetas.                       Combina bien con comino, jengibre, nuez moscada, tomillo y c\u00farcuma.                       Se utiliza en platos dulces y salados como galletas o pasteles, tostadas francesas, avena, fruta y en el t\u00e9. Tambi\u00e9n es bueno con pollo, cordero, cerdo, boniatos o en sopas.                                     - Certificado ecol\u00f3gico USDA por QAI              - Sin bioingenier\u00eda              - Certificado Kosher              - El 100% de los beneficios de Newman&#039;s Own se destina a fines ben\u00e9ficos\" \/>\n<meta property=\"og:url\" content=\"https:\/\/www.newmansown.com\/es\/product\/organic-dill-weed\/\" \/>\n<meta property=\"og:site_name\" content=\"Newman&#039;s Own\" \/>\n<meta property=\"og:image\" content=\"https:\/\/www.newmansown.com\/wp-content\/uploads\/2024\/02\/newmans-own-organic-Dillweed.png\" \/>\n\t<meta property=\"og:image:width\" content=\"1036\" \/>\n\t<meta property=\"og:image:height\" content=\"1100\" \/>\n\t<meta property=\"og:image:type\" content=\"image\/png\" \/>\n<meta name=\"twitter:card\" content=\"summary_large_image\" \/>\n<meta name=\"twitter:label1\" content=\"Est. reading time\" \/>\n\t<meta name=\"twitter:data1\" content=\"1 minute\" \/>\n<!-- \/ Yoast SEO plugin. -->","yoast_head_json":{"title":"Organic Dill Weed | Newman&#039;s Own","description":"Hecho de las hojas secas de la planta de eneldo, Newman's Own\u2122 Organic Dill Weed es arom\u00e1tico, con un sabor dulce, profundo, c\u00e1lido y delicado. Molido fino para que se mezcle sin esfuerzo con sus recetas.                       Combina bien con comino, jengibre, nuez moscada, tomillo y c\u00farcuma.                       Se utiliza en platos dulces y salados como galletas o pasteles, tostadas francesas, avena, fruta y en el t\u00e9. Tambi\u00e9n es bueno con pollo, cordero, cerdo, boniatos o en sopas.                                     - Certificado ecol\u00f3gico USDA por QAI              - Sin bioingenier\u00eda              - Certificado Kosher              - El 100% de los beneficios de Newman's Own se destina a fines ben\u00e9ficos","robots":{"index":"index","follow":"follow","max-snippet":"max-snippet:-1","max-image-preview":"max-image-preview:large","max-video-preview":"max-video-preview:-1"},"canonical":"https:\/\/www.newmansown.com\/es\/product\/organic-dill-weed\/","og_locale":"es_ES","og_type":"article","og_title":"Organic Dill Weed | Newman&#039;s Own","og_description":"Hecho de las hojas secas de la planta de eneldo, Newman's Own\u2122 Organic Dill Weed es arom\u00e1tico, con un sabor dulce, profundo, c\u00e1lido y delicado. Molido fino para que se mezcle sin esfuerzo con sus recetas.                       Combina bien con comino, jengibre, nuez moscada, tomillo y c\u00farcuma.                       Se utiliza en platos dulces y salados como galletas o pasteles, tostadas francesas, avena, fruta y en el t\u00e9. Tambi\u00e9n es bueno con pollo, cordero, cerdo, boniatos o en sopas.                                     - Certificado ecol\u00f3gico USDA por QAI              - Sin bioingenier\u00eda              - Certificado Kosher              - El 100% de los beneficios de Newman's Own se destina a fines ben\u00e9ficos","og_url":"https:\/\/www.newmansown.com\/es\/product\/organic-dill-weed\/","og_site_name":"Newman&#039;s Own","og_image":[{"width":1036,"height":1100,"url":"https:\/\/www.newmansown.com\/wp-content\/uploads\/2024\/02\/newmans-own-organic-Dillweed.png","type":"image\/png"}],"twitter_card":"summary_large_image","twitter_misc":{"Est. reading time":"1 minute"},"schema":{"@context":"https:\/\/schema.org","@graph":[{"@type":["WebPage","ItemPage"],"@id":"https:\/\/www.newmansown.com\/es\/product\/organic-dill-weed\/","url":"https:\/\/www.newmansown.com\/es\/product\/organic-dill-weed\/","name":"Organic Dill Weed | Newman&#039;s Own","isPartOf":{"@id":"https:\/\/www.newmansown.com\/es\/#website"},"primaryImageOfPage":{"@id":"https:\/\/www.newmansown.com\/es\/product\/organic-dill-weed\/#primaryimage"},"image":{"@id":"https:\/\/www.newmansown.com\/es\/product\/organic-dill-weed\/#primaryimage"},"thumbnailUrl":"https:\/\/www.newmansown.com\/wp-content\/uploads\/2024\/02\/newmans-own-organic-Dillweed.png","datePublished":"2022-10-28T02:39:19+00:00","description":"Hecho de las hojas secas de la planta de eneldo, Newman's Own\u2122 Organic Dill Weed es arom\u00e1tico, con un sabor dulce, profundo, c\u00e1lido y delicado. Molido fino para que se mezcle sin esfuerzo con sus recetas. Combina bien con comino, jengibre, nuez moscada, tomillo y c\u00farcuma. Se utiliza en platos dulces y salados como galletas o pasteles, tostadas francesas, avena, fruta y en el t\u00e9. Tambi\u00e9n es bueno con pollo, cordero, cerdo, boniatos o en sopas. - Certificado ecol\u00f3gico USDA por QAI - Sin bioingenier\u00eda - Certificado Kosher - El 100% de los beneficios de Newman's Own se destina a fines ben\u00e9ficos","breadcrumb":{"@id":"https:\/\/www.newmansown.com\/es\/product\/organic-dill-weed\/#breadcrumb"},"inLanguage":"es-ES","potentialAction":[{"@type":"ReadAction","target":["https:\/\/www.newmansown.com\/es\/product\/organic-dill-weed\/"]}]},{"@type":"ImageObject","inLanguage":"es-ES","@id":"https:\/\/www.newmansown.com\/es\/product\/organic-dill-weed\/#primaryimage","url":"https:\/\/www.newmansown.com\/wp-content\/uploads\/2024\/02\/newmans-own-organic-Dillweed.png","contentUrl":"https:\/\/www.newmansown.com\/wp-content\/uploads\/2024\/02\/newmans-own-organic-Dillweed.png","width":1036,"height":1100,"caption":"Organic Dill Weed"},{"@type":"BreadcrumbList","@id":"https:\/\/www.newmansown.com\/es\/product\/organic-dill-weed\/#breadcrumb","itemListElement":[{"@type":"ListItem","position":1,"name":"Home","item":"https:\/\/newmansown.com\/es\/"},{"@type":"ListItem","position":2,"name":"Productos","item":"https:\/\/www.newmansown.com\/es\/productos\/"},{"@type":"ListItem","position":3,"name":"Organic Dill Weed"}]},{"@type":"WebSite","@id":"https:\/\/www.newmansown.com\/es\/#website","url":"https:\/\/www.newmansown.com\/es\/","name":"Newman&#039;s Own","description":"Let&#039;s Give It All Away","publisher":{"@id":"https:\/\/www.newmansown.com\/es\/#organization"},"potentialAction":[{"@type":"SearchAction","target":{"@type":"EntryPoint","urlTemplate":"https:\/\/www.newmansown.com\/es\/?s={search_term_string}"},"query-input":{"@type":"PropertyValueSpecification","valueRequired":true,"valueName":"search_term_string"}}],"inLanguage":"es-ES"},{"@type":"Organization","@id":"https:\/\/www.newmansown.com\/es\/#organization","name":"Newman&#039;s Own","url":"https:\/\/www.newmansown.com\/es\/","logo":{"@type":"ImageObject","inLanguage":"es-ES","@id":"https:\/\/www.newmansown.com\/es\/#\/schema\/logo\/image\/","url":"https:\/\/www.newmansown.com\/wp-content\/uploads\/2024\/02\/newmans-own-green-reg.png","contentUrl":"https:\/\/www.newmansown.com\/wp-content\/uploads\/2024\/02\/newmans-own-green-reg.png","width":737,"height":537,"caption":"Newman&#039;s Own"},"image":{"@id":"https:\/\/www.newmansown.com\/es\/#\/schema\/logo\/image\/"}}]}},"_links":{"self":[{"href":"https:\/\/www.newmansown.com\/es\/wp-json\/wp\/v2\/product\/5889","targetHints":{"allow":["GET"]}}],"collection":[{"href":"https:\/\/www.newmansown.com\/es\/wp-json\/wp\/v2\/product"}],"about":[{"href":"https:\/\/www.newmansown.com\/es\/wp-json\/wp\/v2\/types\/product"}],"wp:featuredmedia":[{"embeddable":true,"href":"https:\/\/www.newmansown.com\/es\/wp-json\/wp\/v2\/media\/8799"}],"wp:attachment":[{"href":"https:\/\/www.newmansown.com\/es\/wp-json\/wp\/v2\/media?parent=5889"}],"wp:term":[{"taxonomy":"product_brand","embeddable":true,"href":"https:\/\/www.newmansown.com\/es\/wp-json\/wp\/v2\/product_brand?post=5889"},{"taxonomy":"product_cat","embeddable":true,"href":"https:\/\/www.newmansown.com\/es\/wp-json\/wp\/v2\/product_cat?post=5889"},{"taxonomy":"product_tag","embeddable":true,"href":"https:\/\/www.newmansown.com\/es\/wp-json\/wp\/v2\/product_tag?post=5889"}],"curies":[{"name":"wp","href":"https:\/\/api.w.org\/{rel}","templated":true}]}}