{"id":5885,"date":"2022-10-27T22:43:25","date_gmt":"2022-10-28T02:43:25","guid":{"rendered":"https:\/\/newmansown.com\/product\/ground-mustard\/"},"modified":"2022-10-27T22:43:25","modified_gmt":"2022-10-28T02:43:25","slug":"ground-mustard","status":"publish","type":"product","link":"https:\/\/www.newmansown.com\/es\/product\/ground-mustard\/","title":{"rendered":"Ground Mustard"},"content":{"rendered":"<div class=\"ewa-rteLine\">Elaborada a partir de las peque\u00f1as semillas redondas de varias plantas de mostaza, la mostaza es una especia importante en muchas comidas regionales. La Newman\u2019s Own\u2122 Ground Mustard tiene un toque picante, un sabor intenso, picante y \u00e1cido.<\/div>\n<div class=\"ewa-rteLine\"><\/div>\n<div class=\"ewa-rteLine\">Ideal para acompa\u00f1ar jam\u00f3n, rosbif, pollo, marisco, cerdo, embutidos, salchichas, huevos rellenos, ensalada de col, verduras, ensaladas de patata o en sufl\u00e9s de queso, quesos para untar, ali\u00f1os, sopas, guisos, salsas y estofados. Tambi\u00e9n se puede utilizar para encurtir.<\/div>\n<div class=\"ewa-rteLine\"><\/div>\n<div class=\"ewa-rteLine\">Combina bien con pimienta roja y negra, ajo, o en contraste con sabores m\u00e1s fr\u00edos como la albahaca, la menta o el estrag\u00f3n.<\/div>\n<div><\/div>\n<div>\n<div class=\"ewa-rteLine\">&#8211; Sin bioingenier\u00eda<\/div>\n<div class=\"ewa-rteLine\">&#8211; Certificado Kosher<\/div>\n<div class=\"ewa-rteLine\">&#8211; El 100% de los beneficios de Newman&#8217;s Own se destina a fines ben\u00e9ficos<\/div><\/div>\n","protected":false},"excerpt":{"rendered":"<div class=\"ewa-rteLine\">Elaborada a partir de las peque\u00f1as semillas redondas de varias plantas de mostaza, la mostaza es una especia importante en muchas comidas regionales. La mostaza molida Newman&#8217;s Own\u2122 tiene un toque picante, un sabor intenso, picante y \u00e1cido.<\/div>\n<div class=\"ewa-rteLine\"><\/div>\n<div class=\"ewa-rteLine\">Ideal para acompa\u00f1ar jam\u00f3n, rosbif, pollo, marisco, cerdo, embutidos, salchichas, huevos rellenos, ensalada de col, verduras, ensaladas de patata o en sufl\u00e9s de queso, quesos para untar, ali\u00f1os, sopas, guisos, salsas y estofados. Tambi\u00e9n se puede utilizar para encurtir.<\/div>\n<div class=\"ewa-rteLine\"><\/div>\n<div class=\"ewa-rteLine\">Combina bien con pimienta roja y negra, ajo, o en contraste con sabores m\u00e1s fr\u00edos como la albahaca, la menta o el estrag\u00f3n.<\/div>\n<div><\/div>\n<div>\n<div class=\"ewa-rteLine\">&#8211; Sin bioingenier\u00eda<\/div>\n<div class=\"ewa-rteLine\">&#8211; Certificado Kosher<\/div>\n<div class=\"ewa-rteLine\">&#8211; El 100% de los beneficios de Newman&#8217;s Own se destina a fines ben\u00e9ficos<\/div>\n<\/p><\/div>\n","protected":false},"featured_media":8739,"template":"","meta":{"_acf_changed":false,"inline_featured_image":false},"product_brand":[],"product_cat":[29],"product_tag":[],"class_list":{"0":"post-5885","1":"product","2":"type-product","3":"status-publish","4":"has-post-thumbnail","6":"product_cat-food","8":"first","9":"instock","10":"shipping-taxable","11":"product-type-simple"},"acf":[],"yoast_head":"<!-- This site is optimized with the Yoast SEO plugin v27.3 - https:\/\/yoast.com\/product\/yoast-seo-wordpress\/ -->\n<title>Ground Mustard | Newman&#039;s Own<\/title>\n<meta name=\"description\" content=\"Elaborada a partir de las peque\u00f1as semillas redondas de varias plantas de mostaza, la mostaza es una especia importante en muchas comidas regionales. La mostaza molida Newman&#039;s Own\u2122 tiene un toque picante, un sabor intenso, picante y \u00e1cido.                       Ideal para acompa\u00f1ar jam\u00f3n, rosbif, pollo, marisco, cerdo, embutidos, salchichas, huevos rellenos, ensalada de col, verduras, ensaladas de patata o en sufl\u00e9s de queso, quesos para untar, ali\u00f1os, sopas, guisos, salsas y estofados. Tambi\u00e9n se puede utilizar para encurtir.                       Combina bien con pimienta roja y negra, ajo, o en contraste con sabores m\u00e1s fr\u00edos como la albahaca, la menta o el estrag\u00f3n.                                     - Sin bioingenier\u00eda              - Certificado Kosher              - El 100% de los beneficios de Newman&#039;s Own se destina a fines ben\u00e9ficos\" \/>\n<meta name=\"robots\" content=\"index, follow, max-snippet:-1, max-image-preview:large, max-video-preview:-1\" \/>\n<link rel=\"canonical\" href=\"https:\/\/www.newmansown.com\/es\/product\/ground-mustard\/\" \/>\n<meta property=\"og:locale\" content=\"es_ES\" \/>\n<meta property=\"og:type\" content=\"article\" \/>\n<meta property=\"og:title\" content=\"Ground Mustard | Newman&#039;s Own\" \/>\n<meta property=\"og:description\" content=\"Elaborada a partir de las peque\u00f1as semillas redondas de varias plantas de mostaza, la mostaza es una especia importante en muchas comidas regionales. La mostaza molida Newman&#039;s Own\u2122 tiene un toque picante, un sabor intenso, picante y \u00e1cido.                       Ideal para acompa\u00f1ar jam\u00f3n, rosbif, pollo, marisco, cerdo, embutidos, salchichas, huevos rellenos, ensalada de col, verduras, ensaladas de patata o en sufl\u00e9s de queso, quesos para untar, ali\u00f1os, sopas, guisos, salsas y estofados. Tambi\u00e9n se puede utilizar para encurtir.                       Combina bien con pimienta roja y negra, ajo, o en contraste con sabores m\u00e1s fr\u00edos como la albahaca, la menta o el estrag\u00f3n.                                     - Sin bioingenier\u00eda              - Certificado Kosher              - El 100% de los beneficios de Newman&#039;s Own se destina a fines ben\u00e9ficos\" \/>\n<meta property=\"og:url\" content=\"https:\/\/www.newmansown.com\/es\/product\/ground-mustard\/\" \/>\n<meta property=\"og:site_name\" content=\"Newman&#039;s Own\" \/>\n<meta property=\"og:image\" content=\"https:\/\/newmansown.com\/wp-content\/uploads\/2024\/02\/newmans-own-mustardGround.png\" \/>\n\t<meta property=\"og:image:width\" content=\"1036\" \/>\n\t<meta property=\"og:image:height\" content=\"1100\" \/>\n\t<meta property=\"og:image:type\" content=\"image\/png\" \/>\n<meta name=\"twitter:card\" content=\"summary_large_image\" \/>\n<meta name=\"twitter:label1\" content=\"Est. reading time\" \/>\n\t<meta name=\"twitter:data1\" content=\"1 minute\" \/>\n<!-- \/ Yoast SEO plugin. -->","yoast_head_json":{"title":"Ground Mustard | Newman&#039;s Own","description":"Elaborada a partir de las peque\u00f1as semillas redondas de varias plantas de mostaza, la mostaza es una especia importante en muchas comidas regionales. La mostaza molida Newman's Own\u2122 tiene un toque picante, un sabor intenso, picante y \u00e1cido.                       Ideal para acompa\u00f1ar jam\u00f3n, rosbif, pollo, marisco, cerdo, embutidos, salchichas, huevos rellenos, ensalada de col, verduras, ensaladas de patata o en sufl\u00e9s de queso, quesos para untar, ali\u00f1os, sopas, guisos, salsas y estofados. Tambi\u00e9n se puede utilizar para encurtir.                       Combina bien con pimienta roja y negra, ajo, o en contraste con sabores m\u00e1s fr\u00edos como la albahaca, la menta o el estrag\u00f3n.                                     - Sin bioingenier\u00eda              - Certificado Kosher              - El 100% de los beneficios de Newman's Own se destina a fines ben\u00e9ficos","robots":{"index":"index","follow":"follow","max-snippet":"max-snippet:-1","max-image-preview":"max-image-preview:large","max-video-preview":"max-video-preview:-1"},"canonical":"https:\/\/www.newmansown.com\/es\/product\/ground-mustard\/","og_locale":"es_ES","og_type":"article","og_title":"Ground Mustard | Newman&#039;s Own","og_description":"Elaborada a partir de las peque\u00f1as semillas redondas de varias plantas de mostaza, la mostaza es una especia importante en muchas comidas regionales. La mostaza molida Newman's Own\u2122 tiene un toque picante, un sabor intenso, picante y \u00e1cido.                       Ideal para acompa\u00f1ar jam\u00f3n, rosbif, pollo, marisco, cerdo, embutidos, salchichas, huevos rellenos, ensalada de col, verduras, ensaladas de patata o en sufl\u00e9s de queso, quesos para untar, ali\u00f1os, sopas, guisos, salsas y estofados. Tambi\u00e9n se puede utilizar para encurtir.                       Combina bien con pimienta roja y negra, ajo, o en contraste con sabores m\u00e1s fr\u00edos como la albahaca, la menta o el estrag\u00f3n.                                     - Sin bioingenier\u00eda              - Certificado Kosher              - El 100% de los beneficios de Newman's Own se destina a fines ben\u00e9ficos","og_url":"https:\/\/www.newmansown.com\/es\/product\/ground-mustard\/","og_site_name":"Newman&#039;s Own","og_image":[{"width":1036,"height":1100,"url":"https:\/\/newmansown.com\/wp-content\/uploads\/2024\/02\/newmans-own-mustardGround.png","type":"image\/png"}],"twitter_card":"summary_large_image","twitter_misc":{"Est. reading time":"1 minute"},"schema":{"@context":"https:\/\/schema.org","@graph":[{"@type":["WebPage","ItemPage"],"@id":"https:\/\/www.newmansown.com\/es\/product\/ground-mustard\/","url":"https:\/\/www.newmansown.com\/es\/product\/ground-mustard\/","name":"Ground Mustard | Newman&#039;s Own","isPartOf":{"@id":"https:\/\/www.newmansown.com\/es\/#website"},"primaryImageOfPage":{"@id":"https:\/\/www.newmansown.com\/es\/product\/ground-mustard\/#primaryimage"},"image":{"@id":"https:\/\/www.newmansown.com\/es\/product\/ground-mustard\/#primaryimage"},"thumbnailUrl":"https:\/\/www.newmansown.com\/wp-content\/uploads\/2024\/02\/newmans-own-mustardGround.png","datePublished":"2022-10-28T02:43:25+00:00","description":"Elaborada a partir de las peque\u00f1as semillas redondas de varias plantas de mostaza, la mostaza es una especia importante en muchas comidas regionales. La mostaza molida Newman's Own\u2122 tiene un toque picante, un sabor intenso, picante y \u00e1cido. Ideal para acompa\u00f1ar jam\u00f3n, rosbif, pollo, marisco, cerdo, embutidos, salchichas, huevos rellenos, ensalada de col, verduras, ensaladas de patata o en sufl\u00e9s de queso, quesos para untar, ali\u00f1os, sopas, guisos, salsas y estofados. Tambi\u00e9n se puede utilizar para encurtir. Combina bien con pimienta roja y negra, ajo, o en contraste con sabores m\u00e1s fr\u00edos como la albahaca, la menta o el estrag\u00f3n. - Sin bioingenier\u00eda - Certificado Kosher - El 100% de los beneficios de Newman's Own se destina a fines ben\u00e9ficos","breadcrumb":{"@id":"https:\/\/www.newmansown.com\/es\/product\/ground-mustard\/#breadcrumb"},"inLanguage":"es-ES","potentialAction":[{"@type":"ReadAction","target":["https:\/\/www.newmansown.com\/es\/product\/ground-mustard\/"]}]},{"@type":"ImageObject","inLanguage":"es-ES","@id":"https:\/\/www.newmansown.com\/es\/product\/ground-mustard\/#primaryimage","url":"https:\/\/www.newmansown.com\/wp-content\/uploads\/2024\/02\/newmans-own-mustardGround.png","contentUrl":"https:\/\/www.newmansown.com\/wp-content\/uploads\/2024\/02\/newmans-own-mustardGround.png","width":1036,"height":1100,"caption":"Ground Mustard"},{"@type":"BreadcrumbList","@id":"https:\/\/www.newmansown.com\/es\/product\/ground-mustard\/#breadcrumb","itemListElement":[{"@type":"ListItem","position":1,"name":"Home","item":"https:\/\/newmansown.com\/es\/"},{"@type":"ListItem","position":2,"name":"Productos","item":"https:\/\/www.newmansown.com\/es\/productos\/"},{"@type":"ListItem","position":3,"name":"Ground Mustard"}]},{"@type":"WebSite","@id":"https:\/\/www.newmansown.com\/es\/#website","url":"https:\/\/www.newmansown.com\/es\/","name":"Newman&#039;s Own","description":"Let&#039;s Give It All Away","publisher":{"@id":"https:\/\/www.newmansown.com\/es\/#organization"},"potentialAction":[{"@type":"SearchAction","target":{"@type":"EntryPoint","urlTemplate":"https:\/\/www.newmansown.com\/es\/?s={search_term_string}"},"query-input":{"@type":"PropertyValueSpecification","valueRequired":true,"valueName":"search_term_string"}}],"inLanguage":"es-ES"},{"@type":"Organization","@id":"https:\/\/www.newmansown.com\/es\/#organization","name":"Newman&#039;s Own","url":"https:\/\/www.newmansown.com\/es\/","logo":{"@type":"ImageObject","inLanguage":"es-ES","@id":"https:\/\/www.newmansown.com\/es\/#\/schema\/logo\/image\/","url":"https:\/\/www.newmansown.com\/wp-content\/uploads\/2024\/02\/newmans-own-green-reg.png","contentUrl":"https:\/\/www.newmansown.com\/wp-content\/uploads\/2024\/02\/newmans-own-green-reg.png","width":737,"height":537,"caption":"Newman&#039;s Own"},"image":{"@id":"https:\/\/www.newmansown.com\/es\/#\/schema\/logo\/image\/"}}]}},"_links":{"self":[{"href":"https:\/\/www.newmansown.com\/es\/wp-json\/wp\/v2\/product\/5885","targetHints":{"allow":["GET"]}}],"collection":[{"href":"https:\/\/www.newmansown.com\/es\/wp-json\/wp\/v2\/product"}],"about":[{"href":"https:\/\/www.newmansown.com\/es\/wp-json\/wp\/v2\/types\/product"}],"wp:featuredmedia":[{"embeddable":true,"href":"https:\/\/www.newmansown.com\/es\/wp-json\/wp\/v2\/media\/8739"}],"wp:attachment":[{"href":"https:\/\/www.newmansown.com\/es\/wp-json\/wp\/v2\/media?parent=5885"}],"wp:term":[{"taxonomy":"product_brand","embeddable":true,"href":"https:\/\/www.newmansown.com\/es\/wp-json\/wp\/v2\/product_brand?post=5885"},{"taxonomy":"product_cat","embeddable":true,"href":"https:\/\/www.newmansown.com\/es\/wp-json\/wp\/v2\/product_cat?post=5885"},{"taxonomy":"product_tag","embeddable":true,"href":"https:\/\/www.newmansown.com\/es\/wp-json\/wp\/v2\/product_tag?post=5885"}],"curies":[{"name":"wp","href":"https:\/\/api.w.org\/{rel}","templated":true}]}}