{"id":5882,"date":"2022-10-27T22:47:48","date_gmt":"2022-10-28T02:47:48","guid":{"rendered":"https:\/\/newmansown.com\/product\/white-pepper\/"},"modified":"2022-10-27T22:47:48","modified_gmt":"2022-10-28T02:47:48","slug":"white-pepper","status":"publish","type":"product","link":"https:\/\/www.newmansown.com\/es\/product\/white-pepper\/","title":{"rendered":"White Pepper"},"content":{"rendered":"<div class=\"ewa-rteLine\">La pimienta blanca se elabora a partir de bayas de pimienta completamente maduras que se remojan en agua durante unos 10 d\u00edas, lo que da lugar a la fermentaci\u00f3n. Despu\u00e9s, se les quita la capa exterior, lo que reduce parte de su compuesto de piperina, as\u00ed como los aceites vol\u00e1tiles que dan a la pimienta negra su aroma. Este proceso confiere a la pimienta blanca un sabor y un componente picante diferentes a los de la pimienta negra. El sabor es m\u00e1s sutil, brillante, agudo, picante y herb\u00e1ceo que el de la pimienta negra.<\/div>\n<div class=\"ewa-rteLine\"><\/div>\n<div class=\"ewa-rteLine\">La pimienta blanca debe a\u00f1adirse una vez cocinado el plato, ya que si se calienta demasiado puede desprender un sabor amargo.<\/div>\n<div class=\"ewa-rteLine\"><\/div>\n<div class=\"ewa-rteLine\">Util\u00edcelo en pollo, cerdo, pescado, asados, patatas, salteados, salsas, sopas, guisos, salsas y adobos, y en sopa de almejas.<\/div>\n<div class=\"ewa-rteLine\"><\/div>\n<div class=\"ewa-rteLine\">Com\u00fan en la cocina brasile\u00f1a, china y tailandesa, pero tambi\u00e9n siempre que la pimienta negra destaque visiblemente.<\/div>\n<div><\/div>\n<div>\n<div class=\"ewa-rteLine\">&#8211; Sin bioingenier\u00eda<\/div>\n<div class=\"ewa-rteLine\">&#8211; Certificado Kosher<\/div>\n<div class=\"ewa-rteLine\">&#8211; El 100% de los beneficios de Newman&#8217;s Own se destina a fines ben\u00e9ficos<\/div><\/div>\n","protected":false},"excerpt":{"rendered":"<div class=\"ewa-rteLine\">La pimienta blanca se elabora a partir de bayas de pimienta completamente maduras que se remojan en agua durante unos 10 d\u00edas, lo que da lugar a la fermentaci\u00f3n. Despu\u00e9s, se les quita la capa exterior, lo que reduce parte de su compuesto de piperina, as\u00ed como los aceites vol\u00e1tiles que dan a la pimienta negra su aroma. Este proceso confiere a la pimienta blanca un sabor y un componente picante diferentes a los de la pimienta negra. El sabor es m\u00e1s sutil, brillante, agudo, picante y herb\u00e1ceo que el de la pimienta negra.<\/div>\n<div class=\"ewa-rteLine\"><\/div>\n<div class=\"ewa-rteLine\">La pimienta blanca debe a\u00f1adirse una vez cocinado el plato, ya que si se calienta demasiado puede desprender un sabor amargo.<\/div>\n<div class=\"ewa-rteLine\"><\/div>\n<div class=\"ewa-rteLine\">Util\u00edcelo en pollo, cerdo, pescado, asados, patatas, salteados, salsas, sopas, guisos, salsas y adobos, y en sopa de almejas.<\/div>\n<div class=\"ewa-rteLine\"><\/div>\n<div class=\"ewa-rteLine\">Com\u00fan en la cocina brasile\u00f1a, china y tailandesa, pero tambi\u00e9n siempre que la pimienta negra destaque visiblemente.<\/div>\n<div><\/div>\n<div>\n<div class=\"ewa-rteLine\">&#8211; Sin bioingenier\u00eda<\/div>\n<div class=\"ewa-rteLine\">&#8211; Certificado Kosher<\/div>\n<div class=\"ewa-rteLine\">&#8211; El 100% de los beneficios de Newman&#8217;s Own se destina a fines ben\u00e9ficos<\/div>\n<\/p><\/div>\n","protected":false},"featured_media":8759,"template":"","meta":{"_acf_changed":false,"inline_featured_image":false},"product_brand":[],"product_cat":[29],"product_tag":[],"class_list":{"0":"post-5882","1":"product","2":"type-product","3":"status-publish","4":"has-post-thumbnail","6":"product_cat-food","8":"first","9":"instock","10":"shipping-taxable","11":"product-type-simple"},"acf":[],"yoast_head":"<!-- This site is optimized with the Yoast SEO plugin v27.3 - https:\/\/yoast.com\/product\/yoast-seo-wordpress\/ -->\n<title>White Pepper | Newman&#039;s Own<\/title>\n<meta name=\"description\" content=\"La pimienta blanca se elabora a partir de bayas de pimienta completamente maduras que se remojan en agua durante unos 10 d\u00edas, lo que da lugar a la fermentaci\u00f3n. Despu\u00e9s, se les quita la capa exterior, lo que reduce parte de su compuesto de piperina, as\u00ed como los aceites vol\u00e1tiles que dan a la pimienta negra su aroma. Este proceso confiere a la pimienta blanca un sabor y un componente picante diferentes a los de la pimienta negra. El sabor es m\u00e1s sutil, brillante, agudo, picante y herb\u00e1ceo que el de la pimienta negra.                       La pimienta blanca debe a\u00f1adirse una vez cocinado el plato, ya que si se calienta demasiado puede desprender un sabor amargo.                       Util\u00edcelo en pollo, cerdo, pescado, asados, patatas, salteados, salsas, sopas, guisos, salsas y adobos, y en sopa de almejas.                       Com\u00fan en la cocina brasile\u00f1a, china y tailandesa, pero tambi\u00e9n siempre que la pimienta negra destaque visiblemente.                                     - Sin bioingenier\u00eda              - Certificado Kosher              - El 100% de los beneficios de Newman&#039;s Own se destina a fines ben\u00e9ficos\" \/>\n<meta name=\"robots\" content=\"index, follow, max-snippet:-1, max-image-preview:large, max-video-preview:-1\" \/>\n<link rel=\"canonical\" href=\"https:\/\/www.newmansown.com\/es\/product\/white-pepper\/\" \/>\n<meta property=\"og:locale\" content=\"es_ES\" \/>\n<meta property=\"og:type\" content=\"article\" \/>\n<meta property=\"og:title\" content=\"White Pepper | Newman&#039;s Own\" \/>\n<meta property=\"og:description\" content=\"La pimienta blanca se elabora a partir de bayas de pimienta completamente maduras que se remojan en agua durante unos 10 d\u00edas, lo que da lugar a la fermentaci\u00f3n. Despu\u00e9s, se les quita la capa exterior, lo que reduce parte de su compuesto de piperina, as\u00ed como los aceites vol\u00e1tiles que dan a la pimienta negra su aroma. Este proceso confiere a la pimienta blanca un sabor y un componente picante diferentes a los de la pimienta negra. El sabor es m\u00e1s sutil, brillante, agudo, picante y herb\u00e1ceo que el de la pimienta negra.                       La pimienta blanca debe a\u00f1adirse una vez cocinado el plato, ya que si se calienta demasiado puede desprender un sabor amargo.                       Util\u00edcelo en pollo, cerdo, pescado, asados, patatas, salteados, salsas, sopas, guisos, salsas y adobos, y en sopa de almejas.                       Com\u00fan en la cocina brasile\u00f1a, china y tailandesa, pero tambi\u00e9n siempre que la pimienta negra destaque visiblemente.                                     - Sin bioingenier\u00eda              - Certificado Kosher              - El 100% de los beneficios de Newman&#039;s Own se destina a fines ben\u00e9ficos\" \/>\n<meta property=\"og:url\" content=\"https:\/\/www.newmansown.com\/es\/product\/white-pepper\/\" \/>\n<meta property=\"og:site_name\" content=\"Newman&#039;s Own\" \/>\n<meta property=\"og:image\" content=\"https:\/\/newmansown.com\/wp-content\/uploads\/2024\/02\/newmans-own-PepperWhiteGround.png\" \/>\n\t<meta property=\"og:image:width\" content=\"1036\" \/>\n\t<meta property=\"og:image:height\" content=\"1100\" \/>\n\t<meta property=\"og:image:type\" content=\"image\/png\" \/>\n<meta name=\"twitter:card\" content=\"summary_large_image\" \/>\n<meta name=\"twitter:label1\" content=\"Est. reading time\" \/>\n\t<meta name=\"twitter:data1\" content=\"1 minute\" \/>\n<!-- \/ Yoast SEO plugin. -->","yoast_head_json":{"title":"White Pepper | Newman&#039;s Own","description":"La pimienta blanca se elabora a partir de bayas de pimienta completamente maduras que se remojan en agua durante unos 10 d\u00edas, lo que da lugar a la fermentaci\u00f3n. Despu\u00e9s, se les quita la capa exterior, lo que reduce parte de su compuesto de piperina, as\u00ed como los aceites vol\u00e1tiles que dan a la pimienta negra su aroma. Este proceso confiere a la pimienta blanca un sabor y un componente picante diferentes a los de la pimienta negra. El sabor es m\u00e1s sutil, brillante, agudo, picante y herb\u00e1ceo que el de la pimienta negra.                       La pimienta blanca debe a\u00f1adirse una vez cocinado el plato, ya que si se calienta demasiado puede desprender un sabor amargo.                       Util\u00edcelo en pollo, cerdo, pescado, asados, patatas, salteados, salsas, sopas, guisos, salsas y adobos, y en sopa de almejas.                       Com\u00fan en la cocina brasile\u00f1a, china y tailandesa, pero tambi\u00e9n siempre que la pimienta negra destaque visiblemente.                                     - Sin bioingenier\u00eda              - Certificado Kosher              - El 100% de los beneficios de Newman's Own se destina a fines ben\u00e9ficos","robots":{"index":"index","follow":"follow","max-snippet":"max-snippet:-1","max-image-preview":"max-image-preview:large","max-video-preview":"max-video-preview:-1"},"canonical":"https:\/\/www.newmansown.com\/es\/product\/white-pepper\/","og_locale":"es_ES","og_type":"article","og_title":"White Pepper | Newman&#039;s Own","og_description":"La pimienta blanca se elabora a partir de bayas de pimienta completamente maduras que se remojan en agua durante unos 10 d\u00edas, lo que da lugar a la fermentaci\u00f3n. Despu\u00e9s, se les quita la capa exterior, lo que reduce parte de su compuesto de piperina, as\u00ed como los aceites vol\u00e1tiles que dan a la pimienta negra su aroma. Este proceso confiere a la pimienta blanca un sabor y un componente picante diferentes a los de la pimienta negra. El sabor es m\u00e1s sutil, brillante, agudo, picante y herb\u00e1ceo que el de la pimienta negra.                       La pimienta blanca debe a\u00f1adirse una vez cocinado el plato, ya que si se calienta demasiado puede desprender un sabor amargo.                       Util\u00edcelo en pollo, cerdo, pescado, asados, patatas, salteados, salsas, sopas, guisos, salsas y adobos, y en sopa de almejas.                       Com\u00fan en la cocina brasile\u00f1a, china y tailandesa, pero tambi\u00e9n siempre que la pimienta negra destaque visiblemente.                                     - Sin bioingenier\u00eda              - Certificado Kosher              - El 100% de los beneficios de Newman's Own se destina a fines ben\u00e9ficos","og_url":"https:\/\/www.newmansown.com\/es\/product\/white-pepper\/","og_site_name":"Newman&#039;s Own","og_image":[{"width":1036,"height":1100,"url":"https:\/\/newmansown.com\/wp-content\/uploads\/2024\/02\/newmans-own-PepperWhiteGround.png","type":"image\/png"}],"twitter_card":"summary_large_image","twitter_misc":{"Est. reading time":"1 minute"},"schema":{"@context":"https:\/\/schema.org","@graph":[{"@type":["WebPage","ItemPage"],"@id":"https:\/\/www.newmansown.com\/es\/product\/white-pepper\/","url":"https:\/\/www.newmansown.com\/es\/product\/white-pepper\/","name":"White Pepper | Newman&#039;s Own","isPartOf":{"@id":"https:\/\/www.newmansown.com\/es\/#website"},"primaryImageOfPage":{"@id":"https:\/\/www.newmansown.com\/es\/product\/white-pepper\/#primaryimage"},"image":{"@id":"https:\/\/www.newmansown.com\/es\/product\/white-pepper\/#primaryimage"},"thumbnailUrl":"https:\/\/www.newmansown.com\/wp-content\/uploads\/2024\/02\/newmans-own-PepperWhiteGround.png","datePublished":"2022-10-28T02:47:48+00:00","description":"La pimienta blanca se elabora a partir de bayas de pimienta completamente maduras que se remojan en agua durante unos 10 d\u00edas, lo que da lugar a la fermentaci\u00f3n. Despu\u00e9s, se les quita la capa exterior, lo que reduce parte de su compuesto de piperina, as\u00ed como los aceites vol\u00e1tiles que dan a la pimienta negra su aroma. Este proceso confiere a la pimienta blanca un sabor y un componente picante diferentes a los de la pimienta negra. El sabor es m\u00e1s sutil, brillante, agudo, picante y herb\u00e1ceo que el de la pimienta negra. La pimienta blanca debe a\u00f1adirse una vez cocinado el plato, ya que si se calienta demasiado puede desprender un sabor amargo. Util\u00edcelo en pollo, cerdo, pescado, asados, patatas, salteados, salsas, sopas, guisos, salsas y adobos, y en sopa de almejas. Com\u00fan en la cocina brasile\u00f1a, china y tailandesa, pero tambi\u00e9n siempre que la pimienta negra destaque visiblemente. - Sin bioingenier\u00eda - Certificado Kosher - El 100% de los beneficios de Newman's Own se destina a fines ben\u00e9ficos","breadcrumb":{"@id":"https:\/\/www.newmansown.com\/es\/product\/white-pepper\/#breadcrumb"},"inLanguage":"es-ES","potentialAction":[{"@type":"ReadAction","target":["https:\/\/www.newmansown.com\/es\/product\/white-pepper\/"]}]},{"@type":"ImageObject","inLanguage":"es-ES","@id":"https:\/\/www.newmansown.com\/es\/product\/white-pepper\/#primaryimage","url":"https:\/\/www.newmansown.com\/wp-content\/uploads\/2024\/02\/newmans-own-PepperWhiteGround.png","contentUrl":"https:\/\/www.newmansown.com\/wp-content\/uploads\/2024\/02\/newmans-own-PepperWhiteGround.png","width":1036,"height":1100,"caption":"Ground White Pepper"},{"@type":"BreadcrumbList","@id":"https:\/\/www.newmansown.com\/es\/product\/white-pepper\/#breadcrumb","itemListElement":[{"@type":"ListItem","position":1,"name":"Home","item":"https:\/\/newmansown.com\/es\/"},{"@type":"ListItem","position":2,"name":"Productos","item":"https:\/\/www.newmansown.com\/es\/productos\/"},{"@type":"ListItem","position":3,"name":"White Pepper"}]},{"@type":"WebSite","@id":"https:\/\/www.newmansown.com\/es\/#website","url":"https:\/\/www.newmansown.com\/es\/","name":"Newman&#039;s Own","description":"Let&#039;s Give It All Away","publisher":{"@id":"https:\/\/www.newmansown.com\/es\/#organization"},"potentialAction":[{"@type":"SearchAction","target":{"@type":"EntryPoint","urlTemplate":"https:\/\/www.newmansown.com\/es\/?s={search_term_string}"},"query-input":{"@type":"PropertyValueSpecification","valueRequired":true,"valueName":"search_term_string"}}],"inLanguage":"es-ES"},{"@type":"Organization","@id":"https:\/\/www.newmansown.com\/es\/#organization","name":"Newman&#039;s Own","url":"https:\/\/www.newmansown.com\/es\/","logo":{"@type":"ImageObject","inLanguage":"es-ES","@id":"https:\/\/www.newmansown.com\/es\/#\/schema\/logo\/image\/","url":"https:\/\/www.newmansown.com\/wp-content\/uploads\/2024\/02\/newmans-own-green-reg.png","contentUrl":"https:\/\/www.newmansown.com\/wp-content\/uploads\/2024\/02\/newmans-own-green-reg.png","width":737,"height":537,"caption":"Newman&#039;s Own"},"image":{"@id":"https:\/\/www.newmansown.com\/es\/#\/schema\/logo\/image\/"}}]}},"_links":{"self":[{"href":"https:\/\/www.newmansown.com\/es\/wp-json\/wp\/v2\/product\/5882","targetHints":{"allow":["GET"]}}],"collection":[{"href":"https:\/\/www.newmansown.com\/es\/wp-json\/wp\/v2\/product"}],"about":[{"href":"https:\/\/www.newmansown.com\/es\/wp-json\/wp\/v2\/types\/product"}],"wp:featuredmedia":[{"embeddable":true,"href":"https:\/\/www.newmansown.com\/es\/wp-json\/wp\/v2\/media\/8759"}],"wp:attachment":[{"href":"https:\/\/www.newmansown.com\/es\/wp-json\/wp\/v2\/media?parent=5882"}],"wp:term":[{"taxonomy":"product_brand","embeddable":true,"href":"https:\/\/www.newmansown.com\/es\/wp-json\/wp\/v2\/product_brand?post=5882"},{"taxonomy":"product_cat","embeddable":true,"href":"https:\/\/www.newmansown.com\/es\/wp-json\/wp\/v2\/product_cat?post=5882"},{"taxonomy":"product_tag","embeddable":true,"href":"https:\/\/www.newmansown.com\/es\/wp-json\/wp\/v2\/product_tag?post=5882"}],"curies":[{"name":"wp","href":"https:\/\/api.w.org\/{rel}","templated":true}]}}