{"id":5879,"date":"2022-10-27T22:50:38","date_gmt":"2022-10-28T02:50:38","guid":{"rendered":"https:\/\/newmansown.com\/product\/whole-pepper-medley\/"},"modified":"2022-10-27T22:50:38","modified_gmt":"2022-10-28T02:50:38","slug":"whole-pepper-medley","status":"publish","type":"product","link":"https:\/\/www.newmansown.com\/es\/product\/whole-pepper-medley\/","title":{"rendered":"Whole Pepper Medley"},"content":{"rendered":"<div class=\"ewa-rteLine\">Una mezcla vers\u00e1til de granos de pimienta negra, blanca, verde y rosa, caracterizada por un sabor fuerte y picante y un aroma penetrante.<\/div>\n<div class=\"ewa-rteLine\"><\/div>\n<div class=\"ewa-rteLine\">Cada color lleva sus propios sabores. Todos proceden del mismo arbusto, pero se recolectan en distintos grados de madurez y se procesan de forma diferente para conferirles un sabor \u00fanico. Los granos de pimienta negra, blanca y verde se recogen justo antes de que maduren. Los granos de pimienta negra, que tienen el sabor m\u00e1s fuerte, se dejan secar al sol, lo que oscurece la c\u00e1scara exterior. Los granos de pimienta verde no se secan, por lo que el color de la c\u00e1scara permanece inalterado. A\u00f1aden un toque picante, fresco y sabroso. Los granos de pimienta blanca se remojan en agua, lo que les permite fermentar un poco, y luego se les quita la c\u00e1scara. Esto les confiere un sabor propio y persistente. Los granos de pimienta rosa se recogen cuando est\u00e1n completamente maduros y tienen un sabor m\u00e1s dulce y suave.<\/div>\n<div class=\"ewa-rteLine\"><\/div>\n<div class=\"ewa-rteLine\">Moler granos de pimienta frescos a\u00f1ade el m\u00e1ximo sabor, picor y emoci\u00f3n a filetes y ternera, pollo, pescado, pasta, verduras, ensaladas, salsas y adobos, vinagretas y ali\u00f1os para ensaladas: cualquier cosa en la que se desee un toque picante.<\/div>\n<div class=\"ewa-rteLine\"><\/div>\n<div class=\"ewa-rteLine\">Trit\u00farelo justo antes de utilizarlo o a\u00f1\u00e1dalo m\u00e1s tarde al cocinar para obtener el sabor y el aroma m\u00e1s frescos y potentes.<\/div>\n<div><\/div>\n<div>\n<div class=\"ewa-rteLine\">&#8211; Certificado Kosher<\/div>\n<div class=\"ewa-rteLine\">&#8211; El 100% de los beneficios de Newman&#8217;s Own se destina a fines ben\u00e9ficos<\/div><\/div>\n","protected":false},"excerpt":{"rendered":"<div class=\"ewa-rteLine\">Una mezcla vers\u00e1til de granos de pimienta negra, blanca, verde y rosa, caracterizada por un sabor fuerte y picante y un aroma penetrante.<\/div>\n<div class=\"ewa-rteLine\"><\/div>\n<div class=\"ewa-rteLine\">Cada color lleva sus propios sabores. Todos proceden del mismo arbusto, pero se recolectan en distintos grados de madurez y se procesan de forma diferente para conferirles un sabor \u00fanico. Los granos de pimienta negra, blanca y verde se recogen justo antes de que maduren. Los granos de pimienta negra, que tienen el sabor m\u00e1s fuerte, se dejan secar al sol, lo que oscurece la c\u00e1scara exterior. Los granos de pimienta verde no se secan, por lo que el color de la c\u00e1scara permanece inalterado. A\u00f1aden un toque picante, fresco y sabroso. Los granos de pimienta blanca se remojan en agua, lo que les permite fermentar un poco, y luego se les quita la c\u00e1scara. Esto les confiere un sabor propio y persistente. Los granos de pimienta rosa se recolectan completamente maduros y tienen un sabor m\u00e1s dulce y suave.<\/div>\n<div class=\"ewa-rteLine\"><\/div>\n<div class=\"ewa-rteLine\">Moler granos de pimienta frescos a\u00f1ade el m\u00e1ximo sabor, picor y emoci\u00f3n a filetes y ternera, pollo, pescado, pasta, verduras, ensaladas, salsas y adobos, vinagretas y ali\u00f1os para ensaladas: cualquier cosa en la que se desee un toque picante.<\/div>\n<div class=\"ewa-rteLine\"><\/div>\n<div class=\"ewa-rteLine\">Trit\u00farelo justo antes de usarlo o a\u00f1\u00e1dalo m\u00e1s tarde al cocinar para obtener el sabor y el aroma m\u00e1s frescos y potentes.<\/div>\n<div><\/div>\n<div>\n<div class=\"ewa-rteLine\">&#8211; Certificado Kosher<\/div>\n<div class=\"ewa-rteLine\">&#8211; El 100% de los beneficios de Newman&#8217;s Own se destina a fines ben\u00e9ficos<\/div>\n<\/p><\/div>\n","protected":false},"featured_media":8617,"template":"","meta":{"_acf_changed":false,"inline_featured_image":false},"product_brand":[],"product_cat":[29],"product_tag":[],"class_list":{"0":"post-5879","1":"product","2":"type-product","3":"status-publish","4":"has-post-thumbnail","6":"product_cat-food","8":"first","9":"instock","10":"shipping-taxable","11":"product-type-simple"},"acf":[],"yoast_head":"<!-- This site is optimized with the Yoast SEO plugin v27.3 - https:\/\/yoast.com\/product\/yoast-seo-wordpress\/ -->\n<title>Whole Pepper Medley | Newman&#039;s Own<\/title>\n<meta name=\"description\" content=\"Una mezcla vers\u00e1til de granos de pimienta negra, blanca, verde y rosa, caracterizada por un sabor fuerte y picante y un aroma penetrante.                       Cada color lleva sus propios sabores. Todos proceden del mismo arbusto, pero se recolectan en distintos grados de madurez y se procesan de forma diferente para conferirles un sabor \u00fanico. Los granos de pimienta negra, blanca y verde se recogen justo antes de que maduren. Los granos de pimienta negra, que tienen el sabor m\u00e1s fuerte, se dejan secar al sol, lo que oscurece la c\u00e1scara exterior. Los granos de pimienta verde no se secan, por lo que el color de la c\u00e1scara permanece inalterado. A\u00f1aden un toque picante, fresco y sabroso. Los granos de pimienta blanca se remojan en agua, lo que les permite fermentar un poco, y luego se les quita la c\u00e1scara. Esto les confiere un sabor propio y persistente. Los granos de pimienta rosa se recolectan completamente maduros y tienen un sabor m\u00e1s dulce y suave.                       Moler granos de pimienta frescos a\u00f1ade el m\u00e1ximo sabor, picor y emoci\u00f3n a filetes y ternera, pollo, pescado, pasta, verduras, ensaladas, salsas y adobos, vinagretas y ali\u00f1os para ensaladas: cualquier cosa en la que se desee un toque picante.                       Trit\u00farelo justo antes de usarlo o a\u00f1\u00e1dalo m\u00e1s tarde al cocinar para obtener el sabor y el aroma m\u00e1s frescos y potentes.                                     - Certificado Kosher              - El 100% de los beneficios de Newman&#039;s Own se destina a fines ben\u00e9ficos\" \/>\n<meta name=\"robots\" content=\"index, follow, max-snippet:-1, max-image-preview:large, max-video-preview:-1\" \/>\n<link rel=\"canonical\" href=\"https:\/\/www.newmansown.com\/es\/product\/whole-pepper-medley\/\" \/>\n<meta property=\"og:locale\" content=\"es_ES\" \/>\n<meta property=\"og:type\" content=\"article\" \/>\n<meta property=\"og:title\" content=\"Whole Pepper Medley | Newman&#039;s Own\" \/>\n<meta property=\"og:description\" content=\"Una mezcla vers\u00e1til de granos de pimienta negra, blanca, verde y rosa, caracterizada por un sabor fuerte y picante y un aroma penetrante.                       Cada color lleva sus propios sabores. Todos proceden del mismo arbusto, pero se recolectan en distintos grados de madurez y se procesan de forma diferente para conferirles un sabor \u00fanico. Los granos de pimienta negra, blanca y verde se recogen justo antes de que maduren. Los granos de pimienta negra, que tienen el sabor m\u00e1s fuerte, se dejan secar al sol, lo que oscurece la c\u00e1scara exterior. Los granos de pimienta verde no se secan, por lo que el color de la c\u00e1scara permanece inalterado. A\u00f1aden un toque picante, fresco y sabroso. Los granos de pimienta blanca se remojan en agua, lo que les permite fermentar un poco, y luego se les quita la c\u00e1scara. Esto les confiere un sabor propio y persistente. Los granos de pimienta rosa se recolectan completamente maduros y tienen un sabor m\u00e1s dulce y suave.                       Moler granos de pimienta frescos a\u00f1ade el m\u00e1ximo sabor, picor y emoci\u00f3n a filetes y ternera, pollo, pescado, pasta, verduras, ensaladas, salsas y adobos, vinagretas y ali\u00f1os para ensaladas: cualquier cosa en la que se desee un toque picante.                       Trit\u00farelo justo antes de usarlo o a\u00f1\u00e1dalo m\u00e1s tarde al cocinar para obtener el sabor y el aroma m\u00e1s frescos y potentes.                                     - Certificado Kosher              - El 100% de los beneficios de Newman&#039;s Own se destina a fines ben\u00e9ficos\" \/>\n<meta property=\"og:url\" content=\"https:\/\/www.newmansown.com\/es\/product\/whole-pepper-medley\/\" \/>\n<meta property=\"og:site_name\" content=\"Newman&#039;s Own\" \/>\n<meta property=\"og:image\" content=\"https:\/\/www.newmansown.com\/wp-content\/uploads\/2022\/10\/NO_ConSpi_PepperWholeMedley_Main.png\" \/>\n\t<meta property=\"og:image:width\" content=\"1036\" \/>\n\t<meta property=\"og:image:height\" content=\"1100\" \/>\n\t<meta property=\"og:image:type\" content=\"image\/png\" \/>\n<meta name=\"twitter:card\" content=\"summary_large_image\" \/>\n<meta name=\"twitter:label1\" content=\"Est. reading time\" \/>\n\t<meta name=\"twitter:data1\" content=\"1 minute\" \/>\n<!-- \/ Yoast SEO plugin. -->","yoast_head_json":{"title":"Whole Pepper Medley | Newman&#039;s Own","description":"Una mezcla vers\u00e1til de granos de pimienta negra, blanca, verde y rosa, caracterizada por un sabor fuerte y picante y un aroma penetrante.                       Cada color lleva sus propios sabores. Todos proceden del mismo arbusto, pero se recolectan en distintos grados de madurez y se procesan de forma diferente para conferirles un sabor \u00fanico. Los granos de pimienta negra, blanca y verde se recogen justo antes de que maduren. Los granos de pimienta negra, que tienen el sabor m\u00e1s fuerte, se dejan secar al sol, lo que oscurece la c\u00e1scara exterior. Los granos de pimienta verde no se secan, por lo que el color de la c\u00e1scara permanece inalterado. A\u00f1aden un toque picante, fresco y sabroso. Los granos de pimienta blanca se remojan en agua, lo que les permite fermentar un poco, y luego se les quita la c\u00e1scara. Esto les confiere un sabor propio y persistente. Los granos de pimienta rosa se recolectan completamente maduros y tienen un sabor m\u00e1s dulce y suave.                       Moler granos de pimienta frescos a\u00f1ade el m\u00e1ximo sabor, picor y emoci\u00f3n a filetes y ternera, pollo, pescado, pasta, verduras, ensaladas, salsas y adobos, vinagretas y ali\u00f1os para ensaladas: cualquier cosa en la que se desee un toque picante.                       Trit\u00farelo justo antes de usarlo o a\u00f1\u00e1dalo m\u00e1s tarde al cocinar para obtener el sabor y el aroma m\u00e1s frescos y potentes.                                     - Certificado Kosher              - El 100% de los beneficios de Newman's Own se destina a fines ben\u00e9ficos","robots":{"index":"index","follow":"follow","max-snippet":"max-snippet:-1","max-image-preview":"max-image-preview:large","max-video-preview":"max-video-preview:-1"},"canonical":"https:\/\/www.newmansown.com\/es\/product\/whole-pepper-medley\/","og_locale":"es_ES","og_type":"article","og_title":"Whole Pepper Medley | Newman&#039;s Own","og_description":"Una mezcla vers\u00e1til de granos de pimienta negra, blanca, verde y rosa, caracterizada por un sabor fuerte y picante y un aroma penetrante.                       Cada color lleva sus propios sabores. Todos proceden del mismo arbusto, pero se recolectan en distintos grados de madurez y se procesan de forma diferente para conferirles un sabor \u00fanico. Los granos de pimienta negra, blanca y verde se recogen justo antes de que maduren. Los granos de pimienta negra, que tienen el sabor m\u00e1s fuerte, se dejan secar al sol, lo que oscurece la c\u00e1scara exterior. Los granos de pimienta verde no se secan, por lo que el color de la c\u00e1scara permanece inalterado. A\u00f1aden un toque picante, fresco y sabroso. Los granos de pimienta blanca se remojan en agua, lo que les permite fermentar un poco, y luego se les quita la c\u00e1scara. Esto les confiere un sabor propio y persistente. Los granos de pimienta rosa se recolectan completamente maduros y tienen un sabor m\u00e1s dulce y suave.                       Moler granos de pimienta frescos a\u00f1ade el m\u00e1ximo sabor, picor y emoci\u00f3n a filetes y ternera, pollo, pescado, pasta, verduras, ensaladas, salsas y adobos, vinagretas y ali\u00f1os para ensaladas: cualquier cosa en la que se desee un toque picante.                       Trit\u00farelo justo antes de usarlo o a\u00f1\u00e1dalo m\u00e1s tarde al cocinar para obtener el sabor y el aroma m\u00e1s frescos y potentes.                                     - Certificado Kosher              - El 100% de los beneficios de Newman's Own se destina a fines ben\u00e9ficos","og_url":"https:\/\/www.newmansown.com\/es\/product\/whole-pepper-medley\/","og_site_name":"Newman&#039;s Own","og_image":[{"width":1036,"height":1100,"url":"https:\/\/www.newmansown.com\/wp-content\/uploads\/2022\/10\/NO_ConSpi_PepperWholeMedley_Main.png","type":"image\/png"}],"twitter_card":"summary_large_image","twitter_misc":{"Est. reading time":"1 minute"},"schema":{"@context":"https:\/\/schema.org","@graph":[{"@type":["WebPage","ItemPage"],"@id":"https:\/\/www.newmansown.com\/es\/product\/whole-pepper-medley\/","url":"https:\/\/www.newmansown.com\/es\/product\/whole-pepper-medley\/","name":"Whole Pepper Medley | Newman&#039;s Own","isPartOf":{"@id":"https:\/\/www.newmansown.com\/es\/#website"},"primaryImageOfPage":{"@id":"https:\/\/www.newmansown.com\/es\/product\/whole-pepper-medley\/#primaryimage"},"image":{"@id":"https:\/\/www.newmansown.com\/es\/product\/whole-pepper-medley\/#primaryimage"},"thumbnailUrl":"https:\/\/www.newmansown.com\/wp-content\/uploads\/2022\/10\/NO_ConSpi_PepperWholeMedley_Main.png","datePublished":"2022-10-28T02:50:38+00:00","description":"Una mezcla vers\u00e1til de granos de pimienta negra, blanca, verde y rosa, caracterizada por un sabor fuerte y picante y un aroma penetrante. Cada color lleva sus propios sabores. Todos proceden del mismo arbusto, pero se recolectan en distintos grados de madurez y se procesan de forma diferente para conferirles un sabor \u00fanico. Los granos de pimienta negra, blanca y verde se recogen justo antes de que maduren. Los granos de pimienta negra, que tienen el sabor m\u00e1s fuerte, se dejan secar al sol, lo que oscurece la c\u00e1scara exterior. Los granos de pimienta verde no se secan, por lo que el color de la c\u00e1scara permanece inalterado. A\u00f1aden un toque picante, fresco y sabroso. Los granos de pimienta blanca se remojan en agua, lo que les permite fermentar un poco, y luego se les quita la c\u00e1scara. Esto les confiere un sabor propio y persistente. Los granos de pimienta rosa se recolectan completamente maduros y tienen un sabor m\u00e1s dulce y suave. Moler granos de pimienta frescos a\u00f1ade el m\u00e1ximo sabor, picor y emoci\u00f3n a filetes y ternera, pollo, pescado, pasta, verduras, ensaladas, salsas y adobos, vinagretas y ali\u00f1os para ensaladas: cualquier cosa en la que se desee un toque picante. Trit\u00farelo justo antes de usarlo o a\u00f1\u00e1dalo m\u00e1s tarde al cocinar para obtener el sabor y el aroma m\u00e1s frescos y potentes. - Certificado Kosher - El 100% de los beneficios de Newman's Own se destina a fines ben\u00e9ficos","breadcrumb":{"@id":"https:\/\/www.newmansown.com\/es\/product\/whole-pepper-medley\/#breadcrumb"},"inLanguage":"es-ES","potentialAction":[{"@type":"ReadAction","target":["https:\/\/www.newmansown.com\/es\/product\/whole-pepper-medley\/"]}]},{"@type":"ImageObject","inLanguage":"es-ES","@id":"https:\/\/www.newmansown.com\/es\/product\/whole-pepper-medley\/#primaryimage","url":"https:\/\/www.newmansown.com\/wp-content\/uploads\/2022\/10\/NO_ConSpi_PepperWholeMedley_Main.png","contentUrl":"https:\/\/www.newmansown.com\/wp-content\/uploads\/2022\/10\/NO_ConSpi_PepperWholeMedley_Main.png","width":1036,"height":1100,"caption":"Newman's Own Whole Pepper Medley"},{"@type":"BreadcrumbList","@id":"https:\/\/www.newmansown.com\/es\/product\/whole-pepper-medley\/#breadcrumb","itemListElement":[{"@type":"ListItem","position":1,"name":"Home","item":"https:\/\/newmansown.com\/es\/"},{"@type":"ListItem","position":2,"name":"Productos","item":"https:\/\/www.newmansown.com\/es\/productos\/"},{"@type":"ListItem","position":3,"name":"Whole Pepper Medley"}]},{"@type":"WebSite","@id":"https:\/\/www.newmansown.com\/es\/#website","url":"https:\/\/www.newmansown.com\/es\/","name":"Newman&#039;s Own","description":"Let&#039;s Give It All Away","publisher":{"@id":"https:\/\/www.newmansown.com\/es\/#organization"},"potentialAction":[{"@type":"SearchAction","target":{"@type":"EntryPoint","urlTemplate":"https:\/\/www.newmansown.com\/es\/?s={search_term_string}"},"query-input":{"@type":"PropertyValueSpecification","valueRequired":true,"valueName":"search_term_string"}}],"inLanguage":"es-ES"},{"@type":"Organization","@id":"https:\/\/www.newmansown.com\/es\/#organization","name":"Newman&#039;s Own","url":"https:\/\/www.newmansown.com\/es\/","logo":{"@type":"ImageObject","inLanguage":"es-ES","@id":"https:\/\/www.newmansown.com\/es\/#\/schema\/logo\/image\/","url":"https:\/\/www.newmansown.com\/wp-content\/uploads\/2024\/02\/newmans-own-green-reg.png","contentUrl":"https:\/\/www.newmansown.com\/wp-content\/uploads\/2024\/02\/newmans-own-green-reg.png","width":737,"height":537,"caption":"Newman&#039;s Own"},"image":{"@id":"https:\/\/www.newmansown.com\/es\/#\/schema\/logo\/image\/"}}]}},"_links":{"self":[{"href":"https:\/\/www.newmansown.com\/es\/wp-json\/wp\/v2\/product\/5879","targetHints":{"allow":["GET"]}}],"collection":[{"href":"https:\/\/www.newmansown.com\/es\/wp-json\/wp\/v2\/product"}],"about":[{"href":"https:\/\/www.newmansown.com\/es\/wp-json\/wp\/v2\/types\/product"}],"wp:featuredmedia":[{"embeddable":true,"href":"https:\/\/www.newmansown.com\/es\/wp-json\/wp\/v2\/media\/8617"}],"wp:attachment":[{"href":"https:\/\/www.newmansown.com\/es\/wp-json\/wp\/v2\/media?parent=5879"}],"wp:term":[{"taxonomy":"product_brand","embeddable":true,"href":"https:\/\/www.newmansown.com\/es\/wp-json\/wp\/v2\/product_brand?post=5879"},{"taxonomy":"product_cat","embeddable":true,"href":"https:\/\/www.newmansown.com\/es\/wp-json\/wp\/v2\/product_cat?post=5879"},{"taxonomy":"product_tag","embeddable":true,"href":"https:\/\/www.newmansown.com\/es\/wp-json\/wp\/v2\/product_tag?post=5879"}],"curies":[{"name":"wp","href":"https:\/\/api.w.org\/{rel}","templated":true}]}}