{"id":5787,"date":"2022-04-12T10:33:18","date_gmt":"2022-04-12T14:33:18","guid":{"rendered":"https:\/\/newmansown.com\/product\/supreme-pizza\/"},"modified":"2022-04-12T10:33:18","modified_gmt":"2022-04-12T14:33:18","slug":"supreme-pizza","status":"publish","type":"product","link":"https:\/\/www.newmansown.com\/es\/product\/supreme-pizza\/","title":{"rendered":"Supreme Pizza"},"content":{"rendered":"<p>Esta pizza lleva lo supremo al extremo, y estamos deseando que tus papilas gustativas se unan a la aventura.<\/p>\n<p>La pizza Newman&#8217;s Own Thin &amp; Crispy Supreme nos ofrece esa mezcla tradicional de salchicha italiana, pepperoni, pimiento rojo y amarillo y cebolla. Pero espera, \u00a1hay m\u00e1s! Todo ello ba\u00f1ado en la m\u00e1s sabrosa de las salsas, cubierto con mozzarella de leche entera y asentado sobre nuestra caracter\u00edstica corteza multicereales para ofrecerle el crujido perfecto.<\/p>\n","protected":false},"excerpt":{"rendered":"<p>Esta pizza lleva lo supremo al extremo, y estamos deseando que tus papilas gustativas se unan a la aventura.<\/p>\n<p>La pizza Newman&#8217;s Own Thin &amp; Crispy Supreme nos ofrece esa mezcla tradicional de salchicha italiana, pepperoni, pimiento rojo y amarillo y cebolla. Pero espera, \u00a1hay m\u00e1s! Todo ello ba\u00f1ado en la m\u00e1s sabrosa de las salsas, cubierto con mozzarella de leche entera y asentado sobre nuestra caracter\u00edstica corteza multicereales para ofrecerle el crujido perfecto.<\/p>\n","protected":false},"featured_media":12718,"template":"","meta":{"_acf_changed":false,"inline_featured_image":false},"product_brand":[],"product_cat":[360],"product_tag":[],"class_list":{"0":"post-5787","1":"product","2":"type-product","3":"status-publish","4":"has-post-thumbnail","6":"product_cat-pizza-es","8":"first","9":"instock","10":"shipping-taxable","11":"product-type-simple"},"acf":[],"yoast_head":"<!-- This site is optimized with the Yoast SEO plugin v27.3 - https:\/\/yoast.com\/product\/yoast-seo-wordpress\/ -->\n<title>Supreme Pizza | Newman&#039;s Own<\/title>\n<meta name=\"description\" content=\"Esta pizza lleva lo supremo al extremo, y estamos deseando que tus papilas gustativas se unan a la aventura. La pizza Newman&#039;s Own Thin &amp; Crispy Supreme nos ofrece esa mezcla tradicional de salchicha italiana, pepperoni, pimiento rojo y amarillo y cebolla. Pero espera, \u00a1hay m\u00e1s! Todo ello ba\u00f1ado en la m\u00e1s sabrosa de las salsas, cubierto con mozzarella de leche entera y asentado sobre nuestra caracter\u00edstica corteza multicereales para ofrecerle el crujido perfecto.\" \/>\n<meta name=\"robots\" content=\"index, follow, max-snippet:-1, max-image-preview:large, max-video-preview:-1\" \/>\n<link rel=\"canonical\" href=\"https:\/\/www.newmansown.com\/es\/product\/supreme-pizza\/\" \/>\n<meta property=\"og:locale\" content=\"es_ES\" \/>\n<meta property=\"og:type\" content=\"article\" \/>\n<meta property=\"og:title\" content=\"Supreme Pizza | Newman&#039;s Own\" \/>\n<meta property=\"og:description\" content=\"Esta pizza lleva lo supremo al extremo, y estamos deseando que tus papilas gustativas se unan a la aventura. La pizza Newman&#039;s Own Thin &amp; Crispy Supreme nos ofrece esa mezcla tradicional de salchicha italiana, pepperoni, pimiento rojo y amarillo y cebolla. Pero espera, \u00a1hay m\u00e1s! Todo ello ba\u00f1ado en la m\u00e1s sabrosa de las salsas, cubierto con mozzarella de leche entera y asentado sobre nuestra caracter\u00edstica corteza multicereales para ofrecerle el crujido perfecto.\" \/>\n<meta property=\"og:url\" content=\"https:\/\/www.newmansown.com\/es\/product\/supreme-pizza\/\" \/>\n<meta property=\"og:site_name\" content=\"Newman&#039;s Own\" \/>\n<meta property=\"og:image\" content=\"https:\/\/newmansown.com\/wp-content\/uploads\/2022\/04\/Supreme-1.png\" \/>\n\t<meta property=\"og:image:width\" content=\"1036\" \/>\n\t<meta property=\"og:image:height\" content=\"1100\" \/>\n\t<meta property=\"og:image:type\" content=\"image\/png\" \/>\n<meta name=\"twitter:card\" content=\"summary_large_image\" \/>\n<!-- \/ Yoast SEO plugin. -->","yoast_head_json":{"title":"Supreme Pizza | Newman&#039;s Own","description":"Esta pizza lleva lo supremo al extremo, y estamos deseando que tus papilas gustativas se unan a la aventura. La pizza Newman's Own Thin &amp; Crispy Supreme nos ofrece esa mezcla tradicional de salchicha italiana, pepperoni, pimiento rojo y amarillo y cebolla. Pero espera, \u00a1hay m\u00e1s! Todo ello ba\u00f1ado en la m\u00e1s sabrosa de las salsas, cubierto con mozzarella de leche entera y asentado sobre nuestra caracter\u00edstica corteza multicereales para ofrecerle el crujido perfecto.","robots":{"index":"index","follow":"follow","max-snippet":"max-snippet:-1","max-image-preview":"max-image-preview:large","max-video-preview":"max-video-preview:-1"},"canonical":"https:\/\/www.newmansown.com\/es\/product\/supreme-pizza\/","og_locale":"es_ES","og_type":"article","og_title":"Supreme Pizza | Newman&#039;s Own","og_description":"Esta pizza lleva lo supremo al extremo, y estamos deseando que tus papilas gustativas se unan a la aventura. La pizza Newman's Own Thin &amp; Crispy Supreme nos ofrece esa mezcla tradicional de salchicha italiana, pepperoni, pimiento rojo y amarillo y cebolla. Pero espera, \u00a1hay m\u00e1s! Todo ello ba\u00f1ado en la m\u00e1s sabrosa de las salsas, cubierto con mozzarella de leche entera y asentado sobre nuestra caracter\u00edstica corteza multicereales para ofrecerle el crujido perfecto.","og_url":"https:\/\/www.newmansown.com\/es\/product\/supreme-pizza\/","og_site_name":"Newman&#039;s Own","og_image":[{"width":1036,"height":1100,"url":"https:\/\/newmansown.com\/wp-content\/uploads\/2022\/04\/Supreme-1.png","type":"image\/png"}],"twitter_card":"summary_large_image","schema":{"@context":"https:\/\/schema.org","@graph":[{"@type":["WebPage","ItemPage"],"@id":"https:\/\/www.newmansown.com\/es\/product\/supreme-pizza\/","url":"https:\/\/www.newmansown.com\/es\/product\/supreme-pizza\/","name":"Supreme Pizza | Newman&#039;s Own","isPartOf":{"@id":"https:\/\/www.newmansown.com\/es\/#website"},"primaryImageOfPage":{"@id":"https:\/\/www.newmansown.com\/es\/product\/supreme-pizza\/#primaryimage"},"image":{"@id":"https:\/\/www.newmansown.com\/es\/product\/supreme-pizza\/#primaryimage"},"thumbnailUrl":"https:\/\/www.newmansown.com\/wp-content\/uploads\/2022\/04\/thin-crispy-supreme-pizza-1.png","datePublished":"2022-04-12T14:33:18+00:00","description":"Esta pizza lleva lo supremo al extremo, y estamos deseando que tus papilas gustativas se unan a la aventura. La pizza Newman's Own Thin &amp; Crispy Supreme nos ofrece esa mezcla tradicional de salchicha italiana, pepperoni, pimiento rojo y amarillo y cebolla. Pero espera, \u00a1hay m\u00e1s! Todo ello ba\u00f1ado en la m\u00e1s sabrosa de las salsas, cubierto con mozzarella de leche entera y asentado sobre nuestra caracter\u00edstica corteza multicereales para ofrecerle el crujido perfecto.","breadcrumb":{"@id":"https:\/\/www.newmansown.com\/es\/product\/supreme-pizza\/#breadcrumb"},"inLanguage":"es-ES","potentialAction":[{"@type":"ReadAction","target":["https:\/\/www.newmansown.com\/es\/product\/supreme-pizza\/"]}]},{"@type":"ImageObject","inLanguage":"es-ES","@id":"https:\/\/www.newmansown.com\/es\/product\/supreme-pizza\/#primaryimage","url":"https:\/\/www.newmansown.com\/wp-content\/uploads\/2022\/04\/thin-crispy-supreme-pizza-1.png","contentUrl":"https:\/\/www.newmansown.com\/wp-content\/uploads\/2022\/04\/thin-crispy-supreme-pizza-1.png","width":1036,"height":1100,"caption":"Supreme Pizza"},{"@type":"BreadcrumbList","@id":"https:\/\/www.newmansown.com\/es\/product\/supreme-pizza\/#breadcrumb","itemListElement":[{"@type":"ListItem","position":1,"name":"Home","item":"https:\/\/newmansown.com\/es\/"},{"@type":"ListItem","position":2,"name":"Productos","item":"https:\/\/www.newmansown.com\/es\/productos\/"},{"@type":"ListItem","position":3,"name":"Supreme Pizza"}]},{"@type":"WebSite","@id":"https:\/\/www.newmansown.com\/es\/#website","url":"https:\/\/www.newmansown.com\/es\/","name":"Newman&#039;s Own","description":"Let&#039;s Give It All Away","publisher":{"@id":"https:\/\/www.newmansown.com\/es\/#organization"},"potentialAction":[{"@type":"SearchAction","target":{"@type":"EntryPoint","urlTemplate":"https:\/\/www.newmansown.com\/es\/?s={search_term_string}"},"query-input":{"@type":"PropertyValueSpecification","valueRequired":true,"valueName":"search_term_string"}}],"inLanguage":"es-ES"},{"@type":"Organization","@id":"https:\/\/www.newmansown.com\/es\/#organization","name":"Newman&#039;s Own","url":"https:\/\/www.newmansown.com\/es\/","logo":{"@type":"ImageObject","inLanguage":"es-ES","@id":"https:\/\/www.newmansown.com\/es\/#\/schema\/logo\/image\/","url":"https:\/\/www.newmansown.com\/wp-content\/uploads\/2024\/02\/newmans-own-green-reg.png","contentUrl":"https:\/\/www.newmansown.com\/wp-content\/uploads\/2024\/02\/newmans-own-green-reg.png","width":737,"height":537,"caption":"Newman&#039;s Own"},"image":{"@id":"https:\/\/www.newmansown.com\/es\/#\/schema\/logo\/image\/"}}]}},"_links":{"self":[{"href":"https:\/\/www.newmansown.com\/es\/wp-json\/wp\/v2\/product\/5787","targetHints":{"allow":["GET"]}}],"collection":[{"href":"https:\/\/www.newmansown.com\/es\/wp-json\/wp\/v2\/product"}],"about":[{"href":"https:\/\/www.newmansown.com\/es\/wp-json\/wp\/v2\/types\/product"}],"wp:featuredmedia":[{"embeddable":true,"href":"https:\/\/www.newmansown.com\/es\/wp-json\/wp\/v2\/media\/12718"}],"wp:attachment":[{"href":"https:\/\/www.newmansown.com\/es\/wp-json\/wp\/v2\/media?parent=5787"}],"wp:term":[{"taxonomy":"product_brand","embeddable":true,"href":"https:\/\/www.newmansown.com\/es\/wp-json\/wp\/v2\/product_brand?post=5787"},{"taxonomy":"product_cat","embeddable":true,"href":"https:\/\/www.newmansown.com\/es\/wp-json\/wp\/v2\/product_cat?post=5787"},{"taxonomy":"product_tag","embeddable":true,"href":"https:\/\/www.newmansown.com\/es\/wp-json\/wp\/v2\/product_tag?post=5787"}],"curies":[{"name":"wp","href":"https:\/\/api.w.org\/{rel}","templated":true}]}}