{"id":5785,"date":"2022-04-12T10:42:09","date_gmt":"2022-04-12T14:42:09","guid":{"rendered":"https:\/\/newmansown.com\/product\/cauliflower-crust-margherita-pizza\/"},"modified":"2022-04-12T10:42:09","modified_gmt":"2022-04-12T14:42:09","slug":"cauliflower-crust-margherita-pizza","status":"publish","type":"product","link":"https:\/\/www.newmansown.com\/es\/product\/cauliflower-crust-margherita-pizza\/","title":{"rendered":"Cauliflower Crust Margherita Pizza"},"content":{"rendered":"<p>Quien dijo que la Margherita no puede gustar a todo el mundo no sab\u00eda que la hicimos con una corteza de coliflor.<\/p>\n<p>Disfruta de todos los sabores italianos en esta opci\u00f3n certificada sin gluten con la pizza Margherita con corteza de coliflor Newman&#8217;s Own. Una sabrosa combinaci\u00f3n de tomates en dados y mozzarella, con un toque de albahaca, r\u00e1pida y f\u00e1cilmente horneada a la perfecci\u00f3n.<\/p>\n","protected":false},"excerpt":{"rendered":"<p>Quien dijo que la Margherita no puede gustar a todo el mundo no sab\u00eda que la hicimos con una corteza de coliflor.<\/p>\n<p>Disfruta de todos los sabores italianos en esta opci\u00f3n certificada sin gluten con la pizza Newman&#8217;s Own Cauliflower Crust Margherita. Una sabrosa combinaci\u00f3n de tomates en dados y mozzarella, con un toque de albahaca, r\u00e1pida y f\u00e1cilmente horneada a la perfecci\u00f3n.<\/p>\n","protected":false},"featured_media":4076,"template":"","meta":{"_acf_changed":false,"inline_featured_image":false},"product_brand":[],"product_cat":[360],"product_tag":[379],"class_list":{"0":"post-5785","1":"product","2":"type-product","3":"status-publish","4":"has-post-thumbnail","6":"product_cat-pizza-es","7":"product_tag-sin-gluten","9":"first","10":"instock","11":"shipping-taxable","12":"product-type-simple"},"acf":[],"yoast_head":"<!-- This site is optimized with the Yoast SEO plugin v27.3 - https:\/\/yoast.com\/product\/yoast-seo-wordpress\/ -->\n<title>Cauliflower Crust Margherita Pizza | Newman&#039;s Own<\/title>\n<meta name=\"description\" content=\"Quien dijo que la Margherita no puede gustar a todo el mundo no sab\u00eda que la hicimos con una corteza de coliflor. Disfruta de todos los sabores italianos en esta opci\u00f3n certificada sin gluten con la pizza Newman&#039;s Own Cauliflower Crust Margherita. Una sabrosa combinaci\u00f3n de tomates en dados y mozzarella, con un toque de albahaca, r\u00e1pida y f\u00e1cilmente horneada a la perfecci\u00f3n.\" \/>\n<meta name=\"robots\" content=\"index, follow, max-snippet:-1, max-image-preview:large, max-video-preview:-1\" \/>\n<link rel=\"canonical\" href=\"https:\/\/www.newmansown.com\/es\/product\/cauliflower-crust-margherita-pizza\/\" \/>\n<meta property=\"og:locale\" content=\"es_ES\" \/>\n<meta property=\"og:type\" content=\"article\" \/>\n<meta property=\"og:title\" content=\"Cauliflower Crust Margherita Pizza | Newman&#039;s Own\" \/>\n<meta property=\"og:description\" content=\"Quien dijo que la Margherita no puede gustar a todo el mundo no sab\u00eda que la hicimos con una corteza de coliflor. Disfruta de todos los sabores italianos en esta opci\u00f3n certificada sin gluten con la pizza Newman&#039;s Own Cauliflower Crust Margherita. Una sabrosa combinaci\u00f3n de tomates en dados y mozzarella, con un toque de albahaca, r\u00e1pida y f\u00e1cilmente horneada a la perfecci\u00f3n.\" \/>\n<meta property=\"og:url\" content=\"https:\/\/www.newmansown.com\/es\/product\/cauliflower-crust-margherita-pizza\/\" \/>\n<meta property=\"og:site_name\" content=\"Newman&#039;s Own\" \/>\n<meta property=\"og:image\" content=\"https:\/\/www.newmansown.com\/wp-content\/uploads\/2022\/04\/cauliflower-margherita.png\" \/>\n\t<meta property=\"og:image:width\" content=\"1036\" \/>\n\t<meta property=\"og:image:height\" content=\"1100\" \/>\n\t<meta property=\"og:image:type\" content=\"image\/png\" \/>\n<meta name=\"twitter:card\" content=\"summary_large_image\" \/>\n<!-- \/ Yoast SEO plugin. -->","yoast_head_json":{"title":"Cauliflower Crust Margherita Pizza | Newman&#039;s Own","description":"Quien dijo que la Margherita no puede gustar a todo el mundo no sab\u00eda que la hicimos con una corteza de coliflor. Disfruta de todos los sabores italianos en esta opci\u00f3n certificada sin gluten con la pizza Newman's Own Cauliflower Crust Margherita. Una sabrosa combinaci\u00f3n de tomates en dados y mozzarella, con un toque de albahaca, r\u00e1pida y f\u00e1cilmente horneada a la perfecci\u00f3n.","robots":{"index":"index","follow":"follow","max-snippet":"max-snippet:-1","max-image-preview":"max-image-preview:large","max-video-preview":"max-video-preview:-1"},"canonical":"https:\/\/www.newmansown.com\/es\/product\/cauliflower-crust-margherita-pizza\/","og_locale":"es_ES","og_type":"article","og_title":"Cauliflower Crust Margherita Pizza | Newman&#039;s Own","og_description":"Quien dijo que la Margherita no puede gustar a todo el mundo no sab\u00eda que la hicimos con una corteza de coliflor. Disfruta de todos los sabores italianos en esta opci\u00f3n certificada sin gluten con la pizza Newman's Own Cauliflower Crust Margherita. Una sabrosa combinaci\u00f3n de tomates en dados y mozzarella, con un toque de albahaca, r\u00e1pida y f\u00e1cilmente horneada a la perfecci\u00f3n.","og_url":"https:\/\/www.newmansown.com\/es\/product\/cauliflower-crust-margherita-pizza\/","og_site_name":"Newman&#039;s Own","og_image":[{"width":1036,"height":1100,"url":"https:\/\/www.newmansown.com\/wp-content\/uploads\/2022\/04\/cauliflower-margherita.png","type":"image\/png"}],"twitter_card":"summary_large_image","schema":{"@context":"https:\/\/schema.org","@graph":[{"@type":["WebPage","ItemPage"],"@id":"https:\/\/www.newmansown.com\/es\/product\/cauliflower-crust-margherita-pizza\/","url":"https:\/\/www.newmansown.com\/es\/product\/cauliflower-crust-margherita-pizza\/","name":"Cauliflower Crust Margherita Pizza | Newman&#039;s Own","isPartOf":{"@id":"https:\/\/www.newmansown.com\/es\/#website"},"primaryImageOfPage":{"@id":"https:\/\/www.newmansown.com\/es\/product\/cauliflower-crust-margherita-pizza\/#primaryimage"},"image":{"@id":"https:\/\/www.newmansown.com\/es\/product\/cauliflower-crust-margherita-pizza\/#primaryimage"},"thumbnailUrl":"https:\/\/www.newmansown.com\/wp-content\/uploads\/2022\/04\/cauliflower-margherita.png","datePublished":"2022-04-12T14:42:09+00:00","description":"Quien dijo que la Margherita no puede gustar a todo el mundo no sab\u00eda que la hicimos con una corteza de coliflor. Disfruta de todos los sabores italianos en esta opci\u00f3n certificada sin gluten con la pizza Newman's Own Cauliflower Crust Margherita. Una sabrosa combinaci\u00f3n de tomates en dados y mozzarella, con un toque de albahaca, r\u00e1pida y f\u00e1cilmente horneada a la perfecci\u00f3n.","breadcrumb":{"@id":"https:\/\/www.newmansown.com\/es\/product\/cauliflower-crust-margherita-pizza\/#breadcrumb"},"inLanguage":"es-ES","potentialAction":[{"@type":"ReadAction","target":["https:\/\/www.newmansown.com\/es\/product\/cauliflower-crust-margherita-pizza\/"]}]},{"@type":"ImageObject","inLanguage":"es-ES","@id":"https:\/\/www.newmansown.com\/es\/product\/cauliflower-crust-margherita-pizza\/#primaryimage","url":"https:\/\/www.newmansown.com\/wp-content\/uploads\/2022\/04\/cauliflower-margherita.png","contentUrl":"https:\/\/www.newmansown.com\/wp-content\/uploads\/2022\/04\/cauliflower-margherita.png","width":1036,"height":1100,"caption":"Cauliflower Crust Margherita"},{"@type":"BreadcrumbList","@id":"https:\/\/www.newmansown.com\/es\/product\/cauliflower-crust-margherita-pizza\/#breadcrumb","itemListElement":[{"@type":"ListItem","position":1,"name":"Home","item":"https:\/\/newmansown.com\/es\/"},{"@type":"ListItem","position":2,"name":"Productos","item":"https:\/\/www.newmansown.com\/es\/productos\/"},{"@type":"ListItem","position":3,"name":"Cauliflower Crust Margherita Pizza"}]},{"@type":"WebSite","@id":"https:\/\/www.newmansown.com\/es\/#website","url":"https:\/\/www.newmansown.com\/es\/","name":"Newman&#039;s Own","description":"Let&#039;s Give It All Away","publisher":{"@id":"https:\/\/www.newmansown.com\/es\/#organization"},"potentialAction":[{"@type":"SearchAction","target":{"@type":"EntryPoint","urlTemplate":"https:\/\/www.newmansown.com\/es\/?s={search_term_string}"},"query-input":{"@type":"PropertyValueSpecification","valueRequired":true,"valueName":"search_term_string"}}],"inLanguage":"es-ES"},{"@type":"Organization","@id":"https:\/\/www.newmansown.com\/es\/#organization","name":"Newman&#039;s Own","url":"https:\/\/www.newmansown.com\/es\/","logo":{"@type":"ImageObject","inLanguage":"es-ES","@id":"https:\/\/www.newmansown.com\/es\/#\/schema\/logo\/image\/","url":"https:\/\/www.newmansown.com\/wp-content\/uploads\/2024\/02\/newmans-own-green-reg.png","contentUrl":"https:\/\/www.newmansown.com\/wp-content\/uploads\/2024\/02\/newmans-own-green-reg.png","width":737,"height":537,"caption":"Newman&#039;s Own"},"image":{"@id":"https:\/\/www.newmansown.com\/es\/#\/schema\/logo\/image\/"}}]}},"_links":{"self":[{"href":"https:\/\/www.newmansown.com\/es\/wp-json\/wp\/v2\/product\/5785","targetHints":{"allow":["GET"]}}],"collection":[{"href":"https:\/\/www.newmansown.com\/es\/wp-json\/wp\/v2\/product"}],"about":[{"href":"https:\/\/www.newmansown.com\/es\/wp-json\/wp\/v2\/types\/product"}],"wp:featuredmedia":[{"embeddable":true,"href":"https:\/\/www.newmansown.com\/es\/wp-json\/wp\/v2\/media\/4076"}],"wp:attachment":[{"href":"https:\/\/www.newmansown.com\/es\/wp-json\/wp\/v2\/media?parent=5785"}],"wp:term":[{"taxonomy":"product_brand","embeddable":true,"href":"https:\/\/www.newmansown.com\/es\/wp-json\/wp\/v2\/product_brand?post=5785"},{"taxonomy":"product_cat","embeddable":true,"href":"https:\/\/www.newmansown.com\/es\/wp-json\/wp\/v2\/product_cat?post=5785"},{"taxonomy":"product_tag","embeddable":true,"href":"https:\/\/www.newmansown.com\/es\/wp-json\/wp\/v2\/product_tag?post=5785"}],"curies":[{"name":"wp","href":"https:\/\/api.w.org\/{rel}","templated":true}]}}