{"id":5781,"date":"2022-04-25T10:42:06","date_gmt":"2022-04-25T14:42:06","guid":{"rendered":"https:\/\/newmansown.com\/product\/organic-earl-grey-tea\/"},"modified":"2022-04-25T10:42:06","modified_gmt":"2022-04-25T14:42:06","slug":"organic-earl-grey-tea","status":"publish","type":"product","link":"https:\/\/www.newmansown.com\/es\/product\/organic-earl-grey-tea\/","title":{"rendered":"Organic Earl Grey Tea"},"content":{"rendered":"<p>Mejore su experiencia con el t\u00e9: Nuestro t\u00e9 negro org\u00e1nico est\u00e1 perfumado con aceite org\u00e1nico de bergamota prensado en fr\u00edo del c\u00edtrico italiano bergamota. Esta mezcla ofrece una refrescante sensaci\u00f3n de sabor que le alegrar\u00e1 el d\u00eda. Llamado as\u00ed por Charles Grey, Primer Ministro del Imperio Brit\u00e1nico en la d\u00e9cada de 1830, el Earl Grey es el cl\u00e1sico t\u00e9 de la tarde que puede disfrutarse a cualquier hora del d\u00eda.  <\/p>\n","protected":false},"excerpt":{"rendered":"<p>Mejore su experiencia con el t\u00e9: Nuestro t\u00e9 negro org\u00e1nico est\u00e1 perfumado con aceite org\u00e1nico de bergamota prensado en fr\u00edo del c\u00edtrico italiano bergamota. Esta mezcla ofrece una refrescante sensaci\u00f3n de sabor que le alegrar\u00e1 el d\u00eda. Llamado as\u00ed por Charles Grey, Primer Ministro del Imperio Brit\u00e1nico en la d\u00e9cada de 1830, el Earl Grey es el cl\u00e1sico t\u00e9 de la tarde que puede disfrutarse a cualquier hora del d\u00eda. <\/p>\n","protected":false},"featured_media":3688,"template":"","meta":{"_acf_changed":false,"inline_featured_image":false},"product_brand":[],"product_cat":[29],"product_tag":[],"class_list":{"0":"post-5781","1":"product","2":"type-product","3":"status-publish","4":"has-post-thumbnail","6":"product_cat-food","8":"first","9":"instock","10":"shipping-taxable","11":"product-type-simple"},"acf":[],"yoast_head":"<!-- This site is optimized with the Yoast SEO plugin v27.3 - https:\/\/yoast.com\/product\/yoast-seo-wordpress\/ -->\n<title>Organic Earl Grey Tea | Newman&#039;s Own<\/title>\n<meta name=\"description\" content=\"Mejore su experiencia con el t\u00e9: Nuestro t\u00e9 negro org\u00e1nico est\u00e1 perfumado con aceite org\u00e1nico de bergamota prensado en fr\u00edo del c\u00edtrico italiano bergamota. Esta mezcla ofrece una refrescante sensaci\u00f3n de sabor que le alegrar\u00e1 el d\u00eda. Llamado as\u00ed por Charles Grey, Primer Ministro del Imperio Brit\u00e1nico en la d\u00e9cada de 1830, el Earl Grey es el cl\u00e1sico t\u00e9 de la tarde que puede disfrutarse a cualquier hora del d\u00eda.\" \/>\n<meta name=\"robots\" content=\"index, follow, max-snippet:-1, max-image-preview:large, max-video-preview:-1\" \/>\n<link rel=\"canonical\" href=\"https:\/\/www.newmansown.com\/es\/product\/organic-earl-grey-tea\/\" \/>\n<meta property=\"og:locale\" content=\"es_ES\" \/>\n<meta property=\"og:type\" content=\"article\" \/>\n<meta property=\"og:title\" content=\"Organic Earl Grey Tea | Newman&#039;s Own\" \/>\n<meta property=\"og:description\" content=\"Mejore su experiencia con el t\u00e9: Nuestro t\u00e9 negro org\u00e1nico est\u00e1 perfumado con aceite org\u00e1nico de bergamota prensado en fr\u00edo del c\u00edtrico italiano bergamota. Esta mezcla ofrece una refrescante sensaci\u00f3n de sabor que le alegrar\u00e1 el d\u00eda. Llamado as\u00ed por Charles Grey, Primer Ministro del Imperio Brit\u00e1nico en la d\u00e9cada de 1830, el Earl Grey es el cl\u00e1sico t\u00e9 de la tarde que puede disfrutarse a cualquier hora del d\u00eda.\" \/>\n<meta property=\"og:url\" content=\"https:\/\/www.newmansown.com\/es\/product\/organic-earl-grey-tea\/\" \/>\n<meta property=\"og:site_name\" content=\"Newman&#039;s Own\" \/>\n<meta property=\"og:image\" content=\"https:\/\/thepizzatest.com\/wp-content\/uploads\/2022\/04\/organic-earl-grey.png\" \/>\n\t<meta property=\"og:image:width\" content=\"1036\" \/>\n\t<meta property=\"og:image:height\" content=\"1100\" \/>\n\t<meta property=\"og:image:type\" content=\"image\/png\" \/>\n<meta name=\"twitter:card\" content=\"summary_large_image\" \/>\n<!-- \/ Yoast SEO plugin. -->","yoast_head_json":{"title":"Organic Earl Grey Tea | Newman&#039;s Own","description":"Mejore su experiencia con el t\u00e9: Nuestro t\u00e9 negro org\u00e1nico est\u00e1 perfumado con aceite org\u00e1nico de bergamota prensado en fr\u00edo del c\u00edtrico italiano bergamota. Esta mezcla ofrece una refrescante sensaci\u00f3n de sabor que le alegrar\u00e1 el d\u00eda. Llamado as\u00ed por Charles Grey, Primer Ministro del Imperio Brit\u00e1nico en la d\u00e9cada de 1830, el Earl Grey es el cl\u00e1sico t\u00e9 de la tarde que puede disfrutarse a cualquier hora del d\u00eda.","robots":{"index":"index","follow":"follow","max-snippet":"max-snippet:-1","max-image-preview":"max-image-preview:large","max-video-preview":"max-video-preview:-1"},"canonical":"https:\/\/www.newmansown.com\/es\/product\/organic-earl-grey-tea\/","og_locale":"es_ES","og_type":"article","og_title":"Organic Earl Grey Tea | Newman&#039;s Own","og_description":"Mejore su experiencia con el t\u00e9: Nuestro t\u00e9 negro org\u00e1nico est\u00e1 perfumado con aceite org\u00e1nico de bergamota prensado en fr\u00edo del c\u00edtrico italiano bergamota. Esta mezcla ofrece una refrescante sensaci\u00f3n de sabor que le alegrar\u00e1 el d\u00eda. Llamado as\u00ed por Charles Grey, Primer Ministro del Imperio Brit\u00e1nico en la d\u00e9cada de 1830, el Earl Grey es el cl\u00e1sico t\u00e9 de la tarde que puede disfrutarse a cualquier hora del d\u00eda.","og_url":"https:\/\/www.newmansown.com\/es\/product\/organic-earl-grey-tea\/","og_site_name":"Newman&#039;s Own","og_image":[{"width":1036,"height":1100,"url":"https:\/\/thepizzatest.com\/wp-content\/uploads\/2022\/04\/organic-earl-grey.png","type":"image\/png"}],"twitter_card":"summary_large_image","schema":{"@context":"https:\/\/schema.org","@graph":[{"@type":["WebPage","ItemPage"],"@id":"https:\/\/www.newmansown.com\/es\/product\/organic-earl-grey-tea\/","url":"https:\/\/www.newmansown.com\/es\/product\/organic-earl-grey-tea\/","name":"Organic Earl Grey Tea | Newman&#039;s Own","isPartOf":{"@id":"https:\/\/www.newmansown.com\/es\/#website"},"primaryImageOfPage":{"@id":"https:\/\/www.newmansown.com\/es\/product\/organic-earl-grey-tea\/#primaryimage"},"image":{"@id":"https:\/\/www.newmansown.com\/es\/product\/organic-earl-grey-tea\/#primaryimage"},"thumbnailUrl":"https:\/\/www.newmansown.com\/wp-content\/uploads\/2022\/04\/organic-earl-grey.png","datePublished":"2022-04-25T14:42:06+00:00","description":"Mejore su experiencia con el t\u00e9: Nuestro t\u00e9 negro org\u00e1nico est\u00e1 perfumado con aceite org\u00e1nico de bergamota prensado en fr\u00edo del c\u00edtrico italiano bergamota. Esta mezcla ofrece una refrescante sensaci\u00f3n de sabor que le alegrar\u00e1 el d\u00eda. Llamado as\u00ed por Charles Grey, Primer Ministro del Imperio Brit\u00e1nico en la d\u00e9cada de 1830, el Earl Grey es el cl\u00e1sico t\u00e9 de la tarde que puede disfrutarse a cualquier hora del d\u00eda.","breadcrumb":{"@id":"https:\/\/www.newmansown.com\/es\/product\/organic-earl-grey-tea\/#breadcrumb"},"inLanguage":"es-ES","potentialAction":[{"@type":"ReadAction","target":["https:\/\/www.newmansown.com\/es\/product\/organic-earl-grey-tea\/"]}]},{"@type":"ImageObject","inLanguage":"es-ES","@id":"https:\/\/www.newmansown.com\/es\/product\/organic-earl-grey-tea\/#primaryimage","url":"https:\/\/www.newmansown.com\/wp-content\/uploads\/2022\/04\/organic-earl-grey.png","contentUrl":"https:\/\/www.newmansown.com\/wp-content\/uploads\/2022\/04\/organic-earl-grey.png","width":1036,"height":1100,"caption":"Organic Earl Grey Tea"},{"@type":"BreadcrumbList","@id":"https:\/\/www.newmansown.com\/es\/product\/organic-earl-grey-tea\/#breadcrumb","itemListElement":[{"@type":"ListItem","position":1,"name":"Home","item":"https:\/\/newmansown.com\/es\/"},{"@type":"ListItem","position":2,"name":"Productos","item":"https:\/\/www.newmansown.com\/es\/productos\/"},{"@type":"ListItem","position":3,"name":"Organic Earl Grey Tea"}]},{"@type":"WebSite","@id":"https:\/\/www.newmansown.com\/es\/#website","url":"https:\/\/www.newmansown.com\/es\/","name":"Newman&#039;s Own","description":"Let&#039;s Give It All Away","publisher":{"@id":"https:\/\/www.newmansown.com\/es\/#organization"},"potentialAction":[{"@type":"SearchAction","target":{"@type":"EntryPoint","urlTemplate":"https:\/\/www.newmansown.com\/es\/?s={search_term_string}"},"query-input":{"@type":"PropertyValueSpecification","valueRequired":true,"valueName":"search_term_string"}}],"inLanguage":"es-ES"},{"@type":"Organization","@id":"https:\/\/www.newmansown.com\/es\/#organization","name":"Newman&#039;s Own","url":"https:\/\/www.newmansown.com\/es\/","logo":{"@type":"ImageObject","inLanguage":"es-ES","@id":"https:\/\/www.newmansown.com\/es\/#\/schema\/logo\/image\/","url":"https:\/\/www.newmansown.com\/wp-content\/uploads\/2024\/02\/newmans-own-green-reg.png","contentUrl":"https:\/\/www.newmansown.com\/wp-content\/uploads\/2024\/02\/newmans-own-green-reg.png","width":737,"height":537,"caption":"Newman&#039;s Own"},"image":{"@id":"https:\/\/www.newmansown.com\/es\/#\/schema\/logo\/image\/"}}]}},"_links":{"self":[{"href":"https:\/\/www.newmansown.com\/es\/wp-json\/wp\/v2\/product\/5781","targetHints":{"allow":["GET"]}}],"collection":[{"href":"https:\/\/www.newmansown.com\/es\/wp-json\/wp\/v2\/product"}],"about":[{"href":"https:\/\/www.newmansown.com\/es\/wp-json\/wp\/v2\/types\/product"}],"wp:featuredmedia":[{"embeddable":true,"href":"https:\/\/www.newmansown.com\/es\/wp-json\/wp\/v2\/media\/3688"}],"wp:attachment":[{"href":"https:\/\/www.newmansown.com\/es\/wp-json\/wp\/v2\/media?parent=5781"}],"wp:term":[{"taxonomy":"product_brand","embeddable":true,"href":"https:\/\/www.newmansown.com\/es\/wp-json\/wp\/v2\/product_brand?post=5781"},{"taxonomy":"product_cat","embeddable":true,"href":"https:\/\/www.newmansown.com\/es\/wp-json\/wp\/v2\/product_cat?post=5781"},{"taxonomy":"product_tag","embeddable":true,"href":"https:\/\/www.newmansown.com\/es\/wp-json\/wp\/v2\/product_tag?post=5781"}],"curies":[{"name":"wp","href":"https:\/\/api.w.org\/{rel}","templated":true}]}}