{"id":5757,"date":"2022-04-25T11:36:06","date_gmt":"2022-04-25T15:36:06","guid":{"rendered":"https:\/\/newmansown.com\/product\/te-de-curcuma-y-jengibre-ecologico\/"},"modified":"2022-04-25T11:36:06","modified_gmt":"2022-04-25T15:36:06","slug":"organic-turmeric-ginger-herbal-tea","status":"publish","type":"product","link":"https:\/\/www.newmansown.com\/es\/product\/organic-turmeric-ginger-herbal-tea\/","title":{"rendered":"T\u00e9 de c\u00farcuma y jengibre ecol\u00f3gico"},"content":{"rendered":"<p>Eleva tu experiencia con el t\u00e9: La Newman&#8217;s Own Organic Turmeric Ginger Herbal Tea mezcla sabores picantes y salados para una experiencia \u00fanica en cada taza. La c\u00farcuma india da a esta mezcla un vibrante color amarillo, mientras que el calor del jengibre se suaviza con un brillante sabor c\u00edtrico y el dulzor natural de la ra\u00edz de regaliz.<\/p>\n","protected":false},"excerpt":{"rendered":"<p>Eleva tu experiencia con el t\u00e9: La Newman&#8217;s Own Organic Turmeric Ginger Herbal Tea mezcla sabores picantes y salados para una experiencia \u00fanica en cada taza. La c\u00farcuma india da a esta mezcla un vibrante color amarillo, mientras que el calor del jengibre se suaviza con un brillante sabor c\u00edtrico y el dulzor natural de la ra\u00edz de regaliz.<\/p>\n","protected":false},"featured_media":10321,"template":"","meta":{"_acf_changed":false,"inline_featured_image":false},"product_brand":[],"product_cat":[363,369],"product_tag":[],"class_list":{"0":"post-5757","1":"product","2":"type-product","3":"status-publish","4":"has-post-thumbnail","6":"product_cat-organico","7":"product_cat-te-organico","9":"first","10":"instock","11":"shipping-taxable","12":"product-type-simple"},"acf":[],"yoast_head":"<!-- This site is optimized with the Yoast SEO plugin v27.3 - https:\/\/yoast.com\/product\/yoast-seo-wordpress\/ -->\n<title>T\u00e9 de c\u00farcuma y jengibre ecol\u00f3gico | Newman&#039;s Own<\/title>\n<meta name=\"description\" content=\"Eleva tu experiencia con el t\u00e9: La Newman&#039;s Own Organic Turmeric Ginger Herbal Tea mezcla sabores picantes y salados para una experiencia \u00fanica en cada taza. La c\u00farcuma india da a esta mezcla un vibrante color amarillo, mientras que el calor del jengibre se suaviza con un brillante sabor c\u00edtrico y el dulzor natural de la ra\u00edz de regaliz.\" \/>\n<meta name=\"robots\" content=\"index, follow, max-snippet:-1, max-image-preview:large, max-video-preview:-1\" \/>\n<link rel=\"canonical\" href=\"https:\/\/www.newmansown.com\/es\/product\/organic-turmeric-ginger-herbal-tea\/\" \/>\n<meta property=\"og:locale\" content=\"es_ES\" \/>\n<meta property=\"og:type\" content=\"article\" \/>\n<meta property=\"og:title\" content=\"T\u00e9 de c\u00farcuma y jengibre ecol\u00f3gico | Newman&#039;s Own\" \/>\n<meta property=\"og:description\" content=\"Eleva tu experiencia con el t\u00e9: La Newman&#039;s Own Organic Turmeric Ginger Herbal Tea mezcla sabores picantes y salados para una experiencia \u00fanica en cada taza. La c\u00farcuma india da a esta mezcla un vibrante color amarillo, mientras que el calor del jengibre se suaviza con un brillante sabor c\u00edtrico y el dulzor natural de la ra\u00edz de regaliz.\" \/>\n<meta property=\"og:url\" content=\"https:\/\/www.newmansown.com\/es\/product\/organic-turmeric-ginger-herbal-tea\/\" \/>\n<meta property=\"og:site_name\" content=\"Newman&#039;s Own\" \/>\n<meta property=\"og:image\" content=\"https:\/\/www.newmansown.com\/wp-content\/uploads\/2022\/04\/Tumeric-Ginger-084643350784_01_1500@2x.png\" \/>\n\t<meta property=\"og:image:width\" content=\"1036\" \/>\n\t<meta property=\"og:image:height\" content=\"1100\" \/>\n\t<meta property=\"og:image:type\" content=\"image\/png\" \/>\n<meta name=\"twitter:card\" content=\"summary_large_image\" \/>\n<!-- \/ Yoast SEO plugin. -->","yoast_head_json":{"title":"T\u00e9 de c\u00farcuma y jengibre ecol\u00f3gico | Newman&#039;s Own","description":"Eleva tu experiencia con el t\u00e9: La Newman's Own Organic Turmeric Ginger Herbal Tea mezcla sabores picantes y salados para una experiencia \u00fanica en cada taza. La c\u00farcuma india da a esta mezcla un vibrante color amarillo, mientras que el calor del jengibre se suaviza con un brillante sabor c\u00edtrico y el dulzor natural de la ra\u00edz de regaliz.","robots":{"index":"index","follow":"follow","max-snippet":"max-snippet:-1","max-image-preview":"max-image-preview:large","max-video-preview":"max-video-preview:-1"},"canonical":"https:\/\/www.newmansown.com\/es\/product\/organic-turmeric-ginger-herbal-tea\/","og_locale":"es_ES","og_type":"article","og_title":"T\u00e9 de c\u00farcuma y jengibre ecol\u00f3gico | Newman&#039;s Own","og_description":"Eleva tu experiencia con el t\u00e9: La Newman's Own Organic Turmeric Ginger Herbal Tea mezcla sabores picantes y salados para una experiencia \u00fanica en cada taza. La c\u00farcuma india da a esta mezcla un vibrante color amarillo, mientras que el calor del jengibre se suaviza con un brillante sabor c\u00edtrico y el dulzor natural de la ra\u00edz de regaliz.","og_url":"https:\/\/www.newmansown.com\/es\/product\/organic-turmeric-ginger-herbal-tea\/","og_site_name":"Newman&#039;s Own","og_image":[{"width":1036,"height":1100,"url":"https:\/\/www.newmansown.com\/wp-content\/uploads\/2022\/04\/Tumeric-Ginger-084643350784_01_1500@2x.png","type":"image\/png"}],"twitter_card":"summary_large_image","schema":{"@context":"https:\/\/schema.org","@graph":[{"@type":["WebPage","ItemPage"],"@id":"https:\/\/www.newmansown.com\/es\/product\/organic-turmeric-ginger-herbal-tea\/","url":"https:\/\/www.newmansown.com\/es\/product\/organic-turmeric-ginger-herbal-tea\/","name":"T\u00e9 de c\u00farcuma y jengibre ecol\u00f3gico | Newman&#039;s Own","isPartOf":{"@id":"https:\/\/www.newmansown.com\/es\/#website"},"primaryImageOfPage":{"@id":"https:\/\/www.newmansown.com\/es\/product\/organic-turmeric-ginger-herbal-tea\/#primaryimage"},"image":{"@id":"https:\/\/www.newmansown.com\/es\/product\/organic-turmeric-ginger-herbal-tea\/#primaryimage"},"thumbnailUrl":"https:\/\/www.newmansown.com\/wp-content\/uploads\/2022\/04\/Tumeric-Ginger-084643350784_01_1500@2x.png","datePublished":"2022-04-25T15:36:06+00:00","description":"Eleva tu experiencia con el t\u00e9: La Newman's Own Organic Turmeric Ginger Herbal Tea mezcla sabores picantes y salados para una experiencia \u00fanica en cada taza. La c\u00farcuma india da a esta mezcla un vibrante color amarillo, mientras que el calor del jengibre se suaviza con un brillante sabor c\u00edtrico y el dulzor natural de la ra\u00edz de regaliz.","breadcrumb":{"@id":"https:\/\/www.newmansown.com\/es\/product\/organic-turmeric-ginger-herbal-tea\/#breadcrumb"},"inLanguage":"es-ES","potentialAction":[{"@type":"ReadAction","target":["https:\/\/www.newmansown.com\/es\/product\/organic-turmeric-ginger-herbal-tea\/"]}]},{"@type":"ImageObject","inLanguage":"es-ES","@id":"https:\/\/www.newmansown.com\/es\/product\/organic-turmeric-ginger-herbal-tea\/#primaryimage","url":"https:\/\/www.newmansown.com\/wp-content\/uploads\/2022\/04\/Tumeric-Ginger-084643350784_01_1500@2x.png","contentUrl":"https:\/\/www.newmansown.com\/wp-content\/uploads\/2022\/04\/Tumeric-Ginger-084643350784_01_1500@2x.png","width":1036,"height":1100,"caption":"Newman\u2019s Own Organic Turmeric Ginger herbal tea"},{"@type":"BreadcrumbList","@id":"https:\/\/www.newmansown.com\/es\/product\/organic-turmeric-ginger-herbal-tea\/#breadcrumb","itemListElement":[{"@type":"ListItem","position":1,"name":"Home","item":"https:\/\/newmansown.com\/es\/"},{"@type":"ListItem","position":2,"name":"Productos","item":"https:\/\/www.newmansown.com\/es\/productos\/"},{"@type":"ListItem","position":3,"name":"T\u00e9 de c\u00farcuma y jengibre ecol\u00f3gico"}]},{"@type":"WebSite","@id":"https:\/\/www.newmansown.com\/es\/#website","url":"https:\/\/www.newmansown.com\/es\/","name":"Newman&#039;s Own","description":"Let&#039;s Give It All Away","publisher":{"@id":"https:\/\/www.newmansown.com\/es\/#organization"},"potentialAction":[{"@type":"SearchAction","target":{"@type":"EntryPoint","urlTemplate":"https:\/\/www.newmansown.com\/es\/?s={search_term_string}"},"query-input":{"@type":"PropertyValueSpecification","valueRequired":true,"valueName":"search_term_string"}}],"inLanguage":"es-ES"},{"@type":"Organization","@id":"https:\/\/www.newmansown.com\/es\/#organization","name":"Newman&#039;s Own","url":"https:\/\/www.newmansown.com\/es\/","logo":{"@type":"ImageObject","inLanguage":"es-ES","@id":"https:\/\/www.newmansown.com\/es\/#\/schema\/logo\/image\/","url":"https:\/\/www.newmansown.com\/wp-content\/uploads\/2024\/02\/newmans-own-green-reg.png","contentUrl":"https:\/\/www.newmansown.com\/wp-content\/uploads\/2024\/02\/newmans-own-green-reg.png","width":737,"height":537,"caption":"Newman&#039;s Own"},"image":{"@id":"https:\/\/www.newmansown.com\/es\/#\/schema\/logo\/image\/"}}]}},"_links":{"self":[{"href":"https:\/\/www.newmansown.com\/es\/wp-json\/wp\/v2\/product\/5757","targetHints":{"allow":["GET"]}}],"collection":[{"href":"https:\/\/www.newmansown.com\/es\/wp-json\/wp\/v2\/product"}],"about":[{"href":"https:\/\/www.newmansown.com\/es\/wp-json\/wp\/v2\/types\/product"}],"wp:featuredmedia":[{"embeddable":true,"href":"https:\/\/www.newmansown.com\/es\/wp-json\/wp\/v2\/media\/10321"}],"wp:attachment":[{"href":"https:\/\/www.newmansown.com\/es\/wp-json\/wp\/v2\/media?parent=5757"}],"wp:term":[{"taxonomy":"product_brand","embeddable":true,"href":"https:\/\/www.newmansown.com\/es\/wp-json\/wp\/v2\/product_brand?post=5757"},{"taxonomy":"product_cat","embeddable":true,"href":"https:\/\/www.newmansown.com\/es\/wp-json\/wp\/v2\/product_cat?post=5757"},{"taxonomy":"product_tag","embeddable":true,"href":"https:\/\/www.newmansown.com\/es\/wp-json\/wp\/v2\/product_tag?post=5757"}],"curies":[{"name":"wp","href":"https:\/\/api.w.org\/{rel}","templated":true}]}}