{"id":5755,"date":"2022-03-22T14:54:48","date_gmt":"2022-03-22T18:54:48","guid":{"rendered":"https:\/\/newmansown.com\/product\/avocado-oil-greek-dressing\/"},"modified":"2022-12-15T12:17:23","modified_gmt":"2022-12-15T17:17:23","slug":"avocado-oil-extra-virgin-olive-oil-greek-dressing","status":"publish","type":"product","link":"https:\/\/www.newmansown.com\/es\/product\/avocado-oil-extra-virgin-olive-oil-greek-dressing\/","title":{"rendered":"Avocado Oil Greek Dressing"},"content":{"rendered":"<p>Danos todo el ajo, or\u00e9gano y lim\u00f3n, \u00a1pero hazlo con aceite de aguacate!<\/p>\n<p>Hemos escuchado su llamada y lo hemos hecho con el ali\u00f1o para ensaladas Newman&#8217;s Own Avocado Oil Greek. Disfrute de esta franja de bondad herb\u00e1cea en todo lo que su coraz\u00f3n desee sabiendo que es libre de gluten y certificado Keto y Paleo.<\/p>\n","protected":false},"excerpt":{"rendered":"<p>Danos todo el ajo, or\u00e9gano y lim\u00f3n, \u00a1pero hazlo con aceite de aguacate!<\/p>\n<p>Hemos escuchado tu llamada y lo hemos hecho con el ali\u00f1o griego sin l\u00e1cteos Newman&#8217;s Own Avocado Oil &amp; Extra Virgin Olive Oil. Disfrute de esta franja de bondad herb\u00e1cea en todo lo que su coraz\u00f3n desee sabiendo que es libre de gluten y certificado Keto y Paleo.<\/p>\n","protected":false},"featured_media":6842,"template":"","meta":{"_acf_changed":false,"inline_featured_image":false},"product_brand":[],"product_cat":[352],"product_tag":[381,382,378,379],"class_list":{"0":"post-5755","1":"product","2":"type-product","3":"status-publish","4":"has-post-thumbnail","6":"product_cat-aderezo","7":"product_tag-certificado-keto","8":"product_tag-certificado-paleo","9":"product_tag-libre-de-lacteos","10":"product_tag-sin-gluten","12":"first","13":"instock","14":"shipping-taxable","15":"product-type-simple"},"acf":[],"yoast_head":"<!-- This site is optimized with the Yoast SEO plugin v27.3 - https:\/\/yoast.com\/product\/yoast-seo-wordpress\/ -->\n<title>Avocado Oil Greek Dressing | Newman&#039;s Own<\/title>\n<meta name=\"description\" content=\"Danos todo el ajo, or\u00e9gano y lim\u00f3n, \u00a1pero hazlo con aceite de aguacate! Hemos escuchado su llamada y lo hemos hecho con el ali\u00f1o para ensaladas Newman&#039;s Own Avocado Oil Greek.\" \/>\n<meta name=\"robots\" content=\"index, follow, max-snippet:-1, max-image-preview:large, max-video-preview:-1\" \/>\n<link rel=\"canonical\" href=\"https:\/\/www.newmansown.com\/es\/product\/avocado-oil-extra-virgin-olive-oil-greek-dressing\/\" \/>\n<meta property=\"og:locale\" content=\"es_ES\" \/>\n<meta property=\"og:type\" content=\"article\" \/>\n<meta property=\"og:title\" content=\"Avocado Oil Greek Dressing | Newman&#039;s Own\" \/>\n<meta property=\"og:description\" content=\"Danos todo el ajo, or\u00e9gano y lim\u00f3n, \u00a1pero hazlo con aceite de aguacate! Hemos escuchado su llamada y lo hemos hecho con el ali\u00f1o para ensaladas Newman&#039;s Own Avocado Oil Greek.\" \/>\n<meta property=\"og:url\" content=\"https:\/\/www.newmansown.com\/es\/product\/avocado-oil-extra-virgin-olive-oil-greek-dressing\/\" \/>\n<meta property=\"og:site_name\" content=\"Newman&#039;s Own\" \/>\n<meta property=\"article:modified_time\" content=\"2022-12-15T17:17:23+00:00\" \/>\n<meta property=\"og:image\" content=\"https:\/\/www.newmansown.com\/wp-content\/uploads\/2023\/04\/Avocado-Oil-Greek-Dressing-1.png\" \/>\n\t<meta property=\"og:image:width\" content=\"1036\" \/>\n\t<meta property=\"og:image:height\" content=\"1100\" \/>\n\t<meta property=\"og:image:type\" content=\"image\/png\" \/>\n<meta name=\"twitter:card\" content=\"summary_large_image\" \/>\n<!-- \/ Yoast SEO plugin. -->","yoast_head_json":{"title":"Avocado Oil Greek Dressing | Newman&#039;s Own","description":"Danos todo el ajo, or\u00e9gano y lim\u00f3n, \u00a1pero hazlo con aceite de aguacate! Hemos escuchado su llamada y lo hemos hecho con el ali\u00f1o para ensaladas Newman's Own Avocado Oil Greek.","robots":{"index":"index","follow":"follow","max-snippet":"max-snippet:-1","max-image-preview":"max-image-preview:large","max-video-preview":"max-video-preview:-1"},"canonical":"https:\/\/www.newmansown.com\/es\/product\/avocado-oil-extra-virgin-olive-oil-greek-dressing\/","og_locale":"es_ES","og_type":"article","og_title":"Avocado Oil Greek Dressing | Newman&#039;s Own","og_description":"Danos todo el ajo, or\u00e9gano y lim\u00f3n, \u00a1pero hazlo con aceite de aguacate! Hemos escuchado su llamada y lo hemos hecho con el ali\u00f1o para ensaladas Newman's Own Avocado Oil Greek.","og_url":"https:\/\/www.newmansown.com\/es\/product\/avocado-oil-extra-virgin-olive-oil-greek-dressing\/","og_site_name":"Newman&#039;s Own","article_modified_time":"2022-12-15T17:17:23+00:00","og_image":[{"width":1036,"height":1100,"url":"https:\/\/www.newmansown.com\/wp-content\/uploads\/2023\/04\/Avocado-Oil-Greek-Dressing-1.png","type":"image\/png"}],"twitter_card":"summary_large_image","schema":{"@context":"https:\/\/schema.org","@graph":[{"@type":["WebPage","ItemPage"],"@id":"https:\/\/www.newmansown.com\/es\/product\/avocado-oil-extra-virgin-olive-oil-greek-dressing\/","url":"https:\/\/www.newmansown.com\/es\/product\/avocado-oil-extra-virgin-olive-oil-greek-dressing\/","name":"Avocado Oil Greek Dressing | Newman&#039;s Own","isPartOf":{"@id":"https:\/\/www.newmansown.com\/es\/#website"},"primaryImageOfPage":{"@id":"https:\/\/www.newmansown.com\/es\/product\/avocado-oil-extra-virgin-olive-oil-greek-dressing\/#primaryimage"},"image":{"@id":"https:\/\/www.newmansown.com\/es\/product\/avocado-oil-extra-virgin-olive-oil-greek-dressing\/#primaryimage"},"thumbnailUrl":"https:\/\/www.newmansown.com\/wp-content\/uploads\/2023\/04\/Avocado-Oil-Greek-Dressing-1.png","datePublished":"2022-03-22T18:54:48+00:00","dateModified":"2022-12-15T17:17:23+00:00","description":"Danos todo el ajo, or\u00e9gano y lim\u00f3n, \u00a1pero hazlo con aceite de aguacate! Hemos escuchado su llamada y lo hemos hecho con el ali\u00f1o para ensaladas Newman's Own Avocado Oil Greek.","breadcrumb":{"@id":"https:\/\/www.newmansown.com\/es\/product\/avocado-oil-extra-virgin-olive-oil-greek-dressing\/#breadcrumb"},"inLanguage":"es-ES","potentialAction":[{"@type":"ReadAction","target":["https:\/\/www.newmansown.com\/es\/product\/avocado-oil-extra-virgin-olive-oil-greek-dressing\/"]}]},{"@type":"ImageObject","inLanguage":"es-ES","@id":"https:\/\/www.newmansown.com\/es\/product\/avocado-oil-extra-virgin-olive-oil-greek-dressing\/#primaryimage","url":"https:\/\/www.newmansown.com\/wp-content\/uploads\/2023\/04\/Avocado-Oil-Greek-Dressing-1.png","contentUrl":"https:\/\/www.newmansown.com\/wp-content\/uploads\/2023\/04\/Avocado-Oil-Greek-Dressing-1.png","width":1036,"height":1100,"caption":"Avocado-Oil-Caesar-Dressing"},{"@type":"BreadcrumbList","@id":"https:\/\/www.newmansown.com\/es\/product\/avocado-oil-extra-virgin-olive-oil-greek-dressing\/#breadcrumb","itemListElement":[{"@type":"ListItem","position":1,"name":"Home","item":"https:\/\/newmansown.com\/es\/"},{"@type":"ListItem","position":2,"name":"Productos","item":"https:\/\/www.newmansown.com\/es\/productos\/"},{"@type":"ListItem","position":3,"name":"Avocado Oil Greek Dressing"}]},{"@type":"WebSite","@id":"https:\/\/www.newmansown.com\/es\/#website","url":"https:\/\/www.newmansown.com\/es\/","name":"Newman&#039;s Own","description":"Let&#039;s Give It All Away","publisher":{"@id":"https:\/\/www.newmansown.com\/es\/#organization"},"potentialAction":[{"@type":"SearchAction","target":{"@type":"EntryPoint","urlTemplate":"https:\/\/www.newmansown.com\/es\/?s={search_term_string}"},"query-input":{"@type":"PropertyValueSpecification","valueRequired":true,"valueName":"search_term_string"}}],"inLanguage":"es-ES"},{"@type":"Organization","@id":"https:\/\/www.newmansown.com\/es\/#organization","name":"Newman&#039;s Own","url":"https:\/\/www.newmansown.com\/es\/","logo":{"@type":"ImageObject","inLanguage":"es-ES","@id":"https:\/\/www.newmansown.com\/es\/#\/schema\/logo\/image\/","url":"https:\/\/www.newmansown.com\/wp-content\/uploads\/2024\/02\/newmans-own-green-reg.png","contentUrl":"https:\/\/www.newmansown.com\/wp-content\/uploads\/2024\/02\/newmans-own-green-reg.png","width":737,"height":537,"caption":"Newman&#039;s Own"},"image":{"@id":"https:\/\/www.newmansown.com\/es\/#\/schema\/logo\/image\/"}}]}},"_links":{"self":[{"href":"https:\/\/www.newmansown.com\/es\/wp-json\/wp\/v2\/product\/5755","targetHints":{"allow":["GET"]}}],"collection":[{"href":"https:\/\/www.newmansown.com\/es\/wp-json\/wp\/v2\/product"}],"about":[{"href":"https:\/\/www.newmansown.com\/es\/wp-json\/wp\/v2\/types\/product"}],"wp:featuredmedia":[{"embeddable":true,"href":"https:\/\/www.newmansown.com\/es\/wp-json\/wp\/v2\/media\/6842"}],"wp:attachment":[{"href":"https:\/\/www.newmansown.com\/es\/wp-json\/wp\/v2\/media?parent=5755"}],"wp:term":[{"taxonomy":"product_brand","embeddable":true,"href":"https:\/\/www.newmansown.com\/es\/wp-json\/wp\/v2\/product_brand?post=5755"},{"taxonomy":"product_cat","embeddable":true,"href":"https:\/\/www.newmansown.com\/es\/wp-json\/wp\/v2\/product_cat?post=5755"},{"taxonomy":"product_tag","embeddable":true,"href":"https:\/\/www.newmansown.com\/es\/wp-json\/wp\/v2\/product_tag?post=5755"}],"curies":[{"name":"wp","href":"https:\/\/api.w.org\/{rel}","templated":true}]}}