{"id":5753,"date":"2022-03-22T15:14:24","date_gmt":"2022-03-22T19:14:24","guid":{"rendered":"https:\/\/newmansown.com\/product\/balsamic-vinaigrette-dressing\/"},"modified":"2022-03-22T15:14:24","modified_gmt":"2022-03-22T19:14:24","slug":"balsamic-vinaigrette-salad-dressing","status":"publish","type":"product","link":"https:\/\/www.newmansown.com\/es\/product\/balsamic-vinaigrette-salad-dressing\/","title":{"rendered":"Balsamic Vinaigrette Dressing"},"content":{"rendered":"<p>Con s\u00f3lo probar la Newman\u2019s Own Balsamic Vinaigrette, \u00a1dir\u00e1 arrivederci al resto! Sin conservantes ni aromas artificiales, este delicioso ali\u00f1o para ensaladas sin gluten produce la cantidad perfecta de notas dulces y arom\u00e1ticas.<\/p>\n<p>Util\u00edcelo para aderezar una simple ensalada o como adobo para su plato principal favorito.<\/p>\n","protected":false},"excerpt":{"rendered":"<p>Con s\u00f3lo probar la Newman\u2019s Own Balsamic Vinaigrette, \u00a1dir\u00e1 arrivederci al resto! Sin conservantes ni aromas artificiales, este delicioso ali\u00f1o para ensaladas sin gluten produce la cantidad perfecta de notas dulces y arom\u00e1ticas.<\/p>\n<p>Util\u00edcelo para aderezar una simple ensalada o como adobo para su plato principal favorito.<\/p>\n","protected":false},"featured_media":12822,"template":"","meta":{"_acf_changed":false,"inline_featured_image":false},"product_brand":[],"product_cat":[352],"product_tag":[379],"class_list":{"0":"post-5753","1":"product","2":"type-product","3":"status-publish","4":"has-post-thumbnail","6":"product_cat-aderezo","7":"product_tag-sin-gluten","9":"first","10":"instock","11":"shipping-taxable","12":"product-type-simple"},"acf":[],"yoast_head":"<!-- This site is optimized with the Yoast SEO plugin v27.3 - https:\/\/yoast.com\/product\/yoast-seo-wordpress\/ -->\n<title>Balsamic Vinaigrette Dressing | Newman&#039;s Own<\/title>\n<meta name=\"description\" content=\"Con s\u00f3lo probar la Newman\u2019s Own Balsamic Vinaigrette, \u00a1dir\u00e1 arrivederci al resto! Sin conservantes ni aromas artificiales, este delicioso ali\u00f1o para ensaladas sin gluten produce la cantidad perfecta de notas dulces y arom\u00e1ticas. Util\u00edcelo para aderezar una simple ensalada o como adobo para su plato principal favorito.\" \/>\n<meta name=\"robots\" content=\"index, follow, max-snippet:-1, max-image-preview:large, max-video-preview:-1\" \/>\n<link rel=\"canonical\" href=\"https:\/\/www.newmansown.com\/es\/product\/balsamic-vinaigrette-salad-dressing\/\" \/>\n<meta property=\"og:locale\" content=\"es_ES\" \/>\n<meta property=\"og:type\" content=\"article\" \/>\n<meta property=\"og:title\" content=\"Balsamic Vinaigrette Dressing | Newman&#039;s Own\" \/>\n<meta property=\"og:description\" content=\"Con s\u00f3lo probar la Newman\u2019s Own Balsamic Vinaigrette, \u00a1dir\u00e1 arrivederci al resto! Sin conservantes ni aromas artificiales, este delicioso ali\u00f1o para ensaladas sin gluten produce la cantidad perfecta de notas dulces y arom\u00e1ticas. Util\u00edcelo para aderezar una simple ensalada o como adobo para su plato principal favorito.\" \/>\n<meta property=\"og:url\" content=\"https:\/\/www.newmansown.com\/es\/product\/balsamic-vinaigrette-salad-dressing\/\" \/>\n<meta property=\"og:site_name\" content=\"Newman&#039;s Own\" \/>\n<meta property=\"og:image\" content=\"https:\/\/www.newmansown.com\/wp-content\/uploads\/2022\/03\/balsamic-vinaigrette.png\" \/>\n\t<meta property=\"og:image:width\" content=\"1036\" \/>\n\t<meta property=\"og:image:height\" content=\"1100\" \/>\n\t<meta property=\"og:image:type\" content=\"image\/png\" \/>\n<meta name=\"twitter:card\" content=\"summary_large_image\" \/>\n<!-- \/ Yoast SEO plugin. -->","yoast_head_json":{"title":"Balsamic Vinaigrette Dressing | Newman&#039;s Own","description":"Con s\u00f3lo probar la Newman\u2019s Own Balsamic Vinaigrette, \u00a1dir\u00e1 arrivederci al resto! Sin conservantes ni aromas artificiales, este delicioso ali\u00f1o para ensaladas sin gluten produce la cantidad perfecta de notas dulces y arom\u00e1ticas. Util\u00edcelo para aderezar una simple ensalada o como adobo para su plato principal favorito.","robots":{"index":"index","follow":"follow","max-snippet":"max-snippet:-1","max-image-preview":"max-image-preview:large","max-video-preview":"max-video-preview:-1"},"canonical":"https:\/\/www.newmansown.com\/es\/product\/balsamic-vinaigrette-salad-dressing\/","og_locale":"es_ES","og_type":"article","og_title":"Balsamic Vinaigrette Dressing | Newman&#039;s Own","og_description":"Con s\u00f3lo probar la Newman\u2019s Own Balsamic Vinaigrette, \u00a1dir\u00e1 arrivederci al resto! Sin conservantes ni aromas artificiales, este delicioso ali\u00f1o para ensaladas sin gluten produce la cantidad perfecta de notas dulces y arom\u00e1ticas. Util\u00edcelo para aderezar una simple ensalada o como adobo para su plato principal favorito.","og_url":"https:\/\/www.newmansown.com\/es\/product\/balsamic-vinaigrette-salad-dressing\/","og_site_name":"Newman&#039;s Own","og_image":[{"width":1036,"height":1100,"url":"https:\/\/www.newmansown.com\/wp-content\/uploads\/2022\/03\/balsamic-vinaigrette.png","type":"image\/png"}],"twitter_card":"summary_large_image","schema":{"@context":"https:\/\/schema.org","@graph":[{"@type":["WebPage","ItemPage"],"@id":"https:\/\/www.newmansown.com\/es\/product\/balsamic-vinaigrette-salad-dressing\/","url":"https:\/\/www.newmansown.com\/es\/product\/balsamic-vinaigrette-salad-dressing\/","name":"Balsamic Vinaigrette Dressing | Newman&#039;s Own","isPartOf":{"@id":"https:\/\/www.newmansown.com\/es\/#website"},"primaryImageOfPage":{"@id":"https:\/\/www.newmansown.com\/es\/product\/balsamic-vinaigrette-salad-dressing\/#primaryimage"},"image":{"@id":"https:\/\/www.newmansown.com\/es\/product\/balsamic-vinaigrette-salad-dressing\/#primaryimage"},"thumbnailUrl":"https:\/\/www.newmansown.com\/wp-content\/uploads\/2022\/03\/newmans-own-16oz-balsamic.png","datePublished":"2022-03-22T19:14:24+00:00","description":"Con s\u00f3lo probar la Newman\u2019s Own Balsamic Vinaigrette, \u00a1dir\u00e1 arrivederci al resto! Sin conservantes ni aromas artificiales, este delicioso ali\u00f1o para ensaladas sin gluten produce la cantidad perfecta de notas dulces y arom\u00e1ticas. Util\u00edcelo para aderezar una simple ensalada o como adobo para su plato principal favorito.","breadcrumb":{"@id":"https:\/\/www.newmansown.com\/es\/product\/balsamic-vinaigrette-salad-dressing\/#breadcrumb"},"inLanguage":"es-ES","potentialAction":[{"@type":"ReadAction","target":["https:\/\/www.newmansown.com\/es\/product\/balsamic-vinaigrette-salad-dressing\/"]}]},{"@type":"ImageObject","inLanguage":"es-ES","@id":"https:\/\/www.newmansown.com\/es\/product\/balsamic-vinaigrette-salad-dressing\/#primaryimage","url":"https:\/\/www.newmansown.com\/wp-content\/uploads\/2022\/03\/newmans-own-16oz-balsamic.png","contentUrl":"https:\/\/www.newmansown.com\/wp-content\/uploads\/2022\/03\/newmans-own-16oz-balsamic.png","width":2400,"height":2400,"caption":"Jame \u201cBuffalo Bill\u201d Gumb"},{"@type":"BreadcrumbList","@id":"https:\/\/www.newmansown.com\/es\/product\/balsamic-vinaigrette-salad-dressing\/#breadcrumb","itemListElement":[{"@type":"ListItem","position":1,"name":"Home","item":"https:\/\/newmansown.com\/es\/"},{"@type":"ListItem","position":2,"name":"Productos","item":"https:\/\/www.newmansown.com\/es\/productos\/"},{"@type":"ListItem","position":3,"name":"Balsamic Vinaigrette Dressing"}]},{"@type":"WebSite","@id":"https:\/\/www.newmansown.com\/es\/#website","url":"https:\/\/www.newmansown.com\/es\/","name":"Newman&#039;s Own","description":"Let&#039;s Give It All Away","publisher":{"@id":"https:\/\/www.newmansown.com\/es\/#organization"},"potentialAction":[{"@type":"SearchAction","target":{"@type":"EntryPoint","urlTemplate":"https:\/\/www.newmansown.com\/es\/?s={search_term_string}"},"query-input":{"@type":"PropertyValueSpecification","valueRequired":true,"valueName":"search_term_string"}}],"inLanguage":"es-ES"},{"@type":"Organization","@id":"https:\/\/www.newmansown.com\/es\/#organization","name":"Newman&#039;s Own","url":"https:\/\/www.newmansown.com\/es\/","logo":{"@type":"ImageObject","inLanguage":"es-ES","@id":"https:\/\/www.newmansown.com\/es\/#\/schema\/logo\/image\/","url":"https:\/\/www.newmansown.com\/wp-content\/uploads\/2024\/02\/newmans-own-green-reg.png","contentUrl":"https:\/\/www.newmansown.com\/wp-content\/uploads\/2024\/02\/newmans-own-green-reg.png","width":737,"height":537,"caption":"Newman&#039;s Own"},"image":{"@id":"https:\/\/www.newmansown.com\/es\/#\/schema\/logo\/image\/"}}]}},"_links":{"self":[{"href":"https:\/\/www.newmansown.com\/es\/wp-json\/wp\/v2\/product\/5753","targetHints":{"allow":["GET"]}}],"collection":[{"href":"https:\/\/www.newmansown.com\/es\/wp-json\/wp\/v2\/product"}],"about":[{"href":"https:\/\/www.newmansown.com\/es\/wp-json\/wp\/v2\/types\/product"}],"wp:featuredmedia":[{"embeddable":true,"href":"https:\/\/www.newmansown.com\/es\/wp-json\/wp\/v2\/media\/12822"}],"wp:attachment":[{"href":"https:\/\/www.newmansown.com\/es\/wp-json\/wp\/v2\/media?parent=5753"}],"wp:term":[{"taxonomy":"product_brand","embeddable":true,"href":"https:\/\/www.newmansown.com\/es\/wp-json\/wp\/v2\/product_brand?post=5753"},{"taxonomy":"product_cat","embeddable":true,"href":"https:\/\/www.newmansown.com\/es\/wp-json\/wp\/v2\/product_cat?post=5753"},{"taxonomy":"product_tag","embeddable":true,"href":"https:\/\/www.newmansown.com\/es\/wp-json\/wp\/v2\/product_tag?post=5753"}],"curies":[{"name":"wp","href":"https:\/\/api.w.org\/{rel}","templated":true}]}}