{"id":5750,"date":"2022-04-11T16:11:06","date_gmt":"2022-04-11T20:11:06","guid":{"rendered":"https:\/\/newmansown.com\/product\/creamy-caesar-dressing\/"},"modified":"2022-04-11T16:11:06","modified_gmt":"2022-04-11T20:11:06","slug":"aderezo-crema-caesar","status":"publish","type":"product","link":"https:\/\/www.newmansown.com\/es\/product\/aderezo-crema-caesar\/","title":{"rendered":"Creamy Caesar Dressing"},"content":{"rendered":"<p>\u00bfQu\u00e9 es rico, cremoso y sin gluten por todas partes? El aderezo Newman\u2019s Own Creamy Caesar es una de las respuestas m\u00e1s sabrosas a todos sus antojos de ensalada.<\/p>\n<p>Experimente los deliciosos sabores del ajo con un toque c\u00edtrico de lim\u00f3n, combinados para crear un toque cremoso del sabor tradicional que conoce y adora, sin conservantes ni aromas artificiales.<\/p>\n","protected":false},"excerpt":{"rendered":"<p>\u00bfQu\u00e9 es rico, cremoso y sin gluten por todas partes? El aderezo C\u00e9sar cremoso Newman&#8217;s Own es una de las respuestas m\u00e1s sabrosas a todos sus antojos de ensalada.<\/p>\n<p>Experimente los deliciosos sabores del ajo con un toque c\u00edtrico de lim\u00f3n, combinados para crear un toque cremoso del sabor tradicional que conoce y adora, sin conservantes ni aromas artificiales.<\/p>\n","protected":false},"featured_media":12826,"template":"","meta":{"_acf_changed":false,"inline_featured_image":false},"product_brand":[],"product_cat":[352],"product_tag":[379],"class_list":{"0":"post-5750","1":"product","2":"type-product","3":"status-publish","4":"has-post-thumbnail","6":"product_cat-aderezo","7":"product_tag-sin-gluten","9":"first","10":"instock","11":"shipping-taxable","12":"product-type-simple"},"acf":[],"yoast_head":"<!-- This site is optimized with the Yoast SEO plugin v27.3 - https:\/\/yoast.com\/product\/yoast-seo-wordpress\/ -->\n<title>Creamy Caesar Dressing | Newman&#039;s Own<\/title>\n<meta name=\"description\" content=\"\u00bfQu\u00e9 es rico, cremoso y sin gluten por todas partes? El aderezo C\u00e9sar cremoso Newman&#039;s Own es una de las respuestas m\u00e1s sabrosas a todos sus antojos de ensalada. Experimente los deliciosos sabores del ajo con un toque c\u00edtrico de lim\u00f3n, combinados para crear un toque cremoso del sabor tradicional que conoce y adora, sin conservantes ni aromas artificiales.\" \/>\n<meta name=\"robots\" content=\"index, follow, max-snippet:-1, max-image-preview:large, max-video-preview:-1\" \/>\n<link rel=\"canonical\" href=\"https:\/\/www.newmansown.com\/es\/product\/aderezo-crema-caesar\/\" \/>\n<meta property=\"og:locale\" content=\"es_ES\" \/>\n<meta property=\"og:type\" content=\"article\" \/>\n<meta property=\"og:title\" content=\"Creamy Caesar Dressing | Newman&#039;s Own\" \/>\n<meta property=\"og:description\" content=\"\u00bfQu\u00e9 es rico, cremoso y sin gluten por todas partes? El aderezo C\u00e9sar cremoso Newman&#039;s Own es una de las respuestas m\u00e1s sabrosas a todos sus antojos de ensalada. Experimente los deliciosos sabores del ajo con un toque c\u00edtrico de lim\u00f3n, combinados para crear un toque cremoso del sabor tradicional que conoce y adora, sin conservantes ni aromas artificiales.\" \/>\n<meta property=\"og:url\" content=\"https:\/\/www.newmansown.com\/es\/product\/aderezo-crema-caesar\/\" \/>\n<meta property=\"og:site_name\" content=\"Newman&#039;s Own\" \/>\n<meta property=\"og:image\" content=\"https:\/\/newmansown.com\/wp-content\/uploads\/2022\/04\/Creamy-Caesar-2025-1024x1024.png\" \/>\n\t<meta property=\"og:image:width\" content=\"1024\" \/>\n\t<meta property=\"og:image:height\" content=\"1024\" \/>\n\t<meta property=\"og:image:type\" content=\"image\/png\" \/>\n<meta name=\"twitter:card\" content=\"summary_large_image\" \/>\n<!-- \/ Yoast SEO plugin. -->","yoast_head_json":{"title":"Creamy Caesar Dressing | Newman&#039;s Own","description":"\u00bfQu\u00e9 es rico, cremoso y sin gluten por todas partes? El aderezo C\u00e9sar cremoso Newman's Own es una de las respuestas m\u00e1s sabrosas a todos sus antojos de ensalada. Experimente los deliciosos sabores del ajo con un toque c\u00edtrico de lim\u00f3n, combinados para crear un toque cremoso del sabor tradicional que conoce y adora, sin conservantes ni aromas artificiales.","robots":{"index":"index","follow":"follow","max-snippet":"max-snippet:-1","max-image-preview":"max-image-preview:large","max-video-preview":"max-video-preview:-1"},"canonical":"https:\/\/www.newmansown.com\/es\/product\/aderezo-crema-caesar\/","og_locale":"es_ES","og_type":"article","og_title":"Creamy Caesar Dressing | Newman&#039;s Own","og_description":"\u00bfQu\u00e9 es rico, cremoso y sin gluten por todas partes? El aderezo C\u00e9sar cremoso Newman's Own es una de las respuestas m\u00e1s sabrosas a todos sus antojos de ensalada. Experimente los deliciosos sabores del ajo con un toque c\u00edtrico de lim\u00f3n, combinados para crear un toque cremoso del sabor tradicional que conoce y adora, sin conservantes ni aromas artificiales.","og_url":"https:\/\/www.newmansown.com\/es\/product\/aderezo-crema-caesar\/","og_site_name":"Newman&#039;s Own","og_image":[{"width":1024,"height":1024,"url":"https:\/\/newmansown.com\/wp-content\/uploads\/2022\/04\/Creamy-Caesar-2025-1024x1024.png","type":"image\/png"}],"twitter_card":"summary_large_image","schema":{"@context":"https:\/\/schema.org","@graph":[{"@type":["WebPage","ItemPage"],"@id":"https:\/\/www.newmansown.com\/es\/product\/aderezo-crema-caesar\/","url":"https:\/\/www.newmansown.com\/es\/product\/aderezo-crema-caesar\/","name":"Creamy Caesar Dressing | Newman&#039;s Own","isPartOf":{"@id":"https:\/\/www.newmansown.com\/es\/#website"},"primaryImageOfPage":{"@id":"https:\/\/www.newmansown.com\/es\/product\/aderezo-crema-caesar\/#primaryimage"},"image":{"@id":"https:\/\/www.newmansown.com\/es\/product\/aderezo-crema-caesar\/#primaryimage"},"thumbnailUrl":"https:\/\/www.newmansown.com\/wp-content\/uploads\/2022\/04\/newmans-own-16oz-creamy-caesar.png","datePublished":"2022-04-11T20:11:06+00:00","description":"\u00bfQu\u00e9 es rico, cremoso y sin gluten por todas partes? El aderezo C\u00e9sar cremoso Newman's Own es una de las respuestas m\u00e1s sabrosas a todos sus antojos de ensalada. Experimente los deliciosos sabores del ajo con un toque c\u00edtrico de lim\u00f3n, combinados para crear un toque cremoso del sabor tradicional que conoce y adora, sin conservantes ni aromas artificiales.","breadcrumb":{"@id":"https:\/\/www.newmansown.com\/es\/product\/aderezo-crema-caesar\/#breadcrumb"},"inLanguage":"es-ES","potentialAction":[{"@type":"ReadAction","target":["https:\/\/www.newmansown.com\/es\/product\/aderezo-crema-caesar\/"]}]},{"@type":"ImageObject","inLanguage":"es-ES","@id":"https:\/\/www.newmansown.com\/es\/product\/aderezo-crema-caesar\/#primaryimage","url":"https:\/\/www.newmansown.com\/wp-content\/uploads\/2022\/04\/newmans-own-16oz-creamy-caesar.png","contentUrl":"https:\/\/www.newmansown.com\/wp-content\/uploads\/2022\/04\/newmans-own-16oz-creamy-caesar.png","width":2400,"height":2400,"caption":"Creamy Caesar Dressing"},{"@type":"BreadcrumbList","@id":"https:\/\/www.newmansown.com\/es\/product\/aderezo-crema-caesar\/#breadcrumb","itemListElement":[{"@type":"ListItem","position":1,"name":"Home","item":"https:\/\/newmansown.com\/es\/"},{"@type":"ListItem","position":2,"name":"Productos","item":"https:\/\/www.newmansown.com\/es\/productos\/"},{"@type":"ListItem","position":3,"name":"Creamy Caesar Dressing"}]},{"@type":"WebSite","@id":"https:\/\/www.newmansown.com\/es\/#website","url":"https:\/\/www.newmansown.com\/es\/","name":"Newman&#039;s Own","description":"Let&#039;s Give It All Away","publisher":{"@id":"https:\/\/www.newmansown.com\/es\/#organization"},"potentialAction":[{"@type":"SearchAction","target":{"@type":"EntryPoint","urlTemplate":"https:\/\/www.newmansown.com\/es\/?s={search_term_string}"},"query-input":{"@type":"PropertyValueSpecification","valueRequired":true,"valueName":"search_term_string"}}],"inLanguage":"es-ES"},{"@type":"Organization","@id":"https:\/\/www.newmansown.com\/es\/#organization","name":"Newman&#039;s Own","url":"https:\/\/www.newmansown.com\/es\/","logo":{"@type":"ImageObject","inLanguage":"es-ES","@id":"https:\/\/www.newmansown.com\/es\/#\/schema\/logo\/image\/","url":"https:\/\/www.newmansown.com\/wp-content\/uploads\/2024\/02\/newmans-own-green-reg.png","contentUrl":"https:\/\/www.newmansown.com\/wp-content\/uploads\/2024\/02\/newmans-own-green-reg.png","width":737,"height":537,"caption":"Newman&#039;s Own"},"image":{"@id":"https:\/\/www.newmansown.com\/es\/#\/schema\/logo\/image\/"}}]}},"_links":{"self":[{"href":"https:\/\/www.newmansown.com\/es\/wp-json\/wp\/v2\/product\/5750","targetHints":{"allow":["GET"]}}],"collection":[{"href":"https:\/\/www.newmansown.com\/es\/wp-json\/wp\/v2\/product"}],"about":[{"href":"https:\/\/www.newmansown.com\/es\/wp-json\/wp\/v2\/types\/product"}],"wp:featuredmedia":[{"embeddable":true,"href":"https:\/\/www.newmansown.com\/es\/wp-json\/wp\/v2\/media\/12826"}],"wp:attachment":[{"href":"https:\/\/www.newmansown.com\/es\/wp-json\/wp\/v2\/media?parent=5750"}],"wp:term":[{"taxonomy":"product_brand","embeddable":true,"href":"https:\/\/www.newmansown.com\/es\/wp-json\/wp\/v2\/product_brand?post=5750"},{"taxonomy":"product_cat","embeddable":true,"href":"https:\/\/www.newmansown.com\/es\/wp-json\/wp\/v2\/product_cat?post=5750"},{"taxonomy":"product_tag","embeddable":true,"href":"https:\/\/www.newmansown.com\/es\/wp-json\/wp\/v2\/product_tag?post=5750"}],"curies":[{"name":"wp","href":"https:\/\/api.w.org\/{rel}","templated":true}]}}