{"id":5746,"date":"2022-04-11T16:14:28","date_gmt":"2022-04-11T20:14:28","guid":{"rendered":"https:\/\/newmansown.com\/product\/honey-balsamic-dressing\/"},"modified":"2022-04-11T16:14:28","modified_gmt":"2022-04-11T20:14:28","slug":"honey-balsamic-dressing","status":"publish","type":"product","link":"https:\/\/www.newmansown.com\/es\/product\/honey-balsamic-dressing\/","title":{"rendered":"Honey Balsamic Dressing"},"content":{"rendered":"<p>Experimente una deliciosa mezcla de dulce y picante con nuestro Honey Balsamic dressing de miel. Todos los sabores profundos de un ali\u00f1o bals\u00e1mico tradicional, reforzados con la dulzura de la miel. Este ali\u00f1o sin gluten no contiene conservantes ni aromas artificiales.<\/p>\n<p>Sus complejas notas dulces lo hacen ideal como adobo o para acompa\u00f1ar una ensalada de bayas frescas (ya nos lo agradecer\u00e1s).<\/p>\n","protected":false},"excerpt":{"rendered":"<p>Experimente una deliciosa mezcla de dulce y picante con nuestro Honey Balsamic dressing de miel. Todos los sabores profundos de un ali\u00f1o bals\u00e1mico tradicional, reforzados con la dulzura de la miel. Este ali\u00f1o sin gluten no contiene conservantes ni aromas artificiales.<\/p>\n<p>Sus complejas notas dulces lo hacen ideal como adobo o para acompa\u00f1ar una ensalada de bayas frescas (ya nos lo agradecer\u00e1s).<\/p>\n","protected":false},"featured_media":4590,"template":"","meta":{"_acf_changed":false,"inline_featured_image":false},"product_brand":[],"product_cat":[352],"product_tag":[],"class_list":{"0":"post-5746","1":"product","2":"type-product","3":"status-publish","4":"has-post-thumbnail","6":"product_cat-aderezo","8":"first","9":"instock","10":"shipping-taxable","11":"product-type-simple"},"acf":[],"yoast_head":"<!-- This site is optimized with the Yoast SEO plugin v27.3 - https:\/\/yoast.com\/product\/yoast-seo-wordpress\/ -->\n<title>Honey Balsamic Dressing | Newman&#039;s Own<\/title>\n<meta name=\"description\" content=\"Experimente una deliciosa mezcla de dulce y picante con nuestro Honey Balsamic dressing de miel. Todos los sabores profundos de un ali\u00f1o bals\u00e1mico tradicional, reforzados con la dulzura de la miel. Este ali\u00f1o sin gluten no contiene conservantes ni aromas artificiales. Sus complejas notas dulces lo hacen ideal como adobo o para acompa\u00f1ar una ensalada de bayas frescas (ya nos lo agradecer\u00e1s).\" \/>\n<meta name=\"robots\" content=\"index, follow, max-snippet:-1, max-image-preview:large, max-video-preview:-1\" \/>\n<link rel=\"canonical\" href=\"https:\/\/www.newmansown.com\/es\/product\/honey-balsamic-dressing\/\" \/>\n<meta property=\"og:locale\" content=\"es_ES\" \/>\n<meta property=\"og:type\" content=\"article\" \/>\n<meta property=\"og:title\" content=\"Honey Balsamic Dressing | Newman&#039;s Own\" \/>\n<meta property=\"og:description\" content=\"Experimente una deliciosa mezcla de dulce y picante con nuestro Honey Balsamic dressing de miel. Todos los sabores profundos de un ali\u00f1o bals\u00e1mico tradicional, reforzados con la dulzura de la miel. Este ali\u00f1o sin gluten no contiene conservantes ni aromas artificiales. Sus complejas notas dulces lo hacen ideal como adobo o para acompa\u00f1ar una ensalada de bayas frescas (ya nos lo agradecer\u00e1s).\" \/>\n<meta property=\"og:url\" content=\"https:\/\/www.newmansown.com\/es\/product\/honey-balsamic-dressing\/\" \/>\n<meta property=\"og:site_name\" content=\"Newman&#039;s Own\" \/>\n<meta property=\"og:image\" content=\"https:\/\/newmansown.com\/wp-content\/uploads\/2022\/09\/honey-balsamic-vinaigrette.png\" \/>\n\t<meta property=\"og:image:width\" content=\"1036\" \/>\n\t<meta property=\"og:image:height\" content=\"1100\" \/>\n\t<meta property=\"og:image:type\" content=\"image\/png\" \/>\n<meta name=\"twitter:card\" content=\"summary_large_image\" \/>\n<!-- \/ Yoast SEO plugin. -->","yoast_head_json":{"title":"Honey Balsamic Dressing | Newman&#039;s Own","description":"Experimente una deliciosa mezcla de dulce y picante con nuestro Honey Balsamic dressing de miel. Todos los sabores profundos de un ali\u00f1o bals\u00e1mico tradicional, reforzados con la dulzura de la miel. Este ali\u00f1o sin gluten no contiene conservantes ni aromas artificiales. Sus complejas notas dulces lo hacen ideal como adobo o para acompa\u00f1ar una ensalada de bayas frescas (ya nos lo agradecer\u00e1s).","robots":{"index":"index","follow":"follow","max-snippet":"max-snippet:-1","max-image-preview":"max-image-preview:large","max-video-preview":"max-video-preview:-1"},"canonical":"https:\/\/www.newmansown.com\/es\/product\/honey-balsamic-dressing\/","og_locale":"es_ES","og_type":"article","og_title":"Honey Balsamic Dressing | Newman&#039;s Own","og_description":"Experimente una deliciosa mezcla de dulce y picante con nuestro Honey Balsamic dressing de miel. Todos los sabores profundos de un ali\u00f1o bals\u00e1mico tradicional, reforzados con la dulzura de la miel. Este ali\u00f1o sin gluten no contiene conservantes ni aromas artificiales. Sus complejas notas dulces lo hacen ideal como adobo o para acompa\u00f1ar una ensalada de bayas frescas (ya nos lo agradecer\u00e1s).","og_url":"https:\/\/www.newmansown.com\/es\/product\/honey-balsamic-dressing\/","og_site_name":"Newman&#039;s Own","og_image":[{"width":1036,"height":1100,"url":"https:\/\/newmansown.com\/wp-content\/uploads\/2022\/09\/honey-balsamic-vinaigrette.png","type":"image\/png"}],"twitter_card":"summary_large_image","schema":{"@context":"https:\/\/schema.org","@graph":[{"@type":["WebPage","ItemPage"],"@id":"https:\/\/www.newmansown.com\/es\/product\/honey-balsamic-dressing\/","url":"https:\/\/www.newmansown.com\/es\/product\/honey-balsamic-dressing\/","name":"Honey Balsamic Dressing | Newman&#039;s Own","isPartOf":{"@id":"https:\/\/www.newmansown.com\/es\/#website"},"primaryImageOfPage":{"@id":"https:\/\/www.newmansown.com\/es\/product\/honey-balsamic-dressing\/#primaryimage"},"image":{"@id":"https:\/\/www.newmansown.com\/es\/product\/honey-balsamic-dressing\/#primaryimage"},"thumbnailUrl":"https:\/\/www.newmansown.com\/wp-content\/uploads\/2022\/09\/honey-balsamic-vinaigrette.png","datePublished":"2022-04-11T20:14:28+00:00","description":"Experimente una deliciosa mezcla de dulce y picante con nuestro Honey Balsamic dressing de miel. Todos los sabores profundos de un ali\u00f1o bals\u00e1mico tradicional, reforzados con la dulzura de la miel. Este ali\u00f1o sin gluten no contiene conservantes ni aromas artificiales. Sus complejas notas dulces lo hacen ideal como adobo o para acompa\u00f1ar una ensalada de bayas frescas (ya nos lo agradecer\u00e1s).","breadcrumb":{"@id":"https:\/\/www.newmansown.com\/es\/product\/honey-balsamic-dressing\/#breadcrumb"},"inLanguage":"es-ES","potentialAction":[{"@type":"ReadAction","target":["https:\/\/www.newmansown.com\/es\/product\/honey-balsamic-dressing\/"]}]},{"@type":"ImageObject","inLanguage":"es-ES","@id":"https:\/\/www.newmansown.com\/es\/product\/honey-balsamic-dressing\/#primaryimage","url":"https:\/\/www.newmansown.com\/wp-content\/uploads\/2022\/09\/honey-balsamic-vinaigrette.png","contentUrl":"https:\/\/www.newmansown.com\/wp-content\/uploads\/2022\/09\/honey-balsamic-vinaigrette.png","width":1036,"height":1100,"caption":"Ali\u00f1o bals\u00e1mico de miel"},{"@type":"BreadcrumbList","@id":"https:\/\/www.newmansown.com\/es\/product\/honey-balsamic-dressing\/#breadcrumb","itemListElement":[{"@type":"ListItem","position":1,"name":"Home","item":"https:\/\/newmansown.com\/es\/"},{"@type":"ListItem","position":2,"name":"Productos","item":"https:\/\/www.newmansown.com\/es\/productos\/"},{"@type":"ListItem","position":3,"name":"Honey Balsamic Dressing"}]},{"@type":"WebSite","@id":"https:\/\/www.newmansown.com\/es\/#website","url":"https:\/\/www.newmansown.com\/es\/","name":"Newman&#039;s Own","description":"Let&#039;s Give It All Away","publisher":{"@id":"https:\/\/www.newmansown.com\/es\/#organization"},"potentialAction":[{"@type":"SearchAction","target":{"@type":"EntryPoint","urlTemplate":"https:\/\/www.newmansown.com\/es\/?s={search_term_string}"},"query-input":{"@type":"PropertyValueSpecification","valueRequired":true,"valueName":"search_term_string"}}],"inLanguage":"es-ES"},{"@type":"Organization","@id":"https:\/\/www.newmansown.com\/es\/#organization","name":"Newman&#039;s Own","url":"https:\/\/www.newmansown.com\/es\/","logo":{"@type":"ImageObject","inLanguage":"es-ES","@id":"https:\/\/www.newmansown.com\/es\/#\/schema\/logo\/image\/","url":"https:\/\/www.newmansown.com\/wp-content\/uploads\/2024\/02\/newmans-own-green-reg.png","contentUrl":"https:\/\/www.newmansown.com\/wp-content\/uploads\/2024\/02\/newmans-own-green-reg.png","width":737,"height":537,"caption":"Newman&#039;s Own"},"image":{"@id":"https:\/\/www.newmansown.com\/es\/#\/schema\/logo\/image\/"}}]}},"_links":{"self":[{"href":"https:\/\/www.newmansown.com\/es\/wp-json\/wp\/v2\/product\/5746","targetHints":{"allow":["GET"]}}],"collection":[{"href":"https:\/\/www.newmansown.com\/es\/wp-json\/wp\/v2\/product"}],"about":[{"href":"https:\/\/www.newmansown.com\/es\/wp-json\/wp\/v2\/types\/product"}],"wp:featuredmedia":[{"embeddable":true,"href":"https:\/\/www.newmansown.com\/es\/wp-json\/wp\/v2\/media\/4590"}],"wp:attachment":[{"href":"https:\/\/www.newmansown.com\/es\/wp-json\/wp\/v2\/media?parent=5746"}],"wp:term":[{"taxonomy":"product_brand","embeddable":true,"href":"https:\/\/www.newmansown.com\/es\/wp-json\/wp\/v2\/product_brand?post=5746"},{"taxonomy":"product_cat","embeddable":true,"href":"https:\/\/www.newmansown.com\/es\/wp-json\/wp\/v2\/product_cat?post=5746"},{"taxonomy":"product_tag","embeddable":true,"href":"https:\/\/www.newmansown.com\/es\/wp-json\/wp\/v2\/product_tag?post=5746"}],"curies":[{"name":"wp","href":"https:\/\/api.w.org\/{rel}","templated":true}]}}