{"id":5744,"date":"2022-04-11T16:17:44","date_gmt":"2022-04-11T20:17:44","guid":{"rendered":"https:\/\/newmansown.com\/product\/light-caesar-dressing\/"},"modified":"2022-04-11T16:17:44","modified_gmt":"2022-04-11T20:17:44","slug":"light-caesar-dressing","status":"publish","type":"product","link":"https:\/\/www.newmansown.com\/es\/product\/light-caesar-dressing\/","title":{"rendered":"Light Caesar Dressing"},"content":{"rendered":"<p>Este Light Caesar dressing es una victoria real en nuestro libro. Elaborado con todas las notas de sabor del original, pero contiene un 62% menos de grasa y un 53% menos de calor\u00edas que la versi\u00f3n normal.<\/p>\n<p>Un poco de ajo, un poco de lim\u00f3n&#8230; es un gran sabor tradicional para cubrir un abundante bol de lechuga romana, asiago y&#8230; bueno, realmente lo que tu corazoncito desee.<\/p>\n","protected":false},"excerpt":{"rendered":"<p>Este Light Caesar dressing es una victoria real en nuestro libro. Elaborado con todas las notas de sabor del original, pero contiene un 62% menos de grasa y un 53% menos de calor\u00edas que la versi\u00f3n normal.<\/p>\n<p>Un poco de ajo, un poco de lim\u00f3n&#8230; es un gran sabor tradicional para cubrir un abundante bol de lechuga romana, asiago y&#8230; bueno, realmente lo que tu corazoncito desee.<\/p>\n","protected":false},"featured_media":12912,"template":"","meta":{"_acf_changed":false,"inline_featured_image":false},"product_brand":[],"product_cat":[352],"product_tag":[379],"class_list":{"0":"post-5744","1":"product","2":"type-product","3":"status-publish","4":"has-post-thumbnail","6":"product_cat-aderezo","7":"product_tag-sin-gluten","9":"first","10":"instock","11":"shipping-taxable","12":"product-type-simple"},"acf":[],"yoast_head":"<!-- This site is optimized with the Yoast SEO plugin v27.3 - https:\/\/yoast.com\/product\/yoast-seo-wordpress\/ -->\n<title>Light Caesar Dressing | Newman&#039;s Own<\/title>\n<meta name=\"description\" content=\"Este Light Caesar dressing es una victoria real en nuestro libro. Elaborado con todas las notas de sabor del original, pero contiene un 62% menos de grasa y un 53% menos de calor\u00edas que la versi\u00f3n normal. Un poco de ajo, un poco de lim\u00f3n... es un gran sabor tradicional para cubrir un abundante bol de lechuga romana, asiago y... bueno, realmente lo que tu corazoncito desee.\" \/>\n<meta name=\"robots\" content=\"index, follow, max-snippet:-1, max-image-preview:large, max-video-preview:-1\" \/>\n<link rel=\"canonical\" href=\"https:\/\/www.newmansown.com\/es\/product\/light-caesar-dressing\/\" \/>\n<meta property=\"og:locale\" content=\"es_ES\" \/>\n<meta property=\"og:type\" content=\"article\" \/>\n<meta property=\"og:title\" content=\"Light Caesar Dressing | Newman&#039;s Own\" \/>\n<meta property=\"og:description\" content=\"Este Light Caesar dressing es una victoria real en nuestro libro. Elaborado con todas las notas de sabor del original, pero contiene un 62% menos de grasa y un 53% menos de calor\u00edas que la versi\u00f3n normal. Un poco de ajo, un poco de lim\u00f3n... es un gran sabor tradicional para cubrir un abundante bol de lechuga romana, asiago y... bueno, realmente lo que tu corazoncito desee.\" \/>\n<meta property=\"og:url\" content=\"https:\/\/www.newmansown.com\/es\/product\/light-caesar-dressing\/\" \/>\n<meta property=\"og:site_name\" content=\"Newman&#039;s Own\" \/>\n<meta property=\"og:image\" content=\"https:\/\/www.newmansown.com\/wp-content\/uploads\/2022\/09\/light-caesar.png\" \/>\n\t<meta property=\"og:image:width\" content=\"1036\" \/>\n\t<meta property=\"og:image:height\" content=\"1100\" \/>\n\t<meta property=\"og:image:type\" content=\"image\/png\" \/>\n<meta name=\"twitter:card\" content=\"summary_large_image\" \/>\n<!-- \/ Yoast SEO plugin. -->","yoast_head_json":{"title":"Light Caesar Dressing | Newman&#039;s Own","description":"Este Light Caesar dressing es una victoria real en nuestro libro. Elaborado con todas las notas de sabor del original, pero contiene un 62% menos de grasa y un 53% menos de calor\u00edas que la versi\u00f3n normal. Un poco de ajo, un poco de lim\u00f3n... es un gran sabor tradicional para cubrir un abundante bol de lechuga romana, asiago y... bueno, realmente lo que tu corazoncito desee.","robots":{"index":"index","follow":"follow","max-snippet":"max-snippet:-1","max-image-preview":"max-image-preview:large","max-video-preview":"max-video-preview:-1"},"canonical":"https:\/\/www.newmansown.com\/es\/product\/light-caesar-dressing\/","og_locale":"es_ES","og_type":"article","og_title":"Light Caesar Dressing | Newman&#039;s Own","og_description":"Este Light Caesar dressing es una victoria real en nuestro libro. Elaborado con todas las notas de sabor del original, pero contiene un 62% menos de grasa y un 53% menos de calor\u00edas que la versi\u00f3n normal. Un poco de ajo, un poco de lim\u00f3n... es un gran sabor tradicional para cubrir un abundante bol de lechuga romana, asiago y... bueno, realmente lo que tu corazoncito desee.","og_url":"https:\/\/www.newmansown.com\/es\/product\/light-caesar-dressing\/","og_site_name":"Newman&#039;s Own","og_image":[{"width":1036,"height":1100,"url":"https:\/\/www.newmansown.com\/wp-content\/uploads\/2022\/09\/light-caesar.png","type":"image\/png"}],"twitter_card":"summary_large_image","schema":{"@context":"https:\/\/schema.org","@graph":[{"@type":["WebPage","ItemPage"],"@id":"https:\/\/www.newmansown.com\/es\/product\/light-caesar-dressing\/","url":"https:\/\/www.newmansown.com\/es\/product\/light-caesar-dressing\/","name":"Light Caesar Dressing | Newman&#039;s Own","isPartOf":{"@id":"https:\/\/www.newmansown.com\/es\/#website"},"primaryImageOfPage":{"@id":"https:\/\/www.newmansown.com\/es\/product\/light-caesar-dressing\/#primaryimage"},"image":{"@id":"https:\/\/www.newmansown.com\/es\/product\/light-caesar-dressing\/#primaryimage"},"thumbnailUrl":"https:\/\/www.newmansown.com\/wp-content\/uploads\/2022\/04\/newmans-own-16oz-light-caesar.png","datePublished":"2022-04-11T20:17:44+00:00","description":"Este Light Caesar dressing es una victoria real en nuestro libro. Elaborado con todas las notas de sabor del original, pero contiene un 62% menos de grasa y un 53% menos de calor\u00edas que la versi\u00f3n normal. Un poco de ajo, un poco de lim\u00f3n... es un gran sabor tradicional para cubrir un abundante bol de lechuga romana, asiago y... bueno, realmente lo que tu corazoncito desee.","breadcrumb":{"@id":"https:\/\/www.newmansown.com\/es\/product\/light-caesar-dressing\/#breadcrumb"},"inLanguage":"es-ES","potentialAction":[{"@type":"ReadAction","target":["https:\/\/www.newmansown.com\/es\/product\/light-caesar-dressing\/"]}]},{"@type":"ImageObject","inLanguage":"es-ES","@id":"https:\/\/www.newmansown.com\/es\/product\/light-caesar-dressing\/#primaryimage","url":"https:\/\/www.newmansown.com\/wp-content\/uploads\/2022\/04\/newmans-own-16oz-light-caesar.png","contentUrl":"https:\/\/www.newmansown.com\/wp-content\/uploads\/2022\/04\/newmans-own-16oz-light-caesar.png","width":2400,"height":2400,"caption":"Light Caesar dressing"},{"@type":"BreadcrumbList","@id":"https:\/\/www.newmansown.com\/es\/product\/light-caesar-dressing\/#breadcrumb","itemListElement":[{"@type":"ListItem","position":1,"name":"Home","item":"https:\/\/newmansown.com\/es\/"},{"@type":"ListItem","position":2,"name":"Productos","item":"https:\/\/www.newmansown.com\/es\/productos\/"},{"@type":"ListItem","position":3,"name":"Light Caesar Dressing"}]},{"@type":"WebSite","@id":"https:\/\/www.newmansown.com\/es\/#website","url":"https:\/\/www.newmansown.com\/es\/","name":"Newman&#039;s Own","description":"Let&#039;s Give It All Away","publisher":{"@id":"https:\/\/www.newmansown.com\/es\/#organization"},"potentialAction":[{"@type":"SearchAction","target":{"@type":"EntryPoint","urlTemplate":"https:\/\/www.newmansown.com\/es\/?s={search_term_string}"},"query-input":{"@type":"PropertyValueSpecification","valueRequired":true,"valueName":"search_term_string"}}],"inLanguage":"es-ES"},{"@type":"Organization","@id":"https:\/\/www.newmansown.com\/es\/#organization","name":"Newman&#039;s Own","url":"https:\/\/www.newmansown.com\/es\/","logo":{"@type":"ImageObject","inLanguage":"es-ES","@id":"https:\/\/www.newmansown.com\/es\/#\/schema\/logo\/image\/","url":"https:\/\/www.newmansown.com\/wp-content\/uploads\/2024\/02\/newmans-own-green-reg.png","contentUrl":"https:\/\/www.newmansown.com\/wp-content\/uploads\/2024\/02\/newmans-own-green-reg.png","width":737,"height":537,"caption":"Newman&#039;s Own"},"image":{"@id":"https:\/\/www.newmansown.com\/es\/#\/schema\/logo\/image\/"}}]}},"_links":{"self":[{"href":"https:\/\/www.newmansown.com\/es\/wp-json\/wp\/v2\/product\/5744","targetHints":{"allow":["GET"]}}],"collection":[{"href":"https:\/\/www.newmansown.com\/es\/wp-json\/wp\/v2\/product"}],"about":[{"href":"https:\/\/www.newmansown.com\/es\/wp-json\/wp\/v2\/types\/product"}],"wp:featuredmedia":[{"embeddable":true,"href":"https:\/\/www.newmansown.com\/es\/wp-json\/wp\/v2\/media\/12912"}],"wp:attachment":[{"href":"https:\/\/www.newmansown.com\/es\/wp-json\/wp\/v2\/media?parent=5744"}],"wp:term":[{"taxonomy":"product_brand","embeddable":true,"href":"https:\/\/www.newmansown.com\/es\/wp-json\/wp\/v2\/product_brand?post=5744"},{"taxonomy":"product_cat","embeddable":true,"href":"https:\/\/www.newmansown.com\/es\/wp-json\/wp\/v2\/product_cat?post=5744"},{"taxonomy":"product_tag","embeddable":true,"href":"https:\/\/www.newmansown.com\/es\/wp-json\/wp\/v2\/product_tag?post=5744"}],"curies":[{"name":"wp","href":"https:\/\/api.w.org\/{rel}","templated":true}]}}