{"id":5740,"date":"2022-04-11T16:23:43","date_gmt":"2022-04-11T20:23:43","guid":{"rendered":"https:\/\/newmansown.com\/product\/poppy-seed-dressing\/"},"modified":"2022-04-11T16:23:43","modified_gmt":"2022-04-11T20:23:43","slug":"aderezo-de-semillas-de-amapola","status":"publish","type":"product","link":"https:\/\/www.newmansown.com\/es\/product\/aderezo-de-semillas-de-amapola\/","title":{"rendered":"Poppy Seed Dressing"},"content":{"rendered":"<p>Dondequiera que haya fresas en las ensaladas, el Newman&#8217;s Own Poppy Seed Dressing estar\u00e1 listo para poner la guinda.<\/p>\n<p>Nuestra receta combina un toque \u00e1cido de vinagre de sidra de manzana y notas dulces de mostaza, y luego a\u00f1ade el ingrediente clave: el peque\u00f1o crujido de las semillas de amapola. Este ali\u00f1o de gran sabor tampoco contiene gluten ni conservantes, saborizantes o colorantes artificiales.<\/p>\n","protected":false},"excerpt":{"rendered":"<p>Dondequiera que haya fresas en las ensaladas, el Newman&#8217;s Own Poppy Seed Dressing estar\u00e1 listo para poner la guinda.<\/p>\n<p>Nuestra receta combina un toque \u00e1cido de vinagre de sidra de manzana y notas dulces de mostaza, y luego a\u00f1ade el ingrediente clave: el peque\u00f1o crujido de las semillas de amapola. Este ali\u00f1o de gran sabor tampoco contiene gluten ni conservantes, saborizantes o colorantes artificiales.<\/p>\n","protected":false},"featured_media":12882,"template":"","meta":{"_acf_changed":false,"inline_featured_image":false},"product_brand":[],"product_cat":[352],"product_tag":[379],"class_list":{"0":"post-5740","1":"product","2":"type-product","3":"status-publish","4":"has-post-thumbnail","6":"product_cat-aderezo","7":"product_tag-sin-gluten","9":"first","10":"instock","11":"shipping-taxable","12":"product-type-simple"},"acf":[],"yoast_head":"<!-- This site is optimized with the Yoast SEO plugin v27.3 - https:\/\/yoast.com\/product\/yoast-seo-wordpress\/ -->\n<title>Poppy Seed Dressing | Newman&#039;s Own<\/title>\n<meta name=\"description\" content=\"Dondequiera que haya fresas en las ensaladas, el Newman&#039;s Own Poppy Seed Dressing estar\u00e1 listo para poner la guinda. Nuestra receta combina un toque \u00e1cido de vinagre de sidra de manzana y notas dulces de mostaza, y luego a\u00f1ade el ingrediente clave: el peque\u00f1o crujido de las semillas de amapola. Este ali\u00f1o de gran sabor tampoco contiene gluten ni conservantes, saborizantes o colorantes artificiales.\" \/>\n<meta name=\"robots\" content=\"index, follow, max-snippet:-1, max-image-preview:large, max-video-preview:-1\" \/>\n<link rel=\"canonical\" href=\"https:\/\/www.newmansown.com\/es\/product\/aderezo-de-semillas-de-amapola\/\" \/>\n<meta property=\"og:locale\" content=\"es_ES\" \/>\n<meta property=\"og:type\" content=\"article\" \/>\n<meta property=\"og:title\" content=\"Poppy Seed Dressing | Newman&#039;s Own\" \/>\n<meta property=\"og:description\" content=\"Dondequiera que haya fresas en las ensaladas, el Newman&#039;s Own Poppy Seed Dressing estar\u00e1 listo para poner la guinda. Nuestra receta combina un toque \u00e1cido de vinagre de sidra de manzana y notas dulces de mostaza, y luego a\u00f1ade el ingrediente clave: el peque\u00f1o crujido de las semillas de amapola. Este ali\u00f1o de gran sabor tampoco contiene gluten ni conservantes, saborizantes o colorantes artificiales.\" \/>\n<meta property=\"og:url\" content=\"https:\/\/www.newmansown.com\/es\/product\/aderezo-de-semillas-de-amapola\/\" \/>\n<meta property=\"og:site_name\" content=\"Newman&#039;s Own\" \/>\n<meta property=\"og:image\" content=\"https:\/\/www.newmansown.com\/wp-content\/uploads\/2022\/09\/poppy-seed.png\" \/>\n\t<meta property=\"og:image:width\" content=\"1036\" \/>\n\t<meta property=\"og:image:height\" content=\"1100\" \/>\n\t<meta property=\"og:image:type\" content=\"image\/png\" \/>\n<meta name=\"twitter:card\" content=\"summary_large_image\" \/>\n<!-- \/ Yoast SEO plugin. -->","yoast_head_json":{"title":"Poppy Seed Dressing | Newman&#039;s Own","description":"Dondequiera que haya fresas en las ensaladas, el Newman's Own Poppy Seed Dressing estar\u00e1 listo para poner la guinda. Nuestra receta combina un toque \u00e1cido de vinagre de sidra de manzana y notas dulces de mostaza, y luego a\u00f1ade el ingrediente clave: el peque\u00f1o crujido de las semillas de amapola. Este ali\u00f1o de gran sabor tampoco contiene gluten ni conservantes, saborizantes o colorantes artificiales.","robots":{"index":"index","follow":"follow","max-snippet":"max-snippet:-1","max-image-preview":"max-image-preview:large","max-video-preview":"max-video-preview:-1"},"canonical":"https:\/\/www.newmansown.com\/es\/product\/aderezo-de-semillas-de-amapola\/","og_locale":"es_ES","og_type":"article","og_title":"Poppy Seed Dressing | Newman&#039;s Own","og_description":"Dondequiera que haya fresas en las ensaladas, el Newman's Own Poppy Seed Dressing estar\u00e1 listo para poner la guinda. Nuestra receta combina un toque \u00e1cido de vinagre de sidra de manzana y notas dulces de mostaza, y luego a\u00f1ade el ingrediente clave: el peque\u00f1o crujido de las semillas de amapola. Este ali\u00f1o de gran sabor tampoco contiene gluten ni conservantes, saborizantes o colorantes artificiales.","og_url":"https:\/\/www.newmansown.com\/es\/product\/aderezo-de-semillas-de-amapola\/","og_site_name":"Newman&#039;s Own","og_image":[{"width":1036,"height":1100,"url":"https:\/\/www.newmansown.com\/wp-content\/uploads\/2022\/09\/poppy-seed.png","type":"image\/png"}],"twitter_card":"summary_large_image","schema":{"@context":"https:\/\/schema.org","@graph":[{"@type":["WebPage","ItemPage"],"@id":"https:\/\/www.newmansown.com\/es\/product\/aderezo-de-semillas-de-amapola\/","url":"https:\/\/www.newmansown.com\/es\/product\/aderezo-de-semillas-de-amapola\/","name":"Poppy Seed Dressing | Newman&#039;s Own","isPartOf":{"@id":"https:\/\/www.newmansown.com\/es\/#website"},"primaryImageOfPage":{"@id":"https:\/\/www.newmansown.com\/es\/product\/aderezo-de-semillas-de-amapola\/#primaryimage"},"image":{"@id":"https:\/\/www.newmansown.com\/es\/product\/aderezo-de-semillas-de-amapola\/#primaryimage"},"thumbnailUrl":"https:\/\/www.newmansown.com\/wp-content\/uploads\/2022\/04\/newmans-own-16oz-poppy.png","datePublished":"2022-04-11T20:23:43+00:00","description":"Dondequiera que haya fresas en las ensaladas, el Newman's Own Poppy Seed Dressing estar\u00e1 listo para poner la guinda. Nuestra receta combina un toque \u00e1cido de vinagre de sidra de manzana y notas dulces de mostaza, y luego a\u00f1ade el ingrediente clave: el peque\u00f1o crujido de las semillas de amapola. Este ali\u00f1o de gran sabor tampoco contiene gluten ni conservantes, saborizantes o colorantes artificiales.","breadcrumb":{"@id":"https:\/\/www.newmansown.com\/es\/product\/aderezo-de-semillas-de-amapola\/#breadcrumb"},"inLanguage":"es-ES","potentialAction":[{"@type":"ReadAction","target":["https:\/\/www.newmansown.com\/es\/product\/aderezo-de-semillas-de-amapola\/"]}]},{"@type":"ImageObject","inLanguage":"es-ES","@id":"https:\/\/www.newmansown.com\/es\/product\/aderezo-de-semillas-de-amapola\/#primaryimage","url":"https:\/\/www.newmansown.com\/wp-content\/uploads\/2022\/04\/newmans-own-16oz-poppy.png","contentUrl":"https:\/\/www.newmansown.com\/wp-content\/uploads\/2022\/04\/newmans-own-16oz-poppy.png","width":2400,"height":2400,"caption":"Poppy Seed Dressing"},{"@type":"BreadcrumbList","@id":"https:\/\/www.newmansown.com\/es\/product\/aderezo-de-semillas-de-amapola\/#breadcrumb","itemListElement":[{"@type":"ListItem","position":1,"name":"Home","item":"https:\/\/newmansown.com\/es\/"},{"@type":"ListItem","position":2,"name":"Productos","item":"https:\/\/www.newmansown.com\/es\/productos\/"},{"@type":"ListItem","position":3,"name":"Poppy Seed Dressing"}]},{"@type":"WebSite","@id":"https:\/\/www.newmansown.com\/es\/#website","url":"https:\/\/www.newmansown.com\/es\/","name":"Newman&#039;s Own","description":"Let&#039;s Give It All Away","publisher":{"@id":"https:\/\/www.newmansown.com\/es\/#organization"},"potentialAction":[{"@type":"SearchAction","target":{"@type":"EntryPoint","urlTemplate":"https:\/\/www.newmansown.com\/es\/?s={search_term_string}"},"query-input":{"@type":"PropertyValueSpecification","valueRequired":true,"valueName":"search_term_string"}}],"inLanguage":"es-ES"},{"@type":"Organization","@id":"https:\/\/www.newmansown.com\/es\/#organization","name":"Newman&#039;s Own","url":"https:\/\/www.newmansown.com\/es\/","logo":{"@type":"ImageObject","inLanguage":"es-ES","@id":"https:\/\/www.newmansown.com\/es\/#\/schema\/logo\/image\/","url":"https:\/\/www.newmansown.com\/wp-content\/uploads\/2024\/02\/newmans-own-green-reg.png","contentUrl":"https:\/\/www.newmansown.com\/wp-content\/uploads\/2024\/02\/newmans-own-green-reg.png","width":737,"height":537,"caption":"Newman&#039;s Own"},"image":{"@id":"https:\/\/www.newmansown.com\/es\/#\/schema\/logo\/image\/"}}]}},"_links":{"self":[{"href":"https:\/\/www.newmansown.com\/es\/wp-json\/wp\/v2\/product\/5740","targetHints":{"allow":["GET"]}}],"collection":[{"href":"https:\/\/www.newmansown.com\/es\/wp-json\/wp\/v2\/product"}],"about":[{"href":"https:\/\/www.newmansown.com\/es\/wp-json\/wp\/v2\/types\/product"}],"wp:featuredmedia":[{"embeddable":true,"href":"https:\/\/www.newmansown.com\/es\/wp-json\/wp\/v2\/media\/12882"}],"wp:attachment":[{"href":"https:\/\/www.newmansown.com\/es\/wp-json\/wp\/v2\/media?parent=5740"}],"wp:term":[{"taxonomy":"product_brand","embeddable":true,"href":"https:\/\/www.newmansown.com\/es\/wp-json\/wp\/v2\/product_brand?post=5740"},{"taxonomy":"product_cat","embeddable":true,"href":"https:\/\/www.newmansown.com\/es\/wp-json\/wp\/v2\/product_cat?post=5740"},{"taxonomy":"product_tag","embeddable":true,"href":"https:\/\/www.newmansown.com\/es\/wp-json\/wp\/v2\/product_tag?post=5740"}],"curies":[{"name":"wp","href":"https:\/\/api.w.org\/{rel}","templated":true}]}}