{"id":5737,"date":"2022-04-11T16:31:10","date_gmt":"2022-04-11T20:31:10","guid":{"rendered":"https:\/\/newmansown.com\/product\/sesame-ginger-dressing\/"},"modified":"2022-04-11T16:31:10","modified_gmt":"2022-04-11T20:31:10","slug":"sesame-ginger-dressing","status":"publish","type":"product","link":"https:\/\/www.newmansown.com\/es\/product\/sesame-ginger-dressing\/","title":{"rendered":"Sesame Ginger Dressing"},"content":{"rendered":"<p>Ven a disfrutar del lado oscuro de los ali\u00f1os con el Newman&#8217;s Own Sesame Ginger.<\/p>\n<p>Una rica versi\u00f3n de un aderezo casero favorito para ensaladas, esta opci\u00f3n de inspiraci\u00f3n asi\u00e1tica es realmente potente para su pr\u00f3xima aventura culinaria. Disfrute de los sabores del s\u00e9samo con nueces y el jengibre picante sobre su ensalada favorita o como adobo para carnes.<\/p>\n","protected":false},"excerpt":{"rendered":"<p>Ven a disfrutar del lado oscuro de los ali\u00f1os con el Newman&#8217;s Own Sesame Ginger.<\/p>\n<p>Una rica versi\u00f3n de un aderezo casero favorito para ensaladas, esta opci\u00f3n de inspiraci\u00f3n asi\u00e1tica es realmente potente para su pr\u00f3xima aventura culinaria. Disfrute de los sabores del s\u00e9samo con nueces y el jengibre picante sobre su ensalada favorita o como adobo para carnes.<\/p>\n","protected":false},"featured_media":12888,"template":"","meta":{"_acf_changed":false,"inline_featured_image":false},"product_brand":[],"product_cat":[352],"product_tag":[],"class_list":{"0":"post-5737","1":"product","2":"type-product","3":"status-publish","4":"has-post-thumbnail","6":"product_cat-aderezo","8":"first","9":"instock","10":"shipping-taxable","11":"product-type-simple"},"acf":[],"yoast_head":"<!-- This site is optimized with the Yoast SEO plugin v27.3 - https:\/\/yoast.com\/product\/yoast-seo-wordpress\/ -->\n<title>Sesame Ginger Dressing | Newman&#039;s Own<\/title>\n<meta name=\"description\" content=\"Ven a disfrutar del lado oscuro de los ali\u00f1os con el Newman&#039;s Own Sesame Ginger. Una rica versi\u00f3n de un aderezo casero favorito para ensaladas, esta opci\u00f3n de inspiraci\u00f3n asi\u00e1tica es realmente potente para su pr\u00f3xima aventura culinaria. Disfrute de los sabores del s\u00e9samo con nueces y el jengibre picante sobre su ensalada favorita o como adobo para carnes.\" \/>\n<meta name=\"robots\" content=\"index, follow, max-snippet:-1, max-image-preview:large, max-video-preview:-1\" \/>\n<link rel=\"canonical\" href=\"https:\/\/www.newmansown.com\/es\/product\/sesame-ginger-dressing\/\" \/>\n<meta property=\"og:locale\" content=\"es_ES\" \/>\n<meta property=\"og:type\" content=\"article\" \/>\n<meta property=\"og:title\" content=\"Sesame Ginger Dressing | Newman&#039;s Own\" \/>\n<meta property=\"og:description\" content=\"Ven a disfrutar del lado oscuro de los ali\u00f1os con el Newman&#039;s Own Sesame Ginger. Una rica versi\u00f3n de un aderezo casero favorito para ensaladas, esta opci\u00f3n de inspiraci\u00f3n asi\u00e1tica es realmente potente para su pr\u00f3xima aventura culinaria. Disfrute de los sabores del s\u00e9samo con nueces y el jengibre picante sobre su ensalada favorita o como adobo para carnes.\" \/>\n<meta property=\"og:url\" content=\"https:\/\/www.newmansown.com\/es\/product\/sesame-ginger-dressing\/\" \/>\n<meta property=\"og:site_name\" content=\"Newman&#039;s Own\" \/>\n<meta property=\"og:image\" content=\"https:\/\/www.newmansown.com\/wp-content\/uploads\/2022\/09\/sesame-ginger.png\" \/>\n\t<meta property=\"og:image:width\" content=\"1036\" \/>\n\t<meta property=\"og:image:height\" content=\"1100\" \/>\n\t<meta property=\"og:image:type\" content=\"image\/png\" \/>\n<meta name=\"twitter:card\" content=\"summary_large_image\" \/>\n<!-- \/ Yoast SEO plugin. -->","yoast_head_json":{"title":"Sesame Ginger Dressing | Newman&#039;s Own","description":"Ven a disfrutar del lado oscuro de los ali\u00f1os con el Newman's Own Sesame Ginger. Una rica versi\u00f3n de un aderezo casero favorito para ensaladas, esta opci\u00f3n de inspiraci\u00f3n asi\u00e1tica es realmente potente para su pr\u00f3xima aventura culinaria. Disfrute de los sabores del s\u00e9samo con nueces y el jengibre picante sobre su ensalada favorita o como adobo para carnes.","robots":{"index":"index","follow":"follow","max-snippet":"max-snippet:-1","max-image-preview":"max-image-preview:large","max-video-preview":"max-video-preview:-1"},"canonical":"https:\/\/www.newmansown.com\/es\/product\/sesame-ginger-dressing\/","og_locale":"es_ES","og_type":"article","og_title":"Sesame Ginger Dressing | Newman&#039;s Own","og_description":"Ven a disfrutar del lado oscuro de los ali\u00f1os con el Newman's Own Sesame Ginger. Una rica versi\u00f3n de un aderezo casero favorito para ensaladas, esta opci\u00f3n de inspiraci\u00f3n asi\u00e1tica es realmente potente para su pr\u00f3xima aventura culinaria. Disfrute de los sabores del s\u00e9samo con nueces y el jengibre picante sobre su ensalada favorita o como adobo para carnes.","og_url":"https:\/\/www.newmansown.com\/es\/product\/sesame-ginger-dressing\/","og_site_name":"Newman&#039;s Own","og_image":[{"width":1036,"height":1100,"url":"https:\/\/www.newmansown.com\/wp-content\/uploads\/2022\/09\/sesame-ginger.png","type":"image\/png"}],"twitter_card":"summary_large_image","schema":{"@context":"https:\/\/schema.org","@graph":[{"@type":["WebPage","ItemPage"],"@id":"https:\/\/www.newmansown.com\/es\/product\/sesame-ginger-dressing\/","url":"https:\/\/www.newmansown.com\/es\/product\/sesame-ginger-dressing\/","name":"Sesame Ginger Dressing | Newman&#039;s Own","isPartOf":{"@id":"https:\/\/www.newmansown.com\/es\/#website"},"primaryImageOfPage":{"@id":"https:\/\/www.newmansown.com\/es\/product\/sesame-ginger-dressing\/#primaryimage"},"image":{"@id":"https:\/\/www.newmansown.com\/es\/product\/sesame-ginger-dressing\/#primaryimage"},"thumbnailUrl":"https:\/\/www.newmansown.com\/wp-content\/uploads\/2022\/04\/newmans-own-16oz-sesame-ginger.png","datePublished":"2022-04-11T20:31:10+00:00","description":"Ven a disfrutar del lado oscuro de los ali\u00f1os con el Newman's Own Sesame Ginger. Una rica versi\u00f3n de un aderezo casero favorito para ensaladas, esta opci\u00f3n de inspiraci\u00f3n asi\u00e1tica es realmente potente para su pr\u00f3xima aventura culinaria. Disfrute de los sabores del s\u00e9samo con nueces y el jengibre picante sobre su ensalada favorita o como adobo para carnes.","breadcrumb":{"@id":"https:\/\/www.newmansown.com\/es\/product\/sesame-ginger-dressing\/#breadcrumb"},"inLanguage":"es-ES","potentialAction":[{"@type":"ReadAction","target":["https:\/\/www.newmansown.com\/es\/product\/sesame-ginger-dressing\/"]}]},{"@type":"ImageObject","inLanguage":"es-ES","@id":"https:\/\/www.newmansown.com\/es\/product\/sesame-ginger-dressing\/#primaryimage","url":"https:\/\/www.newmansown.com\/wp-content\/uploads\/2022\/04\/newmans-own-16oz-sesame-ginger.png","contentUrl":"https:\/\/www.newmansown.com\/wp-content\/uploads\/2022\/04\/newmans-own-16oz-sesame-ginger.png","width":2400,"height":2400,"caption":"Sesame Ginger Dressing"},{"@type":"BreadcrumbList","@id":"https:\/\/www.newmansown.com\/es\/product\/sesame-ginger-dressing\/#breadcrumb","itemListElement":[{"@type":"ListItem","position":1,"name":"Home","item":"https:\/\/newmansown.com\/es\/"},{"@type":"ListItem","position":2,"name":"Productos","item":"https:\/\/www.newmansown.com\/es\/productos\/"},{"@type":"ListItem","position":3,"name":"Sesame Ginger Dressing"}]},{"@type":"WebSite","@id":"https:\/\/www.newmansown.com\/es\/#website","url":"https:\/\/www.newmansown.com\/es\/","name":"Newman&#039;s Own","description":"Let&#039;s Give It All Away","publisher":{"@id":"https:\/\/www.newmansown.com\/es\/#organization"},"potentialAction":[{"@type":"SearchAction","target":{"@type":"EntryPoint","urlTemplate":"https:\/\/www.newmansown.com\/es\/?s={search_term_string}"},"query-input":{"@type":"PropertyValueSpecification","valueRequired":true,"valueName":"search_term_string"}}],"inLanguage":"es-ES"},{"@type":"Organization","@id":"https:\/\/www.newmansown.com\/es\/#organization","name":"Newman&#039;s Own","url":"https:\/\/www.newmansown.com\/es\/","logo":{"@type":"ImageObject","inLanguage":"es-ES","@id":"https:\/\/www.newmansown.com\/es\/#\/schema\/logo\/image\/","url":"https:\/\/www.newmansown.com\/wp-content\/uploads\/2024\/02\/newmans-own-green-reg.png","contentUrl":"https:\/\/www.newmansown.com\/wp-content\/uploads\/2024\/02\/newmans-own-green-reg.png","width":737,"height":537,"caption":"Newman&#039;s Own"},"image":{"@id":"https:\/\/www.newmansown.com\/es\/#\/schema\/logo\/image\/"}}]}},"_links":{"self":[{"href":"https:\/\/www.newmansown.com\/es\/wp-json\/wp\/v2\/product\/5737","targetHints":{"allow":["GET"]}}],"collection":[{"href":"https:\/\/www.newmansown.com\/es\/wp-json\/wp\/v2\/product"}],"about":[{"href":"https:\/\/www.newmansown.com\/es\/wp-json\/wp\/v2\/types\/product"}],"wp:featuredmedia":[{"embeddable":true,"href":"https:\/\/www.newmansown.com\/es\/wp-json\/wp\/v2\/media\/12888"}],"wp:attachment":[{"href":"https:\/\/www.newmansown.com\/es\/wp-json\/wp\/v2\/media?parent=5737"}],"wp:term":[{"taxonomy":"product_brand","embeddable":true,"href":"https:\/\/www.newmansown.com\/es\/wp-json\/wp\/v2\/product_brand?post=5737"},{"taxonomy":"product_cat","embeddable":true,"href":"https:\/\/www.newmansown.com\/es\/wp-json\/wp\/v2\/product_cat?post=5737"},{"taxonomy":"product_tag","embeddable":true,"href":"https:\/\/www.newmansown.com\/es\/wp-json\/wp\/v2\/product_tag?post=5737"}],"curies":[{"name":"wp","href":"https:\/\/api.w.org\/{rel}","templated":true}]}}