{"id":5734,"date":"2022-04-11T16:37:17","date_gmt":"2022-04-11T20:37:17","guid":{"rendered":"https:\/\/newmansown.com\/product\/lemon-basil-vinaigrette-dressing\/"},"modified":"2022-04-11T16:37:17","modified_gmt":"2022-04-11T20:37:17","slug":"lemon-basil-vinaigrette-dressing","status":"publish","type":"product","link":"https:\/\/www.newmansown.com\/es\/product\/lemon-basil-vinaigrette-dressing\/","title":{"rendered":"Lemon Basil Vinaigrette Dressing"},"content":{"rendered":"<p>Sue\u00f1a con esto: el sabor brillante del lim\u00f3n y el sabor dulce de la albahaca. Suena incre\u00edble, \u00bfverdad?<\/p>\n<p>Pues no sue\u00f1es m\u00e1s, porque la Newman&#8217;s Own Lemon Basil Vinaigrette est\u00e1 aqu\u00ed para impresionar a tus papilas gustativas, ya sea que elijas cubrir una ensalada o marinar verduras en ella. Le encantar\u00e1 servirlo sabiendo que no contiene aromas ni conservantes artificiales.<\/p>\n","protected":false},"excerpt":{"rendered":"<p>Sue\u00f1a con esto: el sabor brillante del lim\u00f3n y el sabor dulce de la albahaca. Suena incre\u00edble, \u00bfverdad?<\/p>\n<p>Pues no sue\u00f1es m\u00e1s, porque la Newman&#8217;s Own Lemon Basil Vinaigrette est\u00e1 aqu\u00ed para impresionar a tus papilas gustativas, ya sea que elijas cubrir una ensalada o marinar verduras en ella. Le encantar\u00e1 servirlo sabiendo que no contiene aromas ni conservantes artificiales.<\/p>\n","protected":false},"featured_media":12878,"template":"","meta":{"_acf_changed":false,"inline_featured_image":false},"product_brand":[],"product_cat":[352],"product_tag":[379],"class_list":{"0":"post-5734","1":"product","2":"type-product","3":"status-publish","4":"has-post-thumbnail","6":"product_cat-aderezo","7":"product_tag-sin-gluten","9":"first","10":"instock","11":"shipping-taxable","12":"product-type-simple"},"acf":[],"yoast_head":"<!-- This site is optimized with the Yoast SEO plugin v27.3 - https:\/\/yoast.com\/product\/yoast-seo-wordpress\/ -->\n<title>Lemon Basil Vinaigrette Dressing | Newman&#039;s Own<\/title>\n<meta name=\"description\" content=\"Sue\u00f1a con esto: el sabor brillante del lim\u00f3n y el sabor dulce de la albahaca. Suena incre\u00edble, \u00bfverdad? Pues no sue\u00f1es m\u00e1s, porque la Newman&#039;s Own Lemon Basil Vinaigrette est\u00e1 aqu\u00ed para impresionar a tus papilas gustativas, ya sea que elijas cubrir una ensalada o marinar verduras en ella. Le encantar\u00e1 servirlo sabiendo que no contiene aromas ni conservantes artificiales.\" \/>\n<meta name=\"robots\" content=\"index, follow, max-snippet:-1, max-image-preview:large, max-video-preview:-1\" \/>\n<link rel=\"canonical\" href=\"https:\/\/www.newmansown.com\/es\/product\/lemon-basil-vinaigrette-dressing\/\" \/>\n<meta property=\"og:locale\" content=\"es_ES\" \/>\n<meta property=\"og:type\" content=\"article\" \/>\n<meta property=\"og:title\" content=\"Lemon Basil Vinaigrette Dressing | Newman&#039;s Own\" \/>\n<meta property=\"og:description\" content=\"Sue\u00f1a con esto: el sabor brillante del lim\u00f3n y el sabor dulce de la albahaca. Suena incre\u00edble, \u00bfverdad? Pues no sue\u00f1es m\u00e1s, porque la Newman&#039;s Own Lemon Basil Vinaigrette est\u00e1 aqu\u00ed para impresionar a tus papilas gustativas, ya sea que elijas cubrir una ensalada o marinar verduras en ella. Le encantar\u00e1 servirlo sabiendo que no contiene aromas ni conservantes artificiales.\" \/>\n<meta property=\"og:url\" content=\"https:\/\/www.newmansown.com\/es\/product\/lemon-basil-vinaigrette-dressing\/\" \/>\n<meta property=\"og:site_name\" content=\"Newman&#039;s Own\" \/>\n<meta property=\"og:image\" content=\"https:\/\/www.newmansown.com\/wp-content\/uploads\/2022\/04\/lemon-basil-vinaigrette.png\" \/>\n\t<meta property=\"og:image:width\" content=\"1036\" \/>\n\t<meta property=\"og:image:height\" content=\"1100\" \/>\n\t<meta property=\"og:image:type\" content=\"image\/png\" \/>\n<meta name=\"twitter:card\" content=\"summary_large_image\" \/>\n<!-- \/ Yoast SEO plugin. -->","yoast_head_json":{"title":"Lemon Basil Vinaigrette Dressing | Newman&#039;s Own","description":"Sue\u00f1a con esto: el sabor brillante del lim\u00f3n y el sabor dulce de la albahaca. Suena incre\u00edble, \u00bfverdad? Pues no sue\u00f1es m\u00e1s, porque la Newman's Own Lemon Basil Vinaigrette est\u00e1 aqu\u00ed para impresionar a tus papilas gustativas, ya sea que elijas cubrir una ensalada o marinar verduras en ella. Le encantar\u00e1 servirlo sabiendo que no contiene aromas ni conservantes artificiales.","robots":{"index":"index","follow":"follow","max-snippet":"max-snippet:-1","max-image-preview":"max-image-preview:large","max-video-preview":"max-video-preview:-1"},"canonical":"https:\/\/www.newmansown.com\/es\/product\/lemon-basil-vinaigrette-dressing\/","og_locale":"es_ES","og_type":"article","og_title":"Lemon Basil Vinaigrette Dressing | Newman&#039;s Own","og_description":"Sue\u00f1a con esto: el sabor brillante del lim\u00f3n y el sabor dulce de la albahaca. Suena incre\u00edble, \u00bfverdad? Pues no sue\u00f1es m\u00e1s, porque la Newman's Own Lemon Basil Vinaigrette est\u00e1 aqu\u00ed para impresionar a tus papilas gustativas, ya sea que elijas cubrir una ensalada o marinar verduras en ella. Le encantar\u00e1 servirlo sabiendo que no contiene aromas ni conservantes artificiales.","og_url":"https:\/\/www.newmansown.com\/es\/product\/lemon-basil-vinaigrette-dressing\/","og_site_name":"Newman&#039;s Own","og_image":[{"width":1036,"height":1100,"url":"https:\/\/www.newmansown.com\/wp-content\/uploads\/2022\/04\/lemon-basil-vinaigrette.png","type":"image\/png"}],"twitter_card":"summary_large_image","schema":{"@context":"https:\/\/schema.org","@graph":[{"@type":["WebPage","ItemPage"],"@id":"https:\/\/www.newmansown.com\/es\/product\/lemon-basil-vinaigrette-dressing\/","url":"https:\/\/www.newmansown.com\/es\/product\/lemon-basil-vinaigrette-dressing\/","name":"Lemon Basil Vinaigrette Dressing | Newman&#039;s Own","isPartOf":{"@id":"https:\/\/www.newmansown.com\/es\/#website"},"primaryImageOfPage":{"@id":"https:\/\/www.newmansown.com\/es\/product\/lemon-basil-vinaigrette-dressing\/#primaryimage"},"image":{"@id":"https:\/\/www.newmansown.com\/es\/product\/lemon-basil-vinaigrette-dressing\/#primaryimage"},"thumbnailUrl":"https:\/\/www.newmansown.com\/wp-content\/uploads\/2022\/04\/newmans-own-16oz-lemon-basil.png","datePublished":"2022-04-11T20:37:17+00:00","description":"Sue\u00f1a con esto: el sabor brillante del lim\u00f3n y el sabor dulce de la albahaca. Suena incre\u00edble, \u00bfverdad? Pues no sue\u00f1es m\u00e1s, porque la Newman's Own Lemon Basil Vinaigrette est\u00e1 aqu\u00ed para impresionar a tus papilas gustativas, ya sea que elijas cubrir una ensalada o marinar verduras en ella. Le encantar\u00e1 servirlo sabiendo que no contiene aromas ni conservantes artificiales.","breadcrumb":{"@id":"https:\/\/www.newmansown.com\/es\/product\/lemon-basil-vinaigrette-dressing\/#breadcrumb"},"inLanguage":"es-ES","potentialAction":[{"@type":"ReadAction","target":["https:\/\/www.newmansown.com\/es\/product\/lemon-basil-vinaigrette-dressing\/"]}]},{"@type":"ImageObject","inLanguage":"es-ES","@id":"https:\/\/www.newmansown.com\/es\/product\/lemon-basil-vinaigrette-dressing\/#primaryimage","url":"https:\/\/www.newmansown.com\/wp-content\/uploads\/2022\/04\/newmans-own-16oz-lemon-basil.png","contentUrl":"https:\/\/www.newmansown.com\/wp-content\/uploads\/2022\/04\/newmans-own-16oz-lemon-basil.png","width":2400,"height":2400,"caption":"Lemon Basil Vinaigrette Dressing"},{"@type":"BreadcrumbList","@id":"https:\/\/www.newmansown.com\/es\/product\/lemon-basil-vinaigrette-dressing\/#breadcrumb","itemListElement":[{"@type":"ListItem","position":1,"name":"Home","item":"https:\/\/newmansown.com\/es\/"},{"@type":"ListItem","position":2,"name":"Productos","item":"https:\/\/www.newmansown.com\/es\/productos\/"},{"@type":"ListItem","position":3,"name":"Lemon Basil Vinaigrette Dressing"}]},{"@type":"WebSite","@id":"https:\/\/www.newmansown.com\/es\/#website","url":"https:\/\/www.newmansown.com\/es\/","name":"Newman&#039;s Own","description":"Let&#039;s Give It All Away","publisher":{"@id":"https:\/\/www.newmansown.com\/es\/#organization"},"potentialAction":[{"@type":"SearchAction","target":{"@type":"EntryPoint","urlTemplate":"https:\/\/www.newmansown.com\/es\/?s={search_term_string}"},"query-input":{"@type":"PropertyValueSpecification","valueRequired":true,"valueName":"search_term_string"}}],"inLanguage":"es-ES"},{"@type":"Organization","@id":"https:\/\/www.newmansown.com\/es\/#organization","name":"Newman&#039;s Own","url":"https:\/\/www.newmansown.com\/es\/","logo":{"@type":"ImageObject","inLanguage":"es-ES","@id":"https:\/\/www.newmansown.com\/es\/#\/schema\/logo\/image\/","url":"https:\/\/www.newmansown.com\/wp-content\/uploads\/2024\/02\/newmans-own-green-reg.png","contentUrl":"https:\/\/www.newmansown.com\/wp-content\/uploads\/2024\/02\/newmans-own-green-reg.png","width":737,"height":537,"caption":"Newman&#039;s Own"},"image":{"@id":"https:\/\/www.newmansown.com\/es\/#\/schema\/logo\/image\/"}}]}},"_links":{"self":[{"href":"https:\/\/www.newmansown.com\/es\/wp-json\/wp\/v2\/product\/5734","targetHints":{"allow":["GET"]}}],"collection":[{"href":"https:\/\/www.newmansown.com\/es\/wp-json\/wp\/v2\/product"}],"about":[{"href":"https:\/\/www.newmansown.com\/es\/wp-json\/wp\/v2\/types\/product"}],"wp:featuredmedia":[{"embeddable":true,"href":"https:\/\/www.newmansown.com\/es\/wp-json\/wp\/v2\/media\/12878"}],"wp:attachment":[{"href":"https:\/\/www.newmansown.com\/es\/wp-json\/wp\/v2\/media?parent=5734"}],"wp:term":[{"taxonomy":"product_brand","embeddable":true,"href":"https:\/\/www.newmansown.com\/es\/wp-json\/wp\/v2\/product_brand?post=5734"},{"taxonomy":"product_cat","embeddable":true,"href":"https:\/\/www.newmansown.com\/es\/wp-json\/wp\/v2\/product_cat?post=5734"},{"taxonomy":"product_tag","embeddable":true,"href":"https:\/\/www.newmansown.com\/es\/wp-json\/wp\/v2\/product_tag?post=5734"}],"curies":[{"name":"wp","href":"https:\/\/api.w.org\/{rel}","templated":true}]}}