{"id":5724,"date":"2022-04-12T13:23:18","date_gmt":"2022-04-12T17:23:18","guid":{"rendered":"https:\/\/newmansown.com\/product\/salsa-de-melocoton\/"},"modified":"2022-04-12T13:23:18","modified_gmt":"2022-04-12T17:23:18","slug":"peach-salsa","status":"publish","type":"product","link":"https:\/\/www.newmansown.com\/es\/product\/peach-salsa\/","title":{"rendered":"Salsa de melocot\u00f3n"},"content":{"rendered":"<p>Ver\u00e1s que esta salsa afrutada est\u00e1 llena de un sabor a melocot\u00f3n perfecto al que volver\u00e1s una y otra vez.<\/p>\n<p>La Newman&#8217;s Own Peach Salsa est\u00e1 repleta de magn\u00edficos ingredientes en trozos como tomates cortados en dados, jalape\u00f1os y melocotones. Ideal para mojar patatas fritas, cubrir burritos y mucho m\u00e1s.<\/p>\n","protected":false},"excerpt":{"rendered":"<p>Ver\u00e1s que esta salsa afrutada est\u00e1 llena de un sabor a melocot\u00f3n perfecto al que volver\u00e1s una y otra vez.<\/p>\n<p>La Newman&#8217;s Own Peach Salsa est\u00e1 repleta de magn\u00edficos ingredientes en trozos como tomates cortados en dados, jalape\u00f1os y melocotones. Ideal para mojar patatas fritas, cubrir burritos y mucho m\u00e1s.<\/p>\n","protected":false},"featured_media":7575,"template":"","meta":{"_acf_changed":false,"inline_featured_image":false},"product_brand":[],"product_cat":[361],"product_tag":[],"class_list":{"0":"post-5724","1":"product","2":"type-product","3":"status-publish","4":"has-post-thumbnail","6":"product_cat-salsa-es","8":"first","9":"instock","10":"shipping-taxable","11":"product-type-simple"},"acf":[],"yoast_head":"<!-- This site is optimized with the Yoast SEO plugin v27.3 - https:\/\/yoast.com\/product\/yoast-seo-wordpress\/ -->\n<title>Salsa de melocot\u00f3n | Newman&#039;s Own<\/title>\n<meta name=\"description\" content=\"Ver\u00e1s que esta salsa afrutada est\u00e1 llena de un sabor a melocot\u00f3n perfecto al que volver\u00e1s una y otra vez. La Newman&#039;s Own Peach Salsa est\u00e1 repleta de magn\u00edficos ingredientes en trozos como tomates cortados en dados, jalape\u00f1os y melocotones. Ideal para mojar patatas fritas, cubrir burritos y mucho m\u00e1s.\" \/>\n<meta name=\"robots\" content=\"index, follow, max-snippet:-1, max-image-preview:large, max-video-preview:-1\" \/>\n<link rel=\"canonical\" href=\"https:\/\/www.newmansown.com\/es\/product\/peach-salsa\/\" \/>\n<meta property=\"og:locale\" content=\"es_ES\" \/>\n<meta property=\"og:type\" content=\"article\" \/>\n<meta property=\"og:title\" content=\"Salsa de melocot\u00f3n | Newman&#039;s Own\" \/>\n<meta property=\"og:description\" content=\"Ver\u00e1s que esta salsa afrutada est\u00e1 llena de un sabor a melocot\u00f3n perfecto al que volver\u00e1s una y otra vez. La Newman&#039;s Own Peach Salsa est\u00e1 repleta de magn\u00edficos ingredientes en trozos como tomates cortados en dados, jalape\u00f1os y melocotones. Ideal para mojar patatas fritas, cubrir burritos y mucho m\u00e1s.\" \/>\n<meta property=\"og:url\" content=\"https:\/\/www.newmansown.com\/es\/product\/peach-salsa\/\" \/>\n<meta property=\"og:site_name\" content=\"Newman&#039;s Own\" \/>\n<meta property=\"og:image\" content=\"https:\/\/www.newmansown.com\/wp-content\/uploads\/2022\/04\/Peach-Salsa.png\" \/>\n\t<meta property=\"og:image:width\" content=\"1036\" \/>\n\t<meta property=\"og:image:height\" content=\"1100\" \/>\n\t<meta property=\"og:image:type\" content=\"image\/png\" \/>\n<meta name=\"twitter:card\" content=\"summary_large_image\" \/>\n<!-- \/ Yoast SEO plugin. -->","yoast_head_json":{"title":"Salsa de melocot\u00f3n | Newman&#039;s Own","description":"Ver\u00e1s que esta salsa afrutada est\u00e1 llena de un sabor a melocot\u00f3n perfecto al que volver\u00e1s una y otra vez. La Newman's Own Peach Salsa est\u00e1 repleta de magn\u00edficos ingredientes en trozos como tomates cortados en dados, jalape\u00f1os y melocotones. Ideal para mojar patatas fritas, cubrir burritos y mucho m\u00e1s.","robots":{"index":"index","follow":"follow","max-snippet":"max-snippet:-1","max-image-preview":"max-image-preview:large","max-video-preview":"max-video-preview:-1"},"canonical":"https:\/\/www.newmansown.com\/es\/product\/peach-salsa\/","og_locale":"es_ES","og_type":"article","og_title":"Salsa de melocot\u00f3n | Newman&#039;s Own","og_description":"Ver\u00e1s que esta salsa afrutada est\u00e1 llena de un sabor a melocot\u00f3n perfecto al que volver\u00e1s una y otra vez. La Newman's Own Peach Salsa est\u00e1 repleta de magn\u00edficos ingredientes en trozos como tomates cortados en dados, jalape\u00f1os y melocotones. Ideal para mojar patatas fritas, cubrir burritos y mucho m\u00e1s.","og_url":"https:\/\/www.newmansown.com\/es\/product\/peach-salsa\/","og_site_name":"Newman&#039;s Own","og_image":[{"width":1036,"height":1100,"url":"https:\/\/www.newmansown.com\/wp-content\/uploads\/2022\/04\/Peach-Salsa.png","type":"image\/png"}],"twitter_card":"summary_large_image","schema":{"@context":"https:\/\/schema.org","@graph":[{"@type":["WebPage","ItemPage"],"@id":"https:\/\/www.newmansown.com\/es\/product\/peach-salsa\/","url":"https:\/\/www.newmansown.com\/es\/product\/peach-salsa\/","name":"Salsa de melocot\u00f3n | Newman&#039;s Own","isPartOf":{"@id":"https:\/\/www.newmansown.com\/es\/#website"},"primaryImageOfPage":{"@id":"https:\/\/www.newmansown.com\/es\/product\/peach-salsa\/#primaryimage"},"image":{"@id":"https:\/\/www.newmansown.com\/es\/product\/peach-salsa\/#primaryimage"},"thumbnailUrl":"https:\/\/www.newmansown.com\/wp-content\/uploads\/2022\/04\/Peach-Salsa.png","datePublished":"2022-04-12T17:23:18+00:00","description":"Ver\u00e1s que esta salsa afrutada est\u00e1 llena de un sabor a melocot\u00f3n perfecto al que volver\u00e1s una y otra vez. La Newman's Own Peach Salsa est\u00e1 repleta de magn\u00edficos ingredientes en trozos como tomates cortados en dados, jalape\u00f1os y melocotones. Ideal para mojar patatas fritas, cubrir burritos y mucho m\u00e1s.","breadcrumb":{"@id":"https:\/\/www.newmansown.com\/es\/product\/peach-salsa\/#breadcrumb"},"inLanguage":"es-ES","potentialAction":[{"@type":"ReadAction","target":["https:\/\/www.newmansown.com\/es\/product\/peach-salsa\/"]}]},{"@type":"ImageObject","inLanguage":"es-ES","@id":"https:\/\/www.newmansown.com\/es\/product\/peach-salsa\/#primaryimage","url":"https:\/\/www.newmansown.com\/wp-content\/uploads\/2022\/04\/Peach-Salsa.png","contentUrl":"https:\/\/www.newmansown.com\/wp-content\/uploads\/2022\/04\/Peach-Salsa.png","width":1036,"height":1100,"caption":"Peach Salsa"},{"@type":"BreadcrumbList","@id":"https:\/\/www.newmansown.com\/es\/product\/peach-salsa\/#breadcrumb","itemListElement":[{"@type":"ListItem","position":1,"name":"Home","item":"https:\/\/newmansown.com\/es\/"},{"@type":"ListItem","position":2,"name":"Productos","item":"https:\/\/www.newmansown.com\/es\/productos\/"},{"@type":"ListItem","position":3,"name":"Salsa de melocot\u00f3n"}]},{"@type":"WebSite","@id":"https:\/\/www.newmansown.com\/es\/#website","url":"https:\/\/www.newmansown.com\/es\/","name":"Newman&#039;s Own","description":"Let&#039;s Give It All Away","publisher":{"@id":"https:\/\/www.newmansown.com\/es\/#organization"},"potentialAction":[{"@type":"SearchAction","target":{"@type":"EntryPoint","urlTemplate":"https:\/\/www.newmansown.com\/es\/?s={search_term_string}"},"query-input":{"@type":"PropertyValueSpecification","valueRequired":true,"valueName":"search_term_string"}}],"inLanguage":"es-ES"},{"@type":"Organization","@id":"https:\/\/www.newmansown.com\/es\/#organization","name":"Newman&#039;s Own","url":"https:\/\/www.newmansown.com\/es\/","logo":{"@type":"ImageObject","inLanguage":"es-ES","@id":"https:\/\/www.newmansown.com\/es\/#\/schema\/logo\/image\/","url":"https:\/\/www.newmansown.com\/wp-content\/uploads\/2024\/02\/newmans-own-green-reg.png","contentUrl":"https:\/\/www.newmansown.com\/wp-content\/uploads\/2024\/02\/newmans-own-green-reg.png","width":737,"height":537,"caption":"Newman&#039;s Own"},"image":{"@id":"https:\/\/www.newmansown.com\/es\/#\/schema\/logo\/image\/"}}]}},"_links":{"self":[{"href":"https:\/\/www.newmansown.com\/es\/wp-json\/wp\/v2\/product\/5724","targetHints":{"allow":["GET"]}}],"collection":[{"href":"https:\/\/www.newmansown.com\/es\/wp-json\/wp\/v2\/product"}],"about":[{"href":"https:\/\/www.newmansown.com\/es\/wp-json\/wp\/v2\/types\/product"}],"wp:featuredmedia":[{"embeddable":true,"href":"https:\/\/www.newmansown.com\/es\/wp-json\/wp\/v2\/media\/7575"}],"wp:attachment":[{"href":"https:\/\/www.newmansown.com\/es\/wp-json\/wp\/v2\/media?parent=5724"}],"wp:term":[{"taxonomy":"product_brand","embeddable":true,"href":"https:\/\/www.newmansown.com\/es\/wp-json\/wp\/v2\/product_brand?post=5724"},{"taxonomy":"product_cat","embeddable":true,"href":"https:\/\/www.newmansown.com\/es\/wp-json\/wp\/v2\/product_cat?post=5724"},{"taxonomy":"product_tag","embeddable":true,"href":"https:\/\/www.newmansown.com\/es\/wp-json\/wp\/v2\/product_tag?post=5724"}],"curies":[{"name":"wp","href":"https:\/\/api.w.org\/{rel}","templated":true}]}}