{"id":5718,"date":"2022-04-12T10:50:01","date_gmt":"2022-04-12T14:50:01","guid":{"rendered":"https:\/\/newmansown.com\/product\/marinara-sauce\/"},"modified":"2022-04-12T10:50:01","modified_gmt":"2022-04-12T14:50:01","slug":"marinara-sauce","status":"publish","type":"product","link":"https:\/\/www.newmansown.com\/es\/product\/marinara-sauce\/","title":{"rendered":"Marinara Sauce"},"content":{"rendered":"<p>La salsa para pasta Newman&#8217;s Own Marinara est\u00e1 aqu\u00ed para convertir tus espaguetis en la estrella del espect\u00e1culo (o cualquier otra cosa sobre la que decidas echarla).<\/p>\n<p>Est\u00e1 repleto de deliciosos tomates, luego aromatizados con cebolla, ajo y especias italianas. Elaborado con aceite de oliva virgen extra 100% para resaltar los excepcionales perfiles de sabor.<\/p>\n","protected":false},"excerpt":{"rendered":"<p>La salsa para pasta Newman&#8217;s Own Marinara est\u00e1 aqu\u00ed para convertir tus espaguetis en la estrella del espect\u00e1culo (o cualquier otra cosa sobre la que decidas echarla).<\/p>\n<p>Est\u00e1 repleto de deliciosos tomates, luego aromatizados con cebolla, ajo y especias italianas. Elaborado con aceite de oliva virgen extra 100% para resaltar los excepcionales perfiles de sabor.<\/p>\n","protected":false},"featured_media":11234,"template":"","meta":{"_acf_changed":false,"inline_featured_image":false},"product_brand":[],"product_cat":[362],"product_tag":[],"class_list":{"0":"post-5718","1":"product","2":"type-product","3":"status-publish","4":"has-post-thumbnail","6":"product_cat-salsa-para-pasta","8":"first","9":"instock","10":"shipping-taxable","11":"product-type-simple"},"acf":[],"yoast_head":"<!-- This site is optimized with the Yoast SEO plugin v27.3 - https:\/\/yoast.com\/product\/yoast-seo-wordpress\/ -->\n<title>Marinara Sauce | Newman&#039;s Own<\/title>\n<meta name=\"description\" content=\"La salsa para pasta Newman&#039;s Own Marinara est\u00e1 aqu\u00ed para convertir tus espaguetis en la estrella del espect\u00e1culo (o cualquier otra cosa sobre la que decidas echarla). Est\u00e1 repleto de deliciosos tomates, luego aromatizados con cebolla, ajo y especias italianas. Elaborado con aceite de oliva virgen extra 100% para resaltar los excepcionales perfiles de sabor.\" \/>\n<meta name=\"robots\" content=\"index, follow, max-snippet:-1, max-image-preview:large, max-video-preview:-1\" \/>\n<link rel=\"canonical\" href=\"https:\/\/www.newmansown.com\/es\/product\/marinara-sauce\/\" \/>\n<meta property=\"og:locale\" content=\"es_ES\" \/>\n<meta property=\"og:type\" content=\"article\" \/>\n<meta property=\"og:title\" content=\"Marinara Sauce | Newman&#039;s Own\" \/>\n<meta property=\"og:description\" content=\"La salsa para pasta Newman&#039;s Own Marinara est\u00e1 aqu\u00ed para convertir tus espaguetis en la estrella del espect\u00e1culo (o cualquier otra cosa sobre la que decidas echarla). Est\u00e1 repleto de deliciosos tomates, luego aromatizados con cebolla, ajo y especias italianas. Elaborado con aceite de oliva virgen extra 100% para resaltar los excepcionales perfiles de sabor.\" \/>\n<meta property=\"og:url\" content=\"https:\/\/www.newmansown.com\/es\/product\/marinara-sauce\/\" \/>\n<meta property=\"og:site_name\" content=\"Newman&#039;s Own\" \/>\n<meta property=\"og:image\" content=\"https:\/\/newmansown.com\/wp-content\/uploads\/2022\/04\/Marinara-2025.png\" \/>\n\t<meta property=\"og:image:width\" content=\"1036\" \/>\n\t<meta property=\"og:image:height\" content=\"1100\" \/>\n\t<meta property=\"og:image:type\" content=\"image\/png\" \/>\n<meta name=\"twitter:card\" content=\"summary_large_image\" \/>\n<!-- \/ Yoast SEO plugin. -->","yoast_head_json":{"title":"Marinara Sauce | Newman&#039;s Own","description":"La salsa para pasta Newman's Own Marinara est\u00e1 aqu\u00ed para convertir tus espaguetis en la estrella del espect\u00e1culo (o cualquier otra cosa sobre la que decidas echarla). Est\u00e1 repleto de deliciosos tomates, luego aromatizados con cebolla, ajo y especias italianas. Elaborado con aceite de oliva virgen extra 100% para resaltar los excepcionales perfiles de sabor.","robots":{"index":"index","follow":"follow","max-snippet":"max-snippet:-1","max-image-preview":"max-image-preview:large","max-video-preview":"max-video-preview:-1"},"canonical":"https:\/\/www.newmansown.com\/es\/product\/marinara-sauce\/","og_locale":"es_ES","og_type":"article","og_title":"Marinara Sauce | Newman&#039;s Own","og_description":"La salsa para pasta Newman's Own Marinara est\u00e1 aqu\u00ed para convertir tus espaguetis en la estrella del espect\u00e1culo (o cualquier otra cosa sobre la que decidas echarla). Est\u00e1 repleto de deliciosos tomates, luego aromatizados con cebolla, ajo y especias italianas. Elaborado con aceite de oliva virgen extra 100% para resaltar los excepcionales perfiles de sabor.","og_url":"https:\/\/www.newmansown.com\/es\/product\/marinara-sauce\/","og_site_name":"Newman&#039;s Own","og_image":[{"width":1036,"height":1100,"url":"https:\/\/newmansown.com\/wp-content\/uploads\/2022\/04\/Marinara-2025.png","type":"image\/png"}],"twitter_card":"summary_large_image","schema":{"@context":"https:\/\/schema.org","@graph":[{"@type":["WebPage","ItemPage"],"@id":"https:\/\/www.newmansown.com\/es\/product\/marinara-sauce\/","url":"https:\/\/www.newmansown.com\/es\/product\/marinara-sauce\/","name":"Marinara Sauce | Newman&#039;s Own","isPartOf":{"@id":"https:\/\/www.newmansown.com\/es\/#website"},"primaryImageOfPage":{"@id":"https:\/\/www.newmansown.com\/es\/product\/marinara-sauce\/#primaryimage"},"image":{"@id":"https:\/\/www.newmansown.com\/es\/product\/marinara-sauce\/#primaryimage"},"thumbnailUrl":"https:\/\/www.newmansown.com\/wp-content\/uploads\/2022\/04\/Marinara-2025.png","datePublished":"2022-04-12T14:50:01+00:00","description":"La salsa para pasta Newman's Own Marinara est\u00e1 aqu\u00ed para convertir tus espaguetis en la estrella del espect\u00e1culo (o cualquier otra cosa sobre la que decidas echarla). Est\u00e1 repleto de deliciosos tomates, luego aromatizados con cebolla, ajo y especias italianas. Elaborado con aceite de oliva virgen extra 100% para resaltar los excepcionales perfiles de sabor.","breadcrumb":{"@id":"https:\/\/www.newmansown.com\/es\/product\/marinara-sauce\/#breadcrumb"},"inLanguage":"es-ES","potentialAction":[{"@type":"ReadAction","target":["https:\/\/www.newmansown.com\/es\/product\/marinara-sauce\/"]}]},{"@type":"ImageObject","inLanguage":"es-ES","@id":"https:\/\/www.newmansown.com\/es\/product\/marinara-sauce\/#primaryimage","url":"https:\/\/www.newmansown.com\/wp-content\/uploads\/2022\/04\/Marinara-2025.png","contentUrl":"https:\/\/www.newmansown.com\/wp-content\/uploads\/2022\/04\/Marinara-2025.png","width":1036,"height":1100,"caption":"Marinara Sauce"},{"@type":"BreadcrumbList","@id":"https:\/\/www.newmansown.com\/es\/product\/marinara-sauce\/#breadcrumb","itemListElement":[{"@type":"ListItem","position":1,"name":"Home","item":"https:\/\/newmansown.com\/es\/"},{"@type":"ListItem","position":2,"name":"Productos","item":"https:\/\/www.newmansown.com\/es\/productos\/"},{"@type":"ListItem","position":3,"name":"Marinara Sauce"}]},{"@type":"WebSite","@id":"https:\/\/www.newmansown.com\/es\/#website","url":"https:\/\/www.newmansown.com\/es\/","name":"Newman&#039;s Own","description":"Let&#039;s Give It All Away","publisher":{"@id":"https:\/\/www.newmansown.com\/es\/#organization"},"potentialAction":[{"@type":"SearchAction","target":{"@type":"EntryPoint","urlTemplate":"https:\/\/www.newmansown.com\/es\/?s={search_term_string}"},"query-input":{"@type":"PropertyValueSpecification","valueRequired":true,"valueName":"search_term_string"}}],"inLanguage":"es-ES"},{"@type":"Organization","@id":"https:\/\/www.newmansown.com\/es\/#organization","name":"Newman&#039;s Own","url":"https:\/\/www.newmansown.com\/es\/","logo":{"@type":"ImageObject","inLanguage":"es-ES","@id":"https:\/\/www.newmansown.com\/es\/#\/schema\/logo\/image\/","url":"https:\/\/www.newmansown.com\/wp-content\/uploads\/2024\/02\/newmans-own-green-reg.png","contentUrl":"https:\/\/www.newmansown.com\/wp-content\/uploads\/2024\/02\/newmans-own-green-reg.png","width":737,"height":537,"caption":"Newman&#039;s Own"},"image":{"@id":"https:\/\/www.newmansown.com\/es\/#\/schema\/logo\/image\/"}}]}},"_links":{"self":[{"href":"https:\/\/www.newmansown.com\/es\/wp-json\/wp\/v2\/product\/5718","targetHints":{"allow":["GET"]}}],"collection":[{"href":"https:\/\/www.newmansown.com\/es\/wp-json\/wp\/v2\/product"}],"about":[{"href":"https:\/\/www.newmansown.com\/es\/wp-json\/wp\/v2\/types\/product"}],"wp:featuredmedia":[{"embeddable":true,"href":"https:\/\/www.newmansown.com\/es\/wp-json\/wp\/v2\/media\/11234"}],"wp:attachment":[{"href":"https:\/\/www.newmansown.com\/es\/wp-json\/wp\/v2\/media?parent=5718"}],"wp:term":[{"taxonomy":"product_brand","embeddable":true,"href":"https:\/\/www.newmansown.com\/es\/wp-json\/wp\/v2\/product_brand?post=5718"},{"taxonomy":"product_cat","embeddable":true,"href":"https:\/\/www.newmansown.com\/es\/wp-json\/wp\/v2\/product_cat?post=5718"},{"taxonomy":"product_tag","embeddable":true,"href":"https:\/\/www.newmansown.com\/es\/wp-json\/wp\/v2\/product_tag?post=5718"}],"curies":[{"name":"wp","href":"https:\/\/api.w.org\/{rel}","templated":true}]}}