{"id":5713,"date":"2022-10-31T10:37:34","date_gmt":"2022-10-31T14:37:34","guid":{"rendered":"https:\/\/newmansown.com\/product\/fennel-seed\/"},"modified":"2022-10-31T10:37:34","modified_gmt":"2022-10-31T14:37:34","slug":"fennel-seed","status":"publish","type":"product","link":"https:\/\/www.newmansown.com\/es\/product\/fennel-seed\/","title":{"rendered":"Fennel Seed"},"content":{"rendered":"<div class=\"ewa-rteLine\">Utilizadas en la cocina de casi todas las culturas, espolvor\u00e9elas como un condimento para dar un giro a las creaciones cotidianas.<\/div>\n<div class=\"ewa-rteLine\"><\/div>\n<div class=\"ewa-rteLine\">Las Newman&#8217;s Own\u2122 Fennel Seeds son ligeramente dulces y de sabor licoroso. Combinan bien con la albahaca, el clavo, el or\u00e9gano y el tomillo. A\u00f1\u00e1dalo a guisos, curry, estofados, sopas y ali\u00f1os para barbacoas.<\/div>\n<div><\/div>\n<div>\n<div class=\"ewa-rteLine\">&#8211; Sin bioingenier\u00eda<\/div>\n<div class=\"ewa-rteLine\">&#8211; Certificado Kosher<\/div>\n<div class=\"ewa-rteLine\">&#8211; El 100% de los beneficios de Newman&#8217;s Own se destina a fines ben\u00e9ficos<\/div><\/div>\n","protected":false},"excerpt":{"rendered":"<div class=\"ewa-rteLine\">Utilizadas en la cocina de casi todas las culturas, espolvor\u00e9elas como un condimento para dar un giro a las creaciones cotidianas.<\/div>\n<div class=\"ewa-rteLine\"><\/div>\n<div class=\"ewa-rteLine\">Las semillas de hinojo Newman&#8217;s Own\u2122 son ligeramente dulces y de sabor licoroso. Combinan bien con la albahaca, el clavo, el or\u00e9gano y el tomillo. A\u00f1\u00e1dalo a guisos, curry, estofados, sopas y ali\u00f1os para barbacoas.<\/div>\n<div><\/div>\n<div>\n<div class=\"ewa-rteLine\">&#8211; Sin bioingenier\u00eda<\/div>\n<div class=\"ewa-rteLine\">&#8211; Certificado Kosher<\/div>\n<div class=\"ewa-rteLine\">\u2022 100% of Newman&#8217;s Own Profits go to Charity<\/div>\n<\/p><\/div>\n","protected":false},"featured_media":8731,"template":"","meta":{"_acf_changed":false,"inline_featured_image":false},"product_brand":[],"product_cat":[29],"product_tag":[],"class_list":{"0":"post-5713","1":"product","2":"type-product","3":"status-publish","4":"has-post-thumbnail","6":"product_cat-food","8":"first","9":"instock","10":"shipping-taxable","11":"product-type-simple"},"acf":[],"yoast_head":"<!-- This site is optimized with the Yoast SEO plugin v27.3 - https:\/\/yoast.com\/product\/yoast-seo-wordpress\/ -->\n<title>Fennel Seed | Newman&#039;s Own<\/title>\n<meta name=\"description\" content=\"Utilizadas en la cocina de casi todas las culturas, espolvor\u00e9elas como un condimento para dar un giro a las creaciones cotidianas.                       Las semillas de hinojo Newman&#039;s Own\u2122 son ligeramente dulces y de sabor licoroso. Combinan bien con la albahaca, el clavo, el or\u00e9gano y el tomillo. A\u00f1\u00e1dalo a guisos, curry, estofados, sopas y ali\u00f1os para barbacoas.                                     - Sin bioingenier\u00eda              - Certificado Kosher              \u2022 100% of Newman&#039;s Own Profits go to Charity\" \/>\n<meta name=\"robots\" content=\"index, follow, max-snippet:-1, max-image-preview:large, max-video-preview:-1\" \/>\n<link rel=\"canonical\" href=\"https:\/\/www.newmansown.com\/es\/product\/fennel-seed\/\" \/>\n<meta property=\"og:locale\" content=\"es_ES\" \/>\n<meta property=\"og:type\" content=\"article\" \/>\n<meta property=\"og:title\" content=\"Fennel Seed | Newman&#039;s Own\" \/>\n<meta property=\"og:description\" content=\"Utilizadas en la cocina de casi todas las culturas, espolvor\u00e9elas como un condimento para dar un giro a las creaciones cotidianas.                       Las semillas de hinojo Newman&#039;s Own\u2122 son ligeramente dulces y de sabor licoroso. Combinan bien con la albahaca, el clavo, el or\u00e9gano y el tomillo. A\u00f1\u00e1dalo a guisos, curry, estofados, sopas y ali\u00f1os para barbacoas.                                     - Sin bioingenier\u00eda              - Certificado Kosher              \u2022 100% of Newman&#039;s Own Profits go to Charity\" \/>\n<meta property=\"og:url\" content=\"https:\/\/www.newmansown.com\/es\/product\/fennel-seed\/\" \/>\n<meta property=\"og:site_name\" content=\"Newman&#039;s Own\" \/>\n<meta property=\"og:image\" content=\"https:\/\/thepizzatest.com\/wp-content\/uploads\/2024\/02\/newmans-own-fennelSeedWhole.png\" \/>\n\t<meta property=\"og:image:width\" content=\"1036\" \/>\n\t<meta property=\"og:image:height\" content=\"1100\" \/>\n\t<meta property=\"og:image:type\" content=\"image\/png\" \/>\n<meta name=\"twitter:card\" content=\"summary_large_image\" \/>\n<!-- \/ Yoast SEO plugin. -->","yoast_head_json":{"title":"Fennel Seed | Newman&#039;s Own","description":"Utilizadas en la cocina de casi todas las culturas, espolvor\u00e9elas como un condimento para dar un giro a las creaciones cotidianas.                       Las semillas de hinojo Newman's Own\u2122 son ligeramente dulces y de sabor licoroso. Combinan bien con la albahaca, el clavo, el or\u00e9gano y el tomillo. A\u00f1\u00e1dalo a guisos, curry, estofados, sopas y ali\u00f1os para barbacoas.                                     - Sin bioingenier\u00eda              - Certificado Kosher              \u2022 100% of Newman's Own Profits go to Charity","robots":{"index":"index","follow":"follow","max-snippet":"max-snippet:-1","max-image-preview":"max-image-preview:large","max-video-preview":"max-video-preview:-1"},"canonical":"https:\/\/www.newmansown.com\/es\/product\/fennel-seed\/","og_locale":"es_ES","og_type":"article","og_title":"Fennel Seed | Newman&#039;s Own","og_description":"Utilizadas en la cocina de casi todas las culturas, espolvor\u00e9elas como un condimento para dar un giro a las creaciones cotidianas.                       Las semillas de hinojo Newman's Own\u2122 son ligeramente dulces y de sabor licoroso. Combinan bien con la albahaca, el clavo, el or\u00e9gano y el tomillo. A\u00f1\u00e1dalo a guisos, curry, estofados, sopas y ali\u00f1os para barbacoas.                                     - Sin bioingenier\u00eda              - Certificado Kosher              \u2022 100% of Newman's Own Profits go to Charity","og_url":"https:\/\/www.newmansown.com\/es\/product\/fennel-seed\/","og_site_name":"Newman&#039;s Own","og_image":[{"width":1036,"height":1100,"url":"https:\/\/thepizzatest.com\/wp-content\/uploads\/2024\/02\/newmans-own-fennelSeedWhole.png","type":"image\/png"}],"twitter_card":"summary_large_image","schema":{"@context":"https:\/\/schema.org","@graph":[{"@type":["WebPage","ItemPage"],"@id":"https:\/\/www.newmansown.com\/es\/product\/fennel-seed\/","url":"https:\/\/www.newmansown.com\/es\/product\/fennel-seed\/","name":"Fennel Seed | Newman&#039;s Own","isPartOf":{"@id":"https:\/\/www.newmansown.com\/es\/#website"},"primaryImageOfPage":{"@id":"https:\/\/www.newmansown.com\/es\/product\/fennel-seed\/#primaryimage"},"image":{"@id":"https:\/\/www.newmansown.com\/es\/product\/fennel-seed\/#primaryimage"},"thumbnailUrl":"https:\/\/www.newmansown.com\/wp-content\/uploads\/2024\/02\/newmans-own-fennelSeedWhole.png","datePublished":"2022-10-31T14:37:34+00:00","description":"Utilizadas en la cocina de casi todas las culturas, espolvor\u00e9elas como un condimento para dar un giro a las creaciones cotidianas. Las semillas de hinojo Newman's Own\u2122 son ligeramente dulces y de sabor licoroso. Combinan bien con la albahaca, el clavo, el or\u00e9gano y el tomillo. A\u00f1\u00e1dalo a guisos, curry, estofados, sopas y ali\u00f1os para barbacoas. - Sin bioingenier\u00eda - Certificado Kosher \u2022 100% of Newman's Own Profits go to Charity","breadcrumb":{"@id":"https:\/\/www.newmansown.com\/es\/product\/fennel-seed\/#breadcrumb"},"inLanguage":"es-ES","potentialAction":[{"@type":"ReadAction","target":["https:\/\/www.newmansown.com\/es\/product\/fennel-seed\/"]}]},{"@type":"ImageObject","inLanguage":"es-ES","@id":"https:\/\/www.newmansown.com\/es\/product\/fennel-seed\/#primaryimage","url":"https:\/\/www.newmansown.com\/wp-content\/uploads\/2024\/02\/newmans-own-fennelSeedWhole.png","contentUrl":"https:\/\/www.newmansown.com\/wp-content\/uploads\/2024\/02\/newmans-own-fennelSeedWhole.png","width":1036,"height":1100,"caption":"Fennel Seed"},{"@type":"BreadcrumbList","@id":"https:\/\/www.newmansown.com\/es\/product\/fennel-seed\/#breadcrumb","itemListElement":[{"@type":"ListItem","position":1,"name":"Home","item":"https:\/\/newmansown.com\/es\/"},{"@type":"ListItem","position":2,"name":"Productos","item":"https:\/\/www.newmansown.com\/es\/productos\/"},{"@type":"ListItem","position":3,"name":"Fennel Seed"}]},{"@type":"WebSite","@id":"https:\/\/www.newmansown.com\/es\/#website","url":"https:\/\/www.newmansown.com\/es\/","name":"Newman&#039;s Own","description":"Let&#039;s Give It All Away","publisher":{"@id":"https:\/\/www.newmansown.com\/es\/#organization"},"potentialAction":[{"@type":"SearchAction","target":{"@type":"EntryPoint","urlTemplate":"https:\/\/www.newmansown.com\/es\/?s={search_term_string}"},"query-input":{"@type":"PropertyValueSpecification","valueRequired":true,"valueName":"search_term_string"}}],"inLanguage":"es-ES"},{"@type":"Organization","@id":"https:\/\/www.newmansown.com\/es\/#organization","name":"Newman&#039;s Own","url":"https:\/\/www.newmansown.com\/es\/","logo":{"@type":"ImageObject","inLanguage":"es-ES","@id":"https:\/\/www.newmansown.com\/es\/#\/schema\/logo\/image\/","url":"https:\/\/www.newmansown.com\/wp-content\/uploads\/2024\/02\/newmans-own-green-reg.png","contentUrl":"https:\/\/www.newmansown.com\/wp-content\/uploads\/2024\/02\/newmans-own-green-reg.png","width":737,"height":537,"caption":"Newman&#039;s Own"},"image":{"@id":"https:\/\/www.newmansown.com\/es\/#\/schema\/logo\/image\/"}}]}},"_links":{"self":[{"href":"https:\/\/www.newmansown.com\/es\/wp-json\/wp\/v2\/product\/5713","targetHints":{"allow":["GET"]}}],"collection":[{"href":"https:\/\/www.newmansown.com\/es\/wp-json\/wp\/v2\/product"}],"about":[{"href":"https:\/\/www.newmansown.com\/es\/wp-json\/wp\/v2\/types\/product"}],"wp:featuredmedia":[{"embeddable":true,"href":"https:\/\/www.newmansown.com\/es\/wp-json\/wp\/v2\/media\/8731"}],"wp:attachment":[{"href":"https:\/\/www.newmansown.com\/es\/wp-json\/wp\/v2\/media?parent=5713"}],"wp:term":[{"taxonomy":"product_brand","embeddable":true,"href":"https:\/\/www.newmansown.com\/es\/wp-json\/wp\/v2\/product_brand?post=5713"},{"taxonomy":"product_cat","embeddable":true,"href":"https:\/\/www.newmansown.com\/es\/wp-json\/wp\/v2\/product_cat?post=5713"},{"taxonomy":"product_tag","embeddable":true,"href":"https:\/\/www.newmansown.com\/es\/wp-json\/wp\/v2\/product_tag?post=5713"}],"curies":[{"name":"wp","href":"https:\/\/api.w.org\/{rel}","templated":true}]}}