{"id":5712,"date":"2022-10-31T10:43:12","date_gmt":"2022-10-31T14:43:12","guid":{"rendered":"https:\/\/newmansown.com\/product\/organic-coarse-ground-black-pepper\/"},"modified":"2022-10-31T10:43:12","modified_gmt":"2022-10-31T14:43:12","slug":"organic-black-pepper","status":"publish","type":"product","link":"https:\/\/www.newmansown.com\/es\/product\/organic-black-pepper\/","title":{"rendered":"Organic Coarse Ground Black Pepper"},"content":{"rendered":"<div class=\"ewa-rteLine\">Una de las especias m\u00e1s populares del mundo, de aroma y sabor picantes.<\/div>\n<div class=\"ewa-rteLine\"><\/div>\n<div class=\"ewa-rteLine\">La Newman&#8217;s Own\u2122 Organic Coarse Ground Black Pepper es le\u00f1osa, con sabor a pino y picante.<\/div>\n<div class=\"ewa-rteLine\"><\/div>\n<div class=\"ewa-rteLine\">Util\u00edcelo en hamburguesas, filetes, aves, cerdo, asados, marisco, salami, salchichas, ali\u00f1o de ensaladas, platos de huevo, pasta, frutas, verduras, biscotes, pur\u00e9 de patatas, sopas, caldos, salsas, adobos, guisos, salsas, casi cualquier plato.<\/div>\n<div><\/div>\n<div>\n<div class=\"ewa-rteLine\">&#8211; Certificado ecol\u00f3gico USDA por QAI<\/div>\n<div class=\"ewa-rteLine\">&#8211; Sin bioingenier\u00eda<\/div>\n<div class=\"ewa-rteLine\">&#8211; Certificado Kosher<\/div>\n<div class=\"ewa-rteLine\">&#8211; El 100% de los beneficios de Newman&#8217;s Own se destina a fines ben\u00e9ficos<\/div><\/div>\n","protected":false},"excerpt":{"rendered":"<div class=\"ewa-rteLine\">Una de las especias m\u00e1s populares del mundo, de aroma y sabor picantes.<\/div>\n<div class=\"ewa-rteLine\"><\/div>\n<div class=\"ewa-rteLine\">La Newman&#8217;s Own\u2122 Organic Coarse Ground Black Pepper es le\u00f1osa, con sabor a pino y picante.<\/div>\n<div class=\"ewa-rteLine\"><\/div>\n<div class=\"ewa-rteLine\">Util\u00edcelo en hamburguesas, filetes, aves, cerdo, asados, marisco, salami, salchichas, ali\u00f1o de ensaladas, platos de huevo, pasta, frutas, verduras, biscotes, pur\u00e9 de patatas, sopas, caldos, salsas, adobos, guisos, salsas, casi cualquier plato.<\/div>\n<div><\/div>\n<div>\n<div class=\"ewa-rteLine\">&#8211; Certificado ecol\u00f3gico USDA por QAI<\/div>\n<div class=\"ewa-rteLine\">&#8211; Sin bioingenier\u00eda<\/div>\n<div class=\"ewa-rteLine\">&#8211; Certificado Kosher<\/div>\n<div class=\"ewa-rteLine\">&#8211; El 100% de los beneficios de Newman&#8217;s Own se destina a fines ben\u00e9ficos<\/div>\n<\/p><\/div>\n","protected":false},"featured_media":8819,"template":"","meta":{"_acf_changed":false,"inline_featured_image":false},"product_brand":[],"product_cat":[29],"product_tag":[],"class_list":{"0":"post-5712","1":"product","2":"type-product","3":"status-publish","4":"has-post-thumbnail","6":"product_cat-food","8":"first","9":"instock","10":"shipping-taxable","11":"product-type-simple"},"acf":[],"yoast_head":"<!-- This site is optimized with the Yoast SEO plugin v27.3 - https:\/\/yoast.com\/product\/yoast-seo-wordpress\/ -->\n<title>Organic Coarse Ground Black Pepper | Newman&#039;s Own<\/title>\n<meta name=\"description\" content=\"Una de las especias m\u00e1s populares del mundo, de aroma y sabor picantes.                       La Newman&#039;s Own\u2122 Organic Coarse Ground Black Pepper es le\u00f1osa, con sabor a pino y picante.                       Util\u00edcelo en hamburguesas, filetes, aves, cerdo, asados, marisco, salami, salchichas, ali\u00f1o de ensaladas, platos de huevo, pasta, frutas, verduras, biscotes, pur\u00e9 de patatas, sopas, caldos, salsas, adobos, guisos, salsas, casi cualquier plato.                                     - Certificado ecol\u00f3gico USDA por QAI              - Sin bioingenier\u00eda              - Certificado Kosher              - El 100% de los beneficios de Newman&#039;s Own se destina a fines ben\u00e9ficos\" \/>\n<meta name=\"robots\" content=\"index, follow, max-snippet:-1, max-image-preview:large, max-video-preview:-1\" \/>\n<link rel=\"canonical\" href=\"https:\/\/www.newmansown.com\/es\/product\/organic-black-pepper\/\" \/>\n<meta property=\"og:locale\" content=\"es_ES\" \/>\n<meta property=\"og:type\" content=\"article\" \/>\n<meta property=\"og:title\" content=\"Organic Coarse Ground Black Pepper | Newman&#039;s Own\" \/>\n<meta property=\"og:description\" content=\"Una de las especias m\u00e1s populares del mundo, de aroma y sabor picantes.                       La Newman&#039;s Own\u2122 Organic Coarse Ground Black Pepper es le\u00f1osa, con sabor a pino y picante.                       Util\u00edcelo en hamburguesas, filetes, aves, cerdo, asados, marisco, salami, salchichas, ali\u00f1o de ensaladas, platos de huevo, pasta, frutas, verduras, biscotes, pur\u00e9 de patatas, sopas, caldos, salsas, adobos, guisos, salsas, casi cualquier plato.                                     - Certificado ecol\u00f3gico USDA por QAI              - Sin bioingenier\u00eda              - Certificado Kosher              - El 100% de los beneficios de Newman&#039;s Own se destina a fines ben\u00e9ficos\" \/>\n<meta property=\"og:url\" content=\"https:\/\/www.newmansown.com\/es\/product\/organic-black-pepper\/\" \/>\n<meta property=\"og:site_name\" content=\"Newman&#039;s Own\" \/>\n<meta property=\"og:image\" content=\"https:\/\/newmansown.com\/wp-content\/uploads\/2024\/02\/newmans-own-organic-PepperBlackCoarseGround.png\" \/>\n\t<meta property=\"og:image:width\" content=\"1036\" \/>\n\t<meta property=\"og:image:height\" content=\"1100\" \/>\n\t<meta property=\"og:image:type\" content=\"image\/png\" \/>\n<meta name=\"twitter:card\" content=\"summary_large_image\" \/>\n<!-- \/ Yoast SEO plugin. -->","yoast_head_json":{"title":"Organic Coarse Ground Black Pepper | Newman&#039;s Own","description":"Una de las especias m\u00e1s populares del mundo, de aroma y sabor picantes.                       La Newman's Own\u2122 Organic Coarse Ground Black Pepper es le\u00f1osa, con sabor a pino y picante.                       Util\u00edcelo en hamburguesas, filetes, aves, cerdo, asados, marisco, salami, salchichas, ali\u00f1o de ensaladas, platos de huevo, pasta, frutas, verduras, biscotes, pur\u00e9 de patatas, sopas, caldos, salsas, adobos, guisos, salsas, casi cualquier plato.                                     - Certificado ecol\u00f3gico USDA por QAI              - Sin bioingenier\u00eda              - Certificado Kosher              - El 100% de los beneficios de Newman's Own se destina a fines ben\u00e9ficos","robots":{"index":"index","follow":"follow","max-snippet":"max-snippet:-1","max-image-preview":"max-image-preview:large","max-video-preview":"max-video-preview:-1"},"canonical":"https:\/\/www.newmansown.com\/es\/product\/organic-black-pepper\/","og_locale":"es_ES","og_type":"article","og_title":"Organic Coarse Ground Black Pepper | Newman&#039;s Own","og_description":"Una de las especias m\u00e1s populares del mundo, de aroma y sabor picantes.                       La Newman's Own\u2122 Organic Coarse Ground Black Pepper es le\u00f1osa, con sabor a pino y picante.                       Util\u00edcelo en hamburguesas, filetes, aves, cerdo, asados, marisco, salami, salchichas, ali\u00f1o de ensaladas, platos de huevo, pasta, frutas, verduras, biscotes, pur\u00e9 de patatas, sopas, caldos, salsas, adobos, guisos, salsas, casi cualquier plato.                                     - Certificado ecol\u00f3gico USDA por QAI              - Sin bioingenier\u00eda              - Certificado Kosher              - El 100% de los beneficios de Newman's Own se destina a fines ben\u00e9ficos","og_url":"https:\/\/www.newmansown.com\/es\/product\/organic-black-pepper\/","og_site_name":"Newman&#039;s Own","og_image":[{"width":1036,"height":1100,"url":"https:\/\/newmansown.com\/wp-content\/uploads\/2024\/02\/newmans-own-organic-PepperBlackCoarseGround.png","type":"image\/png"}],"twitter_card":"summary_large_image","schema":{"@context":"https:\/\/schema.org","@graph":[{"@type":["WebPage","ItemPage"],"@id":"https:\/\/www.newmansown.com\/es\/product\/organic-black-pepper\/","url":"https:\/\/www.newmansown.com\/es\/product\/organic-black-pepper\/","name":"Organic Coarse Ground Black Pepper | Newman&#039;s Own","isPartOf":{"@id":"https:\/\/www.newmansown.com\/es\/#website"},"primaryImageOfPage":{"@id":"https:\/\/www.newmansown.com\/es\/product\/organic-black-pepper\/#primaryimage"},"image":{"@id":"https:\/\/www.newmansown.com\/es\/product\/organic-black-pepper\/#primaryimage"},"thumbnailUrl":"https:\/\/www.newmansown.com\/wp-content\/uploads\/2024\/02\/newmans-own-organic-PepperBlackCoarseGround.png","datePublished":"2022-10-31T14:43:12+00:00","description":"Una de las especias m\u00e1s populares del mundo, de aroma y sabor picantes. La Newman's Own\u2122 Organic Coarse Ground Black Pepper es le\u00f1osa, con sabor a pino y picante. Util\u00edcelo en hamburguesas, filetes, aves, cerdo, asados, marisco, salami, salchichas, ali\u00f1o de ensaladas, platos de huevo, pasta, frutas, verduras, biscotes, pur\u00e9 de patatas, sopas, caldos, salsas, adobos, guisos, salsas, casi cualquier plato. - Certificado ecol\u00f3gico USDA por QAI - Sin bioingenier\u00eda - Certificado Kosher - El 100% de los beneficios de Newman's Own se destina a fines ben\u00e9ficos","breadcrumb":{"@id":"https:\/\/www.newmansown.com\/es\/product\/organic-black-pepper\/#breadcrumb"},"inLanguage":"es-ES","potentialAction":[{"@type":"ReadAction","target":["https:\/\/www.newmansown.com\/es\/product\/organic-black-pepper\/"]}]},{"@type":"ImageObject","inLanguage":"es-ES","@id":"https:\/\/www.newmansown.com\/es\/product\/organic-black-pepper\/#primaryimage","url":"https:\/\/www.newmansown.com\/wp-content\/uploads\/2024\/02\/newmans-own-organic-PepperBlackCoarseGround.png","contentUrl":"https:\/\/www.newmansown.com\/wp-content\/uploads\/2024\/02\/newmans-own-organic-PepperBlackCoarseGround.png","width":1036,"height":1100,"caption":"Organic Coarse Ground Black Pepper"},{"@type":"BreadcrumbList","@id":"https:\/\/www.newmansown.com\/es\/product\/organic-black-pepper\/#breadcrumb","itemListElement":[{"@type":"ListItem","position":1,"name":"Home","item":"https:\/\/newmansown.com\/es\/"},{"@type":"ListItem","position":2,"name":"Productos","item":"https:\/\/www.newmansown.com\/es\/productos\/"},{"@type":"ListItem","position":3,"name":"Organic Coarse Ground Black Pepper"}]},{"@type":"WebSite","@id":"https:\/\/www.newmansown.com\/es\/#website","url":"https:\/\/www.newmansown.com\/es\/","name":"Newman&#039;s Own","description":"Let&#039;s Give It All Away","publisher":{"@id":"https:\/\/www.newmansown.com\/es\/#organization"},"potentialAction":[{"@type":"SearchAction","target":{"@type":"EntryPoint","urlTemplate":"https:\/\/www.newmansown.com\/es\/?s={search_term_string}"},"query-input":{"@type":"PropertyValueSpecification","valueRequired":true,"valueName":"search_term_string"}}],"inLanguage":"es-ES"},{"@type":"Organization","@id":"https:\/\/www.newmansown.com\/es\/#organization","name":"Newman&#039;s Own","url":"https:\/\/www.newmansown.com\/es\/","logo":{"@type":"ImageObject","inLanguage":"es-ES","@id":"https:\/\/www.newmansown.com\/es\/#\/schema\/logo\/image\/","url":"https:\/\/www.newmansown.com\/wp-content\/uploads\/2024\/02\/newmans-own-green-reg.png","contentUrl":"https:\/\/www.newmansown.com\/wp-content\/uploads\/2024\/02\/newmans-own-green-reg.png","width":737,"height":537,"caption":"Newman&#039;s Own"},"image":{"@id":"https:\/\/www.newmansown.com\/es\/#\/schema\/logo\/image\/"}}]}},"_links":{"self":[{"href":"https:\/\/www.newmansown.com\/es\/wp-json\/wp\/v2\/product\/5712","targetHints":{"allow":["GET"]}}],"collection":[{"href":"https:\/\/www.newmansown.com\/es\/wp-json\/wp\/v2\/product"}],"about":[{"href":"https:\/\/www.newmansown.com\/es\/wp-json\/wp\/v2\/types\/product"}],"wp:featuredmedia":[{"embeddable":true,"href":"https:\/\/www.newmansown.com\/es\/wp-json\/wp\/v2\/media\/8819"}],"wp:attachment":[{"href":"https:\/\/www.newmansown.com\/es\/wp-json\/wp\/v2\/media?parent=5712"}],"wp:term":[{"taxonomy":"product_brand","embeddable":true,"href":"https:\/\/www.newmansown.com\/es\/wp-json\/wp\/v2\/product_brand?post=5712"},{"taxonomy":"product_cat","embeddable":true,"href":"https:\/\/www.newmansown.com\/es\/wp-json\/wp\/v2\/product_cat?post=5712"},{"taxonomy":"product_tag","embeddable":true,"href":"https:\/\/www.newmansown.com\/es\/wp-json\/wp\/v2\/product_tag?post=5712"}],"curies":[{"name":"wp","href":"https:\/\/api.w.org\/{rel}","templated":true}]}}