{"id":5711,"date":"2022-10-31T10:43:40","date_gmt":"2022-10-31T14:43:40","guid":{"rendered":"https:\/\/newmansown.com\/product\/organic-ground-white-pepper\/"},"modified":"2022-10-31T10:43:40","modified_gmt":"2022-10-31T14:43:40","slug":"organic-white-pepper","status":"publish","type":"product","link":"https:\/\/www.newmansown.com\/es\/product\/organic-white-pepper\/","title":{"rendered":"Organic Ground White Pepper"},"content":{"rendered":"<p>La Newman&#8217;s Own Organic Ground White Pepper aporta el sabor picante como producto ecol\u00f3gico certificado.<\/p>\n<p>Pru\u00e9belo en sus salsas y sopas para obtener un toque picante m\u00e1s suave pero sabroso.<\/p>\n","protected":false},"excerpt":{"rendered":"<p>La Newman&#8217;s Own Organic Ground White Pepper aporta el sabor picante como producto ecol\u00f3gico certificado.<\/p>\n<p>Pru\u00e9belo en sus salsas y sopas para obtener un toque picante m\u00e1s suave pero sabroso.<\/p>\n","protected":false},"featured_media":8825,"template":"","meta":{"_acf_changed":false,"inline_featured_image":false},"product_brand":[],"product_cat":[29],"product_tag":[],"class_list":{"0":"post-5711","1":"product","2":"type-product","3":"status-publish","4":"has-post-thumbnail","6":"product_cat-food","8":"first","9":"instock","10":"shipping-taxable","11":"product-type-simple"},"acf":[],"yoast_head":"<!-- This site is optimized with the Yoast SEO plugin v27.3 - https:\/\/yoast.com\/product\/yoast-seo-wordpress\/ -->\n<title>Organic Ground White Pepper | Newman&#039;s Own<\/title>\n<meta name=\"description\" content=\"La Newman&#039;s Own Organic Ground White Pepper aporta el sabor picante como producto ecol\u00f3gico certificado. Pru\u00e9belo en sus salsas y sopas para obtener un toque picante m\u00e1s suave pero sabroso.\" \/>\n<meta name=\"robots\" content=\"index, follow, max-snippet:-1, max-image-preview:large, max-video-preview:-1\" \/>\n<link rel=\"canonical\" href=\"https:\/\/www.newmansown.com\/es\/product\/organic-white-pepper\/\" \/>\n<meta property=\"og:locale\" content=\"es_ES\" \/>\n<meta property=\"og:type\" content=\"article\" \/>\n<meta property=\"og:title\" content=\"Organic Ground White Pepper | Newman&#039;s Own\" \/>\n<meta property=\"og:description\" content=\"La Newman&#039;s Own Organic Ground White Pepper aporta el sabor picante como producto ecol\u00f3gico certificado. Pru\u00e9belo en sus salsas y sopas para obtener un toque picante m\u00e1s suave pero sabroso.\" \/>\n<meta property=\"og:url\" content=\"https:\/\/www.newmansown.com\/es\/product\/organic-white-pepper\/\" \/>\n<meta property=\"og:site_name\" content=\"Newman&#039;s Own\" \/>\n<meta property=\"og:image\" content=\"https:\/\/www.newmansown.com\/wp-content\/uploads\/2024\/02\/newmans-own-organic-PepperWhiteGround.png\" \/>\n\t<meta property=\"og:image:width\" content=\"1036\" \/>\n\t<meta property=\"og:image:height\" content=\"1100\" \/>\n\t<meta property=\"og:image:type\" content=\"image\/png\" \/>\n<meta name=\"twitter:card\" content=\"summary_large_image\" \/>\n<!-- \/ Yoast SEO plugin. -->","yoast_head_json":{"title":"Organic Ground White Pepper | Newman&#039;s Own","description":"La Newman's Own Organic Ground White Pepper aporta el sabor picante como producto ecol\u00f3gico certificado. Pru\u00e9belo en sus salsas y sopas para obtener un toque picante m\u00e1s suave pero sabroso.","robots":{"index":"index","follow":"follow","max-snippet":"max-snippet:-1","max-image-preview":"max-image-preview:large","max-video-preview":"max-video-preview:-1"},"canonical":"https:\/\/www.newmansown.com\/es\/product\/organic-white-pepper\/","og_locale":"es_ES","og_type":"article","og_title":"Organic Ground White Pepper | Newman&#039;s Own","og_description":"La Newman's Own Organic Ground White Pepper aporta el sabor picante como producto ecol\u00f3gico certificado. Pru\u00e9belo en sus salsas y sopas para obtener un toque picante m\u00e1s suave pero sabroso.","og_url":"https:\/\/www.newmansown.com\/es\/product\/organic-white-pepper\/","og_site_name":"Newman&#039;s Own","og_image":[{"width":1036,"height":1100,"url":"https:\/\/www.newmansown.com\/wp-content\/uploads\/2024\/02\/newmans-own-organic-PepperWhiteGround.png","type":"image\/png"}],"twitter_card":"summary_large_image","schema":{"@context":"https:\/\/schema.org","@graph":[{"@type":["WebPage","ItemPage"],"@id":"https:\/\/www.newmansown.com\/es\/product\/organic-white-pepper\/","url":"https:\/\/www.newmansown.com\/es\/product\/organic-white-pepper\/","name":"Organic Ground White Pepper | Newman&#039;s Own","isPartOf":{"@id":"https:\/\/www.newmansown.com\/es\/#website"},"primaryImageOfPage":{"@id":"https:\/\/www.newmansown.com\/es\/product\/organic-white-pepper\/#primaryimage"},"image":{"@id":"https:\/\/www.newmansown.com\/es\/product\/organic-white-pepper\/#primaryimage"},"thumbnailUrl":"https:\/\/www.newmansown.com\/wp-content\/uploads\/2024\/02\/newmans-own-organic-PepperWhiteGround.png","datePublished":"2022-10-31T14:43:40+00:00","description":"La Newman's Own Organic Ground White Pepper aporta el sabor picante como producto ecol\u00f3gico certificado. Pru\u00e9belo en sus salsas y sopas para obtener un toque picante m\u00e1s suave pero sabroso.","breadcrumb":{"@id":"https:\/\/www.newmansown.com\/es\/product\/organic-white-pepper\/#breadcrumb"},"inLanguage":"es-ES","potentialAction":[{"@type":"ReadAction","target":["https:\/\/www.newmansown.com\/es\/product\/organic-white-pepper\/"]}]},{"@type":"ImageObject","inLanguage":"es-ES","@id":"https:\/\/www.newmansown.com\/es\/product\/organic-white-pepper\/#primaryimage","url":"https:\/\/www.newmansown.com\/wp-content\/uploads\/2024\/02\/newmans-own-organic-PepperWhiteGround.png","contentUrl":"https:\/\/www.newmansown.com\/wp-content\/uploads\/2024\/02\/newmans-own-organic-PepperWhiteGround.png","width":1036,"height":1100,"caption":"Organic Ground White Pepper"},{"@type":"BreadcrumbList","@id":"https:\/\/www.newmansown.com\/es\/product\/organic-white-pepper\/#breadcrumb","itemListElement":[{"@type":"ListItem","position":1,"name":"Home","item":"https:\/\/newmansown.com\/es\/"},{"@type":"ListItem","position":2,"name":"Productos","item":"https:\/\/www.newmansown.com\/es\/productos\/"},{"@type":"ListItem","position":3,"name":"Organic Ground White Pepper"}]},{"@type":"WebSite","@id":"https:\/\/www.newmansown.com\/es\/#website","url":"https:\/\/www.newmansown.com\/es\/","name":"Newman&#039;s Own","description":"Let&#039;s Give It All Away","publisher":{"@id":"https:\/\/www.newmansown.com\/es\/#organization"},"potentialAction":[{"@type":"SearchAction","target":{"@type":"EntryPoint","urlTemplate":"https:\/\/www.newmansown.com\/es\/?s={search_term_string}"},"query-input":{"@type":"PropertyValueSpecification","valueRequired":true,"valueName":"search_term_string"}}],"inLanguage":"es-ES"},{"@type":"Organization","@id":"https:\/\/www.newmansown.com\/es\/#organization","name":"Newman&#039;s Own","url":"https:\/\/www.newmansown.com\/es\/","logo":{"@type":"ImageObject","inLanguage":"es-ES","@id":"https:\/\/www.newmansown.com\/es\/#\/schema\/logo\/image\/","url":"https:\/\/www.newmansown.com\/wp-content\/uploads\/2024\/02\/newmans-own-green-reg.png","contentUrl":"https:\/\/www.newmansown.com\/wp-content\/uploads\/2024\/02\/newmans-own-green-reg.png","width":737,"height":537,"caption":"Newman&#039;s Own"},"image":{"@id":"https:\/\/www.newmansown.com\/es\/#\/schema\/logo\/image\/"}}]}},"_links":{"self":[{"href":"https:\/\/www.newmansown.com\/es\/wp-json\/wp\/v2\/product\/5711","targetHints":{"allow":["GET"]}}],"collection":[{"href":"https:\/\/www.newmansown.com\/es\/wp-json\/wp\/v2\/product"}],"about":[{"href":"https:\/\/www.newmansown.com\/es\/wp-json\/wp\/v2\/types\/product"}],"wp:featuredmedia":[{"embeddable":true,"href":"https:\/\/www.newmansown.com\/es\/wp-json\/wp\/v2\/media\/8825"}],"wp:attachment":[{"href":"https:\/\/www.newmansown.com\/es\/wp-json\/wp\/v2\/media?parent=5711"}],"wp:term":[{"taxonomy":"product_brand","embeddable":true,"href":"https:\/\/www.newmansown.com\/es\/wp-json\/wp\/v2\/product_brand?post=5711"},{"taxonomy":"product_cat","embeddable":true,"href":"https:\/\/www.newmansown.com\/es\/wp-json\/wp\/v2\/product_cat?post=5711"},{"taxonomy":"product_tag","embeddable":true,"href":"https:\/\/www.newmansown.com\/es\/wp-json\/wp\/v2\/product_tag?post=5711"}],"curies":[{"name":"wp","href":"https:\/\/api.w.org\/{rel}","templated":true}]}}