{"id":5709,"date":"2022-04-12T13:27:30","date_gmt":"2022-04-12T17:27:30","guid":{"rendered":"https:\/\/newmansown.com\/product\/half-half-lemonade-iced-tea\/"},"modified":"2022-12-14T17:12:42","modified_gmt":"2022-12-14T22:12:42","slug":"half-half-lemonade-iced-tea","status":"publish","type":"product","link":"https:\/\/www.newmansown.com\/es\/product\/half-half-lemonade-iced-tea\/","title":{"rendered":"Half &amp; Half Lemonade &amp; Iced Tea"},"content":{"rendered":"<p>S\u00edrvase un vaso bien fr\u00edo de la mezcla perfecta hecha en el para\u00edso de la limonada.<\/p>\n<p>Newman&#8217;s Own Half &amp; Half Lemonade &amp; Iced Tea te trae lo mejor de un cl\u00e1sico favorito. Refrescante limonada con delicioso t\u00e9 helado, esta bebida lista para servir tiene todo lo que necesitas para refrescarte despu\u00e9s de un d\u00eda soleado.<\/p>\n","protected":false},"excerpt":{"rendered":"<p>S\u00edrvase un vaso bien fr\u00edo de la mezcla perfecta hecha en el para\u00edso de la limonada.<\/p>\n<p>Newman&#8217;s Own Half &amp; Half Lemonade &amp; Iced Tea te trae lo mejor de un cl\u00e1sico favorito. Refrescante limonada con delicioso t\u00e9 helado, esta bebida lista para servir tiene todo lo que necesitas para refrescarte despu\u00e9s de un d\u00eda soleado.<\/p>\n","protected":false},"featured_media":7626,"template":"","meta":{"_acf_changed":false,"inline_featured_image":false},"product_brand":[],"product_cat":[356,358],"product_tag":[],"class_list":{"0":"post-5709","1":"product","2":"type-product","3":"status-publish","4":"has-post-thumbnail","6":"product_cat-bebidas","7":"product_cat-bebidas-refrigeradas","9":"first","10":"instock","11":"shipping-taxable","12":"product-type-simple"},"acf":[],"yoast_head":"<!-- This site is optimized with the Yoast SEO plugin v27.3 - https:\/\/yoast.com\/product\/yoast-seo-wordpress\/ -->\n<title>Half &amp; Half Lemonade &amp; Iced Tea | Newman&#039;s Own<\/title>\n<meta name=\"description\" content=\"S\u00edrvase un vaso bien fr\u00edo de la mezcla perfecta hecha en el para\u00edso de la limonada. Newman&#039;s Own Half &amp; Half Lemonade &amp; Iced Tea te trae lo mejor de un cl\u00e1sico favorito. Refrescante limonada con delicioso t\u00e9 helado, esta bebida lista para servir tiene todo lo que necesitas para refrescarte despu\u00e9s de un d\u00eda soleado.\" \/>\n<meta name=\"robots\" content=\"index, follow, max-snippet:-1, max-image-preview:large, max-video-preview:-1\" \/>\n<link rel=\"canonical\" href=\"https:\/\/www.newmansown.com\/es\/product\/half-half-lemonade-iced-tea\/\" \/>\n<meta property=\"og:locale\" content=\"es_ES\" \/>\n<meta property=\"og:type\" content=\"article\" \/>\n<meta property=\"og:title\" content=\"Half &amp; Half Lemonade &amp; Iced Tea | Newman&#039;s Own\" \/>\n<meta property=\"og:description\" content=\"S\u00edrvase un vaso bien fr\u00edo de la mezcla perfecta hecha en el para\u00edso de la limonada. Newman&#039;s Own Half &amp; Half Lemonade &amp; Iced Tea te trae lo mejor de un cl\u00e1sico favorito. Refrescante limonada con delicioso t\u00e9 helado, esta bebida lista para servir tiene todo lo que necesitas para refrescarte despu\u00e9s de un d\u00eda soleado.\" \/>\n<meta property=\"og:url\" content=\"https:\/\/www.newmansown.com\/es\/product\/half-half-lemonade-iced-tea\/\" \/>\n<meta property=\"og:site_name\" content=\"Newman&#039;s Own\" \/>\n<meta property=\"article:modified_time\" content=\"2022-12-14T22:12:42+00:00\" \/>\n<meta property=\"og:image\" content=\"https:\/\/www.newmansown.com\/wp-content\/uploads\/2022\/04\/Half-Half-Lemonade.png\" \/>\n\t<meta property=\"og:image:width\" content=\"1036\" \/>\n\t<meta property=\"og:image:height\" content=\"1100\" \/>\n\t<meta property=\"og:image:type\" content=\"image\/png\" \/>\n<meta name=\"twitter:card\" content=\"summary_large_image\" \/>\n<!-- \/ Yoast SEO plugin. -->","yoast_head_json":{"title":"Half &amp; Half Lemonade &amp; Iced Tea | Newman&#039;s Own","description":"S\u00edrvase un vaso bien fr\u00edo de la mezcla perfecta hecha en el para\u00edso de la limonada. Newman's Own Half &amp; Half Lemonade &amp; Iced Tea te trae lo mejor de un cl\u00e1sico favorito. Refrescante limonada con delicioso t\u00e9 helado, esta bebida lista para servir tiene todo lo que necesitas para refrescarte despu\u00e9s de un d\u00eda soleado.","robots":{"index":"index","follow":"follow","max-snippet":"max-snippet:-1","max-image-preview":"max-image-preview:large","max-video-preview":"max-video-preview:-1"},"canonical":"https:\/\/www.newmansown.com\/es\/product\/half-half-lemonade-iced-tea\/","og_locale":"es_ES","og_type":"article","og_title":"Half &amp; Half Lemonade &amp; Iced Tea | Newman&#039;s Own","og_description":"S\u00edrvase un vaso bien fr\u00edo de la mezcla perfecta hecha en el para\u00edso de la limonada. Newman's Own Half &amp; Half Lemonade &amp; Iced Tea te trae lo mejor de un cl\u00e1sico favorito. Refrescante limonada con delicioso t\u00e9 helado, esta bebida lista para servir tiene todo lo que necesitas para refrescarte despu\u00e9s de un d\u00eda soleado.","og_url":"https:\/\/www.newmansown.com\/es\/product\/half-half-lemonade-iced-tea\/","og_site_name":"Newman&#039;s Own","article_modified_time":"2022-12-14T22:12:42+00:00","og_image":[{"width":1036,"height":1100,"url":"https:\/\/www.newmansown.com\/wp-content\/uploads\/2022\/04\/Half-Half-Lemonade.png","type":"image\/png"}],"twitter_card":"summary_large_image","schema":{"@context":"https:\/\/schema.org","@graph":[{"@type":["WebPage","ItemPage"],"@id":"https:\/\/www.newmansown.com\/es\/product\/half-half-lemonade-iced-tea\/","url":"https:\/\/www.newmansown.com\/es\/product\/half-half-lemonade-iced-tea\/","name":"Half &amp; Half Lemonade &amp; Iced Tea | Newman&#039;s Own","isPartOf":{"@id":"https:\/\/www.newmansown.com\/es\/#website"},"primaryImageOfPage":{"@id":"https:\/\/www.newmansown.com\/es\/product\/half-half-lemonade-iced-tea\/#primaryimage"},"image":{"@id":"https:\/\/www.newmansown.com\/es\/product\/half-half-lemonade-iced-tea\/#primaryimage"},"thumbnailUrl":"https:\/\/www.newmansown.com\/wp-content\/uploads\/2022\/04\/Half-Half-Lemonade.png","datePublished":"2022-04-12T17:27:30+00:00","dateModified":"2022-12-14T22:12:42+00:00","description":"S\u00edrvase un vaso bien fr\u00edo de la mezcla perfecta hecha en el para\u00edso de la limonada. Newman's Own Half &amp; Half Lemonade &amp; Iced Tea te trae lo mejor de un cl\u00e1sico favorito. Refrescante limonada con delicioso t\u00e9 helado, esta bebida lista para servir tiene todo lo que necesitas para refrescarte despu\u00e9s de un d\u00eda soleado.","breadcrumb":{"@id":"https:\/\/www.newmansown.com\/es\/product\/half-half-lemonade-iced-tea\/#breadcrumb"},"inLanguage":"es-ES","potentialAction":[{"@type":"ReadAction","target":["https:\/\/www.newmansown.com\/es\/product\/half-half-lemonade-iced-tea\/"]}]},{"@type":"ImageObject","inLanguage":"es-ES","@id":"https:\/\/www.newmansown.com\/es\/product\/half-half-lemonade-iced-tea\/#primaryimage","url":"https:\/\/www.newmansown.com\/wp-content\/uploads\/2022\/04\/Half-Half-Lemonade.png","contentUrl":"https:\/\/www.newmansown.com\/wp-content\/uploads\/2022\/04\/Half-Half-Lemonade.png","width":1036,"height":1100,"caption":"Half & Half Lemonade & Iced Tea"},{"@type":"BreadcrumbList","@id":"https:\/\/www.newmansown.com\/es\/product\/half-half-lemonade-iced-tea\/#breadcrumb","itemListElement":[{"@type":"ListItem","position":1,"name":"Home","item":"https:\/\/newmansown.com\/es\/"},{"@type":"ListItem","position":2,"name":"Productos","item":"https:\/\/www.newmansown.com\/es\/productos\/"},{"@type":"ListItem","position":3,"name":"Half &amp; Half Lemonade &amp; Iced Tea"}]},{"@type":"WebSite","@id":"https:\/\/www.newmansown.com\/es\/#website","url":"https:\/\/www.newmansown.com\/es\/","name":"Newman&#039;s Own","description":"Let&#039;s Give It All Away","publisher":{"@id":"https:\/\/www.newmansown.com\/es\/#organization"},"potentialAction":[{"@type":"SearchAction","target":{"@type":"EntryPoint","urlTemplate":"https:\/\/www.newmansown.com\/es\/?s={search_term_string}"},"query-input":{"@type":"PropertyValueSpecification","valueRequired":true,"valueName":"search_term_string"}}],"inLanguage":"es-ES"},{"@type":"Organization","@id":"https:\/\/www.newmansown.com\/es\/#organization","name":"Newman&#039;s Own","url":"https:\/\/www.newmansown.com\/es\/","logo":{"@type":"ImageObject","inLanguage":"es-ES","@id":"https:\/\/www.newmansown.com\/es\/#\/schema\/logo\/image\/","url":"https:\/\/www.newmansown.com\/wp-content\/uploads\/2024\/02\/newmans-own-green-reg.png","contentUrl":"https:\/\/www.newmansown.com\/wp-content\/uploads\/2024\/02\/newmans-own-green-reg.png","width":737,"height":537,"caption":"Newman&#039;s Own"},"image":{"@id":"https:\/\/www.newmansown.com\/es\/#\/schema\/logo\/image\/"}}]}},"_links":{"self":[{"href":"https:\/\/www.newmansown.com\/es\/wp-json\/wp\/v2\/product\/5709","targetHints":{"allow":["GET"]}}],"collection":[{"href":"https:\/\/www.newmansown.com\/es\/wp-json\/wp\/v2\/product"}],"about":[{"href":"https:\/\/www.newmansown.com\/es\/wp-json\/wp\/v2\/types\/product"}],"wp:featuredmedia":[{"embeddable":true,"href":"https:\/\/www.newmansown.com\/es\/wp-json\/wp\/v2\/media\/7626"}],"wp:attachment":[{"href":"https:\/\/www.newmansown.com\/es\/wp-json\/wp\/v2\/media?parent=5709"}],"wp:term":[{"taxonomy":"product_brand","embeddable":true,"href":"https:\/\/www.newmansown.com\/es\/wp-json\/wp\/v2\/product_brand?post=5709"},{"taxonomy":"product_cat","embeddable":true,"href":"https:\/\/www.newmansown.com\/es\/wp-json\/wp\/v2\/product_cat?post=5709"},{"taxonomy":"product_tag","embeddable":true,"href":"https:\/\/www.newmansown.com\/es\/wp-json\/wp\/v2\/product_tag?post=5709"}],"curies":[{"name":"wp","href":"https:\/\/api.w.org\/{rel}","templated":true}]}}