{"id":5702,"date":"2022-04-12T13:41:02","date_gmt":"2022-04-12T17:41:02","guid":{"rendered":"https:\/\/newmansown.com\/product\/low-fat-fig-newmans\/"},"modified":"2022-04-12T13:41:02","modified_gmt":"2022-04-12T17:41:02","slug":"low-fat-fig-newmans","status":"publish","type":"product","link":"https:\/\/www.newmansown.com\/es\/product\/low-fat-fig-newmans\/","title":{"rendered":"Low Fat Fig Newmans"},"content":{"rendered":"<p>Este peque\u00f1o higo dijo &#8220;bajo en grasa y delicioso&#8221; todo el camino a casa.<\/p>\n<p>Pruebe nuestra \u00faltima delicia de galletas bajas en grasa que est\u00e1n buen\u00edsimas de comer. Es un gran tentempi\u00e9 o un peque\u00f1o tentempi\u00e9 afrutado. Elaborado con higos ecol\u00f3gicos.<\/p>\n","protected":false},"excerpt":{"rendered":"<p>Este peque\u00f1o higo dijo &#8220;bajo en grasa y delicioso&#8221; todo el camino a casa.<\/p>\n<p>Pruebe nuestra \u00faltima delicia de galletas bajas en grasa que est\u00e1n buen\u00edsimas de comer. Es un gran tentempi\u00e9 o un peque\u00f1o tentempi\u00e9 afrutado. Elaborado con higos ecol\u00f3gicos.<\/p>\n","protected":false},"featured_media":7644,"template":"","meta":{"_acf_changed":false,"inline_featured_image":false},"product_brand":[],"product_cat":[373,374],"product_tag":[],"class_list":{"0":"post-5702","1":"product","2":"type-product","3":"status-publish","4":"has-post-thumbnail","6":"product_cat-aperitivos","7":"product_cat-galletas","9":"first","10":"instock","11":"shipping-taxable","12":"product-type-simple"},"acf":[],"yoast_head":"<!-- This site is optimized with the Yoast SEO plugin v27.3 - https:\/\/yoast.com\/product\/yoast-seo-wordpress\/ -->\n<title>Low Fat Fig Newmans | Newman&#039;s Own<\/title>\n<meta name=\"description\" content=\"Este peque\u00f1o higo dijo &quot;bajo en grasa y delicioso&quot; todo el camino a casa. Pruebe nuestra \u00faltima delicia de galletas bajas en grasa que est\u00e1n buen\u00edsimas de comer. Es un gran tentempi\u00e9 o un peque\u00f1o tentempi\u00e9 afrutado. Elaborado con higos ecol\u00f3gicos.\" \/>\n<meta name=\"robots\" content=\"index, follow, max-snippet:-1, max-image-preview:large, max-video-preview:-1\" \/>\n<link rel=\"canonical\" href=\"https:\/\/www.newmansown.com\/es\/product\/low-fat-fig-newmans\/\" \/>\n<meta property=\"og:locale\" content=\"es_ES\" \/>\n<meta property=\"og:type\" content=\"article\" \/>\n<meta property=\"og:title\" content=\"Low Fat Fig Newmans | Newman&#039;s Own\" \/>\n<meta property=\"og:description\" content=\"Este peque\u00f1o higo dijo &quot;bajo en grasa y delicioso&quot; todo el camino a casa. Pruebe nuestra \u00faltima delicia de galletas bajas en grasa que est\u00e1n buen\u00edsimas de comer. Es un gran tentempi\u00e9 o un peque\u00f1o tentempi\u00e9 afrutado. Elaborado con higos ecol\u00f3gicos.\" \/>\n<meta property=\"og:url\" content=\"https:\/\/www.newmansown.com\/es\/product\/low-fat-fig-newmans\/\" \/>\n<meta property=\"og:site_name\" content=\"Newman&#039;s Own\" \/>\n<meta property=\"og:image\" content=\"https:\/\/www.newmansown.com\/wp-content\/uploads\/2022\/04\/Fig-Newmans-Low-Fat-1.png\" \/>\n\t<meta property=\"og:image:width\" content=\"1036\" \/>\n\t<meta property=\"og:image:height\" content=\"1100\" \/>\n\t<meta property=\"og:image:type\" content=\"image\/png\" \/>\n<meta name=\"twitter:card\" content=\"summary_large_image\" \/>\n<!-- \/ Yoast SEO plugin. -->","yoast_head_json":{"title":"Low Fat Fig Newmans | Newman&#039;s Own","description":"Este peque\u00f1o higo dijo \"bajo en grasa y delicioso\" todo el camino a casa. Pruebe nuestra \u00faltima delicia de galletas bajas en grasa que est\u00e1n buen\u00edsimas de comer. Es un gran tentempi\u00e9 o un peque\u00f1o tentempi\u00e9 afrutado. Elaborado con higos ecol\u00f3gicos.","robots":{"index":"index","follow":"follow","max-snippet":"max-snippet:-1","max-image-preview":"max-image-preview:large","max-video-preview":"max-video-preview:-1"},"canonical":"https:\/\/www.newmansown.com\/es\/product\/low-fat-fig-newmans\/","og_locale":"es_ES","og_type":"article","og_title":"Low Fat Fig Newmans | Newman&#039;s Own","og_description":"Este peque\u00f1o higo dijo \"bajo en grasa y delicioso\" todo el camino a casa. Pruebe nuestra \u00faltima delicia de galletas bajas en grasa que est\u00e1n buen\u00edsimas de comer. Es un gran tentempi\u00e9 o un peque\u00f1o tentempi\u00e9 afrutado. Elaborado con higos ecol\u00f3gicos.","og_url":"https:\/\/www.newmansown.com\/es\/product\/low-fat-fig-newmans\/","og_site_name":"Newman&#039;s Own","og_image":[{"width":1036,"height":1100,"url":"https:\/\/www.newmansown.com\/wp-content\/uploads\/2022\/04\/Fig-Newmans-Low-Fat-1.png","type":"image\/png"}],"twitter_card":"summary_large_image","schema":{"@context":"https:\/\/schema.org","@graph":[{"@type":["WebPage","ItemPage"],"@id":"https:\/\/www.newmansown.com\/es\/product\/low-fat-fig-newmans\/","url":"https:\/\/www.newmansown.com\/es\/product\/low-fat-fig-newmans\/","name":"Low Fat Fig Newmans | Newman&#039;s Own","isPartOf":{"@id":"https:\/\/www.newmansown.com\/es\/#website"},"primaryImageOfPage":{"@id":"https:\/\/www.newmansown.com\/es\/product\/low-fat-fig-newmans\/#primaryimage"},"image":{"@id":"https:\/\/www.newmansown.com\/es\/product\/low-fat-fig-newmans\/#primaryimage"},"thumbnailUrl":"https:\/\/www.newmansown.com\/wp-content\/uploads\/2022\/04\/Fig-Newmans-Low-Fat-1.png","datePublished":"2022-04-12T17:41:02+00:00","description":"Este peque\u00f1o higo dijo \"bajo en grasa y delicioso\" todo el camino a casa. Pruebe nuestra \u00faltima delicia de galletas bajas en grasa que est\u00e1n buen\u00edsimas de comer. Es un gran tentempi\u00e9 o un peque\u00f1o tentempi\u00e9 afrutado. Elaborado con higos ecol\u00f3gicos.","breadcrumb":{"@id":"https:\/\/www.newmansown.com\/es\/product\/low-fat-fig-newmans\/#breadcrumb"},"inLanguage":"es-ES","potentialAction":[{"@type":"ReadAction","target":["https:\/\/www.newmansown.com\/es\/product\/low-fat-fig-newmans\/"]}]},{"@type":"ImageObject","inLanguage":"es-ES","@id":"https:\/\/www.newmansown.com\/es\/product\/low-fat-fig-newmans\/#primaryimage","url":"https:\/\/www.newmansown.com\/wp-content\/uploads\/2022\/04\/Fig-Newmans-Low-Fat-1.png","contentUrl":"https:\/\/www.newmansown.com\/wp-content\/uploads\/2022\/04\/Fig-Newmans-Low-Fat-1.png","width":1036,"height":1100,"caption":"Low Fat Fig Newmans"},{"@type":"BreadcrumbList","@id":"https:\/\/www.newmansown.com\/es\/product\/low-fat-fig-newmans\/#breadcrumb","itemListElement":[{"@type":"ListItem","position":1,"name":"Home","item":"https:\/\/newmansown.com\/es\/"},{"@type":"ListItem","position":2,"name":"Productos","item":"https:\/\/www.newmansown.com\/es\/productos\/"},{"@type":"ListItem","position":3,"name":"Low Fat Fig Newmans"}]},{"@type":"WebSite","@id":"https:\/\/www.newmansown.com\/es\/#website","url":"https:\/\/www.newmansown.com\/es\/","name":"Newman&#039;s Own","description":"Let&#039;s Give It All Away","publisher":{"@id":"https:\/\/www.newmansown.com\/es\/#organization"},"potentialAction":[{"@type":"SearchAction","target":{"@type":"EntryPoint","urlTemplate":"https:\/\/www.newmansown.com\/es\/?s={search_term_string}"},"query-input":{"@type":"PropertyValueSpecification","valueRequired":true,"valueName":"search_term_string"}}],"inLanguage":"es-ES"},{"@type":"Organization","@id":"https:\/\/www.newmansown.com\/es\/#organization","name":"Newman&#039;s Own","url":"https:\/\/www.newmansown.com\/es\/","logo":{"@type":"ImageObject","inLanguage":"es-ES","@id":"https:\/\/www.newmansown.com\/es\/#\/schema\/logo\/image\/","url":"https:\/\/www.newmansown.com\/wp-content\/uploads\/2024\/02\/newmans-own-green-reg.png","contentUrl":"https:\/\/www.newmansown.com\/wp-content\/uploads\/2024\/02\/newmans-own-green-reg.png","width":737,"height":537,"caption":"Newman&#039;s Own"},"image":{"@id":"https:\/\/www.newmansown.com\/es\/#\/schema\/logo\/image\/"}}]}},"_links":{"self":[{"href":"https:\/\/www.newmansown.com\/es\/wp-json\/wp\/v2\/product\/5702","targetHints":{"allow":["GET"]}}],"collection":[{"href":"https:\/\/www.newmansown.com\/es\/wp-json\/wp\/v2\/product"}],"about":[{"href":"https:\/\/www.newmansown.com\/es\/wp-json\/wp\/v2\/types\/product"}],"wp:featuredmedia":[{"embeddable":true,"href":"https:\/\/www.newmansown.com\/es\/wp-json\/wp\/v2\/media\/7644"}],"wp:attachment":[{"href":"https:\/\/www.newmansown.com\/es\/wp-json\/wp\/v2\/media?parent=5702"}],"wp:term":[{"taxonomy":"product_brand","embeddable":true,"href":"https:\/\/www.newmansown.com\/es\/wp-json\/wp\/v2\/product_brand?post=5702"},{"taxonomy":"product_cat","embeddable":true,"href":"https:\/\/www.newmansown.com\/es\/wp-json\/wp\/v2\/product_cat?post=5702"},{"taxonomy":"product_tag","embeddable":true,"href":"https:\/\/www.newmansown.com\/es\/wp-json\/wp\/v2\/product_tag?post=5702"}],"curies":[{"name":"wp","href":"https:\/\/api.w.org\/{rel}","templated":true}]}}