{"id":5696,"date":"2022-04-12T13:54:38","date_gmt":"2022-04-12T17:54:38","guid":{"rendered":"https:\/\/newmansown.com\/product\/chocolate-chip-family-recipe-cookies\/"},"modified":"2022-04-12T13:54:38","modified_gmt":"2022-04-12T17:54:38","slug":"chocolate-chip-family-recipe-cookies","status":"publish","type":"product","link":"https:\/\/www.newmansown.com\/es\/product\/chocolate-chip-family-recipe-cookies\/","title":{"rendered":"Chocolate Chip Family Recipe Cookies"},"content":{"rendered":"<p>Una receta perfecta, estas galletas de bocado peque\u00f1o tienen un gran sabor casero y est\u00e1n hechas con harina de trigo ecol\u00f3gica.<\/p>\n<p>Las galletas Newman&#8217;s Own Chocolate Chip Family Recipe Cookies vienen en una bolsa para picar o compartir f\u00e1cilmente (si te gustan esas cosas).<\/p>\n","protected":false},"excerpt":{"rendered":"<p>Una receta perfecta, estas galletas de bocado peque\u00f1o tienen un gran sabor casero y est\u00e1n hechas con harina de trigo ecol\u00f3gica.<\/p>\n<p>Las galletas Newman&#8217;s Own Chocolate Chip Family Recipe Cookies vienen en una bolsa para picar o compartir f\u00e1cilmente (si te gustan esas cosas).<\/p>\n","protected":false},"featured_media":7638,"template":"","meta":{"_acf_changed":false,"inline_featured_image":false},"product_brand":[],"product_cat":[373,374],"product_tag":[],"class_list":{"0":"post-5696","1":"product","2":"type-product","3":"status-publish","4":"has-post-thumbnail","6":"product_cat-aperitivos","7":"product_cat-galletas","9":"first","10":"instock","11":"shipping-taxable","12":"product-type-simple"},"acf":[],"yoast_head":"<!-- This site is optimized with the Yoast SEO plugin v27.3 - https:\/\/yoast.com\/product\/yoast-seo-wordpress\/ -->\n<title>Chocolate Chip Family Recipe Cookies | Newman&#039;s Own<\/title>\n<meta name=\"description\" content=\"Una receta perfecta, estas galletas de bocado peque\u00f1o tienen un gran sabor casero y est\u00e1n hechas con harina de trigo ecol\u00f3gica. Las galletas Newman&#039;s Own Chocolate Chip Family Recipe Cookies vienen en una bolsa para picar o compartir f\u00e1cilmente (si te gustan esas cosas).\" \/>\n<meta name=\"robots\" content=\"index, follow, max-snippet:-1, max-image-preview:large, max-video-preview:-1\" \/>\n<link rel=\"canonical\" href=\"https:\/\/www.newmansown.com\/es\/product\/chocolate-chip-family-recipe-cookies\/\" \/>\n<meta property=\"og:locale\" content=\"es_ES\" \/>\n<meta property=\"og:type\" content=\"article\" \/>\n<meta property=\"og:title\" content=\"Chocolate Chip Family Recipe Cookies | Newman&#039;s Own\" \/>\n<meta property=\"og:description\" content=\"Una receta perfecta, estas galletas de bocado peque\u00f1o tienen un gran sabor casero y est\u00e1n hechas con harina de trigo ecol\u00f3gica. Las galletas Newman&#039;s Own Chocolate Chip Family Recipe Cookies vienen en una bolsa para picar o compartir f\u00e1cilmente (si te gustan esas cosas).\" \/>\n<meta property=\"og:url\" content=\"https:\/\/www.newmansown.com\/es\/product\/chocolate-chip-family-recipe-cookies\/\" \/>\n<meta property=\"og:site_name\" content=\"Newman&#039;s Own\" \/>\n<meta property=\"og:image\" content=\"https:\/\/newmansown.com\/wp-content\/uploads\/2022\/04\/Chocolate-Chip.png\" \/>\n\t<meta property=\"og:image:width\" content=\"1036\" \/>\n\t<meta property=\"og:image:height\" content=\"1100\" \/>\n\t<meta property=\"og:image:type\" content=\"image\/png\" \/>\n<meta name=\"twitter:card\" content=\"summary_large_image\" \/>\n<!-- \/ Yoast SEO plugin. -->","yoast_head_json":{"title":"Chocolate Chip Family Recipe Cookies | Newman&#039;s Own","description":"Una receta perfecta, estas galletas de bocado peque\u00f1o tienen un gran sabor casero y est\u00e1n hechas con harina de trigo ecol\u00f3gica. Las galletas Newman's Own Chocolate Chip Family Recipe Cookies vienen en una bolsa para picar o compartir f\u00e1cilmente (si te gustan esas cosas).","robots":{"index":"index","follow":"follow","max-snippet":"max-snippet:-1","max-image-preview":"max-image-preview:large","max-video-preview":"max-video-preview:-1"},"canonical":"https:\/\/www.newmansown.com\/es\/product\/chocolate-chip-family-recipe-cookies\/","og_locale":"es_ES","og_type":"article","og_title":"Chocolate Chip Family Recipe Cookies | Newman&#039;s Own","og_description":"Una receta perfecta, estas galletas de bocado peque\u00f1o tienen un gran sabor casero y est\u00e1n hechas con harina de trigo ecol\u00f3gica. Las galletas Newman's Own Chocolate Chip Family Recipe Cookies vienen en una bolsa para picar o compartir f\u00e1cilmente (si te gustan esas cosas).","og_url":"https:\/\/www.newmansown.com\/es\/product\/chocolate-chip-family-recipe-cookies\/","og_site_name":"Newman&#039;s Own","og_image":[{"width":1036,"height":1100,"url":"https:\/\/newmansown.com\/wp-content\/uploads\/2022\/04\/Chocolate-Chip.png","type":"image\/png"}],"twitter_card":"summary_large_image","schema":{"@context":"https:\/\/schema.org","@graph":[{"@type":["WebPage","ItemPage"],"@id":"https:\/\/www.newmansown.com\/es\/product\/chocolate-chip-family-recipe-cookies\/","url":"https:\/\/www.newmansown.com\/es\/product\/chocolate-chip-family-recipe-cookies\/","name":"Chocolate Chip Family Recipe Cookies | Newman&#039;s Own","isPartOf":{"@id":"https:\/\/www.newmansown.com\/es\/#website"},"primaryImageOfPage":{"@id":"https:\/\/www.newmansown.com\/es\/product\/chocolate-chip-family-recipe-cookies\/#primaryimage"},"image":{"@id":"https:\/\/www.newmansown.com\/es\/product\/chocolate-chip-family-recipe-cookies\/#primaryimage"},"thumbnailUrl":"https:\/\/www.newmansown.com\/wp-content\/uploads\/2022\/04\/Chocolate-Chip.png","datePublished":"2022-04-12T17:54:38+00:00","description":"Una receta perfecta, estas galletas de bocado peque\u00f1o tienen un gran sabor casero y est\u00e1n hechas con harina de trigo ecol\u00f3gica. Las galletas Newman's Own Chocolate Chip Family Recipe Cookies vienen en una bolsa para picar o compartir f\u00e1cilmente (si te gustan esas cosas).","breadcrumb":{"@id":"https:\/\/www.newmansown.com\/es\/product\/chocolate-chip-family-recipe-cookies\/#breadcrumb"},"inLanguage":"es-ES","potentialAction":[{"@type":"ReadAction","target":["https:\/\/www.newmansown.com\/es\/product\/chocolate-chip-family-recipe-cookies\/"]}]},{"@type":"ImageObject","inLanguage":"es-ES","@id":"https:\/\/www.newmansown.com\/es\/product\/chocolate-chip-family-recipe-cookies\/#primaryimage","url":"https:\/\/www.newmansown.com\/wp-content\/uploads\/2022\/04\/Chocolate-Chip.png","contentUrl":"https:\/\/www.newmansown.com\/wp-content\/uploads\/2022\/04\/Chocolate-Chip.png","width":1036,"height":1100,"caption":"Family Recipe Chocolate Chip"},{"@type":"BreadcrumbList","@id":"https:\/\/www.newmansown.com\/es\/product\/chocolate-chip-family-recipe-cookies\/#breadcrumb","itemListElement":[{"@type":"ListItem","position":1,"name":"Home","item":"https:\/\/newmansown.com\/es\/"},{"@type":"ListItem","position":2,"name":"Productos","item":"https:\/\/www.newmansown.com\/es\/productos\/"},{"@type":"ListItem","position":3,"name":"Chocolate Chip Family Recipe Cookies"}]},{"@type":"WebSite","@id":"https:\/\/www.newmansown.com\/es\/#website","url":"https:\/\/www.newmansown.com\/es\/","name":"Newman&#039;s Own","description":"Let&#039;s Give It All Away","publisher":{"@id":"https:\/\/www.newmansown.com\/es\/#organization"},"potentialAction":[{"@type":"SearchAction","target":{"@type":"EntryPoint","urlTemplate":"https:\/\/www.newmansown.com\/es\/?s={search_term_string}"},"query-input":{"@type":"PropertyValueSpecification","valueRequired":true,"valueName":"search_term_string"}}],"inLanguage":"es-ES"},{"@type":"Organization","@id":"https:\/\/www.newmansown.com\/es\/#organization","name":"Newman&#039;s Own","url":"https:\/\/www.newmansown.com\/es\/","logo":{"@type":"ImageObject","inLanguage":"es-ES","@id":"https:\/\/www.newmansown.com\/es\/#\/schema\/logo\/image\/","url":"https:\/\/www.newmansown.com\/wp-content\/uploads\/2024\/02\/newmans-own-green-reg.png","contentUrl":"https:\/\/www.newmansown.com\/wp-content\/uploads\/2024\/02\/newmans-own-green-reg.png","width":737,"height":537,"caption":"Newman&#039;s Own"},"image":{"@id":"https:\/\/www.newmansown.com\/es\/#\/schema\/logo\/image\/"}}]}},"_links":{"self":[{"href":"https:\/\/www.newmansown.com\/es\/wp-json\/wp\/v2\/product\/5696","targetHints":{"allow":["GET"]}}],"collection":[{"href":"https:\/\/www.newmansown.com\/es\/wp-json\/wp\/v2\/product"}],"about":[{"href":"https:\/\/www.newmansown.com\/es\/wp-json\/wp\/v2\/types\/product"}],"wp:featuredmedia":[{"embeddable":true,"href":"https:\/\/www.newmansown.com\/es\/wp-json\/wp\/v2\/media\/7638"}],"wp:attachment":[{"href":"https:\/\/www.newmansown.com\/es\/wp-json\/wp\/v2\/media?parent=5696"}],"wp:term":[{"taxonomy":"product_brand","embeddable":true,"href":"https:\/\/www.newmansown.com\/es\/wp-json\/wp\/v2\/product_brand?post=5696"},{"taxonomy":"product_cat","embeddable":true,"href":"https:\/\/www.newmansown.com\/es\/wp-json\/wp\/v2\/product_cat?post=5696"},{"taxonomy":"product_tag","embeddable":true,"href":"https:\/\/www.newmansown.com\/es\/wp-json\/wp\/v2\/product_tag?post=5696"}],"curies":[{"name":"wp","href":"https:\/\/api.w.org\/{rel}","templated":true}]}}