{"id":5642,"date":"2022-05-04T14:31:04","date_gmt":"2022-05-04T18:31:04","guid":{"rendered":"https:\/\/newmansown.com\/product\/organic-turkey-dinner-for-dogs\/"},"modified":"2022-05-04T14:31:04","modified_gmt":"2022-05-04T18:31:04","slug":"organic-turkey-dinner-for-dogs","status":"publish","type":"product","link":"https:\/\/www.newmansown.com\/es\/product\/organic-turkey-dinner-for-dogs\/","title":{"rendered":"Organic Turkey Dinner for Dogs"},"content":{"rendered":"<p>Alimente a su perro con una deliciosa comida con esta opci\u00f3n de comida en lata ecol\u00f3gica para perros.<\/p>\n<p>Elaborada con ingredientes ecol\u00f3gicos como pavo y guisantes, la Cena de Pavo para Perros Newman&#8217;s Own Organics es una comida que su cachorro disfrutar\u00e1 con toda seguridad. Adem\u00e1s, est\u00e1 formulado para cumplir los niveles nutricionales establecidos por los Perfiles Nutricionales de Alimentos para Perros de la AAFCO para el mantenimiento.<\/p>\n","protected":false},"excerpt":{"rendered":"<p>Alimente a su perro con una deliciosa comida con esta opci\u00f3n de comida en lata ecol\u00f3gica para perros.<\/p>\n<p>Elaborada con ingredientes ecol\u00f3gicos como pavo y guisantes, la Cena de Pavo para Perros Newman&#8217;s Own Organics es una comida que su cachorro disfrutar\u00e1 con toda seguridad. Adem\u00e1s, est\u00e1 formulado para cumplir los niveles nutricionales establecidos por los Perfiles Nutricionales de Alimentos para Perros de la AAFCO para el mantenimiento.<\/p>\n","protected":false},"featured_media":3219,"template":"","meta":{"_acf_changed":false,"inline_featured_image":false},"product_brand":[],"product_cat":[29],"product_tag":[],"class_list":{"0":"post-5642","1":"product","2":"type-product","3":"status-publish","4":"has-post-thumbnail","6":"product_cat-food","8":"first","9":"instock","10":"shipping-taxable","11":"product-type-simple"},"acf":[],"yoast_head":"<!-- This site is optimized with the Yoast SEO plugin v27.3 - https:\/\/yoast.com\/product\/yoast-seo-wordpress\/ -->\n<title>Organic Turkey Dinner for Dogs | Newman&#039;s Own<\/title>\n<meta name=\"description\" content=\"Alimente a su perro con una deliciosa comida con esta opci\u00f3n de comida en lata ecol\u00f3gica para perros. Elaborada con ingredientes ecol\u00f3gicos como pavo y guisantes, la Cena de Pavo para Perros Newman&#039;s Own Organics es una comida que su cachorro disfrutar\u00e1 con toda seguridad. Adem\u00e1s, est\u00e1 formulado para cumplir los niveles nutricionales establecidos por los Perfiles Nutricionales de Alimentos para Perros de la AAFCO para el mantenimiento.\" \/>\n<meta name=\"robots\" content=\"index, follow, max-snippet:-1, max-image-preview:large, max-video-preview:-1\" \/>\n<link rel=\"canonical\" href=\"https:\/\/www.newmansown.com\/es\/product\/organic-turkey-dinner-for-dogs\/\" \/>\n<meta property=\"og:locale\" content=\"es_ES\" \/>\n<meta property=\"og:type\" content=\"article\" \/>\n<meta property=\"og:title\" content=\"Organic Turkey Dinner for Dogs | Newman&#039;s Own\" \/>\n<meta property=\"og:description\" content=\"Alimente a su perro con una deliciosa comida con esta opci\u00f3n de comida en lata ecol\u00f3gica para perros. Elaborada con ingredientes ecol\u00f3gicos como pavo y guisantes, la Cena de Pavo para Perros Newman&#039;s Own Organics es una comida que su cachorro disfrutar\u00e1 con toda seguridad. Adem\u00e1s, est\u00e1 formulado para cumplir los niveles nutricionales establecidos por los Perfiles Nutricionales de Alimentos para Perros de la AAFCO para el mantenimiento.\" \/>\n<meta property=\"og:url\" content=\"https:\/\/www.newmansown.com\/es\/product\/organic-turkey-dinner-for-dogs\/\" \/>\n<meta property=\"og:site_name\" content=\"Newman&#039;s Own\" \/>\n<meta property=\"og:image\" content=\"https:\/\/www.newmansown.com\/wp-content\/uploads\/2022\/05\/newmans-own-organics-turkey-dog-food.png\" \/>\n\t<meta property=\"og:image:width\" content=\"1036\" \/>\n\t<meta property=\"og:image:height\" content=\"1100\" \/>\n\t<meta property=\"og:image:type\" content=\"image\/png\" \/>\n<meta name=\"twitter:card\" content=\"summary_large_image\" \/>\n<!-- \/ Yoast SEO plugin. -->","yoast_head_json":{"title":"Organic Turkey Dinner for Dogs | Newman&#039;s Own","description":"Alimente a su perro con una deliciosa comida con esta opci\u00f3n de comida en lata ecol\u00f3gica para perros. Elaborada con ingredientes ecol\u00f3gicos como pavo y guisantes, la Cena de Pavo para Perros Newman's Own Organics es una comida que su cachorro disfrutar\u00e1 con toda seguridad. Adem\u00e1s, est\u00e1 formulado para cumplir los niveles nutricionales establecidos por los Perfiles Nutricionales de Alimentos para Perros de la AAFCO para el mantenimiento.","robots":{"index":"index","follow":"follow","max-snippet":"max-snippet:-1","max-image-preview":"max-image-preview:large","max-video-preview":"max-video-preview:-1"},"canonical":"https:\/\/www.newmansown.com\/es\/product\/organic-turkey-dinner-for-dogs\/","og_locale":"es_ES","og_type":"article","og_title":"Organic Turkey Dinner for Dogs | Newman&#039;s Own","og_description":"Alimente a su perro con una deliciosa comida con esta opci\u00f3n de comida en lata ecol\u00f3gica para perros. Elaborada con ingredientes ecol\u00f3gicos como pavo y guisantes, la Cena de Pavo para Perros Newman's Own Organics es una comida que su cachorro disfrutar\u00e1 con toda seguridad. Adem\u00e1s, est\u00e1 formulado para cumplir los niveles nutricionales establecidos por los Perfiles Nutricionales de Alimentos para Perros de la AAFCO para el mantenimiento.","og_url":"https:\/\/www.newmansown.com\/es\/product\/organic-turkey-dinner-for-dogs\/","og_site_name":"Newman&#039;s Own","og_image":[{"width":1036,"height":1100,"url":"https:\/\/www.newmansown.com\/wp-content\/uploads\/2022\/05\/newmans-own-organics-turkey-dog-food.png","type":"image\/png"}],"twitter_card":"summary_large_image","schema":{"@context":"https:\/\/schema.org","@graph":[{"@type":["WebPage","ItemPage"],"@id":"https:\/\/www.newmansown.com\/es\/product\/organic-turkey-dinner-for-dogs\/","url":"https:\/\/www.newmansown.com\/es\/product\/organic-turkey-dinner-for-dogs\/","name":"Organic Turkey Dinner for Dogs | Newman&#039;s Own","isPartOf":{"@id":"https:\/\/www.newmansown.com\/es\/#website"},"primaryImageOfPage":{"@id":"https:\/\/www.newmansown.com\/es\/product\/organic-turkey-dinner-for-dogs\/#primaryimage"},"image":{"@id":"https:\/\/www.newmansown.com\/es\/product\/organic-turkey-dinner-for-dogs\/#primaryimage"},"thumbnailUrl":"https:\/\/www.newmansown.com\/wp-content\/uploads\/2022\/05\/newmans-own-organics-turkey-dog-food.png","datePublished":"2022-05-04T18:31:04+00:00","description":"Alimente a su perro con una deliciosa comida con esta opci\u00f3n de comida en lata ecol\u00f3gica para perros. Elaborada con ingredientes ecol\u00f3gicos como pavo y guisantes, la Cena de Pavo para Perros Newman's Own Organics es una comida que su cachorro disfrutar\u00e1 con toda seguridad. Adem\u00e1s, est\u00e1 formulado para cumplir los niveles nutricionales establecidos por los Perfiles Nutricionales de Alimentos para Perros de la AAFCO para el mantenimiento.","breadcrumb":{"@id":"https:\/\/www.newmansown.com\/es\/product\/organic-turkey-dinner-for-dogs\/#breadcrumb"},"inLanguage":"es-ES","potentialAction":[{"@type":"ReadAction","target":["https:\/\/www.newmansown.com\/es\/product\/organic-turkey-dinner-for-dogs\/"]}]},{"@type":"ImageObject","inLanguage":"es-ES","@id":"https:\/\/www.newmansown.com\/es\/product\/organic-turkey-dinner-for-dogs\/#primaryimage","url":"https:\/\/www.newmansown.com\/wp-content\/uploads\/2022\/05\/newmans-own-organics-turkey-dog-food.png","contentUrl":"https:\/\/www.newmansown.com\/wp-content\/uploads\/2022\/05\/newmans-own-organics-turkey-dog-food.png","width":1036,"height":1100,"caption":"Newman's Own Organics Cena de Pavo para Perros"},{"@type":"BreadcrumbList","@id":"https:\/\/www.newmansown.com\/es\/product\/organic-turkey-dinner-for-dogs\/#breadcrumb","itemListElement":[{"@type":"ListItem","position":1,"name":"Home","item":"https:\/\/newmansown.com\/es\/"},{"@type":"ListItem","position":2,"name":"Productos","item":"https:\/\/www.newmansown.com\/es\/productos\/"},{"@type":"ListItem","position":3,"name":"Organic Turkey Dinner for Dogs"}]},{"@type":"WebSite","@id":"https:\/\/www.newmansown.com\/es\/#website","url":"https:\/\/www.newmansown.com\/es\/","name":"Newman&#039;s Own","description":"Let&#039;s Give It All Away","publisher":{"@id":"https:\/\/www.newmansown.com\/es\/#organization"},"potentialAction":[{"@type":"SearchAction","target":{"@type":"EntryPoint","urlTemplate":"https:\/\/www.newmansown.com\/es\/?s={search_term_string}"},"query-input":{"@type":"PropertyValueSpecification","valueRequired":true,"valueName":"search_term_string"}}],"inLanguage":"es-ES"},{"@type":"Organization","@id":"https:\/\/www.newmansown.com\/es\/#organization","name":"Newman&#039;s Own","url":"https:\/\/www.newmansown.com\/es\/","logo":{"@type":"ImageObject","inLanguage":"es-ES","@id":"https:\/\/www.newmansown.com\/es\/#\/schema\/logo\/image\/","url":"https:\/\/www.newmansown.com\/wp-content\/uploads\/2024\/02\/newmans-own-green-reg.png","contentUrl":"https:\/\/www.newmansown.com\/wp-content\/uploads\/2024\/02\/newmans-own-green-reg.png","width":737,"height":537,"caption":"Newman&#039;s Own"},"image":{"@id":"https:\/\/www.newmansown.com\/es\/#\/schema\/logo\/image\/"}}]}},"_links":{"self":[{"href":"https:\/\/www.newmansown.com\/es\/wp-json\/wp\/v2\/product\/5642","targetHints":{"allow":["GET"]}}],"collection":[{"href":"https:\/\/www.newmansown.com\/es\/wp-json\/wp\/v2\/product"}],"about":[{"href":"https:\/\/www.newmansown.com\/es\/wp-json\/wp\/v2\/types\/product"}],"wp:featuredmedia":[{"embeddable":true,"href":"https:\/\/www.newmansown.com\/es\/wp-json\/wp\/v2\/media\/3219"}],"wp:attachment":[{"href":"https:\/\/www.newmansown.com\/es\/wp-json\/wp\/v2\/media?parent=5642"}],"wp:term":[{"taxonomy":"product_brand","embeddable":true,"href":"https:\/\/www.newmansown.com\/es\/wp-json\/wp\/v2\/product_brand?post=5642"},{"taxonomy":"product_cat","embeddable":true,"href":"https:\/\/www.newmansown.com\/es\/wp-json\/wp\/v2\/product_cat?post=5642"},{"taxonomy":"product_tag","embeddable":true,"href":"https:\/\/www.newmansown.com\/es\/wp-json\/wp\/v2\/product_tag?post=5642"}],"curies":[{"name":"wp","href":"https:\/\/api.w.org\/{rel}","templated":true}]}}