{"id":5625,"date":"2022-04-11T16:44:41","date_gmt":"2022-04-11T20:44:41","guid":{"rendered":"https:\/\/newmansown.com\/product\/organic-italian-dressing\/"},"modified":"2022-12-13T20:56:40","modified_gmt":"2022-12-14T01:56:40","slug":"organic-italian-dressing","status":"publish","type":"product","link":"https:\/\/www.newmansown.com\/es\/product\/organic-italian-dressing\/","title":{"rendered":"Organic Italian Dressing"},"content":{"rendered":"<p>El ali\u00f1o Newman&#8217;s Own Organic Italian toma la hermosa riqueza de sabores de nuestra receta italiana original, pero utilizando ingredientes ecol\u00f3gicos certificados.<\/p>\n<p>Disfrute del sabroso or\u00e9gano, la albahaca y el ajo mezclados en aceite de canola org\u00e1nico. Funciona muy bien como adobo o aderezo para ensaladas.<\/p>\n","protected":false},"excerpt":{"rendered":"<p>El ali\u00f1o Newman&#8217;s Own Organic Italian toma la hermosa riqueza de sabores de nuestra receta italiana original, pero utilizando ingredientes ecol\u00f3gicos certificados.<\/p>\n<p>Disfrute del sabroso or\u00e9gano, la albahaca y el ajo mezclados en aceite de canola org\u00e1nico. Funciona muy bien como adobo o aderezo para ensaladas.<\/p>\n","protected":false},"featured_media":5627,"template":"","meta":{"_acf_changed":false,"inline_featured_image":false},"product_brand":[],"product_cat":[352,363,353],"product_tag":[],"class_list":{"0":"post-5625","1":"product","2":"type-product","3":"status-publish","4":"has-post-thumbnail","6":"product_cat-aderezo","7":"product_cat-organico","8":"product_cat-aderezo-organico","10":"first","11":"instock","12":"shipping-taxable","13":"product-type-simple"},"acf":[],"yoast_head":"<!-- This site is optimized with the Yoast SEO plugin v27.3 - https:\/\/yoast.com\/product\/yoast-seo-wordpress\/ -->\n<title>Organic Italian Dressing | Newman&#039;s Own<\/title>\n<meta name=\"description\" content=\"El ali\u00f1o Newman&#039;s Own Organic Italian toma la hermosa riqueza de sabores de nuestra receta italiana original, pero utilizando ingredientes ecol\u00f3gicos certificados. Disfrute del sabroso or\u00e9gano, la albahaca y el ajo mezclados en aceite de canola org\u00e1nico. Funciona muy bien como adobo o aderezo para ensaladas.\" \/>\n<meta name=\"robots\" content=\"index, follow, max-snippet:-1, max-image-preview:large, max-video-preview:-1\" \/>\n<link rel=\"canonical\" href=\"https:\/\/www.newmansown.com\/es\/product\/organic-italian-dressing\/\" \/>\n<meta property=\"og:locale\" content=\"es_ES\" \/>\n<meta property=\"og:type\" content=\"article\" \/>\n<meta property=\"og:title\" content=\"Organic Italian Dressing | Newman&#039;s Own\" \/>\n<meta property=\"og:description\" content=\"El ali\u00f1o Newman&#039;s Own Organic Italian toma la hermosa riqueza de sabores de nuestra receta italiana original, pero utilizando ingredientes ecol\u00f3gicos certificados. Disfrute del sabroso or\u00e9gano, la albahaca y el ajo mezclados en aceite de canola org\u00e1nico. Funciona muy bien como adobo o aderezo para ensaladas.\" \/>\n<meta property=\"og:url\" content=\"https:\/\/www.newmansown.com\/es\/product\/organic-italian-dressing\/\" \/>\n<meta property=\"og:site_name\" content=\"Newman&#039;s Own\" \/>\n<meta property=\"article:modified_time\" content=\"2022-12-14T01:56:40+00:00\" \/>\n<meta property=\"og:image\" content=\"https:\/\/www.newmansown.com\/wp-content\/uploads\/2022\/04\/Organic_Italian_Salad_Dressing.png\" \/>\n\t<meta property=\"og:image:width\" content=\"1036\" \/>\n\t<meta property=\"og:image:height\" content=\"1100\" \/>\n\t<meta property=\"og:image:type\" content=\"image\/png\" \/>\n<meta name=\"twitter:card\" content=\"summary_large_image\" \/>\n<!-- \/ Yoast SEO plugin. -->","yoast_head_json":{"title":"Organic Italian Dressing | Newman&#039;s Own","description":"El ali\u00f1o Newman's Own Organic Italian toma la hermosa riqueza de sabores de nuestra receta italiana original, pero utilizando ingredientes ecol\u00f3gicos certificados. Disfrute del sabroso or\u00e9gano, la albahaca y el ajo mezclados en aceite de canola org\u00e1nico. Funciona muy bien como adobo o aderezo para ensaladas.","robots":{"index":"index","follow":"follow","max-snippet":"max-snippet:-1","max-image-preview":"max-image-preview:large","max-video-preview":"max-video-preview:-1"},"canonical":"https:\/\/www.newmansown.com\/es\/product\/organic-italian-dressing\/","og_locale":"es_ES","og_type":"article","og_title":"Organic Italian Dressing | Newman&#039;s Own","og_description":"El ali\u00f1o Newman's Own Organic Italian toma la hermosa riqueza de sabores de nuestra receta italiana original, pero utilizando ingredientes ecol\u00f3gicos certificados. Disfrute del sabroso or\u00e9gano, la albahaca y el ajo mezclados en aceite de canola org\u00e1nico. Funciona muy bien como adobo o aderezo para ensaladas.","og_url":"https:\/\/www.newmansown.com\/es\/product\/organic-italian-dressing\/","og_site_name":"Newman&#039;s Own","article_modified_time":"2022-12-14T01:56:40+00:00","og_image":[{"width":1036,"height":1100,"url":"https:\/\/www.newmansown.com\/wp-content\/uploads\/2022\/04\/Organic_Italian_Salad_Dressing.png","type":"image\/png"}],"twitter_card":"summary_large_image","schema":{"@context":"https:\/\/schema.org","@graph":[{"@type":["WebPage","ItemPage"],"@id":"https:\/\/www.newmansown.com\/es\/product\/organic-italian-dressing\/","url":"https:\/\/www.newmansown.com\/es\/product\/organic-italian-dressing\/","name":"Organic Italian Dressing | Newman&#039;s Own","isPartOf":{"@id":"https:\/\/www.newmansown.com\/es\/#website"},"primaryImageOfPage":{"@id":"https:\/\/www.newmansown.com\/es\/product\/organic-italian-dressing\/#primaryimage"},"image":{"@id":"https:\/\/www.newmansown.com\/es\/product\/organic-italian-dressing\/#primaryimage"},"thumbnailUrl":"https:\/\/www.newmansown.com\/wp-content\/uploads\/2022\/04\/Organic_Italian_Salad_Dressing.png","datePublished":"2022-04-11T20:44:41+00:00","dateModified":"2022-12-14T01:56:40+00:00","description":"El ali\u00f1o Newman's Own Organic Italian toma la hermosa riqueza de sabores de nuestra receta italiana original, pero utilizando ingredientes ecol\u00f3gicos certificados. Disfrute del sabroso or\u00e9gano, la albahaca y el ajo mezclados en aceite de canola org\u00e1nico. Funciona muy bien como adobo o aderezo para ensaladas.","breadcrumb":{"@id":"https:\/\/www.newmansown.com\/es\/product\/organic-italian-dressing\/#breadcrumb"},"inLanguage":"es-ES","potentialAction":[{"@type":"ReadAction","target":["https:\/\/www.newmansown.com\/es\/product\/organic-italian-dressing\/"]}]},{"@type":"ImageObject","inLanguage":"es-ES","@id":"https:\/\/www.newmansown.com\/es\/product\/organic-italian-dressing\/#primaryimage","url":"https:\/\/www.newmansown.com\/wp-content\/uploads\/2022\/04\/Organic_Italian_Salad_Dressing.png","contentUrl":"https:\/\/www.newmansown.com\/wp-content\/uploads\/2022\/04\/Organic_Italian_Salad_Dressing.png","width":1036,"height":1100,"caption":"Organic Italian Salad Dressing"},{"@type":"BreadcrumbList","@id":"https:\/\/www.newmansown.com\/es\/product\/organic-italian-dressing\/#breadcrumb","itemListElement":[{"@type":"ListItem","position":1,"name":"Home","item":"https:\/\/newmansown.com\/es\/"},{"@type":"ListItem","position":2,"name":"Productos","item":"https:\/\/www.newmansown.com\/es\/productos\/"},{"@type":"ListItem","position":3,"name":"Organic Italian Dressing"}]},{"@type":"WebSite","@id":"https:\/\/www.newmansown.com\/es\/#website","url":"https:\/\/www.newmansown.com\/es\/","name":"Newman&#039;s Own","description":"Let&#039;s Give It All Away","publisher":{"@id":"https:\/\/www.newmansown.com\/es\/#organization"},"potentialAction":[{"@type":"SearchAction","target":{"@type":"EntryPoint","urlTemplate":"https:\/\/www.newmansown.com\/es\/?s={search_term_string}"},"query-input":{"@type":"PropertyValueSpecification","valueRequired":true,"valueName":"search_term_string"}}],"inLanguage":"es-ES"},{"@type":"Organization","@id":"https:\/\/www.newmansown.com\/es\/#organization","name":"Newman&#039;s Own","url":"https:\/\/www.newmansown.com\/es\/","logo":{"@type":"ImageObject","inLanguage":"es-ES","@id":"https:\/\/www.newmansown.com\/es\/#\/schema\/logo\/image\/","url":"https:\/\/www.newmansown.com\/wp-content\/uploads\/2024\/02\/newmans-own-green-reg.png","contentUrl":"https:\/\/www.newmansown.com\/wp-content\/uploads\/2024\/02\/newmans-own-green-reg.png","width":737,"height":537,"caption":"Newman&#039;s Own"},"image":{"@id":"https:\/\/www.newmansown.com\/es\/#\/schema\/logo\/image\/"}}]}},"_links":{"self":[{"href":"https:\/\/www.newmansown.com\/es\/wp-json\/wp\/v2\/product\/5625","targetHints":{"allow":["GET"]}}],"collection":[{"href":"https:\/\/www.newmansown.com\/es\/wp-json\/wp\/v2\/product"}],"about":[{"href":"https:\/\/www.newmansown.com\/es\/wp-json\/wp\/v2\/types\/product"}],"wp:featuredmedia":[{"embeddable":true,"href":"https:\/\/www.newmansown.com\/es\/wp-json\/wp\/v2\/media\/5627"}],"wp:attachment":[{"href":"https:\/\/www.newmansown.com\/es\/wp-json\/wp\/v2\/media?parent=5625"}],"wp:term":[{"taxonomy":"product_brand","embeddable":true,"href":"https:\/\/www.newmansown.com\/es\/wp-json\/wp\/v2\/product_brand?post=5625"},{"taxonomy":"product_cat","embeddable":true,"href":"https:\/\/www.newmansown.com\/es\/wp-json\/wp\/v2\/product_cat?post=5625"},{"taxonomy":"product_tag","embeddable":true,"href":"https:\/\/www.newmansown.com\/es\/wp-json\/wp\/v2\/product_tag?post=5625"}],"curies":[{"name":"wp","href":"https:\/\/api.w.org\/{rel}","templated":true}]}}