{"id":4167,"date":"2022-05-04T14:18:07","date_gmt":"2022-05-04T18:18:07","guid":{"rendered":"https:\/\/newmansown.com\/product\/golosinas-de-pollo-para-perros\/"},"modified":"2022-12-14T13:04:21","modified_gmt":"2022-12-14T18:04:21","slug":"chicken-jerky-dog-treats","status":"publish","type":"product","link":"https:\/\/www.newmansown.com\/es\/product\/chicken-jerky-dog-treats\/","title":{"rendered":"Newman&#8217;s Own Chicken Jerky Dog Treats"},"content":{"rendered":"<p>Dale a tu cachorro un delicioso bocado de carne con las golosinas Newman&#8217;s Own Chicken Jerky Dog Treats.<\/p>\n<p>El pollo criado en granjas de EE.UU. es el ingrediente n\u00famero 1 y las golosinas se hornean para obtener un sabroso snack para perros que es f\u00e1cil de racionar para perros de todos los tama\u00f1os.<\/p>\n","protected":false},"excerpt":{"rendered":"<p>Dale a tu cachorro un delicioso bocado de carne con las golosinas Newman&#8217;s Own Chicken Jerky Dog Treats.<\/p>\n<p>El pollo criado en granjas de EE.UU. es el ingrediente n\u00famero 1 y las golosinas se hornean para obtener un sabroso snack para perros que es f\u00e1cil de racionar para perros de todos los tama\u00f1os.<\/p>\n","protected":false},"featured_media":7593,"template":"","meta":{"_acf_changed":false,"inline_featured_image":false},"product_brand":[],"product_cat":[370,313],"product_tag":[],"class_list":{"0":"post-4167","1":"product","2":"type-product","3":"status-publish","4":"has-post-thumbnail","6":"product_cat-alimentos-para-mascotas","7":"product_cat-golosinas-para-perros","9":"first","10":"instock","11":"shipping-taxable","12":"product-type-simple"},"acf":[],"yoast_head":"<!-- This site is optimized with the Yoast SEO plugin v27.3 - https:\/\/yoast.com\/product\/yoast-seo-wordpress\/ -->\n<title>Newman&#039;s Own Chicken Jerky Dog Treats | Newman&#039;s Own<\/title>\n<meta name=\"description\" content=\"Dale a tu cachorro un delicioso bocado de carne con las golosinas Newman&#039;s Own Chicken Jerky Dog Treats.  El pollo criado en granjas de EE.UU. es el ingrediente n\u00famero 1 y las golosinas se hornean para obtener un sabroso snack para perros que es f\u00e1cil de racionar para perros de todos los tama\u00f1os.\" \/>\n<meta name=\"robots\" content=\"index, follow, max-snippet:-1, max-image-preview:large, max-video-preview:-1\" \/>\n<link rel=\"canonical\" href=\"https:\/\/www.newmansown.com\/es\/product\/chicken-jerky-dog-treats\/\" \/>\n<meta property=\"og:locale\" content=\"es_ES\" \/>\n<meta property=\"og:type\" content=\"article\" \/>\n<meta property=\"og:title\" content=\"Newman&#039;s Own Chicken Jerky Dog Treats | Newman&#039;s Own\" \/>\n<meta property=\"og:description\" content=\"Dale a tu cachorro un delicioso bocado de carne con las golosinas Newman&#039;s Own Chicken Jerky Dog Treats.  El pollo criado en granjas de EE.UU. es el ingrediente n\u00famero 1 y las golosinas se hornean para obtener un sabroso snack para perros que es f\u00e1cil de racionar para perros de todos los tama\u00f1os.\" \/>\n<meta property=\"og:url\" content=\"https:\/\/www.newmansown.com\/es\/product\/chicken-jerky-dog-treats\/\" \/>\n<meta property=\"og:site_name\" content=\"Newman&#039;s Own\" \/>\n<meta property=\"article:modified_time\" content=\"2022-12-14T18:04:21+00:00\" \/>\n<meta property=\"og:image\" content=\"https:\/\/www.newmansown.com\/wp-content\/uploads\/2022\/04\/Jerky-Treats-Original-Chicken.png\" \/>\n\t<meta property=\"og:image:width\" content=\"1036\" \/>\n\t<meta property=\"og:image:height\" content=\"1100\" \/>\n\t<meta property=\"og:image:type\" content=\"image\/png\" \/>\n<meta name=\"twitter:card\" content=\"summary_large_image\" \/>\n<!-- \/ Yoast SEO plugin. -->","yoast_head_json":{"title":"Newman's Own Chicken Jerky Dog Treats | Newman&#039;s Own","description":"Dale a tu cachorro un delicioso bocado de carne con las golosinas Newman's Own Chicken Jerky Dog Treats.  El pollo criado en granjas de EE.UU. es el ingrediente n\u00famero 1 y las golosinas se hornean para obtener un sabroso snack para perros que es f\u00e1cil de racionar para perros de todos los tama\u00f1os.","robots":{"index":"index","follow":"follow","max-snippet":"max-snippet:-1","max-image-preview":"max-image-preview:large","max-video-preview":"max-video-preview:-1"},"canonical":"https:\/\/www.newmansown.com\/es\/product\/chicken-jerky-dog-treats\/","og_locale":"es_ES","og_type":"article","og_title":"Newman's Own Chicken Jerky Dog Treats | Newman&#039;s Own","og_description":"Dale a tu cachorro un delicioso bocado de carne con las golosinas Newman's Own Chicken Jerky Dog Treats.  El pollo criado en granjas de EE.UU. es el ingrediente n\u00famero 1 y las golosinas se hornean para obtener un sabroso snack para perros que es f\u00e1cil de racionar para perros de todos los tama\u00f1os.","og_url":"https:\/\/www.newmansown.com\/es\/product\/chicken-jerky-dog-treats\/","og_site_name":"Newman&#039;s Own","article_modified_time":"2022-12-14T18:04:21+00:00","og_image":[{"width":1036,"height":1100,"url":"https:\/\/www.newmansown.com\/wp-content\/uploads\/2022\/04\/Jerky-Treats-Original-Chicken.png","type":"image\/png"}],"twitter_card":"summary_large_image","schema":{"@context":"https:\/\/schema.org","@graph":[{"@type":["WebPage","ItemPage"],"@id":"https:\/\/www.newmansown.com\/es\/product\/chicken-jerky-dog-treats\/","url":"https:\/\/www.newmansown.com\/es\/product\/chicken-jerky-dog-treats\/","name":"Newman's Own Chicken Jerky Dog Treats | Newman&#039;s Own","isPartOf":{"@id":"https:\/\/www.newmansown.com\/es\/#website"},"primaryImageOfPage":{"@id":"https:\/\/www.newmansown.com\/es\/product\/chicken-jerky-dog-treats\/#primaryimage"},"image":{"@id":"https:\/\/www.newmansown.com\/es\/product\/chicken-jerky-dog-treats\/#primaryimage"},"thumbnailUrl":"https:\/\/www.newmansown.com\/wp-content\/uploads\/2022\/04\/Jerky-Treats-Original-Chicken.png","datePublished":"2022-05-04T18:18:07+00:00","dateModified":"2022-12-14T18:04:21+00:00","description":"Dale a tu cachorro un delicioso bocado de carne con las golosinas Newman's Own Chicken Jerky Dog Treats. El pollo criado en granjas de EE.UU. es el ingrediente n\u00famero 1 y las golosinas se hornean para obtener un sabroso snack para perros que es f\u00e1cil de racionar para perros de todos los tama\u00f1os.","breadcrumb":{"@id":"https:\/\/www.newmansown.com\/es\/product\/chicken-jerky-dog-treats\/#breadcrumb"},"inLanguage":"es-ES","potentialAction":[{"@type":"ReadAction","target":["https:\/\/www.newmansown.com\/es\/product\/chicken-jerky-dog-treats\/"]}]},{"@type":"ImageObject","inLanguage":"es-ES","@id":"https:\/\/www.newmansown.com\/es\/product\/chicken-jerky-dog-treats\/#primaryimage","url":"https:\/\/www.newmansown.com\/wp-content\/uploads\/2022\/04\/Jerky-Treats-Original-Chicken.png","contentUrl":"https:\/\/www.newmansown.com\/wp-content\/uploads\/2022\/04\/Jerky-Treats-Original-Chicken.png","width":1036,"height":1100,"caption":"Chicken Jerky Dog Treats"},{"@type":"BreadcrumbList","@id":"https:\/\/www.newmansown.com\/es\/product\/chicken-jerky-dog-treats\/#breadcrumb","itemListElement":[{"@type":"ListItem","position":1,"name":"Home","item":"https:\/\/newmansown.com\/es\/"},{"@type":"ListItem","position":2,"name":"Productos","item":"https:\/\/www.newmansown.com\/es\/productos\/"},{"@type":"ListItem","position":3,"name":"Newman&#8217;s Own Chicken Jerky Dog Treats"}]},{"@type":"WebSite","@id":"https:\/\/www.newmansown.com\/es\/#website","url":"https:\/\/www.newmansown.com\/es\/","name":"Newman&#039;s Own","description":"Let&#039;s Give It All Away","publisher":{"@id":"https:\/\/www.newmansown.com\/es\/#organization"},"potentialAction":[{"@type":"SearchAction","target":{"@type":"EntryPoint","urlTemplate":"https:\/\/www.newmansown.com\/es\/?s={search_term_string}"},"query-input":{"@type":"PropertyValueSpecification","valueRequired":true,"valueName":"search_term_string"}}],"inLanguage":"es-ES"},{"@type":"Organization","@id":"https:\/\/www.newmansown.com\/es\/#organization","name":"Newman&#039;s Own","url":"https:\/\/www.newmansown.com\/es\/","logo":{"@type":"ImageObject","inLanguage":"es-ES","@id":"https:\/\/www.newmansown.com\/es\/#\/schema\/logo\/image\/","url":"https:\/\/www.newmansown.com\/wp-content\/uploads\/2024\/02\/newmans-own-green-reg.png","contentUrl":"https:\/\/www.newmansown.com\/wp-content\/uploads\/2024\/02\/newmans-own-green-reg.png","width":737,"height":537,"caption":"Newman&#039;s Own"},"image":{"@id":"https:\/\/www.newmansown.com\/es\/#\/schema\/logo\/image\/"}}]}},"_links":{"self":[{"href":"https:\/\/www.newmansown.com\/es\/wp-json\/wp\/v2\/product\/4167","targetHints":{"allow":["GET"]}}],"collection":[{"href":"https:\/\/www.newmansown.com\/es\/wp-json\/wp\/v2\/product"}],"about":[{"href":"https:\/\/www.newmansown.com\/es\/wp-json\/wp\/v2\/types\/product"}],"wp:featuredmedia":[{"embeddable":true,"href":"https:\/\/www.newmansown.com\/es\/wp-json\/wp\/v2\/media\/7593"}],"wp:attachment":[{"href":"https:\/\/www.newmansown.com\/es\/wp-json\/wp\/v2\/media?parent=4167"}],"wp:term":[{"taxonomy":"product_brand","embeddable":true,"href":"https:\/\/www.newmansown.com\/es\/wp-json\/wp\/v2\/product_brand?post=4167"},{"taxonomy":"product_cat","embeddable":true,"href":"https:\/\/www.newmansown.com\/es\/wp-json\/wp\/v2\/product_cat?post=4167"},{"taxonomy":"product_tag","embeddable":true,"href":"https:\/\/www.newmansown.com\/es\/wp-json\/wp\/v2\/product_tag?post=4167"}],"curies":[{"name":"wp","href":"https:\/\/api.w.org\/{rel}","templated":true}]}}