{"id":11672,"date":"2025-05-06T16:35:32","date_gmt":"2025-05-06T20:35:32","guid":{"rendered":"https:\/\/newmansown.com\/?post_type=product&#038;p=11672"},"modified":"2025-05-07T11:01:32","modified_gmt":"2025-05-07T15:01:32","slug":"bourbon-bbq-thin-crispy-pizza","status":"publish","type":"product","link":"https:\/\/www.newmansown.com\/es\/product\/bourbon-bbq-thin-crispy-pizza\/","title":{"rendered":"Bourbon BBQ Thin &#038; Crispy Pizza"},"content":{"rendered":"<p>Algunos dicen que la pizza deber\u00eda ser sencilla, pero nosotros elevamos el list\u00f3n con un toque atrevido y ahumado a un cl\u00e1sico, utilizando nuestros ingredientes de alta calidad.<\/p>\n<p>La pizza de pollo Newman\u2019s Own con masa fina y crujiente, receta de barbacoa Bourbon, se sirve con una mezcla magistral de pollo sazonado, cebolla, mozzarella 100 % de leche entera y queso cheddar blanco, sobre una rica salsa barbacoa Bourbon, y se presenta sobre nuestra exclusiva masa fina y crujiente. Para que disfrutes del bocado perfecto, sin conservantes, saborizantes ni colorantes artificiales, ideal para cualquier momento del d\u00eda.<\/p>\n","protected":false},"excerpt":{"rendered":"<p>Algunos dicen que la pizza deber\u00eda ser sencilla, pero nosotros elevamos el list\u00f3n con un toque atrevido y ahumado a un cl\u00e1sico, utilizando nuestros ingredientes de alta calidad.<\/p>\n<p>La pizza de pollo Newman\u2019s Own con masa fina y crujiente, receta de barbacoa Bourbon, se sirve con una mezcla magistral de pollo sazonado, cebolla, mozzarella 100 % de leche entera y queso cheddar blanco, sobre una rica salsa barbacoa Bourbon, y se presenta sobre nuestra exclusiva masa fina y crujiente. Para que disfrutes del bocado perfecto, sin conservantes, saborizantes ni colorantes artificiales, ideal para cualquier momento del d\u00eda.<\/p>\n","protected":false},"featured_media":12696,"template":"","meta":{"_acf_changed":false,"inline_featured_image":false},"product_brand":[],"product_cat":[351,360],"product_tag":[395],"class_list":{"0":"post-11672","1":"product","2":"type-product","3":"status-publish","4":"has-post-thumbnail","6":"product_cat-alimento","7":"product_cat-pizza-es","8":"product_tag-sin-conservantes","10":"first","11":"instock","12":"shipping-taxable","13":"product-type-simple"},"acf":[],"yoast_head":"<!-- This site is optimized with the Yoast SEO plugin v27.3 - https:\/\/yoast.com\/product\/yoast-seo-wordpress\/ -->\n<title>Bourbon BBQ Thin &amp; Crispy Pizza | Newman&#039;s Own<\/title>\n<meta name=\"description\" content=\"Algunos dicen que la pizza deber\u00eda ser sencilla, pero nosotros elevamos el list\u00f3n con un toque atrevido y ahumado a un cl\u00e1sico, utilizando nuestros ingredientes de alta calidad.  La pizza de pollo Newman\u2019s Own con masa fina y crujiente, receta de barbacoa Bourbon, se sirve con una mezcla magistral de pollo sazonado, cebolla, mozzarella 100 % de leche entera y queso cheddar blanco, sobre una rica salsa barbacoa Bourbon, y se presenta sobre nuestra exclusiva masa fina y crujiente. Para que disfrutes del bocado perfecto, sin conservantes, saborizantes ni colorantes artificiales, ideal para cualquier momento del d\u00eda.\" \/>\n<meta name=\"robots\" content=\"index, follow, max-snippet:-1, max-image-preview:large, max-video-preview:-1\" \/>\n<link rel=\"canonical\" href=\"https:\/\/www.newmansown.com\/es\/product\/bourbon-bbq-thin-crispy-pizza\/\" \/>\n<meta property=\"og:locale\" content=\"es_ES\" \/>\n<meta property=\"og:type\" content=\"article\" \/>\n<meta property=\"og:title\" content=\"Bourbon BBQ Thin &amp; Crispy Pizza | Newman&#039;s Own\" \/>\n<meta property=\"og:description\" content=\"Algunos dicen que la pizza deber\u00eda ser sencilla, pero nosotros elevamos el list\u00f3n con un toque atrevido y ahumado a un cl\u00e1sico, utilizando nuestros ingredientes de alta calidad.  La pizza de pollo Newman\u2019s Own con masa fina y crujiente, receta de barbacoa Bourbon, se sirve con una mezcla magistral de pollo sazonado, cebolla, mozzarella 100 % de leche entera y queso cheddar blanco, sobre una rica salsa barbacoa Bourbon, y se presenta sobre nuestra exclusiva masa fina y crujiente. Para que disfrutes del bocado perfecto, sin conservantes, saborizantes ni colorantes artificiales, ideal para cualquier momento del d\u00eda.\" \/>\n<meta property=\"og:url\" content=\"https:\/\/www.newmansown.com\/es\/product\/bourbon-bbq-thin-crispy-pizza\/\" \/>\n<meta property=\"og:site_name\" content=\"Newman&#039;s Own\" \/>\n<meta property=\"article:modified_time\" content=\"2025-05-07T15:01:32+00:00\" \/>\n<meta property=\"og:image\" content=\"https:\/\/newmansown.com\/wp-content\/uploads\/2022\/04\/thin-crispy-bbq-pizza.png\" \/>\n\t<meta property=\"og:image:width\" content=\"1036\" \/>\n\t<meta property=\"og:image:height\" content=\"1100\" \/>\n\t<meta property=\"og:image:type\" content=\"image\/png\" \/>\n<meta name=\"twitter:card\" content=\"summary_large_image\" \/>\n<meta name=\"twitter:label1\" content=\"Est. reading time\" \/>\n\t<meta name=\"twitter:data1\" content=\"1 minute\" \/>\n<!-- \/ Yoast SEO plugin. -->","yoast_head_json":{"title":"Bourbon BBQ Thin & Crispy Pizza | Newman&#039;s Own","description":"Algunos dicen que la pizza deber\u00eda ser sencilla, pero nosotros elevamos el list\u00f3n con un toque atrevido y ahumado a un cl\u00e1sico, utilizando nuestros ingredientes de alta calidad.  La pizza de pollo Newman\u2019s Own con masa fina y crujiente, receta de barbacoa Bourbon, se sirve con una mezcla magistral de pollo sazonado, cebolla, mozzarella 100 % de leche entera y queso cheddar blanco, sobre una rica salsa barbacoa Bourbon, y se presenta sobre nuestra exclusiva masa fina y crujiente. Para que disfrutes del bocado perfecto, sin conservantes, saborizantes ni colorantes artificiales, ideal para cualquier momento del d\u00eda.","robots":{"index":"index","follow":"follow","max-snippet":"max-snippet:-1","max-image-preview":"max-image-preview:large","max-video-preview":"max-video-preview:-1"},"canonical":"https:\/\/www.newmansown.com\/es\/product\/bourbon-bbq-thin-crispy-pizza\/","og_locale":"es_ES","og_type":"article","og_title":"Bourbon BBQ Thin & Crispy Pizza | Newman&#039;s Own","og_description":"Algunos dicen que la pizza deber\u00eda ser sencilla, pero nosotros elevamos el list\u00f3n con un toque atrevido y ahumado a un cl\u00e1sico, utilizando nuestros ingredientes de alta calidad.  La pizza de pollo Newman\u2019s Own con masa fina y crujiente, receta de barbacoa Bourbon, se sirve con una mezcla magistral de pollo sazonado, cebolla, mozzarella 100 % de leche entera y queso cheddar blanco, sobre una rica salsa barbacoa Bourbon, y se presenta sobre nuestra exclusiva masa fina y crujiente. Para que disfrutes del bocado perfecto, sin conservantes, saborizantes ni colorantes artificiales, ideal para cualquier momento del d\u00eda.","og_url":"https:\/\/www.newmansown.com\/es\/product\/bourbon-bbq-thin-crispy-pizza\/","og_site_name":"Newman&#039;s Own","article_modified_time":"2025-05-07T15:01:32+00:00","og_image":[{"width":1036,"height":1100,"url":"https:\/\/newmansown.com\/wp-content\/uploads\/2022\/04\/thin-crispy-bbq-pizza.png","type":"image\/png"}],"twitter_card":"summary_large_image","twitter_misc":{"Est. reading time":"1 minute"},"schema":{"@context":"https:\/\/schema.org","@graph":[{"@type":["WebPage","ItemPage"],"@id":"https:\/\/www.newmansown.com\/es\/product\/bourbon-bbq-thin-crispy-pizza\/","url":"https:\/\/www.newmansown.com\/es\/product\/bourbon-bbq-thin-crispy-pizza\/","name":"Bourbon BBQ Thin & Crispy Pizza | Newman&#039;s Own","isPartOf":{"@id":"https:\/\/www.newmansown.com\/es\/#website"},"primaryImageOfPage":{"@id":"https:\/\/www.newmansown.com\/es\/product\/bourbon-bbq-thin-crispy-pizza\/#primaryimage"},"image":{"@id":"https:\/\/www.newmansown.com\/es\/product\/bourbon-bbq-thin-crispy-pizza\/#primaryimage"},"thumbnailUrl":"https:\/\/www.newmansown.com\/wp-content\/uploads\/2022\/04\/thin-crispy-bbq-pizza.png","datePublished":"2025-05-06T20:35:32+00:00","dateModified":"2025-05-07T15:01:32+00:00","description":"Algunos dicen que la pizza deber\u00eda ser sencilla, pero nosotros elevamos el list\u00f3n con un toque atrevido y ahumado a un cl\u00e1sico, utilizando nuestros ingredientes de alta calidad. La pizza de pollo Newman\u2019s Own con masa fina y crujiente, receta de barbacoa Bourbon, se sirve con una mezcla magistral de pollo sazonado, cebolla, mozzarella 100 % de leche entera y queso cheddar blanco, sobre una rica salsa barbacoa Bourbon, y se presenta sobre nuestra exclusiva masa fina y crujiente. Para que disfrutes del bocado perfecto, sin conservantes, saborizantes ni colorantes artificiales, ideal para cualquier momento del d\u00eda.","breadcrumb":{"@id":"https:\/\/www.newmansown.com\/es\/product\/bourbon-bbq-thin-crispy-pizza\/#breadcrumb"},"inLanguage":"es-ES","potentialAction":[{"@type":"ReadAction","target":["https:\/\/www.newmansown.com\/es\/product\/bourbon-bbq-thin-crispy-pizza\/"]}]},{"@type":"ImageObject","inLanguage":"es-ES","@id":"https:\/\/www.newmansown.com\/es\/product\/bourbon-bbq-thin-crispy-pizza\/#primaryimage","url":"https:\/\/www.newmansown.com\/wp-content\/uploads\/2022\/04\/thin-crispy-bbq-pizza.png","contentUrl":"https:\/\/www.newmansown.com\/wp-content\/uploads\/2022\/04\/thin-crispy-bbq-pizza.png","width":1036,"height":1100,"caption":"Bourbon BBQ Thin & Crispy Pizza"},{"@type":"BreadcrumbList","@id":"https:\/\/www.newmansown.com\/es\/product\/bourbon-bbq-thin-crispy-pizza\/#breadcrumb","itemListElement":[{"@type":"ListItem","position":1,"name":"Home","item":"https:\/\/newmansown.com\/es\/"},{"@type":"ListItem","position":2,"name":"Productos","item":"https:\/\/www.newmansown.com\/es\/productos\/"},{"@type":"ListItem","position":3,"name":"Bourbon BBQ Thin &#038; Crispy Pizza"}]},{"@type":"WebSite","@id":"https:\/\/www.newmansown.com\/es\/#website","url":"https:\/\/www.newmansown.com\/es\/","name":"Newman&#039;s Own","description":"Let&#039;s Give It All Away","publisher":{"@id":"https:\/\/www.newmansown.com\/es\/#organization"},"potentialAction":[{"@type":"SearchAction","target":{"@type":"EntryPoint","urlTemplate":"https:\/\/www.newmansown.com\/es\/?s={search_term_string}"},"query-input":{"@type":"PropertyValueSpecification","valueRequired":true,"valueName":"search_term_string"}}],"inLanguage":"es-ES"},{"@type":"Organization","@id":"https:\/\/www.newmansown.com\/es\/#organization","name":"Newman&#039;s Own","url":"https:\/\/www.newmansown.com\/es\/","logo":{"@type":"ImageObject","inLanguage":"es-ES","@id":"https:\/\/www.newmansown.com\/es\/#\/schema\/logo\/image\/","url":"https:\/\/www.newmansown.com\/wp-content\/uploads\/2024\/02\/newmans-own-green-reg.png","contentUrl":"https:\/\/www.newmansown.com\/wp-content\/uploads\/2024\/02\/newmans-own-green-reg.png","width":737,"height":537,"caption":"Newman&#039;s Own"},"image":{"@id":"https:\/\/www.newmansown.com\/es\/#\/schema\/logo\/image\/"}}]}},"_links":{"self":[{"href":"https:\/\/www.newmansown.com\/es\/wp-json\/wp\/v2\/product\/11672","targetHints":{"allow":["GET"]}}],"collection":[{"href":"https:\/\/www.newmansown.com\/es\/wp-json\/wp\/v2\/product"}],"about":[{"href":"https:\/\/www.newmansown.com\/es\/wp-json\/wp\/v2\/types\/product"}],"wp:featuredmedia":[{"embeddable":true,"href":"https:\/\/www.newmansown.com\/es\/wp-json\/wp\/v2\/media\/12696"}],"wp:attachment":[{"href":"https:\/\/www.newmansown.com\/es\/wp-json\/wp\/v2\/media?parent=11672"}],"wp:term":[{"taxonomy":"product_brand","embeddable":true,"href":"https:\/\/www.newmansown.com\/es\/wp-json\/wp\/v2\/product_brand?post=11672"},{"taxonomy":"product_cat","embeddable":true,"href":"https:\/\/www.newmansown.com\/es\/wp-json\/wp\/v2\/product_cat?post=11672"},{"taxonomy":"product_tag","embeddable":true,"href":"https:\/\/www.newmansown.com\/es\/wp-json\/wp\/v2\/product_tag?post=11672"}],"curies":[{"name":"wp","href":"https:\/\/api.w.org\/{rel}","templated":true}]}}