{"id":11538,"date":"2025-02-26T13:09:37","date_gmt":"2025-02-26T18:09:37","guid":{"rendered":"https:\/\/newmansown.com\/?post_type=product&#038;p=11538"},"modified":"2025-04-17T19:02:09","modified_gmt":"2025-04-17T23:02:09","slug":"strawberry-lemonade","status":"publish","type":"product","link":"https:\/\/www.newmansown.com\/es\/product\/strawberry-lemonade\/","title":{"rendered":"Strawberry Lemonade"},"content":{"rendered":"<p>La Newman\u2019s Own Strawberry Lemonade ofrece la mejor combinaci\u00f3n de jugoso sabor a fresa con el toque perfecto de nuestra limonada cl\u00e1sica.<\/p>\n<p>Hecha con limones, az\u00facar de ca\u00f1a y pur\u00e9 de fresa, esta receta es la versi\u00f3n frutal perfecta de una limonada casera cl\u00e1sica, con la comodidad de estar reci\u00e9n sacada del refrigerador. \u00a1Cada sorbo te acerca a ese sabor puro y reci\u00e9n exprimido del verano, cuando lo necesites!<\/p>\n","protected":false},"excerpt":{"rendered":"<p>La Newman\u2019s Own  Strawberry Lemonade ofrece la mejor combinaci\u00f3n de jugoso sabor a fresa con el toque perfecto de nuestra limonada cl\u00e1sica.<\/p>\n<p>Hecha con limones, az\u00facar de ca\u00f1a y pur\u00e9 de fresa, esta receta es la versi\u00f3n frutal perfecta de una limonada casera cl\u00e1sica, con la comodidad de estar reci\u00e9n sacada del refrigerador. \u00a1Cada sorbo te acerca a ese sabor puro y reci\u00e9n exprimido del verano, cuando lo necesites!<\/p>\n","protected":false},"featured_media":10929,"template":"","meta":{"_acf_changed":false,"inline_featured_image":false},"product_brand":[],"product_cat":[356,358],"product_tag":[],"class_list":{"0":"post-11538","1":"product","2":"type-product","3":"status-publish","4":"has-post-thumbnail","6":"product_cat-bebidas","7":"product_cat-bebidas-refrigeradas","9":"first","10":"instock","11":"shipping-taxable","12":"product-type-simple"},"acf":[],"yoast_head":"<!-- This site is optimized with the Yoast SEO plugin v27.3 - https:\/\/yoast.com\/product\/yoast-seo-wordpress\/ -->\n<title>Strawberry Lemonade | Newman&#039;s Own<\/title>\n<meta name=\"description\" content=\"La Newman\u2019s Own Strawberry Lemonade ofrece la mejor combinaci\u00f3n de jugoso sabor a fresa con el toque perfecto de nuestra limonada cl\u00e1sica.  Hecha con limones, az\u00facar de ca\u00f1a y pur\u00e9 de fresa, esta receta es la versi\u00f3n frutal perfecta de una limonada casera cl\u00e1sica, con la comodidad de estar reci\u00e9n sacada del refrigerador. \u00a1Cada sorbo te acerca a ese sabor puro y reci\u00e9n exprimido del verano, cuando lo necesites!\" \/>\n<meta name=\"robots\" content=\"index, follow, max-snippet:-1, max-image-preview:large, max-video-preview:-1\" \/>\n<link rel=\"canonical\" href=\"https:\/\/www.newmansown.com\/es\/product\/strawberry-lemonade\/\" \/>\n<meta property=\"og:locale\" content=\"es_ES\" \/>\n<meta property=\"og:type\" content=\"article\" \/>\n<meta property=\"og:title\" content=\"Strawberry Lemonade | Newman&#039;s Own\" \/>\n<meta property=\"og:description\" content=\"La Newman\u2019s Own Strawberry Lemonade ofrece la mejor combinaci\u00f3n de jugoso sabor a fresa con el toque perfecto de nuestra limonada cl\u00e1sica.  Hecha con limones, az\u00facar de ca\u00f1a y pur\u00e9 de fresa, esta receta es la versi\u00f3n frutal perfecta de una limonada casera cl\u00e1sica, con la comodidad de estar reci\u00e9n sacada del refrigerador. \u00a1Cada sorbo te acerca a ese sabor puro y reci\u00e9n exprimido del verano, cuando lo necesites!\" \/>\n<meta property=\"og:url\" content=\"https:\/\/www.newmansown.com\/es\/product\/strawberry-lemonade\/\" \/>\n<meta property=\"og:site_name\" content=\"Newman&#039;s Own\" \/>\n<meta property=\"article:modified_time\" content=\"2025-04-17T23:02:09+00:00\" \/>\n<meta property=\"og:image\" content=\"https:\/\/www.newmansown.com\/wp-content\/uploads\/2025\/02\/Strawberry-Lemonade.png\" \/>\n\t<meta property=\"og:image:width\" content=\"1036\" \/>\n\t<meta property=\"og:image:height\" content=\"1100\" \/>\n\t<meta property=\"og:image:type\" content=\"image\/png\" \/>\n<meta name=\"twitter:card\" content=\"summary_large_image\" \/>\n<meta name=\"twitter:label1\" content=\"Est. reading time\" \/>\n\t<meta name=\"twitter:data1\" content=\"1 minute\" \/>\n<!-- \/ Yoast SEO plugin. -->","yoast_head_json":{"title":"Strawberry Lemonade | Newman&#039;s Own","description":"La Newman\u2019s Own Strawberry Lemonade ofrece la mejor combinaci\u00f3n de jugoso sabor a fresa con el toque perfecto de nuestra limonada cl\u00e1sica.  Hecha con limones, az\u00facar de ca\u00f1a y pur\u00e9 de fresa, esta receta es la versi\u00f3n frutal perfecta de una limonada casera cl\u00e1sica, con la comodidad de estar reci\u00e9n sacada del refrigerador. \u00a1Cada sorbo te acerca a ese sabor puro y reci\u00e9n exprimido del verano, cuando lo necesites!","robots":{"index":"index","follow":"follow","max-snippet":"max-snippet:-1","max-image-preview":"max-image-preview:large","max-video-preview":"max-video-preview:-1"},"canonical":"https:\/\/www.newmansown.com\/es\/product\/strawberry-lemonade\/","og_locale":"es_ES","og_type":"article","og_title":"Strawberry Lemonade | Newman&#039;s Own","og_description":"La Newman\u2019s Own Strawberry Lemonade ofrece la mejor combinaci\u00f3n de jugoso sabor a fresa con el toque perfecto de nuestra limonada cl\u00e1sica.  Hecha con limones, az\u00facar de ca\u00f1a y pur\u00e9 de fresa, esta receta es la versi\u00f3n frutal perfecta de una limonada casera cl\u00e1sica, con la comodidad de estar reci\u00e9n sacada del refrigerador. \u00a1Cada sorbo te acerca a ese sabor puro y reci\u00e9n exprimido del verano, cuando lo necesites!","og_url":"https:\/\/www.newmansown.com\/es\/product\/strawberry-lemonade\/","og_site_name":"Newman&#039;s Own","article_modified_time":"2025-04-17T23:02:09+00:00","og_image":[{"width":1036,"height":1100,"url":"https:\/\/www.newmansown.com\/wp-content\/uploads\/2025\/02\/Strawberry-Lemonade.png","type":"image\/png"}],"twitter_card":"summary_large_image","twitter_misc":{"Est. reading time":"1 minute"},"schema":{"@context":"https:\/\/schema.org","@graph":[{"@type":["WebPage","ItemPage"],"@id":"https:\/\/www.newmansown.com\/es\/product\/strawberry-lemonade\/","url":"https:\/\/www.newmansown.com\/es\/product\/strawberry-lemonade\/","name":"Strawberry Lemonade | Newman&#039;s Own","isPartOf":{"@id":"https:\/\/www.newmansown.com\/es\/#website"},"primaryImageOfPage":{"@id":"https:\/\/www.newmansown.com\/es\/product\/strawberry-lemonade\/#primaryimage"},"image":{"@id":"https:\/\/www.newmansown.com\/es\/product\/strawberry-lemonade\/#primaryimage"},"thumbnailUrl":"https:\/\/www.newmansown.com\/wp-content\/uploads\/2025\/02\/Strawberry-Lemonade.png","datePublished":"2025-02-26T18:09:37+00:00","dateModified":"2025-04-17T23:02:09+00:00","description":"La Newman\u2019s Own Strawberry Lemonade ofrece la mejor combinaci\u00f3n de jugoso sabor a fresa con el toque perfecto de nuestra limonada cl\u00e1sica. Hecha con limones, az\u00facar de ca\u00f1a y pur\u00e9 de fresa, esta receta es la versi\u00f3n frutal perfecta de una limonada casera cl\u00e1sica, con la comodidad de estar reci\u00e9n sacada del refrigerador. \u00a1Cada sorbo te acerca a ese sabor puro y reci\u00e9n exprimido del verano, cuando lo necesites!","breadcrumb":{"@id":"https:\/\/www.newmansown.com\/es\/product\/strawberry-lemonade\/#breadcrumb"},"inLanguage":"es-ES","potentialAction":[{"@type":"ReadAction","target":["https:\/\/www.newmansown.com\/es\/product\/strawberry-lemonade\/"]}]},{"@type":"ImageObject","inLanguage":"es-ES","@id":"https:\/\/www.newmansown.com\/es\/product\/strawberry-lemonade\/#primaryimage","url":"https:\/\/www.newmansown.com\/wp-content\/uploads\/2025\/02\/Strawberry-Lemonade.png","contentUrl":"https:\/\/www.newmansown.com\/wp-content\/uploads\/2025\/02\/Strawberry-Lemonade.png","width":1036,"height":1100,"caption":"Newman\u2019s Own Strawberry Lemonade"},{"@type":"BreadcrumbList","@id":"https:\/\/www.newmansown.com\/es\/product\/strawberry-lemonade\/#breadcrumb","itemListElement":[{"@type":"ListItem","position":1,"name":"Home","item":"https:\/\/newmansown.com\/es\/"},{"@type":"ListItem","position":2,"name":"Productos","item":"https:\/\/www.newmansown.com\/es\/productos\/"},{"@type":"ListItem","position":3,"name":"Strawberry Lemonade"}]},{"@type":"WebSite","@id":"https:\/\/www.newmansown.com\/es\/#website","url":"https:\/\/www.newmansown.com\/es\/","name":"Newman&#039;s Own","description":"Let&#039;s Give It All Away","publisher":{"@id":"https:\/\/www.newmansown.com\/es\/#organization"},"potentialAction":[{"@type":"SearchAction","target":{"@type":"EntryPoint","urlTemplate":"https:\/\/www.newmansown.com\/es\/?s={search_term_string}"},"query-input":{"@type":"PropertyValueSpecification","valueRequired":true,"valueName":"search_term_string"}}],"inLanguage":"es-ES"},{"@type":"Organization","@id":"https:\/\/www.newmansown.com\/es\/#organization","name":"Newman&#039;s Own","url":"https:\/\/www.newmansown.com\/es\/","logo":{"@type":"ImageObject","inLanguage":"es-ES","@id":"https:\/\/www.newmansown.com\/es\/#\/schema\/logo\/image\/","url":"https:\/\/www.newmansown.com\/wp-content\/uploads\/2024\/02\/newmans-own-green-reg.png","contentUrl":"https:\/\/www.newmansown.com\/wp-content\/uploads\/2024\/02\/newmans-own-green-reg.png","width":737,"height":537,"caption":"Newman&#039;s Own"},"image":{"@id":"https:\/\/www.newmansown.com\/es\/#\/schema\/logo\/image\/"}}]}},"_links":{"self":[{"href":"https:\/\/www.newmansown.com\/es\/wp-json\/wp\/v2\/product\/11538","targetHints":{"allow":["GET"]}}],"collection":[{"href":"https:\/\/www.newmansown.com\/es\/wp-json\/wp\/v2\/product"}],"about":[{"href":"https:\/\/www.newmansown.com\/es\/wp-json\/wp\/v2\/types\/product"}],"wp:featuredmedia":[{"embeddable":true,"href":"https:\/\/www.newmansown.com\/es\/wp-json\/wp\/v2\/media\/10929"}],"wp:attachment":[{"href":"https:\/\/www.newmansown.com\/es\/wp-json\/wp\/v2\/media?parent=11538"}],"wp:term":[{"taxonomy":"product_brand","embeddable":true,"href":"https:\/\/www.newmansown.com\/es\/wp-json\/wp\/v2\/product_brand?post=11538"},{"taxonomy":"product_cat","embeddable":true,"href":"https:\/\/www.newmansown.com\/es\/wp-json\/wp\/v2\/product_cat?post=11538"},{"taxonomy":"product_tag","embeddable":true,"href":"https:\/\/www.newmansown.com\/es\/wp-json\/wp\/v2\/product_tag?post=11538"}],"curies":[{"name":"wp","href":"https:\/\/api.w.org\/{rel}","templated":true}]}}