{"id":11536,"date":"2025-02-26T15:35:21","date_gmt":"2025-02-26T20:35:21","guid":{"rendered":"https:\/\/newmansown.com\/?post_type=product&#038;p=11536"},"modified":"2025-04-17T19:00:07","modified_gmt":"2025-04-17T23:00:07","slug":"tangy-lime-tortilla-chips","status":"publish","type":"product","link":"https:\/\/www.newmansown.com\/es\/product\/tangy-lime-tortilla-chips\/","title":{"rendered":"Tangy Lime Tortilla Chips"},"content":{"rendered":"","protected":false},"excerpt":{"rendered":"<p>\u00bfA qui\u00e9n le gusta un toque c\u00edtrico en sus totopos?&#8230; \u00a1A este! Ahora, toma uno, c\u00f3melo y te enamorar\u00e1s. Los Totopos de Lima \u00c1cida Newman\u2019s Own seguro saciar\u00e1n tu antojo y son el acompa\u00f1amiento ideal para cualquiera de nuestras Salsas Newman\u2019s Own. \u00a1Si\u00e9ntate, rel\u00e1jate y disfruta de un refrigerio saludable hecho con ingredientes de primera!<\/p>\n<p>\u00b7 Totopos de ma\u00edz blanco molido en piedra, cubiertos con una deliciosa textura c\u00edtrica.<\/p>\n<p>\u00b7 Ligeramente amargos y ligeramente dulces.<\/p>\n<p>\u00b7 Contiene 0 g de grasas trans.<\/p>\n","protected":false},"featured_media":10940,"template":"","meta":{"_acf_changed":false,"inline_featured_image":false},"product_brand":[],"product_cat":[373],"product_tag":[379,396],"class_list":{"0":"post-11536","1":"product","2":"type-product","3":"status-publish","4":"has-post-thumbnail","6":"product_cat-aperitivos","7":"product_tag-sin-gluten","8":"product_tag-sin-omg","10":"first","11":"instock","12":"shipping-taxable","13":"product-type-simple"},"acf":[],"yoast_head":"<!-- This site is optimized with the Yoast SEO plugin v27.3 - https:\/\/yoast.com\/product\/yoast-seo-wordpress\/ -->\n<title>Tangy Lime Tortilla Chips | Newman&#039;s Own<\/title>\n<meta name=\"description\" content=\"\u00bfA qui\u00e9n le gusta un toque c\u00edtrico en sus totopos?... \u00a1A este! Ahora, toma uno, c\u00f3melo y te enamorar\u00e1s. Los Totopos de Lima \u00c1cida Newman\u2019s Own seguro saciar\u00e1n tu antojo y son el acompa\u00f1amiento ideal para cualquiera de nuestras Salsas Newman\u2019s Own. \u00a1Si\u00e9ntate, rel\u00e1jate y disfruta de un refrigerio saludable hecho con ingredientes de primera!  \u00b7 Totopos de ma\u00edz blanco molido en piedra, cubiertos con una deliciosa textura c\u00edtrica.  \u00b7 Ligeramente amargos y ligeramente dulces.  \u00b7 Contiene 0 g de grasas trans.\" \/>\n<meta name=\"robots\" content=\"index, follow, max-snippet:-1, max-image-preview:large, max-video-preview:-1\" \/>\n<link rel=\"canonical\" href=\"https:\/\/www.newmansown.com\/es\/product\/tangy-lime-tortilla-chips\/\" \/>\n<meta property=\"og:locale\" content=\"es_ES\" \/>\n<meta property=\"og:type\" content=\"article\" \/>\n<meta property=\"og:title\" content=\"Tangy Lime Tortilla Chips | Newman&#039;s Own\" \/>\n<meta property=\"og:description\" content=\"\u00bfA qui\u00e9n le gusta un toque c\u00edtrico en sus totopos?... \u00a1A este! Ahora, toma uno, c\u00f3melo y te enamorar\u00e1s. Los Totopos de Lima \u00c1cida Newman\u2019s Own seguro saciar\u00e1n tu antojo y son el acompa\u00f1amiento ideal para cualquiera de nuestras Salsas Newman\u2019s Own. \u00a1Si\u00e9ntate, rel\u00e1jate y disfruta de un refrigerio saludable hecho con ingredientes de primera!  \u00b7 Totopos de ma\u00edz blanco molido en piedra, cubiertos con una deliciosa textura c\u00edtrica.  \u00b7 Ligeramente amargos y ligeramente dulces.  \u00b7 Contiene 0 g de grasas trans.\" \/>\n<meta property=\"og:url\" content=\"https:\/\/www.newmansown.com\/es\/product\/tangy-lime-tortilla-chips\/\" \/>\n<meta property=\"og:site_name\" content=\"Newman&#039;s Own\" \/>\n<meta property=\"article:modified_time\" content=\"2025-04-17T23:00:07+00:00\" \/>\n<meta property=\"og:image\" content=\"https:\/\/newmansown.com\/wp-content\/uploads\/2025\/02\/Newmans-Own-Tortilla-Lime.png\" \/>\n\t<meta property=\"og:image:width\" content=\"1036\" \/>\n\t<meta property=\"og:image:height\" content=\"1100\" \/>\n\t<meta property=\"og:image:type\" content=\"image\/png\" \/>\n<meta name=\"twitter:card\" content=\"summary_large_image\" \/>\n<meta name=\"twitter:label1\" content=\"Est. reading time\" \/>\n\t<meta name=\"twitter:data1\" content=\"1 minute\" \/>\n<!-- \/ Yoast SEO plugin. -->","yoast_head_json":{"title":"Tangy Lime Tortilla Chips | Newman&#039;s Own","description":"\u00bfA qui\u00e9n le gusta un toque c\u00edtrico en sus totopos?... \u00a1A este! Ahora, toma uno, c\u00f3melo y te enamorar\u00e1s. Los Totopos de Lima \u00c1cida Newman\u2019s Own seguro saciar\u00e1n tu antojo y son el acompa\u00f1amiento ideal para cualquiera de nuestras Salsas Newman\u2019s Own. \u00a1Si\u00e9ntate, rel\u00e1jate y disfruta de un refrigerio saludable hecho con ingredientes de primera!  \u00b7 Totopos de ma\u00edz blanco molido en piedra, cubiertos con una deliciosa textura c\u00edtrica.  \u00b7 Ligeramente amargos y ligeramente dulces.  \u00b7 Contiene 0 g de grasas trans.","robots":{"index":"index","follow":"follow","max-snippet":"max-snippet:-1","max-image-preview":"max-image-preview:large","max-video-preview":"max-video-preview:-1"},"canonical":"https:\/\/www.newmansown.com\/es\/product\/tangy-lime-tortilla-chips\/","og_locale":"es_ES","og_type":"article","og_title":"Tangy Lime Tortilla Chips | Newman&#039;s Own","og_description":"\u00bfA qui\u00e9n le gusta un toque c\u00edtrico en sus totopos?... \u00a1A este! Ahora, toma uno, c\u00f3melo y te enamorar\u00e1s. Los Totopos de Lima \u00c1cida Newman\u2019s Own seguro saciar\u00e1n tu antojo y son el acompa\u00f1amiento ideal para cualquiera de nuestras Salsas Newman\u2019s Own. \u00a1Si\u00e9ntate, rel\u00e1jate y disfruta de un refrigerio saludable hecho con ingredientes de primera!  \u00b7 Totopos de ma\u00edz blanco molido en piedra, cubiertos con una deliciosa textura c\u00edtrica.  \u00b7 Ligeramente amargos y ligeramente dulces.  \u00b7 Contiene 0 g de grasas trans.","og_url":"https:\/\/www.newmansown.com\/es\/product\/tangy-lime-tortilla-chips\/","og_site_name":"Newman&#039;s Own","article_modified_time":"2025-04-17T23:00:07+00:00","og_image":[{"width":1036,"height":1100,"url":"https:\/\/newmansown.com\/wp-content\/uploads\/2025\/02\/Newmans-Own-Tortilla-Lime.png","type":"image\/png"}],"twitter_card":"summary_large_image","twitter_misc":{"Est. reading time":"1 minute"},"schema":{"@context":"https:\/\/schema.org","@graph":[{"@type":["WebPage","ItemPage"],"@id":"https:\/\/www.newmansown.com\/es\/product\/tangy-lime-tortilla-chips\/","url":"https:\/\/www.newmansown.com\/es\/product\/tangy-lime-tortilla-chips\/","name":"Tangy Lime Tortilla Chips | Newman&#039;s Own","isPartOf":{"@id":"https:\/\/www.newmansown.com\/es\/#website"},"primaryImageOfPage":{"@id":"https:\/\/www.newmansown.com\/es\/product\/tangy-lime-tortilla-chips\/#primaryimage"},"image":{"@id":"https:\/\/www.newmansown.com\/es\/product\/tangy-lime-tortilla-chips\/#primaryimage"},"thumbnailUrl":"https:\/\/www.newmansown.com\/wp-content\/uploads\/2025\/02\/Newmans-Own-Tortilla-Lime.png","datePublished":"2025-02-26T20:35:21+00:00","dateModified":"2025-04-17T23:00:07+00:00","description":"\u00bfA qui\u00e9n le gusta un toque c\u00edtrico en sus totopos?... \u00a1A este! Ahora, toma uno, c\u00f3melo y te enamorar\u00e1s. Los Totopos de Lima \u00c1cida Newman\u2019s Own seguro saciar\u00e1n tu antojo y son el acompa\u00f1amiento ideal para cualquiera de nuestras Salsas Newman\u2019s Own. \u00a1Si\u00e9ntate, rel\u00e1jate y disfruta de un refrigerio saludable hecho con ingredientes de primera! \u00b7 Totopos de ma\u00edz blanco molido en piedra, cubiertos con una deliciosa textura c\u00edtrica. \u00b7 Ligeramente amargos y ligeramente dulces. \u00b7 Contiene 0 g de grasas trans.","breadcrumb":{"@id":"https:\/\/www.newmansown.com\/es\/product\/tangy-lime-tortilla-chips\/#breadcrumb"},"inLanguage":"es-ES","potentialAction":[{"@type":"ReadAction","target":["https:\/\/www.newmansown.com\/es\/product\/tangy-lime-tortilla-chips\/"]}]},{"@type":"ImageObject","inLanguage":"es-ES","@id":"https:\/\/www.newmansown.com\/es\/product\/tangy-lime-tortilla-chips\/#primaryimage","url":"https:\/\/www.newmansown.com\/wp-content\/uploads\/2025\/02\/Newmans-Own-Tortilla-Lime.png","contentUrl":"https:\/\/www.newmansown.com\/wp-content\/uploads\/2025\/02\/Newmans-Own-Tortilla-Lime.png","width":1036,"height":1100,"caption":"Newman's Own Tangy Lime Tortilla Chips"},{"@type":"BreadcrumbList","@id":"https:\/\/www.newmansown.com\/es\/product\/tangy-lime-tortilla-chips\/#breadcrumb","itemListElement":[{"@type":"ListItem","position":1,"name":"Home","item":"https:\/\/newmansown.com\/es\/"},{"@type":"ListItem","position":2,"name":"Productos","item":"https:\/\/www.newmansown.com\/es\/productos\/"},{"@type":"ListItem","position":3,"name":"Tangy Lime Tortilla Chips"}]},{"@type":"WebSite","@id":"https:\/\/www.newmansown.com\/es\/#website","url":"https:\/\/www.newmansown.com\/es\/","name":"Newman&#039;s Own","description":"Let&#039;s Give It All Away","publisher":{"@id":"https:\/\/www.newmansown.com\/es\/#organization"},"potentialAction":[{"@type":"SearchAction","target":{"@type":"EntryPoint","urlTemplate":"https:\/\/www.newmansown.com\/es\/?s={search_term_string}"},"query-input":{"@type":"PropertyValueSpecification","valueRequired":true,"valueName":"search_term_string"}}],"inLanguage":"es-ES"},{"@type":"Organization","@id":"https:\/\/www.newmansown.com\/es\/#organization","name":"Newman&#039;s Own","url":"https:\/\/www.newmansown.com\/es\/","logo":{"@type":"ImageObject","inLanguage":"es-ES","@id":"https:\/\/www.newmansown.com\/es\/#\/schema\/logo\/image\/","url":"https:\/\/www.newmansown.com\/wp-content\/uploads\/2024\/02\/newmans-own-green-reg.png","contentUrl":"https:\/\/www.newmansown.com\/wp-content\/uploads\/2024\/02\/newmans-own-green-reg.png","width":737,"height":537,"caption":"Newman&#039;s Own"},"image":{"@id":"https:\/\/www.newmansown.com\/es\/#\/schema\/logo\/image\/"}}]}},"_links":{"self":[{"href":"https:\/\/www.newmansown.com\/es\/wp-json\/wp\/v2\/product\/11536","targetHints":{"allow":["GET"]}}],"collection":[{"href":"https:\/\/www.newmansown.com\/es\/wp-json\/wp\/v2\/product"}],"about":[{"href":"https:\/\/www.newmansown.com\/es\/wp-json\/wp\/v2\/types\/product"}],"wp:featuredmedia":[{"embeddable":true,"href":"https:\/\/www.newmansown.com\/es\/wp-json\/wp\/v2\/media\/10940"}],"wp:attachment":[{"href":"https:\/\/www.newmansown.com\/es\/wp-json\/wp\/v2\/media?parent=11536"}],"wp:term":[{"taxonomy":"product_brand","embeddable":true,"href":"https:\/\/www.newmansown.com\/es\/wp-json\/wp\/v2\/product_brand?post=11536"},{"taxonomy":"product_cat","embeddable":true,"href":"https:\/\/www.newmansown.com\/es\/wp-json\/wp\/v2\/product_cat?post=11536"},{"taxonomy":"product_tag","embeddable":true,"href":"https:\/\/www.newmansown.com\/es\/wp-json\/wp\/v2\/product_tag?post=11536"}],"curies":[{"name":"wp","href":"https:\/\/api.w.org\/{rel}","templated":true}]}}