{"id":11529,"date":"2025-04-14T21:06:27","date_gmt":"2025-04-15T01:06:27","guid":{"rendered":"https:\/\/newmansown.com\/?post_type=product&#038;p=11529"},"modified":"2025-04-17T18:13:50","modified_gmt":"2025-04-17T22:13:50","slug":"woofles-chicken-recipe-waffles","status":"publish","type":"product","link":"https:\/\/www.newmansown.com\/es\/product\/woofles-chicken-recipe-waffles\/","title":{"rendered":"Woofles Chicken Recipe Waffles"},"content":{"rendered":"<p>\u00bfDesayuno para perros? \u00a1Por supuesto! Los Woofles Chicken Recipe Waffles combinan el delicioso sabor del pollo real con una golosina semisuave en forma de waffle, convirtiendo cada bocado en una experiencia irresistible, ya que todos los perros merecen un brunch dominical. Estas golosinas semisuaves son f\u00e1ciles de porcionar, perfectas como premios de entrenamiento, para la hora del snack o simplemente porque s\u00ed. Lo mejor de todo es que est\u00e1n hechos con ingredientes de calidad y no contienen ma\u00edz, trigo ni soya, para que la diversi\u00f3n dure bocado tras bocado.<\/p>\n","protected":false},"excerpt":{"rendered":"<p>\u00bfDesayuno para perros? \u00a1Por supuesto! Los Woofles Chicken Recipe Waffles combinan el delicioso sabor del pollo real con una golosina semisuave en forma de waffle, convirtiendo cada bocado en una experiencia irresistible, ya que todos los perros merecen un brunch dominical. Estas golosinas semisuaves son f\u00e1ciles de porcionar, perfectas como premios de entrenamiento, para la hora del snack o simplemente porque s\u00ed. Lo mejor de todo es que est\u00e1n hechos con ingredientes de calidad y no contienen ma\u00edz, trigo ni soya, para que la diversi\u00f3n dure bocado tras bocado.<\/p>\n","protected":false},"featured_media":11481,"template":"","meta":{"_acf_changed":false,"inline_featured_image":false},"product_brand":[],"product_cat":[370,313],"product_tag":[],"class_list":{"0":"post-11529","1":"product","2":"type-product","3":"status-publish","4":"has-post-thumbnail","6":"product_cat-alimentos-para-mascotas","7":"product_cat-golosinas-para-perros","9":"first","10":"instock","11":"shipping-taxable","12":"product-type-simple"},"acf":[],"yoast_head":"<!-- This site is optimized with the Yoast SEO plugin v27.3 - https:\/\/yoast.com\/product\/yoast-seo-wordpress\/ -->\n<title>Woofles Chicken Recipe Waffles | Newman&#039;s Own<\/title>\n<meta name=\"description\" content=\"\u00bfDesayuno para perros? \u00a1Por supuesto! Los Woofles Chicken Recipe Waffles combinan el delicioso sabor del pollo real con una golosina semisuave en forma de waffle, convirtiendo cada bocado en una experiencia irresistible, ya que todos los perros merecen un brunch dominical. Estas golosinas semisuaves son f\u00e1ciles de porcionar, perfectas como premios de entrenamiento, para la hora del snack o simplemente porque s\u00ed. Lo mejor de todo es que est\u00e1n hechos con ingredientes de calidad y no contienen ma\u00edz, trigo ni soya, para que la diversi\u00f3n dure bocado tras bocado.\" \/>\n<meta name=\"robots\" content=\"index, follow, max-snippet:-1, max-image-preview:large, max-video-preview:-1\" \/>\n<link rel=\"canonical\" href=\"https:\/\/www.newmansown.com\/es\/product\/woofles-chicken-recipe-waffles\/\" \/>\n<meta property=\"og:locale\" content=\"es_ES\" \/>\n<meta property=\"og:type\" content=\"article\" \/>\n<meta property=\"og:title\" content=\"Woofles Chicken Recipe Waffles | Newman&#039;s Own\" \/>\n<meta property=\"og:description\" content=\"\u00bfDesayuno para perros? \u00a1Por supuesto! Los Woofles Chicken Recipe Waffles combinan el delicioso sabor del pollo real con una golosina semisuave en forma de waffle, convirtiendo cada bocado en una experiencia irresistible, ya que todos los perros merecen un brunch dominical. Estas golosinas semisuaves son f\u00e1ciles de porcionar, perfectas como premios de entrenamiento, para la hora del snack o simplemente porque s\u00ed. Lo mejor de todo es que est\u00e1n hechos con ingredientes de calidad y no contienen ma\u00edz, trigo ni soya, para que la diversi\u00f3n dure bocado tras bocado.\" \/>\n<meta property=\"og:url\" content=\"https:\/\/www.newmansown.com\/es\/product\/woofles-chicken-recipe-waffles\/\" \/>\n<meta property=\"og:site_name\" content=\"Newman&#039;s Own\" \/>\n<meta property=\"article:modified_time\" content=\"2025-04-17T22:13:50+00:00\" \/>\n<meta property=\"og:image\" content=\"https:\/\/newmansown.com\/wp-content\/uploads\/2025\/04\/Woofles-Chicken.png\" \/>\n\t<meta property=\"og:image:width\" content=\"1036\" \/>\n\t<meta property=\"og:image:height\" content=\"1100\" \/>\n\t<meta property=\"og:image:type\" content=\"image\/png\" \/>\n<meta name=\"twitter:card\" content=\"summary_large_image\" \/>\n<meta name=\"twitter:label1\" content=\"Est. reading time\" \/>\n\t<meta name=\"twitter:data1\" content=\"1 minute\" \/>\n<!-- \/ Yoast SEO plugin. -->","yoast_head_json":{"title":"Woofles Chicken Recipe Waffles | Newman&#039;s Own","description":"\u00bfDesayuno para perros? \u00a1Por supuesto! Los Woofles Chicken Recipe Waffles combinan el delicioso sabor del pollo real con una golosina semisuave en forma de waffle, convirtiendo cada bocado en una experiencia irresistible, ya que todos los perros merecen un brunch dominical. Estas golosinas semisuaves son f\u00e1ciles de porcionar, perfectas como premios de entrenamiento, para la hora del snack o simplemente porque s\u00ed. Lo mejor de todo es que est\u00e1n hechos con ingredientes de calidad y no contienen ma\u00edz, trigo ni soya, para que la diversi\u00f3n dure bocado tras bocado.","robots":{"index":"index","follow":"follow","max-snippet":"max-snippet:-1","max-image-preview":"max-image-preview:large","max-video-preview":"max-video-preview:-1"},"canonical":"https:\/\/www.newmansown.com\/es\/product\/woofles-chicken-recipe-waffles\/","og_locale":"es_ES","og_type":"article","og_title":"Woofles Chicken Recipe Waffles | Newman&#039;s Own","og_description":"\u00bfDesayuno para perros? \u00a1Por supuesto! Los Woofles Chicken Recipe Waffles combinan el delicioso sabor del pollo real con una golosina semisuave en forma de waffle, convirtiendo cada bocado en una experiencia irresistible, ya que todos los perros merecen un brunch dominical. Estas golosinas semisuaves son f\u00e1ciles de porcionar, perfectas como premios de entrenamiento, para la hora del snack o simplemente porque s\u00ed. Lo mejor de todo es que est\u00e1n hechos con ingredientes de calidad y no contienen ma\u00edz, trigo ni soya, para que la diversi\u00f3n dure bocado tras bocado.","og_url":"https:\/\/www.newmansown.com\/es\/product\/woofles-chicken-recipe-waffles\/","og_site_name":"Newman&#039;s Own","article_modified_time":"2025-04-17T22:13:50+00:00","og_image":[{"width":1036,"height":1100,"url":"https:\/\/newmansown.com\/wp-content\/uploads\/2025\/04\/Woofles-Chicken.png","type":"image\/png"}],"twitter_card":"summary_large_image","twitter_misc":{"Est. reading time":"1 minute"},"schema":{"@context":"https:\/\/schema.org","@graph":[{"@type":["WebPage","ItemPage"],"@id":"https:\/\/www.newmansown.com\/es\/product\/woofles-chicken-recipe-waffles\/","url":"https:\/\/www.newmansown.com\/es\/product\/woofles-chicken-recipe-waffles\/","name":"Woofles Chicken Recipe Waffles | Newman&#039;s Own","isPartOf":{"@id":"https:\/\/www.newmansown.com\/es\/#website"},"primaryImageOfPage":{"@id":"https:\/\/www.newmansown.com\/es\/product\/woofles-chicken-recipe-waffles\/#primaryimage"},"image":{"@id":"https:\/\/www.newmansown.com\/es\/product\/woofles-chicken-recipe-waffles\/#primaryimage"},"thumbnailUrl":"https:\/\/www.newmansown.com\/wp-content\/uploads\/2025\/04\/Woofles-Chicken.png","datePublished":"2025-04-15T01:06:27+00:00","dateModified":"2025-04-17T22:13:50+00:00","description":"\u00bfDesayuno para perros? \u00a1Por supuesto! Los Woofles Chicken Recipe Waffles combinan el delicioso sabor del pollo real con una golosina semisuave en forma de waffle, convirtiendo cada bocado en una experiencia irresistible, ya que todos los perros merecen un brunch dominical. Estas golosinas semisuaves son f\u00e1ciles de porcionar, perfectas como premios de entrenamiento, para la hora del snack o simplemente porque s\u00ed. Lo mejor de todo es que est\u00e1n hechos con ingredientes de calidad y no contienen ma\u00edz, trigo ni soya, para que la diversi\u00f3n dure bocado tras bocado.","breadcrumb":{"@id":"https:\/\/www.newmansown.com\/es\/product\/woofles-chicken-recipe-waffles\/#breadcrumb"},"inLanguage":"es-ES","potentialAction":[{"@type":"ReadAction","target":["https:\/\/www.newmansown.com\/es\/product\/woofles-chicken-recipe-waffles\/"]}]},{"@type":"ImageObject","inLanguage":"es-ES","@id":"https:\/\/www.newmansown.com\/es\/product\/woofles-chicken-recipe-waffles\/#primaryimage","url":"https:\/\/www.newmansown.com\/wp-content\/uploads\/2025\/04\/Woofles-Chicken.png","contentUrl":"https:\/\/www.newmansown.com\/wp-content\/uploads\/2025\/04\/Woofles-Chicken.png","width":1036,"height":1100,"caption":"Newman\u2019s Own\u00ae Woofles Chicken Recipe Waffles"},{"@type":"BreadcrumbList","@id":"https:\/\/www.newmansown.com\/es\/product\/woofles-chicken-recipe-waffles\/#breadcrumb","itemListElement":[{"@type":"ListItem","position":1,"name":"Home","item":"https:\/\/newmansown.com\/es\/"},{"@type":"ListItem","position":2,"name":"Productos","item":"https:\/\/www.newmansown.com\/es\/productos\/"},{"@type":"ListItem","position":3,"name":"Woofles Chicken Recipe Waffles"}]},{"@type":"WebSite","@id":"https:\/\/www.newmansown.com\/es\/#website","url":"https:\/\/www.newmansown.com\/es\/","name":"Newman&#039;s Own","description":"Let&#039;s Give It All Away","publisher":{"@id":"https:\/\/www.newmansown.com\/es\/#organization"},"potentialAction":[{"@type":"SearchAction","target":{"@type":"EntryPoint","urlTemplate":"https:\/\/www.newmansown.com\/es\/?s={search_term_string}"},"query-input":{"@type":"PropertyValueSpecification","valueRequired":true,"valueName":"search_term_string"}}],"inLanguage":"es-ES"},{"@type":"Organization","@id":"https:\/\/www.newmansown.com\/es\/#organization","name":"Newman&#039;s Own","url":"https:\/\/www.newmansown.com\/es\/","logo":{"@type":"ImageObject","inLanguage":"es-ES","@id":"https:\/\/www.newmansown.com\/es\/#\/schema\/logo\/image\/","url":"https:\/\/www.newmansown.com\/wp-content\/uploads\/2024\/02\/newmans-own-green-reg.png","contentUrl":"https:\/\/www.newmansown.com\/wp-content\/uploads\/2024\/02\/newmans-own-green-reg.png","width":737,"height":537,"caption":"Newman&#039;s Own"},"image":{"@id":"https:\/\/www.newmansown.com\/es\/#\/schema\/logo\/image\/"}}]}},"_links":{"self":[{"href":"https:\/\/www.newmansown.com\/es\/wp-json\/wp\/v2\/product\/11529","targetHints":{"allow":["GET"]}}],"collection":[{"href":"https:\/\/www.newmansown.com\/es\/wp-json\/wp\/v2\/product"}],"about":[{"href":"https:\/\/www.newmansown.com\/es\/wp-json\/wp\/v2\/types\/product"}],"wp:featuredmedia":[{"embeddable":true,"href":"https:\/\/www.newmansown.com\/es\/wp-json\/wp\/v2\/media\/11481"}],"wp:attachment":[{"href":"https:\/\/www.newmansown.com\/es\/wp-json\/wp\/v2\/media?parent=11529"}],"wp:term":[{"taxonomy":"product_brand","embeddable":true,"href":"https:\/\/www.newmansown.com\/es\/wp-json\/wp\/v2\/product_brand?post=11529"},{"taxonomy":"product_cat","embeddable":true,"href":"https:\/\/www.newmansown.com\/es\/wp-json\/wp\/v2\/product_cat?post=11529"},{"taxonomy":"product_tag","embeddable":true,"href":"https:\/\/www.newmansown.com\/es\/wp-json\/wp\/v2\/product_tag?post=11529"}],"curies":[{"name":"wp","href":"https:\/\/api.w.org\/{rel}","templated":true}]}}