{"id":11105,"date":"2025-03-07T14:09:22","date_gmt":"2025-03-07T19:09:22","guid":{"rendered":"https:\/\/newmansown.com\/product\/jalapeno-haze\/"},"modified":"2025-03-07T14:09:22","modified_gmt":"2025-03-07T19:09:22","slug":"jalapeno-haze","status":"publish","type":"product","link":"https:\/\/www.newmansown.com\/es\/product\/jalapeno-haze\/","title":{"rendered":"Jalape\u00f1o Haze"},"content":{"rendered":"","protected":false},"excerpt":{"rendered":"<p>\u00a1Sube la temperatura con el Jalape\u00f1o Haze de Newman&#8217;s Own! Esta sabrosa mezcla de jalape\u00f1os frescos, lima \u00e1cida y cilantro vibrante aporta una explosi\u00f3n de sabor atrevido a tu plato. Perfecta para tacos, enchiladas, burritos y nachos, es el \u00faltimo impulso de sabor para tus comidas de inspiraci\u00f3n hispana. Y esto no es todo: \u00a1a\u00f1ade un toque picante a cualquier prote\u00edna y ver\u00e1s c\u00f3mo tu plato chisporrotea con un nuevo nivel de exquisitez!   <\/p>\n","protected":false},"featured_media":11011,"template":"","meta":{"_acf_changed":false,"inline_featured_image":false},"product_brand":[],"product_cat":[406],"product_tag":[379],"class_list":{"0":"post-11105","1":"product","2":"type-product","3":"status-publish","4":"has-post-thumbnail","6":"product_cat-sauce","7":"product_tag-sin-gluten","9":"first","10":"instock","11":"shipping-taxable","12":"product-type-simple"},"acf":[],"yoast_head":"<!-- This site is optimized with the Yoast SEO plugin v27.3 - https:\/\/yoast.com\/product\/yoast-seo-wordpress\/ -->\n<title>Jalape\u00f1o Haze | Newman&#039;s Own<\/title>\n<meta name=\"description\" content=\"\u00a1Sube la temperatura con el Jalape\u00f1o Haze de Newman&#039;s Own! Esta sabrosa mezcla de jalape\u00f1os frescos, lima \u00e1cida y cilantro vibrante aporta una explosi\u00f3n de sabor atrevido a tu plato. Perfecta para tacos, enchiladas, burritos y nachos, es el \u00faltimo impulso de sabor para tus comidas de inspiraci\u00f3n hispana. Y esto no es todo: \u00a1a\u00f1ade un toque picante a cualquier prote\u00edna y ver\u00e1s c\u00f3mo tu plato chisporrotea con un nuevo nivel de exquisitez!\" \/>\n<meta name=\"robots\" content=\"index, follow, max-snippet:-1, max-image-preview:large, max-video-preview:-1\" \/>\n<link rel=\"canonical\" href=\"https:\/\/www.newmansown.com\/es\/product\/jalapeno-haze\/\" \/>\n<meta property=\"og:locale\" content=\"es_ES\" \/>\n<meta property=\"og:type\" content=\"article\" \/>\n<meta property=\"og:title\" content=\"Jalape\u00f1o Haze | Newman&#039;s Own\" \/>\n<meta property=\"og:description\" content=\"\u00a1Sube la temperatura con el Jalape\u00f1o Haze de Newman&#039;s Own! Esta sabrosa mezcla de jalape\u00f1os frescos, lima \u00e1cida y cilantro vibrante aporta una explosi\u00f3n de sabor atrevido a tu plato. Perfecta para tacos, enchiladas, burritos y nachos, es el \u00faltimo impulso de sabor para tus comidas de inspiraci\u00f3n hispana. Y esto no es todo: \u00a1a\u00f1ade un toque picante a cualquier prote\u00edna y ver\u00e1s c\u00f3mo tu plato chisporrotea con un nuevo nivel de exquisitez!\" \/>\n<meta property=\"og:url\" content=\"https:\/\/www.newmansown.com\/es\/product\/jalapeno-haze\/\" \/>\n<meta property=\"og:site_name\" content=\"Newman&#039;s Own\" \/>\n<meta property=\"og:image\" content=\"https:\/\/newmansown.com\/wp-content\/uploads\/2025\/03\/NewmansOwnJalapenoHaze_Front.png\" \/>\n\t<meta property=\"og:image:width\" content=\"1036\" \/>\n\t<meta property=\"og:image:height\" content=\"1100\" \/>\n\t<meta property=\"og:image:type\" content=\"image\/png\" \/>\n<meta name=\"twitter:card\" content=\"summary_large_image\" \/>\n<!-- \/ Yoast SEO plugin. -->","yoast_head_json":{"title":"Jalape\u00f1o Haze | Newman&#039;s Own","description":"\u00a1Sube la temperatura con el Jalape\u00f1o Haze de Newman's Own! Esta sabrosa mezcla de jalape\u00f1os frescos, lima \u00e1cida y cilantro vibrante aporta una explosi\u00f3n de sabor atrevido a tu plato. Perfecta para tacos, enchiladas, burritos y nachos, es el \u00faltimo impulso de sabor para tus comidas de inspiraci\u00f3n hispana. Y esto no es todo: \u00a1a\u00f1ade un toque picante a cualquier prote\u00edna y ver\u00e1s c\u00f3mo tu plato chisporrotea con un nuevo nivel de exquisitez!","robots":{"index":"index","follow":"follow","max-snippet":"max-snippet:-1","max-image-preview":"max-image-preview:large","max-video-preview":"max-video-preview:-1"},"canonical":"https:\/\/www.newmansown.com\/es\/product\/jalapeno-haze\/","og_locale":"es_ES","og_type":"article","og_title":"Jalape\u00f1o Haze | Newman&#039;s Own","og_description":"\u00a1Sube la temperatura con el Jalape\u00f1o Haze de Newman's Own! Esta sabrosa mezcla de jalape\u00f1os frescos, lima \u00e1cida y cilantro vibrante aporta una explosi\u00f3n de sabor atrevido a tu plato. Perfecta para tacos, enchiladas, burritos y nachos, es el \u00faltimo impulso de sabor para tus comidas de inspiraci\u00f3n hispana. Y esto no es todo: \u00a1a\u00f1ade un toque picante a cualquier prote\u00edna y ver\u00e1s c\u00f3mo tu plato chisporrotea con un nuevo nivel de exquisitez!","og_url":"https:\/\/www.newmansown.com\/es\/product\/jalapeno-haze\/","og_site_name":"Newman&#039;s Own","og_image":[{"width":1036,"height":1100,"url":"https:\/\/newmansown.com\/wp-content\/uploads\/2025\/03\/NewmansOwnJalapenoHaze_Front.png","type":"image\/png"}],"twitter_card":"summary_large_image","schema":{"@context":"https:\/\/schema.org","@graph":[{"@type":["WebPage","ItemPage"],"@id":"https:\/\/www.newmansown.com\/es\/product\/jalapeno-haze\/","url":"https:\/\/www.newmansown.com\/es\/product\/jalapeno-haze\/","name":"Jalape\u00f1o Haze | Newman&#039;s Own","isPartOf":{"@id":"https:\/\/www.newmansown.com\/es\/#website"},"primaryImageOfPage":{"@id":"https:\/\/www.newmansown.com\/es\/product\/jalapeno-haze\/#primaryimage"},"image":{"@id":"https:\/\/www.newmansown.com\/es\/product\/jalapeno-haze\/#primaryimage"},"thumbnailUrl":"https:\/\/www.newmansown.com\/wp-content\/uploads\/2025\/03\/NewmansOwnJalapenoHaze_Front.png","datePublished":"2025-03-07T19:09:22+00:00","description":"\u00a1Sube la temperatura con el Jalape\u00f1o Haze de Newman's Own! Esta sabrosa mezcla de jalape\u00f1os frescos, lima \u00e1cida y cilantro vibrante aporta una explosi\u00f3n de sabor atrevido a tu plato. Perfecta para tacos, enchiladas, burritos y nachos, es el \u00faltimo impulso de sabor para tus comidas de inspiraci\u00f3n hispana. Y esto no es todo: \u00a1a\u00f1ade un toque picante a cualquier prote\u00edna y ver\u00e1s c\u00f3mo tu plato chisporrotea con un nuevo nivel de exquisitez!","breadcrumb":{"@id":"https:\/\/www.newmansown.com\/es\/product\/jalapeno-haze\/#breadcrumb"},"inLanguage":"es-ES","potentialAction":[{"@type":"ReadAction","target":["https:\/\/www.newmansown.com\/es\/product\/jalapeno-haze\/"]}]},{"@type":"ImageObject","inLanguage":"es-ES","@id":"https:\/\/www.newmansown.com\/es\/product\/jalapeno-haze\/#primaryimage","url":"https:\/\/www.newmansown.com\/wp-content\/uploads\/2025\/03\/NewmansOwnJalapenoHaze_Front.png","contentUrl":"https:\/\/www.newmansown.com\/wp-content\/uploads\/2025\/03\/NewmansOwnJalapenoHaze_Front.png","width":1036,"height":1100,"caption":"Jalopeno Haze"},{"@type":"BreadcrumbList","@id":"https:\/\/www.newmansown.com\/es\/product\/jalapeno-haze\/#breadcrumb","itemListElement":[{"@type":"ListItem","position":1,"name":"Home","item":"https:\/\/newmansown.com\/es\/"},{"@type":"ListItem","position":2,"name":"Productos","item":"https:\/\/www.newmansown.com\/es\/productos\/"},{"@type":"ListItem","position":3,"name":"Jalape\u00f1o Haze"}]},{"@type":"WebSite","@id":"https:\/\/www.newmansown.com\/es\/#website","url":"https:\/\/www.newmansown.com\/es\/","name":"Newman&#039;s Own","description":"Let&#039;s Give It All Away","publisher":{"@id":"https:\/\/www.newmansown.com\/es\/#organization"},"potentialAction":[{"@type":"SearchAction","target":{"@type":"EntryPoint","urlTemplate":"https:\/\/www.newmansown.com\/es\/?s={search_term_string}"},"query-input":{"@type":"PropertyValueSpecification","valueRequired":true,"valueName":"search_term_string"}}],"inLanguage":"es-ES"},{"@type":"Organization","@id":"https:\/\/www.newmansown.com\/es\/#organization","name":"Newman&#039;s Own","url":"https:\/\/www.newmansown.com\/es\/","logo":{"@type":"ImageObject","inLanguage":"es-ES","@id":"https:\/\/www.newmansown.com\/es\/#\/schema\/logo\/image\/","url":"https:\/\/www.newmansown.com\/wp-content\/uploads\/2024\/02\/newmans-own-green-reg.png","contentUrl":"https:\/\/www.newmansown.com\/wp-content\/uploads\/2024\/02\/newmans-own-green-reg.png","width":737,"height":537,"caption":"Newman&#039;s Own"},"image":{"@id":"https:\/\/www.newmansown.com\/es\/#\/schema\/logo\/image\/"}}]}},"_links":{"self":[{"href":"https:\/\/www.newmansown.com\/es\/wp-json\/wp\/v2\/product\/11105","targetHints":{"allow":["GET"]}}],"collection":[{"href":"https:\/\/www.newmansown.com\/es\/wp-json\/wp\/v2\/product"}],"about":[{"href":"https:\/\/www.newmansown.com\/es\/wp-json\/wp\/v2\/types\/product"}],"wp:featuredmedia":[{"embeddable":true,"href":"https:\/\/www.newmansown.com\/es\/wp-json\/wp\/v2\/media\/11011"}],"wp:attachment":[{"href":"https:\/\/www.newmansown.com\/es\/wp-json\/wp\/v2\/media?parent=11105"}],"wp:term":[{"taxonomy":"product_brand","embeddable":true,"href":"https:\/\/www.newmansown.com\/es\/wp-json\/wp\/v2\/product_brand?post=11105"},{"taxonomy":"product_cat","embeddable":true,"href":"https:\/\/www.newmansown.com\/es\/wp-json\/wp\/v2\/product_cat?post=11105"},{"taxonomy":"product_tag","embeddable":true,"href":"https:\/\/www.newmansown.com\/es\/wp-json\/wp\/v2\/product_tag?post=11105"}],"curies":[{"name":"wp","href":"https:\/\/api.w.org\/{rel}","templated":true}]}}