{"id":5615,"date":"2022-04-05T01:17:51","date_gmt":"2022-04-05T05:17:51","guid":{"rendered":"https:\/\/newmansown.com\/declaracion-de-accesibilidad\/"},"modified":"2022-12-13T20:34:58","modified_gmt":"2022-12-14T01:34:58","slug":"declaracion-de-accesibilidad","status":"publish","type":"page","link":"https:\/\/www.newmansown.com\/es\/declaracion-de-accesibilidad\/","title":{"rendered":"Declaraci\u00f3n de accesibilidad"},"content":{"rendered":"<div class=\"wpb-content-wrapper\"><p>[vc_row][vc_column][vc_custom_heading text=&#8221;Declaraci\u00f3n de accesibilidad&#8221; font_container=&#8221;tag:h1|font_size:58px|text_align:left&#8221; use_theme_fonts=&#8221;yes&#8221;][vc_column_text]Newman\u2019s Own is committed to making sure that our website is accessible to everyone. Para que el uso de nuestros sitios web sea una experiencia positiva, nos esforzamos por cumplir las Pautas de Accesibilidad al Contenido en la Web (WCAG) 2.0 [A\/AA]. Intentamos continuamente mejorar nuestro sitio web y aumentar la accesibilidad de nuestros contenidos digitales para todos nuestros clientes. Si tiene alguna pregunta o comentario relacionado con la accesibilidad, o si tiene dificultades para acceder a la informaci\u00f3n de este sitio web, env\u00edenos un correo electr\u00f3nico a <a title=\"enlace de correo a accessibility@newmansown.com\" href=\"mailto:accessibility@newmansown.com\" target=\"_blank\" rel=\"noopener\">accessibility@newmansown.com<\/a> para que podamos proporcionarle la informaci\u00f3n que necesita por medios alternativos.[\/vc_column_text][\/vc_column][\/vc_row]<\/p>\n<\/div>","protected":false},"excerpt":{"rendered":"<p>[vc_row][vc_column][vc_custom_heading text=&#8221;Declaraci\u00f3n de accesibilidad&#8221; font_container=&#8221;tag:h1|font_size:58px|text_align:left&#8221; use_theme_fonts=&#8221;yes&#8221;][vc_column_text]Newman\u2019s Own is committed to making sure that our website is accessible to everyone. Para que el uso de nuestros sitios web sea una experiencia positiva, nos esforzamos por cumplir las Pautas de Accesibilidad al Contenido en la Web (WCAG) 2.0 [A\/AA]. Intentamos continuamente mejorar nuestro sitio web y aumentar [&hellip;]<\/p>\n","protected":false},"author":1,"featured_media":0,"parent":0,"menu_order":0,"comment_status":"closed","ping_status":"closed","template":"","meta":{"_acf_changed":false,"inline_featured_image":false,"footnotes":""},"class_list":["post-5615","page","type-page","status-publish","hentry"],"acf":[],"yoast_head":"<!-- This site is optimized with the Yoast SEO plugin v27.3 - https:\/\/yoast.com\/product\/yoast-seo-wordpress\/ -->\n<title>Declaraci\u00f3n de accesibilidad | Newman&#039;s Own<\/title>\n<meta name=\"description\" content=\"Newman\u2019s Own is committed to making sure that our website is accessible to everyone. Para que el uso de nuestros sitios web sea una experiencia positiva,\" \/>\n<meta name=\"robots\" content=\"index, follow, max-snippet:-1, max-image-preview:large, max-video-preview:-1\" \/>\n<link rel=\"canonical\" href=\"https:\/\/www.newmansown.com\/es\/declaracion-de-accesibilidad\/\" \/>\n<meta property=\"og:locale\" content=\"es_ES\" \/>\n<meta property=\"og:type\" content=\"article\" \/>\n<meta property=\"og:title\" content=\"Declaraci\u00f3n de accesibilidad | Newman&#039;s Own\" \/>\n<meta property=\"og:description\" content=\"Newman\u2019s Own is committed to making sure that our website is accessible to everyone. Para que el uso de nuestros sitios web sea una experiencia positiva,\" \/>\n<meta property=\"og:url\" content=\"https:\/\/www.newmansown.com\/es\/declaracion-de-accesibilidad\/\" \/>\n<meta property=\"og:site_name\" content=\"Newman&#039;s Own\" \/>\n<meta property=\"article:modified_time\" content=\"2022-12-14T01:34:58+00:00\" \/>\n<meta name=\"twitter:card\" content=\"summary_large_image\" \/>\n<meta name=\"twitter:label1\" content=\"Est. reading time\" \/>\n\t<meta name=\"twitter:data1\" content=\"1 minute\" \/>\n<!-- \/ Yoast SEO plugin. -->","yoast_head_json":{"title":"Declaraci\u00f3n de accesibilidad | Newman&#039;s Own","description":"Newman\u2019s Own is committed to making sure that our website is accessible to everyone. Para que el uso de nuestros sitios web sea una experiencia positiva,","robots":{"index":"index","follow":"follow","max-snippet":"max-snippet:-1","max-image-preview":"max-image-preview:large","max-video-preview":"max-video-preview:-1"},"canonical":"https:\/\/www.newmansown.com\/es\/declaracion-de-accesibilidad\/","og_locale":"es_ES","og_type":"article","og_title":"Declaraci\u00f3n de accesibilidad | Newman&#039;s Own","og_description":"Newman\u2019s Own is committed to making sure that our website is accessible to everyone. Para que el uso de nuestros sitios web sea una experiencia positiva,","og_url":"https:\/\/www.newmansown.com\/es\/declaracion-de-accesibilidad\/","og_site_name":"Newman&#039;s Own","article_modified_time":"2022-12-14T01:34:58+00:00","twitter_card":"summary_large_image","twitter_misc":{"Est. reading time":"1 minute"},"schema":{"@context":"https:\/\/schema.org","@graph":[{"@type":"WebPage","@id":"https:\/\/www.newmansown.com\/es\/declaracion-de-accesibilidad\/","url":"https:\/\/www.newmansown.com\/es\/declaracion-de-accesibilidad\/","name":"Declaraci\u00f3n de accesibilidad | Newman&#039;s Own","isPartOf":{"@id":"https:\/\/www.newmansown.com\/es\/#website"},"datePublished":"2022-04-05T05:17:51+00:00","dateModified":"2022-12-14T01:34:58+00:00","description":"Newman\u2019s Own is committed to making sure that our website is accessible to everyone. Para que el uso de nuestros sitios web sea una experiencia positiva,","breadcrumb":{"@id":"https:\/\/www.newmansown.com\/es\/declaracion-de-accesibilidad\/#breadcrumb"},"inLanguage":"es-ES","potentialAction":[{"@type":"ReadAction","target":["https:\/\/www.newmansown.com\/es\/declaracion-de-accesibilidad\/"]}]},{"@type":"BreadcrumbList","@id":"https:\/\/www.newmansown.com\/es\/declaracion-de-accesibilidad\/#breadcrumb","itemListElement":[{"@type":"ListItem","position":1,"name":"Home","item":"https:\/\/newmansown.com\/es\/inicio\/"},{"@type":"ListItem","position":2,"name":"Declaraci\u00f3n de accesibilidad"}]},{"@type":"WebSite","@id":"https:\/\/www.newmansown.com\/es\/#website","url":"https:\/\/www.newmansown.com\/es\/","name":"Newman&#039;s Own","description":"Let&#039;s Give It All Away","publisher":{"@id":"https:\/\/www.newmansown.com\/es\/#organization"},"potentialAction":[{"@type":"SearchAction","target":{"@type":"EntryPoint","urlTemplate":"https:\/\/www.newmansown.com\/es\/?s={search_term_string}"},"query-input":{"@type":"PropertyValueSpecification","valueRequired":true,"valueName":"search_term_string"}}],"inLanguage":"es-ES"},{"@type":"Organization","@id":"https:\/\/www.newmansown.com\/es\/#organization","name":"Newman&#039;s Own","url":"https:\/\/www.newmansown.com\/es\/","logo":{"@type":"ImageObject","inLanguage":"es-ES","@id":"https:\/\/www.newmansown.com\/es\/#\/schema\/logo\/image\/","url":"https:\/\/www.newmansown.com\/wp-content\/uploads\/2024\/02\/newmans-own-green-reg.png","contentUrl":"https:\/\/www.newmansown.com\/wp-content\/uploads\/2024\/02\/newmans-own-green-reg.png","width":737,"height":537,"caption":"Newman&#039;s Own"},"image":{"@id":"https:\/\/www.newmansown.com\/es\/#\/schema\/logo\/image\/"}}]}},"_links":{"self":[{"href":"https:\/\/www.newmansown.com\/es\/wp-json\/wp\/v2\/pages\/5615","targetHints":{"allow":["GET"]}}],"collection":[{"href":"https:\/\/www.newmansown.com\/es\/wp-json\/wp\/v2\/pages"}],"about":[{"href":"https:\/\/www.newmansown.com\/es\/wp-json\/wp\/v2\/types\/page"}],"author":[{"embeddable":true,"href":"https:\/\/www.newmansown.com\/es\/wp-json\/wp\/v2\/users\/1"}],"replies":[{"embeddable":true,"href":"https:\/\/www.newmansown.com\/es\/wp-json\/wp\/v2\/comments?post=5615"}],"version-history":[{"count":2,"href":"https:\/\/www.newmansown.com\/es\/wp-json\/wp\/v2\/pages\/5615\/revisions"}],"predecessor-version":[{"id":5617,"href":"https:\/\/www.newmansown.com\/es\/wp-json\/wp\/v2\/pages\/5615\/revisions\/5617"}],"wp:attachment":[{"href":"https:\/\/www.newmansown.com\/es\/wp-json\/wp\/v2\/media?parent=5615"}],"curies":[{"name":"wp","href":"https:\/\/api.w.org\/{rel}","templated":true}]}}