{"id":4428,"date":"2022-02-25T19:15:29","date_gmt":"2022-02-26T00:15:29","guid":{"rendered":"https:\/\/newmansown.com\/donde-comprar\/"},"modified":"2022-08-15T14:33:45","modified_gmt":"2022-08-15T18:33:45","slug":"donde-comprar","status":"publish","type":"page","link":"https:\/\/www.newmansown.com\/es\/donde-comprar\/","title":{"rendered":"D\u00f3nde comprar"},"content":{"rendered":"<div class=\"wpb-content-wrapper\"><p>[vc_row full_width=&#8221;stretch_row_content_no_spaces&#8221; el_class=&#8221;mobile_rowpadding_t50_b50&#8243; css=&#8221;.vc_custom_1652827674144{padding-top: 35px !important;padding-bottom: 70px !important;background-color: #d93818 !important;}&#8221;][vc_column css=&#8221;.vc_custom_1651068725737{padding-top: 0px !important;padding-bottom: 0px !important;}&#8221;][vc_custom_heading text=&#8221;D\u00f3nde comprar&#8221; font_container=&#8221;tag:h1|font_size:68px|text_align:center|color:%23ffffff|line_height:55px&#8221; use_theme_fonts=&#8221;yes&#8221; el_class=&#8221;mobile_rowpadding_t50_b50&#8243;][vc_custom_heading text=&#8221;Vea d\u00f3nde puede comprar productos Newman&#8217;s Own en una tienda cercana.&#8221; font_container=&#8221;tag:p|text_align:center|color:%23ffffff&#8221; use_theme_fonts=&#8221;yes&#8221; el_class=&#8221;font-fellix-medium letter011 colorWhite&#8221;][\/vc_column][\/vc_row][vc_row css=&#8221;.vc_custom_1649416124606{padding-bottom: 100px !important;}&#8221; el_class=&#8221;mobile_rowpadding_t0_b50&#8243;][vc_column][vc_raw_html css=&#8221;.vc_custom_1649416305580{margin-bottom: 0px !important;}&#8221;]PHNjcmlwdCBzcmM9Ii8vZGVzdGluaWxvY2F0b3JzLmNvbS9uZXdtYW5zb3duL3BkcHdpZGdldC9pbnN0YWxsLyI+PC9zY3JpcHQ+PERJViBJRD0ibm9pIj48L0RJVj48c2NyaXB0PmpRdWVyeShkb2N1bWVudCkucmVhZHkoZnVuY3Rpb24oKSB7CmRlc3RpbmkuaW5pdCgibm9pIik7CmRlc3RpbmkubG9hZFdpZGdldCgiTk9JIik7Cn0pOwo8L3NjcmlwdD4=[\/vc_raw_html][\/vc_column][\/vc_row]<\/p>\n<\/div>","protected":false},"excerpt":{"rendered":"<p>[vc_row full_width=&#8221;stretch_row_content_no_spaces&#8221; el_class=&#8221;mobile_rowpadding_t50_b50&#8243; css=&#8221;.vc_custom_1652827674144{padding-top: 35px !important;padding-bottom: 70px !important;background-color: #d93818 !important;}&#8221;][vc_column css=&#8221;.vc_custom_1651068725737{padding-top: 0px !important;padding-bottom: 0px !important;}&#8221;][vc_custom_heading text=&#8221;D\u00f3nde comprar&#8221; font_container=&#8221;tag:h1|font_size:68px|text_align:center|color:%23ffffff|line_height:55px&#8221; use_theme_fonts=&#8221;yes&#8221; el_class=&#8221;mobile_rowpadding_t50_b50&#8243;][vc_custom_heading text=&#8221;Vea d\u00f3nde puede comprar productos Newman&#8217;s Own en una tienda cercana.&#8221; font_container=&#8221;tag:p|text_align:center|color:%23ffffff&#8221; use_theme_fonts=&#8221;yes&#8221; el_class=&#8221;font-fellix-medium letter011 colorWhite&#8221;][\/vc_column][\/vc_row][vc_row css=&#8221;.vc_custom_1649416124606{padding-bottom: 100px !important;}&#8221; el_class=&#8221;mobile_rowpadding_t0_b50&#8243;][vc_column][vc_raw_html css=&#8221;.vc_custom_1649416305580{margin-bottom: 0px !important;}&#8221;]PHNjcmlwdCBzcmM9Ii8vZGVzdGluaWxvY2F0b3JzLmNvbS9uZXdtYW5zb3duL3BkcHdpZGdldC9pbnN0YWxsLyI+PC9zY3JpcHQ+PERJViBJRD0ibm9pIj48L0RJVj48c2NyaXB0PmpRdWVyeShkb2N1bWVudCkucmVhZHkoZnVuY3Rpb24oKSB7CmRlc3RpbmkuaW5pdCgibm9pIik7CmRlc3RpbmkubG9hZFdpZGdldCgiTk9JIik7Cn0pOwo8L3NjcmlwdD4=[\/vc_raw_html][\/vc_column][\/vc_row]<\/p>\n","protected":false},"author":1,"featured_media":0,"parent":0,"menu_order":0,"comment_status":"closed","ping_status":"closed","template":"","meta":{"_acf_changed":false,"inline_featured_image":false,"footnotes":""},"class_list":["post-4428","page","type-page","status-publish","hentry"],"acf":[],"yoast_head":"<!-- This site is optimized with the Yoast SEO plugin v27.3 - https:\/\/yoast.com\/product\/yoast-seo-wordpress\/ -->\n<title>D\u00f3nde comprar | Newman&#039;s Own<\/title>\n<meta name=\"description\" content=\"Consulte el localizador de tiendas en l\u00ednea para encontrar productos de alimentaci\u00f3n y bebidas en su zona.\" \/>\n<meta name=\"robots\" content=\"index, follow, max-snippet:-1, max-image-preview:large, max-video-preview:-1\" \/>\n<link rel=\"canonical\" href=\"https:\/\/www.newmansown.com\/es\/donde-comprar\/\" \/>\n<meta property=\"og:locale\" content=\"es_ES\" \/>\n<meta property=\"og:type\" content=\"article\" \/>\n<meta property=\"og:title\" content=\"D\u00f3nde comprar | Newman&#039;s Own\" \/>\n<meta property=\"og:description\" content=\"Consulte el localizador de tiendas en l\u00ednea para encontrar productos de alimentaci\u00f3n y bebidas en su zona.\" \/>\n<meta property=\"og:url\" content=\"https:\/\/www.newmansown.com\/es\/donde-comprar\/\" \/>\n<meta property=\"og:site_name\" content=\"Newman&#039;s Own\" \/>\n<meta property=\"article:modified_time\" content=\"2022-08-15T18:33:45+00:00\" \/>\n<meta name=\"twitter:card\" content=\"summary_large_image\" \/>\n<meta name=\"twitter:label1\" content=\"Est. reading time\" \/>\n\t<meta name=\"twitter:data1\" content=\"1 minute\" \/>\n<!-- \/ Yoast SEO plugin. -->","yoast_head_json":{"title":"D\u00f3nde comprar | Newman&#039;s Own","description":"Consulte el localizador de tiendas en l\u00ednea para encontrar productos de alimentaci\u00f3n y bebidas en su zona.","robots":{"index":"index","follow":"follow","max-snippet":"max-snippet:-1","max-image-preview":"max-image-preview:large","max-video-preview":"max-video-preview:-1"},"canonical":"https:\/\/www.newmansown.com\/es\/donde-comprar\/","og_locale":"es_ES","og_type":"article","og_title":"D\u00f3nde comprar | Newman&#039;s Own","og_description":"Consulte el localizador de tiendas en l\u00ednea para encontrar productos de alimentaci\u00f3n y bebidas en su zona.","og_url":"https:\/\/www.newmansown.com\/es\/donde-comprar\/","og_site_name":"Newman&#039;s Own","article_modified_time":"2022-08-15T18:33:45+00:00","twitter_card":"summary_large_image","twitter_misc":{"Est. reading time":"1 minute"},"schema":{"@context":"https:\/\/schema.org","@graph":[{"@type":"WebPage","@id":"https:\/\/www.newmansown.com\/es\/donde-comprar\/","url":"https:\/\/www.newmansown.com\/es\/donde-comprar\/","name":"D\u00f3nde comprar | Newman&#039;s Own","isPartOf":{"@id":"https:\/\/www.newmansown.com\/es\/#website"},"datePublished":"2022-02-26T00:15:29+00:00","dateModified":"2022-08-15T18:33:45+00:00","description":"Consulte el localizador de tiendas en l\u00ednea para encontrar productos de alimentaci\u00f3n y bebidas en su zona.","breadcrumb":{"@id":"https:\/\/www.newmansown.com\/es\/donde-comprar\/#breadcrumb"},"inLanguage":"es-ES","potentialAction":[{"@type":"ReadAction","target":["https:\/\/www.newmansown.com\/es\/donde-comprar\/"]}]},{"@type":"BreadcrumbList","@id":"https:\/\/www.newmansown.com\/es\/donde-comprar\/#breadcrumb","itemListElement":[{"@type":"ListItem","position":1,"name":"Home","item":"https:\/\/newmansown.com\/es\/"},{"@type":"ListItem","position":2,"name":"D\u00f3nde comprar"}]},{"@type":"WebSite","@id":"https:\/\/www.newmansown.com\/es\/#website","url":"https:\/\/www.newmansown.com\/es\/","name":"Newman&#039;s Own","description":"Let&#039;s Give It All Away","publisher":{"@id":"https:\/\/www.newmansown.com\/es\/#organization"},"potentialAction":[{"@type":"SearchAction","target":{"@type":"EntryPoint","urlTemplate":"https:\/\/www.newmansown.com\/es\/?s={search_term_string}"},"query-input":{"@type":"PropertyValueSpecification","valueRequired":true,"valueName":"search_term_string"}}],"inLanguage":"es-ES"},{"@type":"Organization","@id":"https:\/\/www.newmansown.com\/es\/#organization","name":"Newman&#039;s Own","url":"https:\/\/www.newmansown.com\/es\/","logo":{"@type":"ImageObject","inLanguage":"es-ES","@id":"https:\/\/www.newmansown.com\/es\/#\/schema\/logo\/image\/","url":"https:\/\/www.newmansown.com\/wp-content\/uploads\/2024\/02\/newmans-own-green-reg.png","contentUrl":"https:\/\/www.newmansown.com\/wp-content\/uploads\/2024\/02\/newmans-own-green-reg.png","width":737,"height":537,"caption":"Newman&#039;s Own"},"image":{"@id":"https:\/\/www.newmansown.com\/es\/#\/schema\/logo\/image\/"}}]}},"_links":{"self":[{"href":"https:\/\/www.newmansown.com\/es\/wp-json\/wp\/v2\/pages\/4428","targetHints":{"allow":["GET"]}}],"collection":[{"href":"https:\/\/www.newmansown.com\/es\/wp-json\/wp\/v2\/pages"}],"about":[{"href":"https:\/\/www.newmansown.com\/es\/wp-json\/wp\/v2\/types\/page"}],"author":[{"embeddable":true,"href":"https:\/\/www.newmansown.com\/es\/wp-json\/wp\/v2\/users\/1"}],"replies":[{"embeddable":true,"href":"https:\/\/www.newmansown.com\/es\/wp-json\/wp\/v2\/comments?post=4428"}],"version-history":[{"count":1,"href":"https:\/\/www.newmansown.com\/es\/wp-json\/wp\/v2\/pages\/4428\/revisions"}],"predecessor-version":[{"id":4429,"href":"https:\/\/www.newmansown.com\/es\/wp-json\/wp\/v2\/pages\/4428\/revisions\/4429"}],"wp:attachment":[{"href":"https:\/\/www.newmansown.com\/es\/wp-json\/wp\/v2\/media?parent=4428"}],"curies":[{"name":"wp","href":"https:\/\/api.w.org\/{rel}","templated":true}]}}