{"id":4139,"date":"2022-03-24T22:07:43","date_gmt":"2022-03-25T02:07:43","guid":{"rendered":"https:\/\/newmansown.com\/sobre-nosotros\/"},"modified":"2022-07-20T20:23:36","modified_gmt":"2022-07-21T00:23:36","slug":"sobre-nosotros","status":"publish","type":"page","link":"https:\/\/www.newmansown.com\/es\/sobre-nosotros\/","title":{"rendered":"Sobre nosotros"},"content":{"rendered":"<div class=\"wpb-content-wrapper\"><p>[vc_row full_width=&#8221;stretch_row_content_no_spaces&#8221; css=&#8221;.vc_custom_1648217278147{padding-top: 54px !important;padding-bottom: 54px !important;background-color: #f9f9f9 !important;}&#8221;][vc_column css=&#8221;.vc_custom_1648173084788{padding-top: 0px !important;}&#8221;][vc_custom_heading text=&#8221;Sobre nosotros&#8221; font_container=&#8221;tag:h1|font_size:58|text_align:center|color:%2300a881|line_height:1.069&#8243; use_theme_fonts=&#8221;yes&#8221; css=&#8221;.vc_custom_1648218783832{margin-top: 0px !important;margin-bottom: 8px !important;}&#8221;][\/vc_column][\/vc_row][vc_row full_width=&#8221;stretch_row&#8221; css=&#8221;.vc_custom_1649417503449{padding-top: 98px !important;padding-bottom: 100px !important;background-color: #ffffff !important;}&#8221; el_class=&#8221;mobile_rowpadding_t50_b50&#8243;][vc_column css=&#8221;.vc_custom_1649417530110{padding-top: 0px !important;padding-right: 0px !important;padding-bottom: 0px !important;padding-left: 0px !important;}&#8221; el_class=&#8221;mobile_col_padding_l_r_20&#8243;][vc_row_inner el_class=&#8221;radiusTop&#8221;][vc_column_inner el_class=&#8221;mobile_colmargin_b40&#8243; width=&#8221;1\/2&#8243;][vc_custom_heading text=&#8221;Siempre es un privilegio compartir la historia de Newman&#8217;s Own&#8221; font_container=&#8221;tag:h2|text_align:left|color:%23565656&#8243; use_theme_fonts=&#8221;yes&#8221; css=&#8221;.vc_custom_1649417719030{margin-top: 0px !important;margin-bottom: 8px !important;padding-right: 38px !important;padding-left: 49px !important;}&#8221; el_class=&#8221;mobile_element_padding_l_r_20&#8243;][\/vc_column_inner][vc_column_inner width=&#8221;1\/2&#8243;][vc_column_text el_class=&#8221;letter011 mobile_element_padding_l_r_20&#8243; css=&#8221;.vc_custom_1652394489833{margin-bottom: 0px !important;padding-left: 30px !important;}&#8221;]La marca Newman&#8217;s Own, creada por Paul Newman en 1982, ofrece alimentos y bebidas de gran sabor y calidad para personas y mascotas.<\/p>\n<p>Nuestros productos incluyen aderezos para ensaladas, salsas para pasta, pizza congelada, salsa, bebidas refrigeradas y galletas, as\u00ed como comida para perros y golosinas para mascotas.<\/p>\n<p>La Fundaci\u00f3n Newman&#8217;s Own contin\u00faa con el compromiso de Paul Newman de destinar todos los derechos y beneficios que recibe por la venta de sus productos alimenticios a fines ben\u00e9ficos. Desde 1982 se han entregado m\u00e1s de 570 millones de d\u00f3lares a miles de organizaciones ben\u00e9ficas.[\/vc_column_text][\/vc_column_inner][\/vc_row_inner][\/vc_column][\/vc_row][vc_row full_width=&#8221;stretch_row_content_no_spaces&#8221; css=&#8221;.vc_custom_1649419682004{padding-top: 100px !important;padding-bottom: 67px !important;background-color: #ffffff !important;}&#8221; el_class=&#8221;mobile_rowpadding_t50_b50&#8243;][vc_column css=&#8221;.vc_custom_1648231770863{padding-top: 0px !important;}&#8221;][vc_raw_html css=&#8221;.vc_custom_1648231989076{margin-bottom: 0px !important;}&#8221;]W1N1YkZvb3Rlcl0=[\/vc_raw_html][\/vc_column][\/vc_row]<\/p>\n<\/div>","protected":false},"excerpt":{"rendered":"<p>[vc_row full_width=&#8221;stretch_row_content_no_spaces&#8221; css=&#8221;.vc_custom_1648217278147{padding-top: 54px !important;padding-bottom: 54px !important;background-color: #f9f9f9 !important;}&#8221;][vc_column css=&#8221;.vc_custom_1648173084788{padding-top: 0px !important;}&#8221;][vc_custom_heading text=&#8221;Sobre nosotros&#8221; font_container=&#8221;tag:h1|font_size:58|text_align:center|color:%2300a881|line_height:1.069&#8243; use_theme_fonts=&#8221;yes&#8221; css=&#8221;.vc_custom_1648218783832{margin-top: 0px !important;margin-bottom: 8px !important;}&#8221;][\/vc_column][\/vc_row][vc_row full_width=&#8221;stretch_row&#8221; css=&#8221;.vc_custom_1649417503449{padding-top: 98px !important;padding-bottom: 100px !important;background-color: #ffffff !important;}&#8221; el_class=&#8221;mobile_rowpadding_t50_b50&#8243;][vc_column css=&#8221;.vc_custom_1649417530110{padding-top: 0px !important;padding-right: 0px !important;padding-bottom: 0px !important;padding-left: 0px !important;}&#8221; el_class=&#8221;mobile_col_padding_l_r_20&#8243;][vc_row_inner el_class=&#8221;radiusTop&#8221;][vc_column_inner el_class=&#8221;mobile_colmargin_b40&#8243; width=&#8221;1\/2&#8243;][vc_custom_heading text=&#8221;Siempre es un privilegio compartir la historia de Newman&#8217;s Own&#8221; font_container=&#8221;tag:h2|text_align:left|color:%23565656&#8243; use_theme_fonts=&#8221;yes&#8221; [&hellip;]<\/p>\n","protected":false},"author":1,"featured_media":0,"parent":0,"menu_order":0,"comment_status":"closed","ping_status":"closed","template":"","meta":{"_acf_changed":false,"inline_featured_image":false,"footnotes":""},"class_list":["post-4139","page","type-page","status-publish","hentry"],"acf":[],"yoast_head":"<!-- This site is optimized with the Yoast SEO plugin v27.3 - https:\/\/yoast.com\/product\/yoast-seo-wordpress\/ -->\n<title>Sobre nosotros | Newman&#039;s Own<\/title>\n<meta name=\"description\" content=\"Lea m\u00e1s sobre los productos Newman&#039;s Own y los v\u00ednculos con la Fundaci\u00f3n Newman&#039;s Own.\" \/>\n<meta name=\"robots\" content=\"index, follow, max-snippet:-1, max-image-preview:large, max-video-preview:-1\" \/>\n<link rel=\"canonical\" href=\"https:\/\/www.newmansown.com\/es\/sobre-nosotros\/\" \/>\n<meta property=\"og:locale\" content=\"es_ES\" \/>\n<meta property=\"og:type\" content=\"article\" \/>\n<meta property=\"og:title\" content=\"Sobre nosotros | Newman&#039;s Own\" \/>\n<meta property=\"og:description\" content=\"Lea m\u00e1s sobre los productos Newman&#039;s Own y los v\u00ednculos con la Fundaci\u00f3n Newman&#039;s Own.\" \/>\n<meta property=\"og:url\" content=\"https:\/\/www.newmansown.com\/es\/sobre-nosotros\/\" \/>\n<meta property=\"og:site_name\" content=\"Newman&#039;s Own\" \/>\n<meta property=\"article:modified_time\" content=\"2022-07-21T00:23:36+00:00\" \/>\n<meta name=\"twitter:card\" content=\"summary_large_image\" \/>\n<meta name=\"twitter:label1\" content=\"Est. reading time\" \/>\n\t<meta name=\"twitter:data1\" content=\"2 minutes\" \/>\n<!-- \/ Yoast SEO plugin. -->","yoast_head_json":{"title":"Sobre nosotros | Newman&#039;s Own","description":"Lea m\u00e1s sobre los productos Newman's Own y los v\u00ednculos con la Fundaci\u00f3n Newman's Own.","robots":{"index":"index","follow":"follow","max-snippet":"max-snippet:-1","max-image-preview":"max-image-preview:large","max-video-preview":"max-video-preview:-1"},"canonical":"https:\/\/www.newmansown.com\/es\/sobre-nosotros\/","og_locale":"es_ES","og_type":"article","og_title":"Sobre nosotros | Newman&#039;s Own","og_description":"Lea m\u00e1s sobre los productos Newman's Own y los v\u00ednculos con la Fundaci\u00f3n Newman's Own.","og_url":"https:\/\/www.newmansown.com\/es\/sobre-nosotros\/","og_site_name":"Newman&#039;s Own","article_modified_time":"2022-07-21T00:23:36+00:00","twitter_card":"summary_large_image","twitter_misc":{"Est. reading time":"2 minutes"},"schema":{"@context":"https:\/\/schema.org","@graph":[{"@type":"WebPage","@id":"https:\/\/www.newmansown.com\/es\/sobre-nosotros\/","url":"https:\/\/www.newmansown.com\/es\/sobre-nosotros\/","name":"Sobre nosotros | Newman&#039;s Own","isPartOf":{"@id":"https:\/\/www.newmansown.com\/es\/#website"},"datePublished":"2022-03-25T02:07:43+00:00","dateModified":"2022-07-21T00:23:36+00:00","description":"Lea m\u00e1s sobre los productos Newman's Own y los v\u00ednculos con la Fundaci\u00f3n Newman's Own.","breadcrumb":{"@id":"https:\/\/www.newmansown.com\/es\/sobre-nosotros\/#breadcrumb"},"inLanguage":"es-ES","potentialAction":[{"@type":"ReadAction","target":["https:\/\/www.newmansown.com\/es\/sobre-nosotros\/"]}]},{"@type":"BreadcrumbList","@id":"https:\/\/www.newmansown.com\/es\/sobre-nosotros\/#breadcrumb","itemListElement":[{"@type":"ListItem","position":1,"name":"Home","item":"https:\/\/newmansown.com\/es\/"},{"@type":"ListItem","position":2,"name":"Sobre nosotros"}]},{"@type":"WebSite","@id":"https:\/\/www.newmansown.com\/es\/#website","url":"https:\/\/www.newmansown.com\/es\/","name":"Newman&#039;s Own","description":"Let&#039;s Give It All Away","publisher":{"@id":"https:\/\/www.newmansown.com\/es\/#organization"},"potentialAction":[{"@type":"SearchAction","target":{"@type":"EntryPoint","urlTemplate":"https:\/\/www.newmansown.com\/es\/?s={search_term_string}"},"query-input":{"@type":"PropertyValueSpecification","valueRequired":true,"valueName":"search_term_string"}}],"inLanguage":"es-ES"},{"@type":"Organization","@id":"https:\/\/www.newmansown.com\/es\/#organization","name":"Newman&#039;s Own","url":"https:\/\/www.newmansown.com\/es\/","logo":{"@type":"ImageObject","inLanguage":"es-ES","@id":"https:\/\/www.newmansown.com\/es\/#\/schema\/logo\/image\/","url":"https:\/\/www.newmansown.com\/wp-content\/uploads\/2024\/02\/newmans-own-green-reg.png","contentUrl":"https:\/\/www.newmansown.com\/wp-content\/uploads\/2024\/02\/newmans-own-green-reg.png","width":737,"height":537,"caption":"Newman&#039;s Own"},"image":{"@id":"https:\/\/www.newmansown.com\/es\/#\/schema\/logo\/image\/"}}]}},"_links":{"self":[{"href":"https:\/\/www.newmansown.com\/es\/wp-json\/wp\/v2\/pages\/4139","targetHints":{"allow":["GET"]}}],"collection":[{"href":"https:\/\/www.newmansown.com\/es\/wp-json\/wp\/v2\/pages"}],"about":[{"href":"https:\/\/www.newmansown.com\/es\/wp-json\/wp\/v2\/types\/page"}],"author":[{"embeddable":true,"href":"https:\/\/www.newmansown.com\/es\/wp-json\/wp\/v2\/users\/1"}],"replies":[{"embeddable":true,"href":"https:\/\/www.newmansown.com\/es\/wp-json\/wp\/v2\/comments?post=4139"}],"version-history":[{"count":2,"href":"https:\/\/www.newmansown.com\/es\/wp-json\/wp\/v2\/pages\/4139\/revisions"}],"predecessor-version":[{"id":4141,"href":"https:\/\/www.newmansown.com\/es\/wp-json\/wp\/v2\/pages\/4139\/revisions\/4141"}],"wp:attachment":[{"href":"https:\/\/www.newmansown.com\/es\/wp-json\/wp\/v2\/media?parent=4139"}],"curies":[{"name":"wp","href":"https:\/\/api.w.org\/{rel}","templated":true}]}}