{"id":4121,"date":"2022-04-05T12:41:50","date_gmt":"2022-04-05T16:41:50","guid":{"rendered":"https:\/\/newmansown.com\/divulgacion\/"},"modified":"2022-09-14T11:58:36","modified_gmt":"2022-09-14T15:58:36","slug":"divulgacion","status":"publish","type":"page","link":"https:\/\/www.newmansown.com\/es\/divulgacion\/","title":{"rendered":"Transparency"},"content":{"rendered":"<div class=\"wpb-content-wrapper\"><p>[vc_row][vc_column][vc_custom_heading text=&#8221;Transparencia&#8221; font_container=&#8221;tag:h1|font_size:58px|text_align:left&#8221; use_theme_fonts=&#8221;yes&#8221;][\/vc_column][\/vc_row][vc_row][vc_column][vc_column_text]<\/p>\n<h2>Informaci\u00f3n sobre el cumplimiento de la Ley de Transparencia en las Cadenas de Suministro de California<\/h2>\n<p>A partir del 1 de enero de 2012, entr\u00f3 en vigor en el Estado de California la Ley de Transparencia en las Cadenas de Suministro de 2010 (SB 657). La ley exige a los fabricantes que hacen negocios en California que revelen los esfuerzos realizados para erradicar la esclavitud y la trata de seres humanos de su cadena de suministro directa.<\/p>\n<p>Newman&#8217;s Own, Inc. se compromete a proteger los derechos laborales y la seguridad de las personas que producen y suministran productos a nuestra empresa. Prohibimos la trata de personas y el trabajo esclavo en nuestras operaciones y nuestras normas empresariales exigen el cumplimiento de las leyes y reglamentos aplicables. Esperamos que nuestros proveedores cumplan con estas normas y que supervisen el cumplimiento de estas leyes y reglamentos por parte de sus proveedores.<\/p>\n<p>A continuaci\u00f3n se presenta la informaci\u00f3n requerida por Newman&#8217;s Own, Inc. seg\u00fan la Ley:<\/p>\n<h3>Verificaci\u00f3n:<\/h3>\n<p>Pedimos a nuestros proveedores que auditen sus operaciones para comprobar el cumplimiento de las normas de nuestra empresa y, si es necesario, que verifiquen que su cadena de suministro est\u00e1 libre de conductas censurables. Pedimos a nuestros proveedores que reconozcan por escrito su comprensi\u00f3n y aceptaci\u00f3n de estas normas.<\/p>\n<h3>Auditor\u00edas de proveedores:<\/h3>\n<p>Podemos realizar auditor\u00edas programadas o sin previo aviso a nuestros proveedores.<\/p>\n<h3>Certificaci\u00f3n:<\/h3>\n<p>Pedimos a nuestros proveedores que certifiquen por escrito su cumplimiento de todas las leyes aplicables, incluidas las leyes contra la esclavitud y la trata de seres humanos.<\/p>\n<h3>Responsabilidad interna:<\/h3>\n<p>Newman&#8217;s Own, Inc. est\u00e1 comprometida con una conducta \u00e9tica y socialmente responsable en el lugar de trabajo. Pedimos a todos nuestros empleados y proveedores que se adhieran a unas Normas de Conducta.<\/p>\n<h3>La formaci\u00f3n:<\/h3>\n<p>Newman&#8217;s Own, Inc. proporcionar\u00e1 formaci\u00f3n a nuestros empleados que gestionan la cadena de suministro en relaci\u00f3n con nuestras pol\u00edticas sobre la esclavitud y el tr\u00e1fico de personas.<\/p>\n<p>Al tomar estas medidas, creemos que Newman&#8217;s Own, Inc. est\u00e1 mostrando su compromiso con el esfuerzo global para eliminar la esclavitud y el tr\u00e1fico de personas.<\/p>\n<h2>Informaci\u00f3n sobre la regla de transparencia en la cobertura<\/h2>\n<p>el siguiente enlace conduce a archivos legibles por m\u00e1quina que est\u00e1n disponibles en respuesta a la regla de transparencia en la cobertura. Estos archivos incluyen tarifas de servicio negociadas y montos permitidos fuera de la red entre planes de salud y proveedores de atenci\u00f3n m\u00e9dica; est\u00e1n formateados para permitir a los investigadores, reguladores y desarrolladores de aplicaciones un f\u00e1cil acceso para analizar los datos. <a title=\"https:\/\/www.anthem.com\/machine-readable-file\/search\/\" href=\"https:\/\/www.anthem.com\/machine-readable-file\/search\/\" target=\"blank\" rel=\"noopener\">https:\/\/www.anthem.com\/machine-readable-file\/search\/<\/a>[\/vc_column_text][\/vc_column][\/vc_row]<\/p>\n<\/div>","protected":false},"excerpt":{"rendered":"<p>[vc_row][vc_column][vc_custom_heading text=&#8221;Transparencia&#8221; font_container=&#8221;tag:h1|font_size:58px|text_align:left&#8221; use_theme_fonts=&#8221;yes&#8221;][\/vc_column][\/vc_row][vc_row][vc_column][vc_column_text] Informaci\u00f3n sobre el cumplimiento de la Ley de Transparencia en las Cadenas de Suministro de California A partir del 1 de enero de 2012, entr\u00f3 en vigor en el Estado de California la Ley de Transparencia en las Cadenas de Suministro de 2010 (SB 657). La ley exige a los fabricantes [&hellip;]<\/p>\n","protected":false},"author":1,"featured_media":0,"parent":0,"menu_order":0,"comment_status":"closed","ping_status":"closed","template":"","meta":{"_acf_changed":false,"inline_featured_image":false,"footnotes":""},"class_list":["post-4121","page","type-page","status-publish","hentry"],"acf":[],"yoast_head":"<!-- This site is optimized with the Yoast SEO plugin v27.3 - https:\/\/yoast.com\/product\/yoast-seo-wordpress\/ -->\n<title>Transparency | Newman&#039;s Own<\/title>\n<meta name=\"description\" content=\"Informaci\u00f3n sobre el cumplimiento de la Ley de Transparencia en las Cadenas de Suministro de California A partir del 1 de enero de 2012, entr\u00f3 en vigor en\" \/>\n<meta name=\"robots\" content=\"index, follow, max-snippet:-1, max-image-preview:large, max-video-preview:-1\" \/>\n<link rel=\"canonical\" href=\"https:\/\/www.newmansown.com\/es\/divulgacion\/\" \/>\n<meta property=\"og:locale\" content=\"es_ES\" \/>\n<meta property=\"og:type\" content=\"article\" \/>\n<meta property=\"og:title\" content=\"Transparency | Newman&#039;s Own\" \/>\n<meta property=\"og:description\" content=\"Informaci\u00f3n sobre el cumplimiento de la Ley de Transparencia en las Cadenas de Suministro de California A partir del 1 de enero de 2012, entr\u00f3 en vigor en\" \/>\n<meta property=\"og:url\" content=\"https:\/\/www.newmansown.com\/es\/divulgacion\/\" \/>\n<meta property=\"og:site_name\" content=\"Newman&#039;s Own\" \/>\n<meta property=\"article:modified_time\" content=\"2022-09-14T15:58:36+00:00\" \/>\n<meta name=\"twitter:card\" content=\"summary_large_image\" \/>\n<meta name=\"twitter:label1\" content=\"Est. reading time\" \/>\n\t<meta name=\"twitter:data1\" content=\"2 minutes\" \/>\n<!-- \/ Yoast SEO plugin. -->","yoast_head_json":{"title":"Transparency | Newman&#039;s Own","description":"Informaci\u00f3n sobre el cumplimiento de la Ley de Transparencia en las Cadenas de Suministro de California A partir del 1 de enero de 2012, entr\u00f3 en vigor en","robots":{"index":"index","follow":"follow","max-snippet":"max-snippet:-1","max-image-preview":"max-image-preview:large","max-video-preview":"max-video-preview:-1"},"canonical":"https:\/\/www.newmansown.com\/es\/divulgacion\/","og_locale":"es_ES","og_type":"article","og_title":"Transparency | Newman&#039;s Own","og_description":"Informaci\u00f3n sobre el cumplimiento de la Ley de Transparencia en las Cadenas de Suministro de California A partir del 1 de enero de 2012, entr\u00f3 en vigor en","og_url":"https:\/\/www.newmansown.com\/es\/divulgacion\/","og_site_name":"Newman&#039;s Own","article_modified_time":"2022-09-14T15:58:36+00:00","twitter_card":"summary_large_image","twitter_misc":{"Est. reading time":"2 minutes"},"schema":{"@context":"https:\/\/schema.org","@graph":[{"@type":"WebPage","@id":"https:\/\/www.newmansown.com\/es\/divulgacion\/","url":"https:\/\/www.newmansown.com\/es\/divulgacion\/","name":"Transparency | Newman&#039;s Own","isPartOf":{"@id":"https:\/\/www.newmansown.com\/es\/#website"},"datePublished":"2022-04-05T16:41:50+00:00","dateModified":"2022-09-14T15:58:36+00:00","description":"Informaci\u00f3n sobre el cumplimiento de la Ley de Transparencia en las Cadenas de Suministro de California A partir del 1 de enero de 2012, entr\u00f3 en vigor en","breadcrumb":{"@id":"https:\/\/www.newmansown.com\/es\/divulgacion\/#breadcrumb"},"inLanguage":"es-ES","potentialAction":[{"@type":"ReadAction","target":["https:\/\/www.newmansown.com\/es\/divulgacion\/"]}]},{"@type":"BreadcrumbList","@id":"https:\/\/www.newmansown.com\/es\/divulgacion\/#breadcrumb","itemListElement":[{"@type":"ListItem","position":1,"name":"Home","item":"https:\/\/newmansown.com\/es\/"},{"@type":"ListItem","position":2,"name":"Transparency"}]},{"@type":"WebSite","@id":"https:\/\/www.newmansown.com\/es\/#website","url":"https:\/\/www.newmansown.com\/es\/","name":"Newman&#039;s Own","description":"Let&#039;s Give It All Away","publisher":{"@id":"https:\/\/www.newmansown.com\/es\/#organization"},"potentialAction":[{"@type":"SearchAction","target":{"@type":"EntryPoint","urlTemplate":"https:\/\/www.newmansown.com\/es\/?s={search_term_string}"},"query-input":{"@type":"PropertyValueSpecification","valueRequired":true,"valueName":"search_term_string"}}],"inLanguage":"es-ES"},{"@type":"Organization","@id":"https:\/\/www.newmansown.com\/es\/#organization","name":"Newman&#039;s Own","url":"https:\/\/www.newmansown.com\/es\/","logo":{"@type":"ImageObject","inLanguage":"es-ES","@id":"https:\/\/www.newmansown.com\/es\/#\/schema\/logo\/image\/","url":"https:\/\/www.newmansown.com\/wp-content\/uploads\/2024\/02\/newmans-own-green-reg.png","contentUrl":"https:\/\/www.newmansown.com\/wp-content\/uploads\/2024\/02\/newmans-own-green-reg.png","width":737,"height":537,"caption":"Newman&#039;s Own"},"image":{"@id":"https:\/\/www.newmansown.com\/es\/#\/schema\/logo\/image\/"}}]}},"_links":{"self":[{"href":"https:\/\/www.newmansown.com\/es\/wp-json\/wp\/v2\/pages\/4121","targetHints":{"allow":["GET"]}}],"collection":[{"href":"https:\/\/www.newmansown.com\/es\/wp-json\/wp\/v2\/pages"}],"about":[{"href":"https:\/\/www.newmansown.com\/es\/wp-json\/wp\/v2\/types\/page"}],"author":[{"embeddable":true,"href":"https:\/\/www.newmansown.com\/es\/wp-json\/wp\/v2\/users\/1"}],"replies":[{"embeddable":true,"href":"https:\/\/www.newmansown.com\/es\/wp-json\/wp\/v2\/comments?post=4121"}],"version-history":[{"count":8,"href":"https:\/\/www.newmansown.com\/es\/wp-json\/wp\/v2\/pages\/4121\/revisions"}],"predecessor-version":[{"id":4642,"href":"https:\/\/www.newmansown.com\/es\/wp-json\/wp\/v2\/pages\/4121\/revisions\/4642"}],"wp:attachment":[{"href":"https:\/\/www.newmansown.com\/es\/wp-json\/wp\/v2\/media?parent=4121"}],"curies":[{"name":"wp","href":"https:\/\/api.w.org\/{rel}","templated":true}]}}